{"id":30068,"date":"2024-12-17T15:15:17","date_gmt":"2024-12-17T14:15:17","guid":{"rendered":"https:\/\/us.edu.pl\/pracownik\/?page_id=30068"},"modified":"2026-04-09T09:44:34","modified_gmt":"2026-04-09T07:44:34","slug":"drukowanie","status":"publish","type":"page","link":"https:\/\/us.edu.pl\/pracownik\/wnst\/drukowanie\/","title":{"rendered":"drukowanie"},"content":{"rendered":"<p>[vc_row el_class=&#8221;container&#8221;][vc_column width=&#8221;1\/5&#8243;][vc_wp_custommenu nav_menu=&#8221;433&#8243;][vc_wp_text]<span style=\"color: #002e5a;\">Na tej stronie znajdziesz informacje<\/span><\/p>\n<ul>\n<li>co to jest system wydruku, kopiowania i skanowania na Uniwersytecie \u015al\u0105skim<\/li>\n<li>jak uzyska\u0107 kart\u0119 do systemu<\/li>\n<li>gdzie znajduj\u0105 si\u0119 drukarki systemowe<\/li>\n<li>jak wydrukowa\u0107 dokument w ramach systemu<\/li>\n<li>jak i kiedy mo\u017cna zam\u00f3wi\u0107 drukark\u0119<\/li>\n<li>jak zg\u0142osi\u0107 awari\u0119, zakup tonera<\/li>\n<\/ul>\n<p>[\/vc_wp_text][\/vc_column][vc_column width=&#8221;4\/5&#8243;]\r\n                <div class=\"text-modules\">\r\n                    <div class=\"container\">\r\n                        \r\n                        <div class=\"text-modules__content\"><\/p>\n<h3><span style=\"color: #002e5a;\">Drukowanie, kopiowanie i skanowanie na urz\u0105dzeniach systemowych<\/span><\/h3>\n<p>W ramach zawartej umowy Uniwersytet \u015al\u0105ski ma mo\u017cliwo\u015b\u0107 dzier\u017cawienia urz\u0105dze\u0144 wielofunkcyjnych, kt\u00f3re umo\u017cliwiaj\u0105 drukowanie i skanowanie dokument\u00f3w. Liczba dost\u0119pnych urz\u0105dze\u0144, tre\u015b\u0107 umowy wraz z ofert\u0105 Wykonawcy dost\u0119pna jest w Dziale Logistyki.<\/p>\n<hr \/>\n<p>Przydatne linki:<\/p>\n<ul>\n<li>poznaj system drukowania na Uniwersytecie: <a href=\"https:\/\/us.edu.pl\/pracownik\/procedury-i-obieg-dokumentow\/logistyka\/system-wydruku\/\">system wydruku<\/a>. Ze strony dowiesz si\u0119:\n<ul>\n<li>jak uzyska\u0107 kart\u0119 do drukowania i skanowania,<\/li>\n<li>jak wydzier\u017cawi\u0107 urz\u0105dzenie,<\/li>\n<li>jak zam\u00f3wi\u0107 toner,<\/li>\n<li>jak zg\u0142osi\u0107 awari\u0119 urz\u0105dzenia,<\/li>\n<\/ul>\n<\/li>\n<li>wydrukuj stron\u0119 w ramach systemu wydruku: <a title=\"odno\u015bnik do innej strony www, link otwiera nowe okno\" href=\"https:\/\/portalwydruku.adm.us.edu.pl\/\" target=\"_blank\" rel=\"noopener\">https:\/\/portalwydruku.adm.us.edu.pl\/<\/a><\/li>\n<\/ul>\n<p>\n<\/div>\r\n                    <\/div>\r\n                <\/div>[vc_row_inner][vc_column_inner width=&#8221;1\/3&#8243;][\/vc_column_inner][vc_column_inner width=&#8221;1\/3&#8243;][vc_single_image image=&#8221;30061&#8243; img_size=&#8221;large&#8221; alignment=&#8221;center&#8221; style=&#8221;vc_box_rounded&#8221;][\/vc_column_inner][vc_column_inner width=&#8221;1\/3&#8243;][\/vc_column_inner][\/vc_row_inner][\/vc_column][\/vc_row]<\/p>","protected":false},"excerpt":{"rendered":"<p>[vc_row el_class=&#8221;container&#8221;][vc_column width=&#8221;1\/5&#8243;][vc_wp_custommenu nav_menu=&#8221;433&#8243;][vc_wp_text]Na tej stronie znajdziesz informacje co to jest system wydruku, kopiowania i skanowania na Uniwersytecie \u015al\u0105skim jak uzyska\u0107 kart\u0119 do systemu gdzie znajduj\u0105 si\u0119 drukarki systemowe jak wydrukowa\u0107 dokument w ramach systemu jak i kiedy mo\u017cna zam\u00f3wi\u0107 drukark\u0119 jak zg\u0142osi\u0107 awari\u0119, zakup tonera [\/vc_wp_text][\/vc_column][vc_column width=&#8221;4\/5&#8243;][vc_row_inner][vc_column_inner width=&#8221;1\/3&#8243;][\/vc_column_inner][vc_column_inner width=&#8221;1\/3&#8243;][vc_single_image image=&#8221;30061&#8243; img_size=&#8221;large&#8221; alignment=&#8221;center&#8221; style=&#8221;vc_box_rounded&#8221;][\/vc_column_inner][vc_column_inner width=&#8221;1\/3&#8243;][\/vc_column_inner][\/vc_row_inner][\/vc_column][\/vc_row] [&#8230;]<\/p>\n<p><a class=\"btn btn-secondary understrap-read-more-link\" href=\"https:\/\/us.edu.pl\/pracownik\/wnst\/drukowanie\/\">Read More&#8230;<\/a><\/p>\n","protected":false},"author":92,"featured_media":0,"parent":29370,"menu_order":1,"comment_status":"closed","ping_status":"closed","template":"","meta":{"_expiration-date-status":"","_expiration-date":0,"_expiration-date-type":"","_expiration-date-categories":[],"_expiration-date-options":[]},"acf":[],"_links":{"self":[{"href":"https:\/\/us.edu.pl\/pracownik\/wp-json\/wp\/v2\/pages\/30068"}],"collection":[{"href":"https:\/\/us.edu.pl\/pracownik\/wp-json\/wp\/v2\/pages"}],"about":[{"href":"https:\/\/us.edu.pl\/pracownik\/wp-json\/wp\/v2\/types\/page"}],"author":[{"embeddable":true,"href":"https:\/\/us.edu.pl\/pracownik\/wp-json\/wp\/v2\/users\/92"}],"replies":[{"embeddable":true,"href":"https:\/\/us.edu.pl\/pracownik\/wp-json\/wp\/v2\/comments?post=30068"}],"version-history":[{"count":7,"href":"https:\/\/us.edu.pl\/pracownik\/wp-json\/wp\/v2\/pages\/30068\/revisions"}],"predecessor-version":[{"id":42964,"href":"https:\/\/us.edu.pl\/pracownik\/wp-json\/wp\/v2\/pages\/30068\/revisions\/42964"}],"up":[{"embeddable":true,"href":"https:\/\/us.edu.pl\/pracownik\/wp-json\/wp\/v2\/pages\/29370"}],"wp:attachment":[{"href":"https:\/\/us.edu.pl\/pracownik\/wp-json\/wp\/v2\/media?parent=30068"}],"curies":[{"name":"wp","href":"https:\/\/api.w.org\/{rel}","templated":true}]}}