{"id":30089,"date":"2024-12-17T15:23:02","date_gmt":"2024-12-17T14:23:02","guid":{"rendered":"https:\/\/us.edu.pl\/pracownik\/?page_id=30089"},"modified":"2025-12-12T15:14:07","modified_gmt":"2025-12-12T14:14:07","slug":"zakupy","status":"publish","type":"page","link":"https:\/\/us.edu.pl\/pracownik\/wnst\/zakupy\/","title":{"rendered":"zakupy"},"content":{"rendered":"<p>[vc_row][vc_column][vc_column_text][\/vc_column_text][\/vc_column][\/vc_row][vc_row el_class=&#8221;container&#8221;][vc_column width=&#8221;1\/5&#8243;][vc_wp_custommenu nav_menu=&#8221;433&#8243;][vc_column_text css=&#8221;.vc_custom_1734614491832{margin-left: 10px !important;border-top-width: 1px !important;border-right-width: 1px !important;border-bottom-width: 1px !important;border-left-width: 1px !important;padding-top: 4px !important;padding-right: 2px !important;padding-bottom: 2px !important;padding-left: 10px !important;border-left-color: #002e5a !important;border-left-style: solid !important;border-right-color: #002e5a !important;border-right-style: solid !important;border-top-color: #002e5a !important;border-top-style: solid !important;border-bottom-color: #002e5a !important;border-bottom-style: solid !important;border-radius: 3px !important;}&#8221;]<strong>Na tej stronie znajdziesz informacje:<\/strong><\/p>\n<ul>\n<li><a title=\"odno\u015bnik do innej strony link otwiera si\u0119 w nowym oknie\" href=\"https:\/\/magazyn.katalog.us.edu.pl\/\" target=\"_blank\" rel=\"noopener\">co mo\u017cna pobra\u0107 z magazyn\u00f3w uniwersyteckich<\/a><\/li>\n<li>jakie informacje nale\u017cy przygotowa\u0107, aby zrealizowa\u0107 zakup dostawy lub us\u0142ugi<\/li>\n<li>czy ka\u017cdy zakup nale\u017cy zamawia\u0107 przez system SAP<\/li>\n<li>komu nale\u017cy przes\u0142a\u0107 informacje o konieczno\u015bci dokonania zakupu<\/li>\n<li>jak d\u0142ugo trwa procedura zakupu i od czego zale\u017cy<\/li>\n<li><a title=\"odno\u015bnik do innej strony www link otwiera si\u0119 w nowym oknie\" href=\"https:\/\/us.edu.pl\/pracownik\/procedury-i-obieg-dokumentow\/logistyka\/aktualne-umowy-dlugoterminowe\/\" target=\"_blank\" rel=\"noopener\">na jakie zakupy Uniwersytet ma podpisane umowy d\u0142ugoterminowe<\/a><\/li>\n<li>co zrobi\u0107, gdy zakup zosta\u0142 dokonany niezgodnie z procedur\u0105<\/li>\n<\/ul>\n<hr \/>\n<p>Przydatne linki<\/p>\n<ul>\n<li><a href=\"https:\/\/us.edu.pl\/pracownik\/procedury-i-obieg-dokumentow\/logistyka\/\">serwis po\u015bwi\u0119cony zakupom<\/a><\/li>\n<li><a href=\"https:\/\/us.edu.pl\/pracownik\/procedury-i-obieg-dokumentow\/logistyka\/procedura-zakupow\/\">procedury<\/a><\/li>\n<\/ul>\n<p>[\/vc_column_text][\/vc_column][vc_column width=&#8221;4\/5&#8243;]\r\n                <div class=\"text-modules\">\r\n                    <div class=\"container\">\r\n                        \r\n                        <div class=\"text-modules__content\"><\/p>\n<h3 style=\"text-align: center;\"><strong><span style=\"color: #002e5a;\">ZAKUPY<\/span><\/strong><\/h3>\n<p>\n<\/div>\r\n                    <\/div>\r\n                <\/div>\r\n                <div class=\"text-modules\">\r\n                    <div class=\"container\">\r\n                        \r\n                        <div class=\"text-modules__content\"><p><strong><span style=\"color: #ff0000;\">UWAGA: nowe regulacje sprawie procesu elektronicznego sk\u0142adania i podpisywania wniosk\u00f3w SAP obowi\u0105zuj\u0105 od dnia 07.01.2026 r.<\/span><br \/>\n<em>\u0179r\u00f3d\u0142o: <a href=\"https:\/\/us.edu.pl\/pracownik\/komunikaty\/pismo-okolne-nr-3-prorektora-ds-finansow-sprawie-procesu-elektronicznego-skladania-i-podpisywania-dokumentow\/\">Pismo ok\u00f3lne nr 3 Prorektora ds. Finans\u00f3w | sprawie procesu elektronicznego sk\u0142adania i podpisywania wniosk\u00f3w SAP | Pracownik<\/a><\/em><\/strong><\/p>\n<hr \/>\n<p><strong><span style=\"color: #002e5a;\">W Uniwersytecie \u015al\u0105skim zakup\u00f3w dokonuje si\u0119 na podstawie <\/span><a title=\"odno\u015bnik do innej strony www, link otwiera nowe okno\" href=\"https:\/\/aktyprawne.us.edu.pl\/d\/7788\/5\/\" target=\"_blank\" rel=\"noopener\"><span style=\"color: #002e5a;\">Regulaminu ubiegania si\u0119 i udzielania zam\u00f3wie\u0144 publicznych<\/span><\/a><\/strong><\/p>\n<p><span style=\"color: #002e5a;\"><strong>Istniej\u0105 dwa sposoby dokonywania zakup\u00f3w:<\/strong><\/span><\/p>\n<ol>\n<li>przez jednostki organizacyjne (Realizatorzy) zlokalizowane w Rektoracie (wi\u0119kszo\u015b\u0107 zakup\u00f3w)<\/li>\n<li>przez jednostki organizacyjne zlokalizowane na Wydziale (drobne zakupy, wymienione w <a title=\"odno\u015bnik do innej strony www, link otwiera nowe okno\" href=\"https:\/\/dzp.us.edu.pl\/sites\/dzp.us.edu.pl\/files\/imce\/przepisy_wewn\/zalacznik_nr_2_do_regulaminu_ubiegania_sie_i_udzielania_zamowien_003.pdf\" class=\"mtli_attachment mtli_pdf\" class=\"mtli_attachment mtli_pdf\" target=\"_blank\" rel=\"noopener\">za\u0142\u0105czniku nr 2 do Regulaminu<\/a>)<\/li>\n<\/ol>\n<hr \/>\n<p style=\"text-align: left;\"><span style=\"color: #002e5a;\"><strong>Aby dokona\u0107 zakupu przez jednostki zlokalizowane w Rektoracie<\/strong><\/span><\/p>\n<ol>\n<li><strong>przygotuj<\/strong> <strong>podstawowe informacje o przedmiocie zam\u00f3wienia<\/strong>: nazwa, szczeg\u00f3\u0142owy opis przedmiotu, wszystkie wymagane cechy. Dopuszczalny jest link do strony internetowej z opisem. Mo\u017cna tak\u017ce poprosi\u0107 sklep o ofert\u0119,<\/li>\n<li><strong>przygotuj<\/strong> <strong>pozosta\u0142e informacje o przedmiocie zam\u00f3wienia<\/strong>: cena, liczba sztuk, \u017ar\u00f3d\u0142o finansowania, adres dostawy oraz dodatkowe informacje jakie powinny si\u0119 znale\u017a\u0107 na zam\u00f3wienia, je\u017celi\u00a0 na przyk\u0142ad wymaga tego projekt,<\/li>\n<li><strong>przeka\u017c<\/strong> drog\u0105 mailow\u0105 ww. informacje osobie, kt\u00f3ra przygotuje wniosek o zakup, lista os\u00f3b znajduje si\u0119 <a title=\"odno\u015bnik do listy os\u00f3b sk\u0142adaj\u0105cych zam\u00f3wienia w SAP\" href=\"https:\/\/us.edu.pl\/pracownik\/wnst\/zakupy\/#zam\"><strong>tutaj.<\/strong><\/a> Wyznaczeni pracownicy przygotuj\u0105 zam\u00f3wienie w systemie SAP, zbior\u0105 podpisy. W zale\u017cno\u015bci od \u017ar\u00f3d\u0142a finansowania na wniosku wymagane s\u0105 podpisy: dyrektora instytutu, dyrektora kierunku, kierownika projektu, kierownika grantu,<\/li>\n<li><strong>dowiedz si\u0119<\/strong> od osoby sk\u0142adaj\u0105cej wniosek, jaki jest przewidywany czas realizacji zam\u00f3wienia,<\/li>\n<li><strong>podpisz<\/strong> protok\u00f3\u0142 odbioru je\u015bli zakup jest maj\u0105tkiem trwa\u0142ym.<\/li>\n<\/ol>\n<p>Uwaga: mo\u017cesz zosta\u0107 poproszony o przes\u0142anie dodatkowych informacji niezb\u0119dnych do uruchomienia post\u0119powania przetargowego (na przyk\u0142ad <a href=\"https:\/\/dzp.us.edu.pl\/formularze-druki\/\">analiza potrzeb i wymaga\u0144 &#8211; formularz pomocniczy<\/a>).<\/p>\n<p>Przedmiot zam\u00f3wienia zostanie dostarczony bezpo\u015brednio do twojej lokalizacji, o czym zostaniesz poinformowany przez osob\u0105 sk\u0142adaj\u0105c\u0105 zam\u00f3wienie lub innego pracownika Wydzia\u0142u.<\/p>\n<hr \/>\n<p style=\"text-align: left;\"><span style=\"color: #002e5a;\"><strong>Aby dokona\u0107 zakupu przez jednostki zlokalizowane na Wydziale<\/strong><\/span><\/p>\n<p>Na podstawie Za\u0142\u0105cznika nr 2 do Regulaminu Wydzia\u0142 mo\u017ce samodzielnie rozlicza\u0107 zakupy przedstawiaj\u0105c faktur\u0119 wystawion\u0105 na Uniwersytet \u015al\u0105ski w Katowicach. Katalog przedmiotowy stanowi wspomniany za\u0142\u0105cznik. S\u0105 to m.in. us\u0142ugi drukowania poster\u00f3w, us\u0142ugi gastronomiczne, artyku\u0142y spo\u017cywcze (kawa, herbata, s\u0142odycze), drobne artyku\u0142y elektroniczne itp., ksi\u0105\u017cki. Zakup jest rozliczany na podstawie faktury przed\u0142o\u017conej do rozliczenia pracownikowi Biura Ewaluacji i Obs\u0142ugi Instytut\u00f3w. Wykaz os\u00f3b znajduje si\u0119 <strong><a title=\"odno\u015bnik do wykazu os\u00f3b rozliczaj\u0105cych faktury\" href=\"https:\/\/us.edu.pl\/pracownik\/wnst\/zakupy\/#fv\">tutaj<\/a><\/strong>.<\/p>\n<ol>\n<li><strong>dowiedz si\u0119<\/strong>, czy Wydzia\u0142 mo\u017ce dokona\u0107 zakupu samodzielnie<\/li>\n<li><strong>dokonaj<\/strong> zakupu<\/li>\n<li><strong>popro\u015b o faktur\u0119<\/strong> na dane:<br \/>\nUniwersytet \u015al\u0105ski w Katowicach<br \/>\n40-007 Katowice, Bankowa 12<br \/>\nNIP: 634-019-71-34<br \/>\nDopuszcza si\u0119 dwie formy rozliczania faktur:<\/p>\n<ul>\n<li>samodzielny zakup z w\u0142asnych \u015brodk\u00f3w,<\/li>\n<li>faktura z odroczonym terminem p\u0142atno\u015bci,<\/li>\n<li>faktura proforma.<\/li>\n<\/ul>\n<\/li>\n<li>je\u015bli faktura jest elektroniczna <strong>zr\u00f3b forward<\/strong> dokumentu do odpowiedniej osoby. Je\u015bli faktura jest papierowa <strong>przeka\u017c<\/strong> j\u0105 odpowiedniej osobie drog\u0105 tradycyjn\u0105.<\/li>\n<li><strong>do\u0142\u0105cz<\/strong> informacje: cel zakupu, \u017ar\u00f3d\u0142o finansowania, je\u015bli zap\u0142aci\u0142e\u015b faktur\u0119 z w\u0142asnych \u015brodk\u00f3w napisz imi\u0119 i nazwisko i numer komputerowy, uczelnia zwr\u00f3ci \u015brodki na twoje konto<\/li>\n<\/ol>\n<p style=\"text-align: left;\"><span style=\"color: #002e5a;\"><strong>Aby dokona\u0107 zakupu z magazynu<\/strong><\/span><\/p>\n<ol>\n<li><strong>zobacz<\/strong> katalog dost\u0119pnych przedmiot\u00f3w w magazynie: <a title=\"odno\u015bnik do innej strony www link otwiera si\u0119 w tym samym oknie\" href=\"https:\/\/magazyn.katalog.us.edu.pl\/\">https:\/\/magazyn.katalog.us.edu.pl\/<\/a><\/li>\n<li><strong>napisz<\/strong> mail do odpowiedniej osoby, wykaz os\u00f3b znajduje si\u0119 <a title=\"odno\u015bnik do listy os\u00f3b, kt\u00f3re zajmuj\u0105 si\u0119 sk\u0142adaniem wniosk\u00f3w do magazynu\" href=\"https:\/\/us.edu.pl\/pracownik\/wnst\/zakupy\/#zam\">tutaj<\/a>. W mailu przygotuj informacje: co chcesz zam\u00f3wi\u0107, liczba sztuk, \u017ar\u00f3d\u0142o finansowania, adres dostawy.<\/li>\n<li><strong>odbierz<\/strong> zakupy u odpowiedniej osoby lub pracownicy Kampusu dostarcz\u0105 zam\u00f3wienie bezpo\u015brednio na wskazany adres.<\/li>\n<\/ol>\n<hr \/>\n<p>Je\u017celi dokona\u0142e\u015b zakupu niezgodnie z procedur\u0105, <strong>zwr\u00f3\u0107 si\u0119 z wnioskiem<\/strong> do rektora\/kanclerza o zgod\u0119 na rozliczenie zakupu. We wniosku <strong>opisz powody<\/strong>, dlaczego nie dotrzyma\u0142e\u015b procedury.<\/p>\n<\/div>\r\n                    <\/div>\r\n                <\/div><div class=\"container\"><div class=\"separator\" style=\"background-color: #002E5A\"><\/div><\/div>[vc_column_text]<\/p>\n<h3><span style=\"color: #002e5a;\"><a id=\"zam\"><\/a>WYKAZ OS\u00d3B SK\u0141ADAJ\u0104CYCH ZAM\u00d3WIENIA I ZAPOTRZEBOWANIE W SAP<\/span><\/h3>\n<p>[\/vc_column_text][vc_row_inner][vc_column_inner width=&#8221;1\/3&#8243;][vc_column_text]<\/p>\n<h3><span style=\"color: #002e5a;\">Sosnowiec<\/span><\/h3>\n<ul>\n<li><span style=\"color: #002e5a;\"><a style=\"color: #002e5a;\" title=\"odno\u015bnik do innej strony www\" href=\"https:\/\/ab.us.edu.pl\/emp?id=10692\">mgr S\u0142awomir Kaptacz<\/a> &#8211; IIB<\/span><\/li>\n<li><span style=\"color: #002e5a;\"><a style=\"color: #002e5a;\" title=\"odno\u015bnik do innej strony www\" href=\"https:\/\/ab.us.edu.pl\/emp?id=12452\">Andrzej Korzekwa<\/a> &#8211; IIN<\/span><\/li>\n<li><span style=\"color: #002e5a;\"><a style=\"color: #002e5a;\" title=\"odno\u015bnik do innej strony www\" href=\"https:\/\/ab.us.edu.pl\/emp?id=20062\">dr Katarzyna Osi\u0144ska<\/a> &#8211; IIM<\/span><\/li>\n<\/ul>\n<p>[\/vc_column_text][\/vc_column_inner][vc_column_inner width=&#8221;1\/3&#8243;][vc_column_text]<\/p>\n<h3><span style=\"color: #002e5a;\">Katowice<\/span><\/h3>\n<ul>\n<li><span style=\"color: #002e5a;\"><a style=\"color: #002e5a;\" title=\"odno\u015bnik do innej strony www\" href=\"https:\/\/ab.us.edu.pl\/emp?id=PE94974\">mgr Jolanta Kijowska<\/a> &#8211; ICh<\/span><\/li>\n<li><span style=\"color: #002e5a;\"><a style=\"color: #002e5a;\" title=\"odno\u015bnik do innej strony www\" href=\"https:\/\/ab.us.edu.pl\/emp?id=27152\">mgr Agnieszka Szle\u015bi\u0144ska<\/a> &#8211; IF i IM<\/span><\/li>\n<li><span style=\"color: #002e5a;\"><a style=\"color: #002e5a;\" title=\"odno\u015bnik do innej strony www\" href=\"https:\/\/ab.us.edu.pl\/emp?id=59703\">dr Agata Sz\u0142apa-Kula<\/a> &#8211; ICh<\/span><\/li>\n<\/ul>\n<p>[\/vc_column_text][\/vc_column_inner][vc_column_inner width=&#8221;1\/3&#8243;][vc_column_text]<\/p>\n<h3><span style=\"color: #002e5a;\">Chorz\u00f3w<\/span><\/h3>\n<ul>\n<li><span style=\"color: #002e5a;\"><a style=\"color: #002e5a;\" title=\"odno\u015bnik do innej trony www\" href=\"https:\/\/ab.us.edu.pl\/emp?id=6092\">mgr Jadwiga Gabor<\/a> &#8211; IIM<\/span><\/li>\n<li><span style=\"color: #002e5a;\"><a style=\"color: #002e5a;\" title=\"odno\u015bnik do innej strony www\" href=\"https:\/\/ab.us.edu.pl\/emp?id=6842\">mgr Dariusz Gierlotka<\/a> &#8211; IIM<\/span><\/li>\n<li><span style=\"color: #002e5a;\"><a style=\"color: #002e5a;\" title=\"odno\u015bnik do innej strony www\" href=\"https:\/\/ab.us.edu.pl\/emp?id=13802\">mgr Andrzej Kubik<\/a> &#8211; IIM<\/span><\/li>\n<li><a title=\"odno\u015bnik do innej strony www\" href=\"https:\/\/ab.us.edu.pl\/emp?id=21632\">dr Barbara Podeszwa<\/a><\/li>\n<li><span style=\"color: #002e5a;\"><a style=\"color: #002e5a;\" title=\"odno\u015bnik do innej strony www\" href=\"https:\/\/ab.us.edu.pl\/emp?id=24422\">Aleksandra Serek<\/a> &#8211; IIM<\/span><\/li>\n<li><span style=\"color: #002e5a;\"><a style=\"color: #002e5a;\" title=\"odno\u015bnik do innej strony www\" href=\"https:\/\/ab.us.edu.pl\/emp?id=27152\">mgr Agnieszka Szlesi\u0144ska<\/a> &#8211; IF<\/span><\/li>\n<\/ul>\n<p>[\/vc_column_text][\/vc_column_inner][\/vc_row_inner]<div class=\"container\"><div class=\"separator\" style=\"background-color: #002E5A\"><\/div><\/div>[vc_column_text]<\/p>\n<h3><span style=\"color: #002e5a;\"><a id=\"fv\"><\/a>WYKAZ OS\u00d3B ROZLICZAJ\u0104CYCH FAKTURY W SAP<\/span><\/h3>\n<p>[\/vc_column_text][vc_row_inner][vc_column_inner width=&#8221;1\/3&#8243;][vc_column_text]<\/p>\n<h3><span style=\"color: #002e5a;\">Sosnowiec<\/span><\/h3>\n<ul>\n<li><span style=\"color: #002e5a;\"><a style=\"color: #002e5a;\" title=\"odno\u015bnik do innej strony www\" href=\"https:\/\/ab.us.edu.pl\/emp?id=7442\">mgr Magdalena Gradzik<\/a> &#8211; IIB, IIM i IIN<\/span><\/li>\n<\/ul>\n<p>[\/vc_column_text][\/vc_column_inner][vc_column_inner width=&#8221;1\/3&#8243;][vc_column_text]<\/p>\n<h3><span style=\"color: #002e5a;\">Katowice<\/span><\/h3>\n<ul>\n<li><a title=\"odno\u015bnik do innej strony www\" href=\"https:\/\/ab.us.edu.pl\/emp?id=2572\">mgr Jadwiga \u0141yczek<\/a> &#8211; ICh<\/li>\n<li><a title=\"odno\u015bnik do innej strony www\" href=\"https:\/\/ab.us.edu.pl\/emp?id=30912\">mgr Sabina Wolna<\/a> &#8211; IM<\/li>\n<\/ul>\n<p>[\/vc_column_text][\/vc_column_inner][vc_column_inner width=&#8221;1\/3&#8243;][vc_column_text]<\/p>\n<h3><span style=\"color: #002e5a;\">Chorz\u00f3w<\/span><\/h3>\n<ul>\n<li><a title=\"odno\u015bnik do innej strony www\" href=\"https:\/\/ab.us.edu.pl\/emp?id=3422\">lic. Anna Ciepiela<\/a> &#8211; IIM<\/li>\n<li><a title=\"odno\u015bnik do innej strony www\" href=\"https:\/\/ab.us.edu.pl\/emp?id=14262\">mgr Beata Kunikowska<\/a> &#8211; IIM<\/li>\n<li><a title=\"odno\u015bnik do innej strony www\" href=\"https:\/\/ab.us.edu.pl\/emp?id=PE13655\">mgr Krystyna Knura<\/a> &#8211; IF<\/li>\n<\/ul>\n<p>[\/vc_column_text][\/vc_column_inner][\/vc_row_inner]<div class=\"container\"><div class=\"separator\" style=\"background-color: #002E5A\"><\/div><\/div>[vc_row_inner][vc_column_inner width=&#8221;1\/3&#8243;][\/vc_column_inner][vc_column_inner width=&#8221;1\/3&#8243;][vc_single_image image=&#8221;30061&#8243; img_size=&#8221;large&#8221; alignment=&#8221;center&#8221; style=&#8221;vc_box_rounded&#8221;][\/vc_column_inner][vc_column_inner width=&#8221;1\/3&#8243;][\/vc_column_inner][\/vc_row_inner]<div class=\"container\"><div class=\"separator\" style=\"background-color: #002E5A\"><\/div><\/div>[\/vc_column][\/vc_row][vc_row][vc_column][vc_column_text][\/vc_column_text][\/vc_column][\/vc_row]<\/p>","protected":false},"excerpt":{"rendered":"<p>[vc_row][vc_column][vc_column_text][\/vc_column_text][\/vc_column][\/vc_row][vc_row el_class=&#8221;container&#8221;][vc_column width=&#8221;1\/5&#8243;][vc_wp_custommenu nav_menu=&#8221;433&#8243;][vc_column_text css=&#8221;.vc_custom_1734614491832{margin-left: 10px !important;border-top-width: 1px !important;border-right-width: 1px !important;border-bottom-width: 1px !important;border-left-width: 1px !important;padding-top: 4px !important;padding-right: 2px !important;padding-bottom: 2px !important;padding-left: 10px !important;border-left-color: #002e5a !important;border-left-style: solid !important;border-right-color: #002e5a !important;border-right-style: solid !important;border-top-color: #002e5a !important;border-top-style: solid !important;border-bottom-color: #002e5a !important;border-bottom-style: solid !important;border-radius: 3px !important;}&#8221;]Na tej stronie znajdziesz informacje: co mo\u017cna pobra\u0107 z magazyn\u00f3w uniwersyteckich jakie informacje nale\u017cy przygotowa\u0107, [&#8230;]<\/p>\n<p><a class=\"btn btn-secondary understrap-read-more-link\" href=\"https:\/\/us.edu.pl\/pracownik\/wnst\/zakupy\/\">Read More&#8230;<\/a><\/p>\n","protected":false},"author":92,"featured_media":0,"parent":29370,"menu_order":6,"comment_status":"closed","ping_status":"closed","template":"","meta":{"_expiration-date-status":"","_expiration-date":0,"_expiration-date-type":"","_expiration-date-categories":[],"_expiration-date-options":[]},"acf":[],"_links":{"self":[{"href":"https:\/\/us.edu.pl\/pracownik\/wp-json\/wp\/v2\/pages\/30089"}],"collection":[{"href":"https:\/\/us.edu.pl\/pracownik\/wp-json\/wp\/v2\/pages"}],"about":[{"href":"https:\/\/us.edu.pl\/pracownik\/wp-json\/wp\/v2\/types\/page"}],"author":[{"embeddable":true,"href":"https:\/\/us.edu.pl\/pracownik\/wp-json\/wp\/v2\/users\/92"}],"replies":[{"embeddable":true,"href":"https:\/\/us.edu.pl\/pracownik\/wp-json\/wp\/v2\/comments?post=30089"}],"version-history":[{"count":11,"href":"https:\/\/us.edu.pl\/pracownik\/wp-json\/wp\/v2\/pages\/30089\/revisions"}],"predecessor-version":[{"id":41991,"href":"https:\/\/us.edu.pl\/pracownik\/wp-json\/wp\/v2\/pages\/30089\/revisions\/41991"}],"up":[{"embeddable":true,"href":"https:\/\/us.edu.pl\/pracownik\/wp-json\/wp\/v2\/pages\/29370"}],"wp:attachment":[{"href":"https:\/\/us.edu.pl\/pracownik\/wp-json\/wp\/v2\/media?parent=30089"}],"curies":[{"name":"wp","href":"https:\/\/api.w.org\/{rel}","templated":true}]}}