{"id":30335,"date":"2024-12-20T09:35:29","date_gmt":"2024-12-20T08:35:29","guid":{"rendered":"https:\/\/us.edu.pl\/pracownik\/?page_id=30335"},"modified":"2025-01-08T15:39:06","modified_gmt":"2025-01-08T14:39:06","slug":"posiedzenie-komisji-09-01-2025","status":"publish","type":"page","link":"https:\/\/us.edu.pl\/pracownik\/sprawy-dydaktyczne\/senacka-komisja-ds-ksztalcenia\/senacka-komisja-ds-ksztalcenia-sklad-komisji\/kadencja-2024-2028\/posiedzenie-komisji-09-01-2025\/","title":{"rendered":"Posiedzenie komisji &#8211; 09.01.2025"},"content":{"rendered":"<p>[vc_row][vc_column]\r\n                <div class=\"text-modules\">\r\n                    <div class=\"container\">\r\n                        <h3 class=\"page-title text__title\">Posiedzenie Komisji ds. kszta\u0142cenia i student\u00f3w - 9 stycznia 2025 r.<\/h3>\r\n                        <div class=\"text-modules__content\"><p>Posiedzenie Komisji ds. kszta\u0142cenia i student\u00f3w, kt\u00f3re odb\u0119dzie si\u0119 w czwartek <strong>9 stycznia 2025 r. <\/strong><u>wyj\u0105tkowo<\/u><strong> o godz. 09.30<\/strong> w sali 1.20 w budynku Rektoratu Uniwersytetu \u015al\u0105skiego.<\/p>\n<p>Planowany porz\u0105dek posiedzenia:<\/p>\n<ol>\n<li>Wyzwania wsp\u00f3\u0142czesnej dydaktyki akademickiej &#8211; strategia przemian kszta\u0142cenia w Uniwersytecie \u015al\u0105skim, w tym reorganizacja kszta\u0142cenia na studiach II stopnia.<\/li>\n<li>Komunikaty Prorektorki ds. studenckich i kszta\u0142cenia.<\/li>\n<li>Planowanie i organizacji dydaktyki w roku akademickim 2024\/2025 \u2013 dalsze dzia\u0142ania.<\/li>\n<li>Organizacja og\u00f3lnouniwersyteckiego kszta\u0142cenia obszarowego.<\/li>\n<li>Dyskusja nad modyfikacj\u0105 zarz\u0105dzenia w sprawie szczeg\u00f3\u0142owych zasad prowadzenia lektorat\u00f3w z j\u0119zyk\u00f3w obcych.<\/li>\n<li>Opinia do wniosku inicjuj\u0105cego utworzenie nowego kierunku studi\u00f3w na Wydziale Humanistycznym: <a href=\"https:\/\/us.edu.pl\/pracownik\/wp-content\/uploads\/sites\/2\/Editor\/sprawy-dydatktyczne\/Komisja-ksztalcenia\/Kadencja-2024-2028\/20242025\/9-stycznia\/Wniosek-inicjujacy-Koreanistyka.pdf\" class=\"mtli_attachment mtli_pdf\" data-mtli=\"mtli_filesize215,47kB\" class=\"mtli_attachment mtli_pdf\" data-mtli=\"mtli_filesize215,47kB\"><em>koreanistyka<\/em><\/a>.<\/li>\n<li>Opinie do wniosk\u00f3w w sprawie modyfikacji program\u00f3w studi\u00f3w na kierunku <a href=\"https:\/\/us.edu.pl\/pracownik\/wp-content\/uploads\/sites\/2\/Editor\/sprawy-dydatktyczne\/Komisja-ksztalcenia\/Kadencja-2024-2028\/20242025\/9-stycznia\/Muzyka-w-multimediach-II-stopien-stacjonarny.zip\"><em>muzyka w multimediach.<\/em><\/a><\/li>\n<li>Wolne wnioski:\n<ol style=\"list-style-type: upper-roman;\">\n<li>Opinia do wniosku dotycz\u0105cego likwidacji kierunk\u00f3w studi\u00f3w od roku akademickiego 2025\/2026:\n<ol style=\"list-style-type: lower-alpha;\">\n<li><a href=\"https:\/\/us.edu.pl\/pracownik\/wp-content\/uploads\/sites\/2\/Editor\/sprawy-dydatktyczne\/Komisja-ksztalcenia\/Kadencja-2024-2028\/20242025\/9-stycznia\/Kulturoznawstwo-NS-likwidacja.pdf\" class=\"mtli_attachment mtli_pdf\" data-mtli=\"mtli_filesize703,95kB\" class=\"mtli_attachment mtli_pdf\" data-mtli=\"mtli_filesize703,95kB\">Kulturoznawstwo<\/a> &#8211; studia niestacjonarne I i II stopnia<\/li>\n<li><a href=\"https:\/\/us.edu.pl\/pracownik\/wp-content\/uploads\/sites\/2\/Editor\/sprawy-dydatktyczne\/Komisja-ksztalcenia\/Kadencja-2024-2028\/20242025\/9-stycznia\/Aquamatyka-likwidacja.pdf\" class=\"mtli_attachment mtli_pdf\" data-mtli=\"mtli_filesize543,41kB\" class=\"mtli_attachment mtli_pdf\" data-mtli=\"mtli_filesize543,41kB\">Aquamatyka &#8211; interdyscyplinarne gospodarowanie \u015brodowiskami wodnymi<\/a> &#8211; studia stacjonarne I stopnia.<\/li>\n<\/ol>\n<\/li>\n<\/ol>\n<\/li>\n<\/ol>\n<p>\n<style type=\"text\/css\">a[data-mtli~=\"mtli_filesize215,47kB\"]:after {content:\" (215,47 kB)\"}a[data-mtli~=\"mtli_filesize703,95kB\"]:after {content:\" (703,95 kB)\"}a[data-mtli~=\"mtli_filesize543,41kB\"]:after {content:\" (543,41 kB)\"}<\/style><\/div>\r\n                    <\/div>\r\n                <\/div>[\/vc_column][\/vc_row]<\/p>\n<style type=\"text\/css\">a[data-mtli~=\"mtli_filesize215,47kB\"]:after {content:\" (215,47 kB)\"}a[data-mtli~=\"mtli_filesize703,95kB\"]:after {content:\" (703,95 kB)\"}a[data-mtli~=\"mtli_filesize543,41kB\"]:after {content:\" (543,41 kB)\"}<\/style>","protected":false},"excerpt":{"rendered":"<p>[vc_row][vc_column][\/vc_column][\/vc_row] [&#8230;]<\/p>\n<p><a class=\"btn btn-secondary understrap-read-more-link\" href=\"https:\/\/us.edu.pl\/pracownik\/sprawy-dydaktyczne\/senacka-komisja-ds-ksztalcenia\/senacka-komisja-ds-ksztalcenia-sklad-komisji\/kadencja-2024-2028\/posiedzenie-komisji-09-01-2025\/\">Read More&#8230;<\/a><\/p>\n","protected":false},"author":31,"featured_media":0,"parent":27904,"menu_order":-41,"comment_status":"closed","ping_status":"closed","template":"page-templates\/inner-page.php","meta":{"_expiration-date-status":"saved","_expiration-date":0,"_expiration-date-type":"","_expiration-date-categories":[],"_expiration-date-options":[]},"acf":[],"_links":{"self":[{"href":"https:\/\/us.edu.pl\/pracownik\/wp-json\/wp\/v2\/pages\/30335"}],"collection":[{"href":"https:\/\/us.edu.pl\/pracownik\/wp-json\/wp\/v2\/pages"}],"about":[{"href":"https:\/\/us.edu.pl\/pracownik\/wp-json\/wp\/v2\/types\/page"}],"author":[{"embeddable":true,"href":"https:\/\/us.edu.pl\/pracownik\/wp-json\/wp\/v2\/users\/31"}],"replies":[{"embeddable":true,"href":"https:\/\/us.edu.pl\/pracownik\/wp-json\/wp\/v2\/comments?post=30335"}],"version-history":[{"count":6,"href":"https:\/\/us.edu.pl\/pracownik\/wp-json\/wp\/v2\/pages\/30335\/revisions"}],"predecessor-version":[{"id":31074,"href":"https:\/\/us.edu.pl\/pracownik\/wp-json\/wp\/v2\/pages\/30335\/revisions\/31074"}],"up":[{"embeddable":true,"href":"https:\/\/us.edu.pl\/pracownik\/wp-json\/wp\/v2\/pages\/27904"}],"wp:attachment":[{"href":"https:\/\/us.edu.pl\/pracownik\/wp-json\/wp\/v2\/media?parent=30335"}],"curies":[{"name":"wp","href":"https:\/\/api.w.org\/{rel}","templated":true}]}}