{"id":31571,"date":"2025-01-20T11:38:17","date_gmt":"2025-01-20T10:38:17","guid":{"rendered":"https:\/\/us.edu.pl\/pracownik\/?page_id=31571"},"modified":"2026-02-23T10:42:10","modified_gmt":"2026-02-23T09:42:10","slug":"plany-zamowien","status":"publish","type":"page","link":"https:\/\/us.edu.pl\/pracownik\/plany-zamowien\/","title":{"rendered":"Plany zam\u00f3wie\u0144"},"content":{"rendered":"<p>[vc_row el_class=&#8221;container&#8221;][vc_column][vc_column_text]<\/p>\n<h2>Plany zam\u00f3wie\u0144<\/h2>\n<p><a href=\"https:\/\/dzp.us.edu.pl\/wp-content\/uploads\/2026\/02\/Plan-ZP-2026-akt.-18.02.2026.pdf\" class=\"mtli_attachment mtli_pdf\" target=\"_blank\" rel=\"noopener\">Plan Zam\u00f3wie\u0144 Publicznych na 2026 rok (aktualizacja 18.02.2026r.) (2,2 MB)<\/a><\/p>\n<p><a href=\"https:\/\/dzp.us.edu.pl\/wp-content\/uploads\/2025\/10\/Plan-ZP-2025-akt.-22.10.2025.pdf\" class=\"mtli_attachment mtli_pdf\">Plan Zam\u00f3wie\u0144 Publicznych na 2025 rok (aktualizacja 22.10.2025r.) (2,26 MB)<\/a><\/p>\n<p><a href=\"http:\/\/dzp.us.edu.pl\/wp-content\/uploads\/2025\/01\/Plan-ZP-2024-akt-30.09.2024.pdf\" class=\"mtli_attachment mtli_pdf\" data-mtli=\"mtli_filesize2,18MB\">Plan Zam\u00f3wie\u0144 Publicznych na 2024 rok (aktualizacja 30.09.2024r.)<\/a><\/p>\n<p><a href=\"http:\/\/dzp.us.edu.pl\/wp-content\/uploads\/2025\/01\/Plan-ZP-2023-akt.-28.06.2023.pdf\" class=\"mtli_attachment mtli_pdf\" data-mtli=\"mtli_filesize2,10MB\">Plan Zam\u00f3wie\u0144 Publicznych na 2023 rok (aktualizacja 28.06.2023r.)<\/a><\/p>\n<p><a href=\"http:\/\/dzp.us.edu.pl\/wp-content\/uploads\/2025\/01\/Plan-ZP-2022-akt-06.10.2022.pdf\" class=\"mtli_attachment mtli_pdf\" data-mtli=\"mtli_filesize1,93MB\">Plan Zam\u00f3wie\u0144 Publicznych na 2022 rok (aktualizacja 06.10.2022r.)<\/a><\/p>\n<p><a href=\"http:\/\/dzp.us.edu.pl\/wp-content\/uploads\/2025\/01\/Plan-ZP-2021-akt.-12-04-2021.pdf\" class=\"mtli_attachment mtli_pdf\" data-mtli=\"mtli_filesize2,07MB\">Plan Zam\u00f3wie\u0144 Publicznych na 2021 rok (aktualizacja 12.04.2021r.)<\/a><\/p>\n<p><a href=\"http:\/\/dzp.us.edu.pl\/wp-content\/uploads\/2025\/01\/Plan-ZP-2020-akt.-09-10-2020.pdf\" class=\"mtli_attachment mtli_pdf\" data-mtli=\"mtli_filesize1,62MB\">Plan Zam\u00f3wie\u0144 Publicznych na 2020 rok (aktualizacja 09.10.2020r.) <\/a>[\/vc_column_text][\/vc_column][\/vc_row][vc_row el_class=&#8221;container&#8221;][vc_column][vc_btn title=&#8221;Wr\u00f3\u0107 na stron\u0119 DZP&#8221; link=&#8221;url:https%3A%2F%2Fdzp.us.edu.pl&#8221;][\/vc_column][\/vc_row]<\/p>\n<style type=\"text\/css\">a[data-mtli~=\"mtli_filesize2,18MB\"]:after {content:\" (2,18 MB)\"}a[data-mtli~=\"mtli_filesize2,10MB\"]:after {content:\" (2,10 MB)\"}a[data-mtli~=\"mtli_filesize1,93MB\"]:after {content:\" (1,93 MB)\"}a[data-mtli~=\"mtli_filesize2,07MB\"]:after {content:\" (2,07 MB)\"}a[data-mtli~=\"mtli_filesize1,62MB\"]:after {content:\" (1,62 MB)\"}<\/style>","protected":false},"excerpt":{"rendered":"<p>[vc_row el_class=&#8221;container&#8221;][vc_column][vc_column_text] Plany zam\u00f3wie\u0144 Plan Zam\u00f3wie\u0144 Publicznych na 2026 rok (aktualizacja 18.02.2026r.) (2,2 MB) Plan Zam\u00f3wie\u0144 Publicznych na 2025 rok (aktualizacja 22.10.2025r.) (2,26 MB) Plan Zam\u00f3wie\u0144 Publicznych na 2024 rok (aktualizacja 30.09.2024r.) Plan Zam\u00f3wie\u0144 Publicznych na 2023 rok (aktualizacja 28.06.2023r.) Plan Zam\u00f3wie\u0144 Publicznych na 2022 rok (aktualizacja 06.10.2022r.) Plan Zam\u00f3wie\u0144 Publicznych na 2021 rok (aktualizacja [&#8230;]<\/p>\n<p><a class=\"btn btn-secondary understrap-read-more-link\" href=\"https:\/\/us.edu.pl\/pracownik\/plany-zamowien\/\">Read More&#8230;<\/a><\/p>\n","protected":false},"author":25,"featured_media":0,"parent":0,"menu_order":0,"comment_status":"closed","ping_status":"closed","template":"","meta":{"_expiration-date-status":"","_expiration-date":0,"_expiration-date-type":"","_expiration-date-categories":[],"_expiration-date-options":[]},"acf":[],"_links":{"self":[{"href":"https:\/\/us.edu.pl\/pracownik\/wp-json\/wp\/v2\/pages\/31571"}],"collection":[{"href":"https:\/\/us.edu.pl\/pracownik\/wp-json\/wp\/v2\/pages"}],"about":[{"href":"https:\/\/us.edu.pl\/pracownik\/wp-json\/wp\/v2\/types\/page"}],"author":[{"embeddable":true,"href":"https:\/\/us.edu.pl\/pracownik\/wp-json\/wp\/v2\/users\/25"}],"replies":[{"embeddable":true,"href":"https:\/\/us.edu.pl\/pracownik\/wp-json\/wp\/v2\/comments?post=31571"}],"version-history":[{"count":10,"href":"https:\/\/us.edu.pl\/pracownik\/wp-json\/wp\/v2\/pages\/31571\/revisions"}],"predecessor-version":[{"id":42401,"href":"https:\/\/us.edu.pl\/pracownik\/wp-json\/wp\/v2\/pages\/31571\/revisions\/42401"}],"wp:attachment":[{"href":"https:\/\/us.edu.pl\/pracownik\/wp-json\/wp\/v2\/media?parent=31571"}],"curies":[{"name":"wp","href":"https:\/\/api.w.org\/{rel}","templated":true}]}}