{"id":3213,"date":"2019-10-30T13:46:36","date_gmt":"2019-10-30T12:46:36","guid":{"rendered":"https:\/\/us.edu.pl\/pracownik\/?page_id=3213"},"modified":"2021-08-19T10:09:00","modified_gmt":"2021-08-19T08:09:00","slug":"patenty","status":"publish","type":"page","link":"https:\/\/us.edu.pl\/pracownik\/sprawy-naukowe\/komercjalizacja\/patenty\/","title":{"rendered":"Patenty"},"content":{"rendered":"<p>[vc_row][vc_column][\/vc_column][\/vc_row][vc_row][vc_column]\r\n                <div class=\"text-modules\">\r\n                    <div class=\"container\">\r\n                        <h3 class=\"page-title text__title\">Patenty<\/h3>\r\n                        <div class=\"text-modules__content\"><p><strong>Post\u0119powanie w sprawie zg\u0142oszenia wynalazku<\/strong><i><span style=\"font-weight: 400;\">\u00a0<\/span><\/i><\/p>\n<p><span style=\"font-weight: 400;\">Pierwszym krokiem w procedurze uzyskania ochrony prawnej dla danego przedmiotu w\u0142asno\u015bci przemys\u0142owej (np. wynalazku) stworzonej w ramach stosunku pracy przez pracownika Uniwersytetu \u015al\u0105skiego w Katowicach jest kontakt z Biurem Rzecznik\u00f3w Patentowych U\u015a.\u00a0W \u015bcis\u0142ej wsp\u00f3\u0142pracy z pracownikiem naukowym rzecznik patentowy przygotowuje zg\u0142oszenie do Urz\u0119du Patentowego Rzeczypospolitej Polskiej.\u00a0<\/span><\/p>\n<p>&nbsp;<\/p>\n<p><strong>Instrukcja post\u0119powania w sprawie zg\u0142oszenia wynalazku<\/strong> (<b><a href=\"\/pracownik\/wp-content\/uploads\/sites\/2\/2019\/10\/Za\u0142.1-bez-tytu\u0142u-00007-Intranet.pdf\" class=\"mtli_attachment mtli_pdf\" data-mtli=\"mtli_filesize279,48kB\" class=\"mtli_attachment mtli_pdf\" data-mtli=\"mtli_filesize279,48kB\" target=\"_blank\" rel=\"noopener noreferrer\">schemat post\u0119powania<\/a><\/b>)<\/p>\n<p>&nbsp;<\/p>\n<p><b>Formularz zg\u0142oszenia w Uniwersytecie \u015al\u0105skim wyniku prac intelektualnych w postaci projektu wynalazczego <\/b>(<b><a href=\"\/pracownik\/wp-content\/uploads\/sites\/2\/2019\/10\/za\u0142.2-wzor_zgloszenia_do_ochrony_patentowej-Intranet.doc\" class=\"mtli_attachment mtli_doc\" data-mtli=\"mtli_filesize78,00kB\" class=\"mtli_attachment mtli_doc\" data-mtli=\"mtli_filesize78,00kB\" target=\"_blank\" rel=\"noopener noreferrer\">wz\u00f3r zg\u0142oszenia <\/a><\/b>)<\/p>\n<style type=\"text\/css\">a[data-mtli~=\"mtli_filesize279,48kB\"]:after {content:\" (279,48 kB)\"}a[data-mtli~=\"mtli_filesize78,00kB\"]:after {content:\" (78,00 kB)\"}<\/style><\/div>\r\n                    <\/div>\r\n                <\/div>[\/vc_column][\/vc_row][vc_row][vc_column]\r\n                <div class=\"tiles-section\" style=\"background: \">\r\n                    <div class=\"container\">\r\n                        <h3 class=\"page-title\"><\/h3>\r\n                        <div class=\"tiles tiles-2\">\r\n                            <a href=\"\/nauka-i-badania\/patenty-i-prawa-ochronne\/\" class=\"tile tile_double justify-content-center\" style=\"background-color: #EBEBEB; font-weight: bold; color: #002E5A;  \">\r\n                                \r\n                                   \r\n                               \r\n                                <div class=\"tile__name\">Katalog patent\u00f3w<\/div>\r\n                            <\/a><\/div>\r\n                    <\/div>\r\n                <\/div>[\/vc_column][\/vc_row]<\/p>\n<style type=\"text\/css\">a[data-mtli~=\"mtli_filesize279,48kB\"]:after {content:\" (279,48 kB)\"}a[data-mtli~=\"mtli_filesize78,00kB\"]:after {content:\" (78,00 kB)\"}<\/style>","protected":false},"excerpt":{"rendered":"<p>[vc_row][vc_column][\/vc_column][\/vc_row][vc_row][vc_column][\/vc_column][\/vc_row][vc_row][vc_column][\/vc_column][\/vc_row] [&#8230;]<\/p>\n<p><a class=\"btn btn-secondary understrap-read-more-link\" href=\"https:\/\/us.edu.pl\/pracownik\/sprawy-naukowe\/komercjalizacja\/patenty\/\">Read More&#8230;<\/a><\/p>\n","protected":false},"author":41,"featured_media":0,"parent":971,"menu_order":288,"comment_status":"closed","ping_status":"closed","template":"page-templates\/inner-page-with-bookmarks.php","meta":{"_expiration-date-status":"saved","_expiration-date":0,"_expiration-date-type":"","_expiration-date-categories":[],"_expiration-date-options":[]},"acf":[],"_links":{"self":[{"href":"https:\/\/us.edu.pl\/pracownik\/wp-json\/wp\/v2\/pages\/3213"}],"collection":[{"href":"https:\/\/us.edu.pl\/pracownik\/wp-json\/wp\/v2\/pages"}],"about":[{"href":"https:\/\/us.edu.pl\/pracownik\/wp-json\/wp\/v2\/types\/page"}],"author":[{"embeddable":true,"href":"https:\/\/us.edu.pl\/pracownik\/wp-json\/wp\/v2\/users\/41"}],"replies":[{"embeddable":true,"href":"https:\/\/us.edu.pl\/pracownik\/wp-json\/wp\/v2\/comments?post=3213"}],"version-history":[{"count":10,"href":"https:\/\/us.edu.pl\/pracownik\/wp-json\/wp\/v2\/pages\/3213\/revisions"}],"predecessor-version":[{"id":15059,"href":"https:\/\/us.edu.pl\/pracownik\/wp-json\/wp\/v2\/pages\/3213\/revisions\/15059"}],"up":[{"embeddable":true,"href":"https:\/\/us.edu.pl\/pracownik\/wp-json\/wp\/v2\/pages\/971"}],"wp:attachment":[{"href":"https:\/\/us.edu.pl\/pracownik\/wp-json\/wp\/v2\/media?parent=3213"}],"curies":[{"name":"wp","href":"https:\/\/api.w.org\/{rel}","templated":true}]}}