{"id":33133,"date":"2025-03-04T09:17:28","date_gmt":"2025-03-04T08:17:28","guid":{"rendered":"https:\/\/us.edu.pl\/pracownik\/?page_id=33133"},"modified":"2025-03-06T12:28:09","modified_gmt":"2025-03-06T11:28:09","slug":"posiedzenie-komisji-06-03-2025","status":"publish","type":"page","link":"https:\/\/us.edu.pl\/pracownik\/sprawy-dydaktyczne\/senacka-komisja-ds-ksztalcenia\/senacka-komisja-ds-ksztalcenia-sklad-komisji\/kadencja-2024-2028\/posiedzenie-komisji-06-03-2025\/","title":{"rendered":"Posiedzenie komisji &#8211; 06.03.2025"},"content":{"rendered":"<p>[vc_row][vc_column]\r\n                <div class=\"text-modules\">\r\n                    <div class=\"container\">\r\n                        <h3 class=\"page-title text__title\">Posiedzenie Komisji ds. kszta\u0142cenia i student\u00f3w - 6 marca 2025 r.<\/h3>\r\n                        <div class=\"text-modules__content\"><p>Posiedzenie Komisji ds. kszta\u0142cenia i student\u00f3w, kt\u00f3re odb\u0119dzie si\u0119 w czwartek <strong>6 marca<\/strong> <strong>2025 r. <\/strong><strong>\u00a0o godz. 13.00<\/strong>\u00a0w sali 1.20 w budynku Rektoratu Uniwersytetu \u015al\u0105skiego.<\/p>\n<p>Planowany porz\u0105dek posiedzenia:<\/p>\n<ol>\n<li>Komunikaty Przewodnicz\u0105cego Komisji.<\/li>\n<li>Opiniowanie programu studi\u00f3w podyplomowych:<\/li>\n<\/ol>\n<ol>\n<li style=\"list-style-type: none;\">\n<ol style=\"list-style-type: lower-alpha;\">\n<li><a href=\"https:\/\/us.edu.pl\/pracownik\/wp-content\/uploads\/sites\/2\/Editor\/sprawy-dydatktyczne\/Komisja-ksztalcenia\/Kadencja-2024-2028\/20242025\/6-marca\/Zmiany-w-programie-studiow-podyplomowych-Administracja-i-Zarzadzanie.zip\">Studia podyplomowe Administracja i Zarz\u0105dzanie (modyfikacja prowadzonego programu).<\/a><\/li>\n<li><a href=\"https:\/\/us.edu.pl\/pracownik\/wp-content\/uploads\/sites\/2\/Editor\/sprawy-dydatktyczne\/Komisja-ksztalcenia\/Kadencja-2024-2028\/20242025\/6-marca\/studia-podyplomowe-dla-nauczycieli-w-zakr-eduk-zdrow.zip\">Kwalifikacyjne studia podyplomowe dla nauczycieli w zakresie edukacji zdrowotnej (nowy program).<\/a><\/li>\n<\/ol>\n<\/li>\n<\/ol>\n<ol start=\"3\">\n<li><a href=\"https:\/\/us.edu.pl\/pracownik\/wp-content\/uploads\/sites\/2\/Editor\/sprawy-dydatktyczne\/Komisja-ksztalcenia\/Kadencja-2024-2028\/20242025\/6-marca\/zal.-do-zarzadzenia-DZIKI-INDEKS_projekt-regulaminu-003.zip\">Regulamin konkursu \u201eDziki Indeks U\u015a\u201d<\/a> oraz opiniowanie <a href=\"https:\/\/us.edu.pl\/pracownik\/wp-content\/uploads\/sites\/2\/Editor\/sprawy-dydatktyczne\/Komisja-ksztalcenia\/Kadencja-2024-2028\/20242025\/6-marca\/konkursy.zip\">Uchwa\u0142y Senatu zmieniaj\u0105cej uchwa\u0142\u0119 w sprawie szczeg\u00f3\u0142owych zasad przyjmowania na I rok studi\u00f3w laureat\u00f3w i\u00a0finalist\u00f3w olimpiad stopnia centralnego, laureat\u00f3w konkurs\u00f3w mi\u0119dzynarodowych oraz og\u00f3lnopolskich<\/a> a tak\u017ce finalist\u00f3w Mistrzostw Polski w kategoriach m\u0142odzie\u017cowych, w\u00a0dyscyplinach sportowych uj\u0119tych w rywalizacji sportu akademickiego w ramach programu Akademickie Mistrzostwa Polski w latach 2025\/2026, 2026\/2027.<\/li>\n<li>Regulamin \u015bwiadcze\u0144 dla student\u00f3w.<\/li>\n<li><a href=\"https:\/\/us.edu.pl\/pracownik\/wp-content\/uploads\/sites\/2\/Editor\/sprawy-dydatktyczne\/Komisja-ksztalcenia\/Kadencja-2024-2028\/20242025\/6-marca\/Wspolny-lektorat-NST-projekt-SPNJO.docx\" class=\"mtli_attachment mtli_docx\" data-mtli=\"mtli_filesize22,70kB\" class=\"mtli_attachment mtli_docx\" data-mtli=\"mtli_filesize22,70kB\">Dyskusja nad ujednoliceniem zasad dotycz\u0105cych prowadzenia lektorat\u00f3w z j\u0119zyk\u00f3w obcych na studiach niestacjonarnych.<\/a><\/li>\n<li>Opinie do wniosku w sprawie modyfikacji programu studi\u00f3w na kierunku <a href=\"https:\/\/us.edu.pl\/pracownik\/wp-content\/uploads\/sites\/2\/Editor\/sprawy-dydatktyczne\/Komisja-ksztalcenia\/Kadencja-2024-2028\/20242025\/6-marca\/Fizyka-II-SS-j.-ang.zip\">fizyka, studia II stopnia w j\u0119zyku angielskim od cyklu akademickiego 2025\/2026.<\/a><\/li>\n<li>Opinia do wniosku inicjuj\u0105cego utworzenie od roku akademickiego 2025\/2026 nowego kierunku studi\u00f3w na Wydziale Nauk Przyrodniczych: <a href=\"https:\/\/us.edu.pl\/pracownik\/wp-content\/uploads\/sites\/2\/Editor\/sprawy-dydatktyczne\/Komisja-ksztalcenia\/Kadencja-2024-2028\/20242025\/6-marca\/Turystyka-zrownowazona-_-I-st.-SS-_-2025-26.zip\"><strong><em>Turystyka zr\u00f3wnowa\u017cona<\/em><\/strong><\/a> \u2013 studia stacjonarne I stopnia.<\/li>\n<li>Opinia do wniosku inicjuj\u0105cego utworzenie od roku akademickiego 2025\/2026 nowego kierunku studi\u00f3w na Wydziale Nauk Przyrodniczych: <a href=\"https:\/\/us.edu.pl\/pracownik\/wp-content\/uploads\/sites\/2\/Editor\/sprawy-dydatktyczne\/Komisja-ksztalcenia\/Kadencja-2024-2028\/20242025\/6-marca\/Gospodarka-wodna-...-I-st.-SS-_-2025-26.zip\"><strong><em>Gospodarka wodna \u2013 Aquamatyka<\/em><\/strong> <\/a>&#8211; studia stacjonarne I stopnia.<\/li>\n<li>Opinia do wniosku inicjuj\u0105cego utworzenie od roku akademickiego 2025\/2026 nowego kierunku studi\u00f3w na Wydziale Humanistycznym: <a href=\"https:\/\/us.edu.pl\/pracownik\/wp-content\/uploads\/sites\/2\/Editor\/sprawy-dydatktyczne\/Komisja-ksztalcenia\/Kadencja-2024-2028\/20242025\/6-marca\/Fil.-ang.-_-jezykoznawcza-_-I-st.-SS-_-2025-26.zip\"><strong><em>Filologia angielska: j\u0119zykoznawcza<\/em><\/strong><\/a> &#8211; studia stacjonarne I stopnia.<\/li>\n<li>Opinia do wniosku inicjuj\u0105cego utworzenie od roku akademickiego 2025\/2026 nowego kierunku studi\u00f3w na Wydziale Humanistycznym: <a href=\"https:\/\/us.edu.pl\/pracownik\/wp-content\/uploads\/sites\/2\/Editor\/sprawy-dydatktyczne\/Komisja-ksztalcenia\/Kadencja-2024-2028\/20242025\/6-marca\/Fil.-ang.-_-kultura-media-translacja-_-I-st.-SS-_-2025-26.zip\"><strong><em>Filologia angielska: Kultura \u2013 Media \u2013 Translacja<\/em><\/strong><\/a> &#8211; studia stacjonarne I stopnia.<\/li>\n<li>Opinia do wniosku inicjuj\u0105cego utworzenie od roku akademickiego 2025\/2026 nowego kierunku studi\u00f3w na Wydziale Humanistycznym: <a href=\"https:\/\/us.edu.pl\/pracownik\/wp-content\/uploads\/sites\/2\/Editor\/sprawy-dydatktyczne\/Komisja-ksztalcenia\/Kadencja-2024-2028\/20242025\/6-marca\/Fil.-ang.-_-SPRINT-WRITE-_-I-st.-SS-_-2025-26.zip\"><strong><em>Filologia angielska: Projektowanie gier i\u00a0groznawstwo (SPRINT-WRITE)<\/em><\/strong><\/a> &#8211; studia stacjonarne I stopnia.<\/li>\n<li>Opinia do wniosku inicjuj\u0105cego utworzenie od roku akademickiego 2025\/2026 nowego kierunku studi\u00f3w na Wydziale Humanistycznym: <a href=\"https:\/\/us.edu.pl\/pracownik\/wp-content\/uploads\/sites\/2\/Editor\/sprawy-dydatktyczne\/Komisja-ksztalcenia\/Kadencja-2024-2028\/20242025\/6-marca\/English_Studies_Lit_Cult-_-I-st.-SS-_-2025-26.zip\"><strong><em>English Studies: Literature and Culture<\/em><\/strong> <\/a>&#8211; studia stacjonarne I stopnia w j\u0119zyku angielskim.<\/li>\n<li>Uchwa\u0142a w sprawie przyj\u0119cia sprawozdania z\u00a0<a href=\"https:\/\/us.edu.pl\/pracownik\/wp-content\/uploads\/sites\/2\/Editor\/sprawy-dydatktyczne\/Komisja-ksztalcenia\/Kadencja-2024-2028\/20242025\/6-marca\/raportJK23-24.zip\"><em>Oceny jako\u015bci kszta\u0142cenia na Uniwersytecie \u015al\u0105skim w Katowicach za rok akademicki 2023\/2024<\/em>.<\/a><\/li>\n<li>Informacja DJAS na temat warto\u015bci wsp\u00f3\u0142czynnika SSR w roku 2024\/2025.<\/li>\n<li>Wolne wnioski &#8211; <a href=\"https:\/\/us.edu.pl\/pracownik\/wp-content\/uploads\/sites\/2\/Editor\/sprawy-dydatktyczne\/Komisja-ksztalcenia\/Kadencja-2024-2028\/20242025\/6-marca\/Komisja-ksztalcenia-6-marca-2025.pptx\">Sprawy organizacyjne zwi\u0105zane z kszta\u0142ceniem obszarowym\u00a0<\/a><\/li>\n<\/ol>\n<p>\n<style type=\"text\/css\">a[data-mtli~=\"mtli_filesize22,70kB\"]:after {content:\" (22,70 kB)\"}<\/style><\/div>\r\n                    <\/div>\r\n                <\/div>[\/vc_column][\/vc_row]<\/p>\n<style type=\"text\/css\">a[data-mtli~=\"mtli_filesize22,70kB\"]:after {content:\" (22,70 kB)\"}<\/style>","protected":false},"excerpt":{"rendered":"<p>[vc_row][vc_column][\/vc_column][\/vc_row] [&#8230;]<\/p>\n<p><a class=\"btn btn-secondary understrap-read-more-link\" href=\"https:\/\/us.edu.pl\/pracownik\/sprawy-dydaktyczne\/senacka-komisja-ds-ksztalcenia\/senacka-komisja-ds-ksztalcenia-sklad-komisji\/kadencja-2024-2028\/posiedzenie-komisji-06-03-2025\/\">Read More&#8230;<\/a><\/p>\n","protected":false},"author":31,"featured_media":0,"parent":27904,"menu_order":-42,"comment_status":"closed","ping_status":"closed","template":"page-templates\/inner-page.php","meta":{"_expiration-date-status":"saved","_expiration-date":0,"_expiration-date-type":"","_expiration-date-categories":[],"_expiration-date-options":[]},"acf":[],"_links":{"self":[{"href":"https:\/\/us.edu.pl\/pracownik\/wp-json\/wp\/v2\/pages\/33133"}],"collection":[{"href":"https:\/\/us.edu.pl\/pracownik\/wp-json\/wp\/v2\/pages"}],"about":[{"href":"https:\/\/us.edu.pl\/pracownik\/wp-json\/wp\/v2\/types\/page"}],"author":[{"embeddable":true,"href":"https:\/\/us.edu.pl\/pracownik\/wp-json\/wp\/v2\/users\/31"}],"replies":[{"embeddable":true,"href":"https:\/\/us.edu.pl\/pracownik\/wp-json\/wp\/v2\/comments?post=33133"}],"version-history":[{"count":10,"href":"https:\/\/us.edu.pl\/pracownik\/wp-json\/wp\/v2\/pages\/33133\/revisions"}],"predecessor-version":[{"id":33497,"href":"https:\/\/us.edu.pl\/pracownik\/wp-json\/wp\/v2\/pages\/33133\/revisions\/33497"}],"up":[{"embeddable":true,"href":"https:\/\/us.edu.pl\/pracownik\/wp-json\/wp\/v2\/pages\/27904"}],"wp:attachment":[{"href":"https:\/\/us.edu.pl\/pracownik\/wp-json\/wp\/v2\/media?parent=33133"}],"curies":[{"name":"wp","href":"https:\/\/api.w.org\/{rel}","templated":true}]}}