{"id":34361,"date":"2025-04-01T09:21:57","date_gmt":"2025-04-01T07:21:57","guid":{"rendered":"https:\/\/us.edu.pl\/pracownik\/?page_id=34361"},"modified":"2025-04-03T09:30:52","modified_gmt":"2025-04-03T07:30:52","slug":"posiedzenie-komisji-03-04-2025","status":"publish","type":"page","link":"https:\/\/us.edu.pl\/pracownik\/sprawy-dydaktyczne\/senacka-komisja-ds-ksztalcenia\/senacka-komisja-ds-ksztalcenia-sklad-komisji\/kadencja-2024-2028\/posiedzenie-komisji-03-04-2025\/","title":{"rendered":"Posiedzenie komisji &#8211; 03.04.2025"},"content":{"rendered":"<p>[vc_row][vc_column]\r\n                <div class=\"text-modules\">\r\n                    <div class=\"container\">\r\n                        <h3 class=\"page-title text__title\">Posiedzenie Komisji ds. kszta\u0142cenia i student\u00f3w - 3 kwietnia 2025 r.<\/h3>\r\n                        <div class=\"text-modules__content\"><p>Posiedzenie Komisji ds. kszta\u0142cenia i student\u00f3w, kt\u00f3re odb\u0119dzie si\u0119 <strong>w czwartek<\/strong> <strong>3 kwietnia 2025 r. o\u00a0godz. 13.00 <\/strong>w sali 1.20 w budynku Rektoratu Uniwersytetu \u015al\u0105skiego.<\/p>\n<p>Planowany porz\u0105dek posiedzenia:<\/p>\n<ol>\n<li>Uroczyste wr\u0119czenia certyfikat\u00f3w T4EU Teaching Qualification Certificate.<\/li>\n<li>Komunikaty Prorektorki ds. kszta\u0142cenia i student\u00f3w.<\/li>\n<li>Opinia do projektu <a href=\"https:\/\/us.edu.pl\/pracownik\/wp-content\/uploads\/sites\/2\/2025\/04\/Organizacja-roku-akad.-2025-2026-_-projekt-zarzadzenia.docx\" class=\"mtli_attachment mtli_docx\" data-mtli=\"mtli_filesize35,96kB\" class=\"mtli_attachment mtli_docx\" data-mtli=\"mtli_filesize35,96kB\">organizacji roku akademickiego 2025\/2026<\/a>.<\/li>\n<li>Dyskusja na temat <a href=\"https:\/\/us.edu.pl\/pracownik\/wp-content\/uploads\/sites\/2\/2025\/04\/Zarzadzenie-WKR.zip\">Zarz\u0105dzenia Rektora w sprawie podzia\u0142u \u015brodk\u00f3w z op\u0142at rekrutacyjnych oraz zasad wynagradzania za udzia\u0142 w pracach zwi\u0105zanych z przeprowadzeniem rekrutacji na studia w tym za czynno\u015bci egzaminacyjne, w Uniwersytecie \u015al\u0105skim w Katowicach<\/a>.<\/li>\n<li>Opiniowanie <a href=\"https:\/\/us.edu.pl\/pracownik\/wp-content\/uploads\/sites\/2\/2025\/04\/Uchwala-385-zmiany.zip\">zmian do Uchwa\u0142y nr 385\/2023 Senatu U\u015a<\/a> w sprawie wytycznych dotycz\u0105cych wymaga\u0144 w zakresie tworzenia i zmiany program\u00f3w studi\u00f3w prowadzonych w Uniwersytecie \u015al\u0105skim w Katowicach.<\/li>\n<li>Opinia do wniosku inicjuj\u0105cego utworzenie od roku akademickiego 2025\/2026 nowego kierunku studi\u00f3w na Wydziale Nauk \u015acis\u0142ych i Technicznych: <a href=\"https:\/\/us.edu.pl\/pracownik\/wp-content\/uploads\/sites\/2\/Editor\/sprawy-dydatktyczne\/Komisja-ksztalcenia\/Kadencja-2024-2028\/20242025\/3-kwietnia\/Kontrola-jakosci-materialow-i-wyrobow.zip\"><strong><em>Kontrola jako\u015bci materia\u0142\u00f3w i wyrob\u00f3w<\/em><\/strong> \u2013 studia stacjonarne I stopnia (in\u017cynierskie) i II stopnia<\/a>.<\/li>\n<li>Opinia do wniosku inicjuj\u0105cego utworzenie od roku akademickiego 2025\/2026 nowego kierunku studi\u00f3w na Wydziale Nauk \u015acis\u0142ych i Technicznych: <a href=\"https:\/\/us.edu.pl\/pracownik\/wp-content\/uploads\/sites\/2\/Editor\/sprawy-dydatktyczne\/Komisja-ksztalcenia\/Kadencja-2024-2028\/20242025\/3-kwietnia\/Data-Science_Analiza-danych-i-sztuczna-inteligencja.zip\"><em><strong>Data Science i sztuczna inteligencja<\/strong><\/em> &#8211; studia stacjonarne I stopnia (in\u017cynierskie)<\/a>.<\/li>\n<li>Opinia do wniosku w sprawie ustalenia programu studi\u00f3w dla nowego kierunku studi\u00f3w: <a href=\"https:\/\/us.edu.pl\/pracownik\/wp-content\/uploads\/sites\/2\/Editor\/sprawy-dydatktyczne\/Komisja-ksztalcenia\/Kadencja-2024-2028\/20242025\/3-kwietnia\/Turystyka-zrownowazona-_-I-st.-SS-_-2025-26-2.zip\"><strong><em>Turystyka zr\u00f3wnowa\u017cona<\/em><\/strong>, studia stacjonarne I stopnia.<\/a><\/li>\n<li>Opinia do wniosku w sprawie ustalenia programu studi\u00f3w dla nowego kierunku studi\u00f3w: <a href=\"https:\/\/us.edu.pl\/pracownik\/wp-content\/uploads\/sites\/2\/Editor\/sprawy-dydatktyczne\/Komisja-ksztalcenia\/Kadencja-2024-2028\/20242025\/3-kwietnia\/Gospodarka-wodna-...-I-st.-SS-_-2025-26-1.zip\"><strong><em>Gospodarka wodna \u2013 Aquamatyka<\/em><\/strong>, studia stacjonarne I stopnia (in\u017cynierskie).<\/a><\/li>\n<li>Wolne wnioski.<\/li>\n<\/ol>\n<p>\n<style type=\"text\/css\">a[data-mtli~=\"mtli_filesize35,96kB\"]:after {content:\" (35,96 kB)\"}<\/style><\/div>\r\n                    <\/div>\r\n                <\/div>[\/vc_column][\/vc_row]<\/p>\n<style type=\"text\/css\">a[data-mtli~=\"mtli_filesize35,96kB\"]:after {content:\" (35,96 kB)\"}<\/style>","protected":false},"excerpt":{"rendered":"<p>[vc_row][vc_column][\/vc_column][\/vc_row] [&#8230;]<\/p>\n<p><a class=\"btn btn-secondary understrap-read-more-link\" href=\"https:\/\/us.edu.pl\/pracownik\/sprawy-dydaktyczne\/senacka-komisja-ds-ksztalcenia\/senacka-komisja-ds-ksztalcenia-sklad-komisji\/kadencja-2024-2028\/posiedzenie-komisji-03-04-2025\/\">Read More&#8230;<\/a><\/p>\n","protected":false},"author":31,"featured_media":0,"parent":27904,"menu_order":-43,"comment_status":"closed","ping_status":"closed","template":"page-templates\/inner-page.php","meta":{"_expiration-date-status":"saved","_expiration-date":0,"_expiration-date-type":"","_expiration-date-categories":[],"_expiration-date-options":[]},"acf":[],"_links":{"self":[{"href":"https:\/\/us.edu.pl\/pracownik\/wp-json\/wp\/v2\/pages\/34361"}],"collection":[{"href":"https:\/\/us.edu.pl\/pracownik\/wp-json\/wp\/v2\/pages"}],"about":[{"href":"https:\/\/us.edu.pl\/pracownik\/wp-json\/wp\/v2\/types\/page"}],"author":[{"embeddable":true,"href":"https:\/\/us.edu.pl\/pracownik\/wp-json\/wp\/v2\/users\/31"}],"replies":[{"embeddable":true,"href":"https:\/\/us.edu.pl\/pracownik\/wp-json\/wp\/v2\/comments?post=34361"}],"version-history":[{"count":9,"href":"https:\/\/us.edu.pl\/pracownik\/wp-json\/wp\/v2\/pages\/34361\/revisions"}],"predecessor-version":[{"id":34469,"href":"https:\/\/us.edu.pl\/pracownik\/wp-json\/wp\/v2\/pages\/34361\/revisions\/34469"}],"up":[{"embeddable":true,"href":"https:\/\/us.edu.pl\/pracownik\/wp-json\/wp\/v2\/pages\/27904"}],"wp:attachment":[{"href":"https:\/\/us.edu.pl\/pracownik\/wp-json\/wp\/v2\/media?parent=34361"}],"curies":[{"name":"wp","href":"https:\/\/api.w.org\/{rel}","templated":true}]}}