{"id":3505,"date":"2019-11-04T14:31:53","date_gmt":"2019-11-04T13:31:53","guid":{"rendered":"https:\/\/us.edu.pl\/pracownik\/?page_id=3505"},"modified":"2023-07-26T09:37:36","modified_gmt":"2023-07-26T07:37:36","slug":"oferty-pracy","status":"publish","type":"page","link":"https:\/\/us.edu.pl\/pracownik\/oferty-pracy\/","title":{"rendered":"Oferty pracy"},"content":{"rendered":"<p>[vc_row el_class=&#8221;container&#8221;][vc_column][\/vc_column][\/vc_row][vc_row el_class=&#8221;container&#8221;][vc_column width=&#8221;1\/2&#8243;]\r\n                <div class=\"text-modules\">\r\n                    <div class=\"container\">\r\n                        <h3 class=\"page-title text__title\">Oferty pracy<\/h3>\r\n                        <div class=\"text-modules__content\"><p>Informujemy, \u017ce odpowied\u017a na poni\u017csze oferty pracy powinna zosta\u0107 z\u0142o\u017cona w trybie i w terminie wskazanym w og\u0142oszeniu konkursowym lub og\u0142oszeniu o prac\u0119. Aplikacje przes\u0142ane w inny spos\u00f3b lub po terminie nie podlegaj\u0105 rozpatrzeniu.<\/p>\n<p><strong>W razie pyta\u0144 i w\u0105tpliwo\u015bci prosimy o kontakt:\u00a0<a href=\"mailito:ofertypracy@us.edu.pl\">ofertypracy@us.edu.pl<\/a><\/strong><\/p>\n<\/div>\r\n                    <\/div>\r\n                <\/div>[\/vc_column][vc_column width=&#8221;1\/2&#8243;]\r\n                <div class=\"text-modules\">\r\n                    <div class=\"container\">\r\n                        <h3 class=\"page-title text__title\">Job offers<\/h3>\r\n                        <div class=\"text-modules__content\"><p>We kindly inform that,<\/p>\n<p>the response to the job offers should be submitted in the manner and within the limit specified in the open call. Applications sent in any other way or after the deadline will not be considered.<\/p>\n<p><strong>If you have any questions or doubts, please contact us: <a href=\"mailto:joboffers@us.edu.pl\">joboffers@us.edu.pl<\/a>\u00a0<\/strong><\/p>\n<\/div>\r\n                    <\/div>\r\n                <\/div>[\/vc_column][\/vc_row][vc_row el_class=&#8221;container&#8221;][vc_column width=&#8221;1\/2&#8243;]\r\n                <div class=\"tiles-section\" style=\"background: \">\r\n                    <div class=\"container\">\r\n                        <h3 class=\"page-title\"><\/h3>\r\n                        <div class=\"tiles tiles-2\">\r\n                            <a href=\"https:\/\/us.edu.pl\/pracownik\/oferty-pracy\/oferty-pracy-2\/\" class=\"tile tile_double justify-content-center\" style=\"background-color: #002E5A; font-weight: ; color: #ffffff;  \">\r\n                                \r\n                                   \r\n                               \r\n                                <div class=\"tile__name\">Aktualne oferty pracy<\/div>\r\n                            <\/a><\/div>\r\n                    <\/div>\r\n                <\/div>[\/vc_column][vc_column width=&#8221;1\/2&#8243;]\r\n                <div class=\"tiles-section\" style=\"background: \">\r\n                    <div class=\"container\">\r\n                        <h3 class=\"page-title\"><\/h3>\r\n                        <div class=\"tiles tiles-2\">\r\n                            <a href=\"https:\/\/us.edu.pl\/pracownik\/job-offers\/\" class=\"tile tile_double justify-content-center\" style=\"background-color: #002E5A; font-weight: ; color: #ffffff;  \">\r\n                                \r\n                                   \r\n                               \r\n                                <div class=\"tile__name\">Current job offers<\/div>\r\n                            <\/a><\/div>\r\n                    <\/div>\r\n                <\/div>[\/vc_column][\/vc_row][vc_row el_class=&#8221;container&#8221;][vc_column]\r\n                <div class=\"tiles-section\" style=\"background: \">\r\n                    <div class=\"container\">\r\n                        <h3 class=\"page-title\"><\/h3>\r\n                        <div class=\"tiles tiles-2\">\r\n                            <a href=\"https:\/\/us.edu.pl\/pracownik\/oferty-pracy\/wyniki-konkursow-na-stanowiska-nauczycieli-akademickich-i-naukowe\/\" class=\"tile tile_double justify-content-center\" style=\"background-color: #002E5A; font-weight: ; color: #ffffff;  \">\r\n                                \r\n                                   \r\n                               \r\n                                <div class=\"tile__name\">Wyniki konkurs\u00f3w na stanowiska nauczycieli akademickich<\/div>\r\n                            <\/a><\/div>\r\n                    <\/div>\r\n                <\/div>[\/vc_column][\/vc_row][vc_row el_class=&#8221;container&#8221;][vc_column]\r\n                <div class=\"tiles-section\" style=\"background: \">\r\n                    <div class=\"container\">\r\n                        <h3 class=\"page-title\"><\/h3>\r\n                        <div class=\"tiles tiles-2\">\r\n                            <a href=\"\/pracownik\/sprawy-pracownicze\/rowne-traktowanie\/\" class=\"tile tile_double justify-content-center\" style=\"background-color: #ffffff; font-weight: ; color: #002E5A;  \">\r\n                                \r\n                                   \r\n                               \r\n                                <div class=\"tile__name\">R\u00f3wne traktowanie<\/div>\r\n                            <\/a><\/div>\r\n                    <\/div>\r\n                <\/div>[\/vc_column][\/vc_row]<\/p>","protected":false},"excerpt":{"rendered":"<p>[vc_row el_class=&#8221;container&#8221;][vc_column][\/vc_column][\/vc_row][vc_row el_class=&#8221;container&#8221;][vc_column width=&#8221;1\/2&#8243;][\/vc_column][vc_column width=&#8221;1\/2&#8243;][\/vc_column][\/vc_row][vc_row el_class=&#8221;container&#8221;][vc_column width=&#8221;1\/2&#8243;][\/vc_column][vc_column width=&#8221;1\/2&#8243;][\/vc_column][\/vc_row][vc_row el_class=&#8221;container&#8221;][vc_column][\/vc_column][\/vc_row][vc_row el_class=&#8221;container&#8221;][vc_column][\/vc_column][\/vc_row] [&#8230;]<\/p>\n<p><a class=\"btn btn-secondary understrap-read-more-link\" href=\"https:\/\/us.edu.pl\/pracownik\/oferty-pracy\/\">Read More&#8230;<\/a><\/p>\n","protected":false},"author":41,"featured_media":0,"parent":0,"menu_order":284,"comment_status":"closed","ping_status":"closed","template":"","meta":{"_expiration-date-status":"","_expiration-date":0,"_expiration-date-type":"","_expiration-date-categories":[],"_expiration-date-options":[]},"acf":[],"_links":{"self":[{"href":"https:\/\/us.edu.pl\/pracownik\/wp-json\/wp\/v2\/pages\/3505"}],"collection":[{"href":"https:\/\/us.edu.pl\/pracownik\/wp-json\/wp\/v2\/pages"}],"about":[{"href":"https:\/\/us.edu.pl\/pracownik\/wp-json\/wp\/v2\/types\/page"}],"author":[{"embeddable":true,"href":"https:\/\/us.edu.pl\/pracownik\/wp-json\/wp\/v2\/users\/41"}],"replies":[{"embeddable":true,"href":"https:\/\/us.edu.pl\/pracownik\/wp-json\/wp\/v2\/comments?post=3505"}],"version-history":[{"count":13,"href":"https:\/\/us.edu.pl\/pracownik\/wp-json\/wp\/v2\/pages\/3505\/revisions"}],"predecessor-version":[{"id":22691,"href":"https:\/\/us.edu.pl\/pracownik\/wp-json\/wp\/v2\/pages\/3505\/revisions\/22691"}],"wp:attachment":[{"href":"https:\/\/us.edu.pl\/pracownik\/wp-json\/wp\/v2\/media?parent=3505"}],"curies":[{"name":"wp","href":"https:\/\/api.w.org\/{rel}","templated":true}]}}