{"id":35617,"date":"2025-05-06T21:08:50","date_gmt":"2025-05-06T19:08:50","guid":{"rendered":"https:\/\/us.edu.pl\/pracownik\/?page_id=35617"},"modified":"2025-05-08T12:36:03","modified_gmt":"2025-05-08T10:36:03","slug":"posiedzenie-komisji-08-05-2025","status":"publish","type":"page","link":"https:\/\/us.edu.pl\/pracownik\/sprawy-dydaktyczne\/senacka-komisja-ds-ksztalcenia\/senacka-komisja-ds-ksztalcenia-sklad-komisji\/kadencja-2024-2028\/posiedzenie-komisji-08-05-2025\/","title":{"rendered":"Posiedzenie komisji &#8211; 08.05.2025"},"content":{"rendered":"<p>[vc_row][vc_column]\r\n                <div class=\"text-modules\">\r\n                    <div class=\"container\">\r\n                        <h3 class=\"page-title text__title\">Posiedzenie Komisji ds. kszta\u0142cenia i student\u00f3w - 8 maja 2025 r.<\/h3>\r\n                        <div class=\"text-modules__content\"><p>Posiedzenie Komisji ds. kszta\u0142cenia i student\u00f3w, kt\u00f3re odb\u0119dzie si\u0119 <strong>w czwartek<\/strong> <strong>8 maja 2025 r. o\u00a0godz. 13.00 <\/strong>w sali 1.20 w budynku Rektoratu Uniwersytetu \u015al\u0105skiego.<\/p>\n<p><em><strong>Planowany porz\u0105dek posiedzenia:<\/strong><\/em><\/p>\n<ol>\n<li>Komunikaty Prorektorki ds. studenckich i kszta\u0142cenia.<\/li>\n<li>Opinie do wniosk\u00f3w w sprawie ustalenia programu studi\u00f3w dla nowych kierunk\u00f3w studi\u00f3w od roku akademickiego 2025\/2026:\n<ol style=\"list-style-type: lower-alpha;\">\n<li><a href=\"https:\/\/us.edu.pl\/pracownik\/wp-content\/uploads\/sites\/2\/Editor\/sprawy-dydatktyczne\/Komisja-ksztalcenia\/Kadencja-2024-2028\/20242025\/8-maja\/filologia-ang_SPRINT-WRITE-1.zip\">filologia angielska: projektowanie rozrywki interaktywnej i groznawstwo (SPRINT-WRITE), studia stacjonarne I stopnia<\/a> na Wydziale Humanistycznym,<\/li>\n<li><a href=\"https:\/\/us.edu.pl\/pracownik\/wp-content\/uploads\/sites\/2\/Editor\/sprawy-dydatktyczne\/Komisja-ksztalcenia\/Kadencja-2024-2028\/20242025\/8-maja\/filologia-ang_KMT-1.zip\">filologia angielska: kultura-media-translacja, studia stacjonarne I stopnia<\/a> na Wydziale Humanistycznym,<\/li>\n<li><a href=\"https:\/\/us.edu.pl\/pracownik\/wp-content\/uploads\/sites\/2\/Editor\/sprawy-dydatktyczne\/Komisja-ksztalcenia\/Kadencja-2024-2028\/20242025\/8-maja\/English-Studies-1.zip\">English Studies: Literature and Culture, studia stacjonarne I stopnia<\/a> na Wydziale Humanistycznym,<\/li>\n<li><a href=\"https:\/\/us.edu.pl\/pracownik\/wp-content\/uploads\/sites\/2\/Editor\/sprawy-dydatktyczne\/Komisja-ksztalcenia\/Kadencja-2024-2028\/20242025\/8-maja\/Koreanistyka-1.zip\">koreanistyka, studia stacjonarne I stopnia<\/a> na Wydziale Humanistycznym,<\/li>\n<li><a href=\"https:\/\/us.edu.pl\/pracownik\/wp-content\/uploads\/sites\/2\/Editor\/sprawy-dydatktyczne\/Komisja-ksztalcenia\/Kadencja-2024-2028\/20242025\/8-maja\/Data-Science-i-sztuczna-inteligencja_I-stop_SS-3.zip\">Data Science i sztuczna inteligencja, studia stacjonarne I stopnia (in\u017cynierskie)<\/a> na Wydziale Nauk \u015acis\u0142ych i Technicznych.<\/li>\n<\/ol>\n<\/li>\n<li>Opiniowanie <a href=\"https:\/\/us.edu.pl\/pracownik\/wp-content\/uploads\/sites\/2\/Editor\/sprawy-dydatktyczne\/Komisja-ksztalcenia\/Kadencja-2024-2028\/20242025\/8-maja\/Limity-przyjec-2.zip\">Uchwa\u0142y Senatu Uniwersytetu \u015al\u0105skiego w Katowicach w sprawie planowanych limit\u00f3w przyj\u0119\u0107 kandydat\u00f3w na pierwszy rok studi\u00f3w w Uniwersytecie \u015al\u0105skim w Katowicach na rok akademicki 2025\/2026.<\/a><\/li>\n<li>Opiniowanie <a href=\"https:\/\/us.edu.pl\/pracownik\/wp-content\/uploads\/sites\/2\/Editor\/sprawy-dydatktyczne\/Komisja-ksztalcenia\/Kadencja-2024-2028\/20242025\/8-maja\/Uchwala-rekrutacyjna-2025_26-zmiany.zip\">Uchwa\u0142y Senatu Uniwersytetu \u015al\u0105skiego w Katowicach zmieniaj\u0105cej uchwa\u0142\u0119 w sprawie warunk\u00f3w i trybu rekrutacji na I rok studi\u00f3w w Uniwersytecie \u015al\u0105skim w roku akademickim 2025\/2026<\/a>.<\/li>\n<li>Opiniowanie <a href=\"https:\/\/us.edu.pl\/pracownik\/wp-content\/uploads\/sites\/2\/Editor\/sprawy-dydatktyczne\/Komisja-ksztalcenia\/Kadencja-2024-2028\/20242025\/8-maja\/uchwala_olimpiady_konkursy_2025_2026.zip\">Uchwa\u0142y Senatu U\u015a zmieniaj\u0105cej uchwa\u0142\u0119 w sprawie szczeg\u00f3\u0142owych zasad przyjmowania na I rok studi\u00f3w laureat\u00f3w i finalist\u00f3w olimpiad stopnia centralnego, laureat\u00f3w konkurs\u00f3w mi\u0119dzynarodowych oraz og\u00f3lnopolskich a tak\u017ce finalist\u00f3w Mistrzostw Polski w kategoriach m\u0142odzie\u017cowych, w dyscyplinach sportowych uj\u0119tych w rywalizacji sportu akademickiego w ramach programu Akademickie Mistrzostwa Polski w roku akademickim 2023\/2024, 2024\/2025, 2025\/2026, 2026\/2027.<\/a><\/li>\n<li>Opiniowanie <a href=\"https:\/\/us.edu.pl\/pracownik\/wp-content\/uploads\/sites\/2\/Editor\/sprawy-dydatktyczne\/Komisja-ksztalcenia\/Kadencja-2024-2028\/20242025\/8-maja\/uchwala_olimpiady_konkursy_2027_2028.zip\">Uchwa\u0142y Senatu U\u015a zmieniaj\u0105cej uchwa\u0142\u0119 w sprawie szczeg\u00f3\u0142owych zasad przyjmowania na I rok studi\u00f3w laureat\u00f3w i finalist\u00f3w olimpiad stopnia centralnego, laureat\u00f3w konkurs\u00f3w mi\u0119dzynarodowych oraz og\u00f3lnopolskich a tak\u017ce finalist\u00f3w Mistrzostw Polski w kategoriach m\u0142odzie\u017cowych, w dyscyplinach sportowych uj\u0119tych w rywalizacji sportu akademickiego w ramach programu Akademickie Mistrzostwa Polski w roku akademickim 2027\/2028.<\/a><\/li>\n<li>Opiniowanie <a href=\"https:\/\/us.edu.pl\/pracownik\/wp-content\/uploads\/sites\/2\/Editor\/sprawy-dydatktyczne\/Komisja-ksztalcenia\/Kadencja-2024-2028\/20242025\/8-maja\/uchwala_olimpiady_konkursy_2028_2029.zip\">Uchwa\u0142y Senatu U\u015a zmieniaj\u0105cej uchwa\u0142\u0119 w sprawie szczeg\u00f3\u0142owych zasad przyjmowania na I rok studi\u00f3w laureat\u00f3w i finalist\u00f3w olimpiad stopnia centralnego, laureat\u00f3w konkurs\u00f3w mi\u0119dzynarodowych oraz og\u00f3lnopolskich a tak\u017ce finalist\u00f3w Mistrzostw Polski w kategoriach m\u0142odzie\u017cowych, w dyscyplinach sportowych uj\u0119tych w rywalizacji sportu akademickiego w ramach programu Akademickie Mistrzostwa Polski w roku akademickim 2028\/2029.<\/a><\/li>\n<li>Opiniowanie <a href=\"https:\/\/us.edu.pl\/pracownik\/wp-content\/uploads\/sites\/2\/Editor\/sprawy-dydatktyczne\/Komisja-ksztalcenia\/Kadencja-2024-2028\/20242025\/8-maja\/uchwala_olimpiady_konkursy_2029_2030.zip\">Uchwa\u0142y Senatu U\u015a w sprawie szczeg\u00f3\u0142owych zasad przyjmowania na I rok studi\u00f3w laureat\u00f3w i finalist\u00f3w olimpiad stopnia centralnego, laureat\u00f3w konkurs\u00f3w mi\u0119dzynarodowych oraz og\u00f3lnopolskich a tak\u017ce finalist\u00f3w Mistrzostw Polski w kategoriach m\u0142odzie\u017cowych, w dyscyplinach sportowych uj\u0119tych w rywalizacji sportu akademickiego w ramach programu Akademickie Mistrzostwa Polski w roku akademickim 2029\/2030.<\/a><\/li>\n<li>Opinia do <a href=\"https:\/\/us.edu.pl\/pracownik\/wp-content\/uploads\/sites\/2\/Editor\/sprawy-dydatktyczne\/Komisja-ksztalcenia\/Kadencja-2024-2028\/20242025\/8-maja\/Organizacja-roku-2025_26-2.zip\">zarz\u0105dzenia w sprawie organizacji roku akademickiego 2025\/2026<\/a>.<\/li>\n<li>Komunikat w sprawie kart specjalno\u015bci.<\/li>\n<li>Opinia do wniosku inicjuj\u0105cego utworzenie od roku akademickiego 2025\/2026 (semestr letni) nowego kierunku studi\u00f3w na Wydziale Nauk \u015acis\u0142ych i Technicznych: <a href=\"https:\/\/us.edu.pl\/pracownik\/wp-content\/uploads\/sites\/2\/Editor\/sprawy-dydatktyczne\/Komisja-ksztalcenia\/Kadencja-2024-2028\/20242025\/8-maja\/Technologie-srodowiskowe-i-nowoczesne-materialy.pdf\" class=\"mtli_attachment mtli_pdf\" data-mtli=\"mtli_filesize301,55kB\" class=\"mtli_attachment mtli_pdf\" data-mtli=\"mtli_filesize301,55kB\"><strong><em>Technologie \u015brodowiskowe i nowoczesne materia\u0142y<\/em><\/strong>.<\/a><\/li>\n<li>Opinie do wniosk\u00f3w w sprawie modyfikacji program\u00f3w studi\u00f3w dla cyklu dydaktycznego 2025\/2026 (dot. tylko zmian w kszta\u0142ceniu obszarowym):\n<ol style=\"list-style-type: lower-alpha;\">\n<li><a href=\"https:\/\/us.edu.pl\/pracownik\/wp-content\/uploads\/sites\/2\/Editor\/sprawy-dydatktyczne\/Komisja-ksztalcenia\/Kadencja-2024-2028\/20242025\/8-maja\/Doradztwo-fil.-i-coaching_I-stop_SS-i-NS-1.zip\">doradztwo filozoficzne i coaching, studia stacjonarne i niestacjonarne I stopnia<\/a><\/li>\n<li><a href=\"https:\/\/us.edu.pl\/pracownik\/wp-content\/uploads\/sites\/2\/Editor\/sprawy-dydatktyczne\/Komisja-ksztalcenia\/Kadencja-2024-2028\/20242025\/8-maja\/Filologia-klasyczna_I-stop_SS.zip\">filologia klasyczna, studia stacjonarne I stopnia<\/a><\/li>\n<li><a href=\"https:\/\/us.edu.pl\/pracownik\/wp-content\/uploads\/sites\/2\/Editor\/sprawy-dydatktyczne\/Komisja-ksztalcenia\/Kadencja-2024-2028\/20242025\/8-maja\/Filozofia_I-stop_SS-i-NS-1.zip\">filozofia, studia stacjonarne i niestacjonarne I stopnia<\/a><\/li>\n<li><a href=\"https:\/\/us.edu.pl\/pracownik\/wp-content\/uploads\/sites\/2\/Editor\/sprawy-dydatktyczne\/Komisja-ksztalcenia\/Kadencja-2024-2028\/20242025\/8-maja\/Interdys.-studia-hum-nad-sr_I-stop_SS.zip\">interdyscyplinarne studia humanistyczne nad \u015brodowiskiem, studia stacjonarne I stopnia<\/a><\/li>\n<li><a href=\"https:\/\/us.edu.pl\/pracownik\/wp-content\/uploads\/sites\/2\/Editor\/sprawy-dydatktyczne\/Komisja-ksztalcenia\/Kadencja-2024-2028\/20242025\/8-maja\/Kognitywistyka_I-stop_SSi-NS.zip\">kognitywistyka, studia stacjonarne i niestacjonarne I stopnia<\/a><\/li>\n<li><a href=\"https:\/\/us.edu.pl\/pracownik\/wp-content\/uploads\/sites\/2\/Editor\/sprawy-dydatktyczne\/Komisja-ksztalcenia\/Kadencja-2024-2028\/20242025\/8-maja\/Komunikacja-cyfr_I-stop_SS.zip\">komunikacja cyfrowa, studia stacjonarne I stopnia<\/a><\/li>\n<li><a href=\"https:\/\/us.edu.pl\/pracownik\/wp-content\/uploads\/sites\/2\/Editor\/sprawy-dydatktyczne\/Komisja-ksztalcenia\/Kadencja-2024-2028\/20242025\/8-maja\/Komunikacja-prom.-i-kryzysowa.zip\">komunikacja promocyjna i kryzysowa, studia stacjonarne I stopnia<\/a><\/li>\n<li><a href=\"https:\/\/us.edu.pl\/pracownik\/wp-content\/uploads\/sites\/2\/Editor\/sprawy-dydatktyczne\/Komisja-ksztalcenia\/Kadencja-2024-2028\/20242025\/8-maja\/Psychologia_JM_SS.zip\">psychologia, studia stacjonarne jednolite magisterskie<\/a><\/li>\n<li><a href=\"https:\/\/us.edu.pl\/pracownik\/wp-content\/uploads\/sites\/2\/Editor\/sprawy-dydatktyczne\/Komisja-ksztalcenia\/Kadencja-2024-2028\/20242025\/8-maja\/Geologia.zip\">geologia, studia stacjonarne I stopnia<\/a><\/li>\n<li><a href=\"https:\/\/us.edu.pl\/pracownik\/wp-content\/uploads\/sites\/2\/Editor\/sprawy-dydatktyczne\/Komisja-ksztalcenia\/Kadencja-2024-2028\/20242025\/8-maja\/Geologia-stosowana.zip\">geologia stosowana, studia stacjonarne I stopnia<\/a><\/li>\n<li><a href=\"https:\/\/us.edu.pl\/pracownik\/wp-content\/uploads\/sites\/2\/Editor\/sprawy-dydatktyczne\/Komisja-ksztalcenia\/Kadencja-2024-2028\/20242025\/8-maja\/Biofizyka_I-stop_SS.zip\">biofizyka, studia stacjonarne I stopnia<\/a><\/li>\n<li><a href=\"https:\/\/us.edu.pl\/pracownik\/wp-content\/uploads\/sites\/2\/Editor\/sprawy-dydatktyczne\/Komisja-ksztalcenia\/Kadencja-2024-2028\/20242025\/8-maja\/Fizyka_I-stop_SS.zip\">fizyka, studia stacjonarne I stopnia<\/a><\/li>\n<li><a href=\"https:\/\/us.edu.pl\/pracownik\/wp-content\/uploads\/sites\/2\/Editor\/sprawy-dydatktyczne\/Komisja-ksztalcenia\/Kadencja-2024-2028\/20242025\/8-maja\/Fizyka-medyczna_I-stop_SS.zip\">fizyka medyczna, studia stacjonarne I stopnia<\/a><\/li>\n<li><a href=\"https:\/\/us.edu.pl\/pracownik\/wp-content\/uploads\/sites\/2\/Editor\/sprawy-dydatktyczne\/Komisja-ksztalcenia\/Kadencja-2024-2028\/20242025\/8-maja\/Mechatronika_I-stop_SS.zip\">mechatronika, studia stacjonarne I stopnia<\/a><\/li>\n<li><a href=\"https:\/\/us.edu.pl\/pracownik\/wp-content\/uploads\/sites\/2\/Editor\/sprawy-dydatktyczne\/Komisja-ksztalcenia\/Kadencja-2024-2028\/20242025\/8-maja\/Animac.-spol.-kult.-z-ed.-kult.zip\">animacja spo\u0142eczno-kulturalna z edukacj\u0105 kulturaln\u0105, studia stacjonarne I stopnia<\/a><\/li>\n<li><a href=\"https:\/\/us.edu.pl\/pracownik\/wp-content\/uploads\/sites\/2\/Editor\/sprawy-dydatktyczne\/Komisja-ksztalcenia\/Kadencja-2024-2028\/20242025\/8-maja\/edukacja-art.-w-zakresie-szt.-muzycznej_I-stop_SS.zip\">edukacja artystyczna w zakresie sztuki muzycznej, studia stacjonarne I stopnia<\/a><\/li>\n<li><a href=\"https:\/\/us.edu.pl\/pracownik\/wp-content\/uploads\/sites\/2\/Editor\/sprawy-dydatktyczne\/Komisja-ksztalcenia\/Kadencja-2024-2028\/20242025\/8-maja\/Muzyka-w-multimediach_I-stop_SS.zip\">muzyka w multimediach, studia stacjonarne I stopnia<\/a><\/li>\n<\/ol>\n<\/li>\n<li>Opinie do wniosk\u00f3w w sprawie ustalenia program\u00f3w studi\u00f3w od cyklu dydaktycznego 2025\/2026:\n<ol style=\"list-style-type: lower-alpha;\">\n<li><a href=\"https:\/\/us.edu.pl\/pracownik\/wp-content\/uploads\/sites\/2\/Editor\/sprawy-dydatktyczne\/Komisja-ksztalcenia\/Kadencja-2024-2028\/20242025\/8-maja\/Fil.-francuska-_-I-st.-SS-_-2025-26.zip\">filologia francuska, studia stacjonarne I stopnia<\/a><\/li>\n<li><a href=\"https:\/\/us.edu.pl\/pracownik\/wp-content\/uploads\/sites\/2\/Editor\/sprawy-dydatktyczne\/Komisja-ksztalcenia\/Kadencja-2024-2028\/20242025\/8-maja\/Fil.-hiszpanska-_-I-st.-SS-_-2025-26.zip\">filologia hiszpa\u0144ska, studia stacjonarne I stopnia<\/a><\/li>\n<li><a href=\"https:\/\/us.edu.pl\/pracownik\/wp-content\/uploads\/sites\/2\/Editor\/sprawy-dydatktyczne\/Komisja-ksztalcenia\/Kadencja-2024-2028\/20242025\/8-maja\/Fil.-wloska-_-I-st.-SS-_-2025-26.zip\">filologia w\u0142oska, studia stacjonarne I stopnia<\/a><\/li>\n<li><a href=\"https:\/\/us.edu.pl\/pracownik\/wp-content\/uploads\/sites\/2\/Editor\/sprawy-dydatktyczne\/Komisja-ksztalcenia\/Kadencja-2024-2028\/20242025\/8-maja\/Dziennikarstwo-i-kom.-spoleczna_I-stop_SS.zip\">dziennikarstwo i komunikacja spo\u0142eczna, studia stacjonarne I stopnia<\/a><\/li>\n<li><a href=\"https:\/\/us.edu.pl\/pracownik\/wp-content\/uploads\/sites\/2\/Editor\/sprawy-dydatktyczne\/Komisja-ksztalcenia\/Kadencja-2024-2028\/20242025\/8-maja\/Dziennikarstwo-i-kom.-spoleczna_I-stop_NS.zip\">dziennikarstwo i komunikacja spo\u0142eczna, studia niestacjonarne I stopnia<\/a><\/li>\n<li><a href=\"https:\/\/us.edu.pl\/pracownik\/wp-content\/uploads\/sites\/2\/Editor\/sprawy-dydatktyczne\/Komisja-ksztalcenia\/Kadencja-2024-2028\/20242025\/8-maja\/Fizyka_II-stop_SS_-w-jez-polskim.zip\">fizyka, studia stacjonarne II stopnia w j\u0119zyku polskim<\/a><\/li>\n<li><a href=\"https:\/\/us.edu.pl\/pracownik\/wp-content\/uploads\/sites\/2\/Editor\/sprawy-dydatktyczne\/Komisja-ksztalcenia\/Kadencja-2024-2028\/20242025\/8-maja\/Pedagogika-_-I-st.-SS-i-NS-_-2025-26.zip\">pedagogika, studia stacjonarne I stopnia (WSNE)<\/a><\/li>\n<li><a href=\"https:\/\/us.edu.pl\/pracownik\/wp-content\/uploads\/sites\/2\/Editor\/sprawy-dydatktyczne\/Komisja-ksztalcenia\/Kadencja-2024-2028\/20242025\/8-maja\/Pedagogika-_-I-st.-SS-i-NS-_-2025-26.zip\">pedagogika, studia niestacjonarne I stopnia (WSNE)<\/a><\/li>\n<li><a href=\"https:\/\/us.edu.pl\/pracownik\/wp-content\/uploads\/sites\/2\/Editor\/sprawy-dydatktyczne\/Komisja-ksztalcenia\/Kadencja-2024-2028\/20242025\/8-maja\/Pedag.-przed.-i-wczesn.-_-JM-_-SS-_-2025-26.zip\">pedagogika przedszkolna i wczesnoszkolna, studia stacjonarne jednolite magisterskie (WSNE)<\/a><\/li>\n<li><a href=\"https:\/\/us.edu.pl\/pracownik\/wp-content\/uploads\/sites\/2\/Editor\/sprawy-dydatktyczne\/Komisja-ksztalcenia\/Kadencja-2024-2028\/20242025\/8-maja\/Pedag.-przed.-i-wczesn.-_-JM-_-NS-_-2025-26.zip\">pedagogika przedszkolna i wczesnoszkolna, studia niestacjonarne jednolite magisterskie (WSNE)<\/a><\/li>\n<li><a href=\"https:\/\/us.edu.pl\/pracownik\/wp-content\/uploads\/sites\/2\/Editor\/sprawy-dydatktyczne\/Komisja-ksztalcenia\/Kadencja-2024-2028\/20242025\/8-maja\/Pedag.-spec.-_-JM-_-SS-_-2025-26.zip\">pedagogika specjalna, studia stacjonarne jednolite magisterskie (WSNE)<\/a><\/li>\n<li><a href=\"https:\/\/us.edu.pl\/pracownik\/wp-content\/uploads\/sites\/2\/Editor\/sprawy-dydatktyczne\/Komisja-ksztalcenia\/Kadencja-2024-2028\/20242025\/8-maja\/Pedag.-spec.-_-JM-_-NS-_-2025-26.zip\">pedagogika specjalna, studia niestacjonarne jednolite magisterskie (WSNE)<\/a><\/li>\n<\/ol>\n<\/li>\n<li>Opinie do wniosk\u00f3w w sprawie ustalenia program\u00f3w studi\u00f3w od cyklu dydaktycznego 2024\/2025:\n<ol style=\"list-style-type: lower-alpha;\">\n<li><a href=\"https:\/\/us.edu.pl\/pracownik\/wp-content\/uploads\/sites\/2\/Editor\/sprawy-dydatktyczne\/Komisja-ksztalcenia\/Kadencja-2024-2028\/20242025\/8-maja\/Pedagogika-_-I-st.-SS-i-NS-_-2024-25.zip\">pedagogika, studia stacjonarne I stopnia (WSNE)<\/a><\/li>\n<li><a href=\"https:\/\/us.edu.pl\/pracownik\/wp-content\/uploads\/sites\/2\/Editor\/sprawy-dydatktyczne\/Komisja-ksztalcenia\/Kadencja-2024-2028\/20242025\/8-maja\/Pedagogika-_-I-st.-SS-i-NS-_-2024-25.zip\">pedagogika, studia niestacjonarne I stopnia (WSNE)<\/a><\/li>\n<\/ol>\n<\/li>\n<li>Opinie do wniosk\u00f3w w sprawie ustalenia program\u00f3w studi\u00f3w od cyklu dydaktycznego 2023\/2024:\n<ol style=\"list-style-type: lower-alpha;\">\n<li><a href=\"https:\/\/us.edu.pl\/pracownik\/wp-content\/uploads\/sites\/2\/Editor\/sprawy-dydatktyczne\/Komisja-ksztalcenia\/Kadencja-2024-2028\/20242025\/8-maja\/Pedagogika-_-I-st.-SS-i-NS-_-2023-24.zip\">pedagogika, studia stacjonarne I stopnia (WSNE)<\/a><\/li>\n<li><a href=\"https:\/\/us.edu.pl\/pracownik\/wp-content\/uploads\/sites\/2\/Editor\/sprawy-dydatktyczne\/Komisja-ksztalcenia\/Kadencja-2024-2028\/20242025\/8-maja\/Pedagogika-_-I-st.-SS-i-NS-_-2023-24.zip\">pedagogika, studia niestacjonarne I stopnia (WSNE)<\/a><\/li>\n<\/ol>\n<\/li>\n<li>Wolne wnioski.<\/li>\n<\/ol>\n<p>\n<style type=\"text\/css\">a[data-mtli~=\"mtli_filesize301,55kB\"]:after {content:\" (301,55 kB)\"}<\/style><\/div>\r\n                    <\/div>\r\n                <\/div>[\/vc_column][\/vc_row]<\/p>\n<style type=\"text\/css\">a[data-mtli~=\"mtli_filesize301,55kB\"]:after {content:\" (301,55 kB)\"}<\/style>","protected":false},"excerpt":{"rendered":"<p>[vc_row][vc_column][\/vc_column][\/vc_row] [&#8230;]<\/p>\n<p><a class=\"btn btn-secondary understrap-read-more-link\" href=\"https:\/\/us.edu.pl\/pracownik\/sprawy-dydaktyczne\/senacka-komisja-ds-ksztalcenia\/senacka-komisja-ds-ksztalcenia-sklad-komisji\/kadencja-2024-2028\/posiedzenie-komisji-08-05-2025\/\">Read More&#8230;<\/a><\/p>\n","protected":false},"author":31,"featured_media":0,"parent":27904,"menu_order":-44,"comment_status":"closed","ping_status":"closed","template":"page-templates\/inner-page.php","meta":{"_expiration-date-status":"saved","_expiration-date":0,"_expiration-date-type":"","_expiration-date-categories":[],"_expiration-date-options":[]},"acf":[],"_links":{"self":[{"href":"https:\/\/us.edu.pl\/pracownik\/wp-json\/wp\/v2\/pages\/35617"}],"collection":[{"href":"https:\/\/us.edu.pl\/pracownik\/wp-json\/wp\/v2\/pages"}],"about":[{"href":"https:\/\/us.edu.pl\/pracownik\/wp-json\/wp\/v2\/types\/page"}],"author":[{"embeddable":true,"href":"https:\/\/us.edu.pl\/pracownik\/wp-json\/wp\/v2\/users\/31"}],"replies":[{"embeddable":true,"href":"https:\/\/us.edu.pl\/pracownik\/wp-json\/wp\/v2\/comments?post=35617"}],"version-history":[{"count":10,"href":"https:\/\/us.edu.pl\/pracownik\/wp-json\/wp\/v2\/pages\/35617\/revisions"}],"predecessor-version":[{"id":36025,"href":"https:\/\/us.edu.pl\/pracownik\/wp-json\/wp\/v2\/pages\/35617\/revisions\/36025"}],"up":[{"embeddable":true,"href":"https:\/\/us.edu.pl\/pracownik\/wp-json\/wp\/v2\/pages\/27904"}],"wp:attachment":[{"href":"https:\/\/us.edu.pl\/pracownik\/wp-json\/wp\/v2\/media?parent=35617"}],"curies":[{"name":"wp","href":"https:\/\/api.w.org\/{rel}","templated":true}]}}