{"id":3582,"date":"2019-11-05T12:38:40","date_gmt":"2019-11-05T11:38:40","guid":{"rendered":"https:\/\/us.edu.pl\/pracownik\/?page_id=3582"},"modified":"2025-02-19T13:19:56","modified_gmt":"2025-02-19T12:19:56","slug":"dyplom-i-suplement","status":"publish","type":"page","link":"https:\/\/us.edu.pl\/pracownik\/sprawy-dydaktyczne\/pion-ksztalcenia\/dokumentacja-toku-studiow\/dyplom-i-suplement\/","title":{"rendered":"Dyplom i suplement"},"content":{"rendered":"<p>[vc_row][vc_column]\r\n                <div class=\"text-modules\">\r\n                    <div class=\"container\">\r\n                        <h3 class=\"page-title text__title\">Dyplom i suplement<\/h3>\r\n                        <div class=\"text-modules__content\"><p>Wzory dyplom\u00f3w uko\u0144czenia studi\u00f3w zatwierdzone zosta\u0142y poni\u017cej za\u0142\u0105czon\u0105 uchwa\u0142\u0105 Senatu Uniwersytetu \u015al\u0105skiego.<\/p>\n<ul>\n<li>\n<p id=\"page-title\" class=\"title\"><a href=\"https:\/\/aktyprawne.us.edu.pl\/423-lista\/d\/5022\/5\/\">Uchwa\u0142a nr 89\/2021 z dnia 23-03-2021 Senatu U\u015a w sprawie zatwierdzenia wzor\u00f3w dyplom\u00f3w uko\u0144czenia studi\u00f3w w Uniwersytecie \u015al\u0105skim w Katowicach<\/a><\/p>\n<\/li>\n<\/ul>\n<p>Dyplom uko\u0144czenia studi\u00f3w wystawiany jest przez dziekanat w oryginale, 2 odpisach oraz egzemplarza do akt, <u>w tym<\/u> na wniosek absolwenta uczelnia wystawia odpis dyplomu w j\u0119zyku obcym.<br \/>\nOsoby, kt\u00f3re zosta\u0142y przyj\u0119te na studia przed 1 pa\u017adziernika 2018 roku, oraz te, kt\u00f3re rozpocz\u0119\u0142y kszta\u0142cenie w roku akademickim 2018\/2019, wnosz\u0105 nast\u0119puj\u0105ce op\u0142aty za dyplom:<\/p>\n<ul>\n<li>60 z\u0142 \u2013 dyplom uko\u0144czenia studi\u00f3w wraz z dwoma odpisami,<\/li>\n<li>40 z\u0142 \u2013 dodatkowy odpis dyplomu w t\u0142umaczeniu na j\u0119zyk obcy,<\/li>\n<li>90 z\u0142 \u2013 duplikat dyplomu uko\u0144czenia studi\u00f3w.<\/li>\n<\/ul>\n<p>Osoby, kt\u00f3re zosta\u0142y przyj\u0119te na studia 1 pa\u017adziernika 2019 roku, wnosz\u0105 nast\u0119puj\u0105ce op\u0142aty za dyplom:<\/p>\n<ul>\n<li><strong>20 z\u0142:<\/strong><br \/>\n<strong>za wydanie odpisu<\/strong> innego ni\u017c wydany na podstawie art. 77 ust. 2 ustawy (tj.\u00a0dyplom uko\u0144czenia studi\u00f3w wraz z suplementem do dyplomu oraz ich 2 odpisy, w\u00a0tym na wniosek absolwenta \u2013 ich odpis w j\u0119zyku obcym):<br \/>\n&#8211; dyplom uko\u0144czenia studi\u00f3w w j\u0119zyku obcym,<br \/>\n&#8211; suplement do dyplomu w j\u0119zyku obcym,<br \/>\n<strong>za wydanie duplikatu:<\/strong><br \/>\n&#8211; dyplomu uko\u0144czenia studi\u00f3w,<br \/>\n&#8211; suplementu do dyplomu.<\/li>\n<\/ul>\n<p>Powy\u017csze op\u0142aty reguluje: <a href=\"https:\/\/aktyprawne.us.edu.pl\/423-lista\/d\/3028\/5\/\">pismo ok\u00f3lne nr 8\/2019<\/a> w sprawie wysoko\u015bci op\u0142at pobieranych od student\u00f3w, doktorant\u00f3w, s\u0142uchaczy studi\u00f3w podyplomowych za wydanie dokument\u00f3w pocz\u0105wszy od roku akademickiego 2019\/2020.<\/p>\n<p><span style=\"color: #ff0000;\">Uwaga! <\/span>W przypadku gdy np. student powtarza semestr\/rok studi\u00f3w, czy te\u017c wznawia studia (po uprzednim skre\u015bleniu z\u00a0listy student\u00f3w), <span style=\"color: #ff0000;\"><u>powinien wnosi\u0107 op\u0142aty za druki przypisane do nowego cyklu kszta\u0142cenia<\/u><\/span> (obowi\u0105zuj\u0105ce wszystkich student\u00f3w tego cyklu).<\/p>\n<p>Uczelnia wydaje absolwentowi dyplom uko\u0144czenia studi\u00f3w wraz z suplementem do dyplomu w terminie 30 dni od dnia uko\u0144czenia studi\u00f3w.<br \/>\nNa wniosek absolwenta sporz\u0105dza si\u0119 duplikat dyplomu uko\u0144czenia studi\u00f3w lub suplementu do dyplomu.<br \/>\nDuplikat sporz\u0105dza si\u0119 na druku dyplomu uko\u0144czenia studi\u00f3w lub suplementu do dyplomu wed\u0142ug wzoru obowi\u0105zuj\u0105cego w dacie wystawienia orygina\u0142\u00f3w tych dokument\u00f3w, bez fotografii. Je\u017celi brak jest druku dyplomu lub suplementu do dyplomu, duplikat sporz\u0105dza si\u0119 na przygotowanym przez uczelni\u0119 druku zgodnym z tre\u015bci\u0105 orygina\u0142u dyplomu lub suplementu.<br \/>\nInstrukcja dotycz\u0105ca wype\u0142nienia suplementu do dyplomu zamieszczona jest w dokumencie: <a href=\"https:\/\/us.edu.pl\/pracownik\/wp-content\/uploads\/sites\/2\/Editor\/sprawy-dydatktyczne\/suplement\/Suplement-do-Dyplomu-Przewodnik-dla-pracownik\u00f3w-uczelni-wy\u017cszych.pdf\" class=\"mtli_attachment mtli_pdf\" data-mtli=\"mtli_filesize393,83kB\" class=\"mtli_attachment mtli_pdf\" data-mtli=\"mtli_filesize393,83kB\"><strong>Jak wype\u0142ni\u0107 suplement do dyplomu<\/strong><\/a><\/p>\n<p>Informacje o sposobie wydawania i uwierzytelniania dyplom\u00f3w i suplement\u00f3w oraz duplikat\u00f3w tych dokument\u00f3w znajduj\u0105 si\u0119 w <a href=\"https:\/\/aktyprawne.us.edu.pl\/423-lista\/d\/5629\/5\/\">Zarz\u0105dzeniu nr 56 Rektora Uniwersytetu \u015al\u0105skiego w Katowicach z dnia 20 kwietnia 2022 r. w sprawie wymiarowania, zabezpiecze\u0144 i instrukcji sporz\u0105dzania, wydawania, uwierzytelniania dyplom\u00f3w uko\u0144czenia studi\u00f3w, odpis\u00f3w dyplom\u00f3w w j\u0119zykach obcych, suplementu do dyplomu oraz duplikat\u00f3w tych dokument\u00f3w w Uniwersytecie \u015al\u0105skim w Katowicach.<\/a><\/p>\n<p><span style=\"color: #ff0000;\">DYPLOM Z WYR\u00d3\u017bNIENIEM<\/span> &#8211; zasady i spos\u00f3b przyznawania dyplom\u00f3w z wyr\u00f3\u017cnieniem absolwentom Uniwersytetu \u015al\u0105skiego w Katowicach od roku akademickiego 2024\/2025 okre\u015blono w <a href=\"https:\/\/aktyprawne.us.edu.pl\/d\/7952\/5\/\">Zarz\u0105dzenie Rektora nr 17\/2025<\/a><\/p>\n<style type=\"text\/css\">a[data-mtli~=\"mtli_filesize393,83kB\"]:after {content:\" (393,83 kB)\"}<\/style><\/div>\r\n                    <\/div>\r\n                <\/div>\r\n                <div class=\"text-modules\">\r\n                    <div class=\"container\">\r\n                        <h3 class=\"page-title text__title\">Akty prawne<\/h3>\r\n                        <div class=\"text-modules__content\"><\/p>\n<ul>\n<li><a href=\"https:\/\/aktyprawne.us.edu.pl\/423-lista\/d\/5395\/5\/?reporef=%2F%3Fsearch-global%3DAPD)\">Zarz\u0105dzenie nr 201 Rektora Uniwersytetu \u015al\u0105skiego w Katowicach z dnia 23 listopada 2021 r. w sprawie wprowadzenia procedury sk\u0142adania i archiwizowania pisemnych prac dyplomowych w bazie elektronicznej.<\/a><\/li>\n<li><a href=\"https:\/\/aktyprawne.us.edu.pl\/d\/5022\/5\/\">Uchwa\u0142a nr 89\/2021 Senatu U\u015a w sprawie zatwierdzenia wzor\u00f3w dyplom\u00f3w uko\u0144czenia studi\u00f3w w Uniwersytecie \u015al\u0105skim w Katowicach<\/a><\/li>\n<li><a href=\"https:\/\/aktyprawne.us.edu.pl\/d\/3028\/5\/\">Pismo ok\u00f3lne nr 8\/2019 Rektora U\u015a w sprawie wysoko\u015bci op\u0142at pobieranych od student\u00f3w, doktorant\u00f3w, s\u0142uchaczy studi\u00f3w podyplomowych za wydanie dokument\u00f3w pocz\u0105wszy od roku akademickiego 2019\/2020<\/a><\/li>\n<li><a href=\"https:\/\/aktyprawne.us.edu.pl\/d\/3402\/5\/\">Uchwa\u0142a nr 251\/2018 Senatu U\u015a w sprawie zatwierdzenia wzor\u00f3w dyplom\u00f3w uko\u0144czenia studi\u00f3w pierwszego stopnia, studi\u00f3w drugiego stopnia oraz jednolitych studi\u00f3w magisterskich prowadzonych wsp\u00f3lnie<\/a><\/li>\n<li><a href=\"https:\/\/aktyprawne.us.edu.pl\/d\/585\/5\/\">Zarz\u0105dzenie nr 171\/2017 Rektora U\u015a zmieniaj\u0105ce zarz\u0105dzenie w sprawie wprowadzenia uczelnianych wzor\u00f3w dyplom\u00f3w uko\u0144czenia studi\u00f3w wy\u017cszych, suplementu do dyplomu, \u015bwiadectwa uko\u0144czenia studi\u00f3w podyplomowych oraz \u015bwiadectwa uko\u0144czenia kursu dokszta\u0142caj\u0105cego, a tak\u017ce okre\u015blenia sposobu ich sporz\u0105dzania<\/a><\/li>\n<li><a href=\"https:\/\/aktyprawne.us.edu.pl\/d\/3543\/5\/\">Uchwa\u0142a nr 111\/2017 Senatu U\u015a zmieniaj\u0105ca uchwa\u0142\u0119 w sprawie uczelnianych wzor\u00f3w dyplom\u00f3w uko\u0144czenia studi\u00f3w pierwszego stopnia, drugiego stopnia oraz jednolitych studi\u00f3w magisterskich, wzoru \u015bwiadectwa uko\u0144czenia studi\u00f3w podyplomowych oraz wzoru \u015bwiadectwa uko\u0144czenia kursu dokszta\u0142caj\u0105cego na Uniwersytecie \u015al\u0105skim w Katowicach<\/a><\/li>\n<li><a href=\"https:\/\/aktyprawne.us.edu.pl\/d\/872\/5\/\">Zarz\u0105dzenie nr 27\/2016 Rektora U\u015a zmieniaj\u0105ce zarz\u0105dzenie w sprawie wprowadzenia uczelnianych wzor\u00f3w dyplom\u00f3w uko\u0144czenia studi\u00f3w wy\u017cszych, suplementu do dyplomu, \u015bwiadectwa uko\u0144czenia studi\u00f3w podyplomowych oraz \u015bwiadectwa uko\u0144czenia kursu dokszta\u0142caj\u0105cego, a tak\u017ce okre\u015blenia sposobu ich sporz\u0105dzania<\/a><\/li>\n<li><a href=\"https:\/\/aktyprawne.us.edu.pl\/d\/917\/5\/\">Zarz\u0105dzenie nr 147\/2015 Rektora U\u015a w sprawie wprowadzenia wzoru o\u015bwiadczenia studenta oraz doktoranta o akceptacji Regulaminu ochrony, korzystania i zarz\u0105dzania wynikami prac intelektualnych na Uniwersytecie \u015al\u0105skim w Katowicach oraz zasad ich komercjalizacji<\/a><\/li>\n<li><a href=\"https:\/\/aktyprawne.us.edu.pl\/d\/1229\/5\/\">Zarz\u0105dzenie nr 34\/2014 Rektora U\u015a w sprawie wprowadzenia uczelnianych wzor\u00f3w dyplom\u00f3w uko\u0144czenia studi\u00f3w wy\u017cszych, suplementu do dyplomu, \u015bwiadectwa uko\u0144czenia studi\u00f3w podyplomowych oraz \u015bwiadectwa uko\u0144czenia kursu dokszta\u0142caj\u0105cego, a tak\u017ce okre\u015blenia sposobu ich sporz\u0105dzania<\/a><\/li>\n<li><a href=\"http:\/\/bip.us.edu.pl\/sites\/bip.us.edu.pl\/files\/po201908.pdf\" class=\"mtli_attachment mtli_pdf\" data-mtli=\"mtli_filesize36,44kB\" class=\"mtli_attachment mtli_pdf\" data-mtli=\"mtli_filesize36,44kB\">Pismo ok\u00f3lne nr 8 Rektora Uniwersytetu \u015al\u0105skiego w Katowicach z dnia 19 czerwca 2019 r. w sprawie wysoko\u015bci op\u0142at pobieranych od student\u00f3w, doktorant\u00f3w, s\u0142uchaczy studi\u00f3w podyplomowych za wydanie dokument\u00f3w pocz\u0105wszy od roku akademickiego 2019\/2020<\/a><\/li>\n<li><a href=\"https:\/\/us.edu.pl\/pracownik\/wp-content\/uploads\/sites\/2\/Editor\/sprawy-dydatktyczne\/dyplom-i-suplement\/Obwieszczenie-Ministra-Edukacji-i-Nauki-z-dnia-18-marca-2021-r.-w-sprawie-ogloszenia-jednolitego-tekstu.pdf\" class=\"mtli_attachment mtli_pdf\" data-mtli=\"mtli_filesize1,01MB\" class=\"mtli_attachment mtli_pdf\" data-mtli=\"mtli_filesize1,01MB\"><span id=\"dnn_ctr491_ViewAct_lblTitle\">Rozporz\u0105dzenie Ministra Nauki i Szkolnictwa Wy\u017cszego z dnia 27 wrze<\/span><span id=\"dnn_ctr491_ViewAct_lblTitle\">\u015bnia 2018 r. w sprawie studi\u00f3w<\/span><\/a><\/li>\n<li><a href=\"http:\/\/bip.us.edu.pl\/uchwala-nr-2512018\">Uchwa\u0142a nr 251\/2018z dnia 29-05-2018 Senatu U\u015a w sprawie zatwierdzenia wzor\u00f3w dyplom\u00f3w uko\u0144czenia studi\u00f3w pierwszego stopnia, studi\u00f3w drugiego stopnia oraz jednolitych studi\u00f3w magisterskich prowadzonych wsp\u00f3lnie.<\/a><\/li>\n<li><a href=\"http:\/\/bip.us.edu.pl\/zarzadzenie-nr-1712017\" data-cke-saved-href=\"http:\/\/bip.us.edu.pl\/zarzadzenie-nr-1712017\">Zarz\u0105dzenie nr 171\/2017 z dnia 21-11-2017 Rektora U\u015a zmieniaj\u0105ce zarz\u0105dzenie w sprawie wprowadzenia uczelnianych wzor\u00f3w dyplom\u00f3w uko\u0144czenia studi\u00f3w wy\u017cszych, suplementu do dyplomu, \u015bwiadectwa uko\u0144czenia studi\u00f3w podyplomowych oraz \u015bwiadectwa uko\u0144czenia kursu dokszta\u0142caj\u0105cego, a tak\u017ce okre\u015blenia sposobu ich sporz\u0105dzania.<\/a><\/li>\n<li><a href=\"http:\/\/bip.us.edu.pl\/uchwala-nr-1112017\" data-cke-saved-href=\"http:\/\/bip.us.edu.pl\/uchwala-nr-1112017\">Uchwa\u0142a nr 111\/2017 z dnia 30-05-2017 Senatu U\u015a zmieniaj\u0105ca uchwa\u0142\u0119 w sprawie uczelnianych wzor\u00f3w dyplom\u00f3w uko\u0144czenia studi\u00f3w pierwszego stopnia, drugiego stopnia oraz jednolitych studi\u00f3w magisterskich, wzoru \u015bwiadectwa uko\u0144czenia studi\u00f3w podyplomowych oraz wzoru \u015bwiadectwa uko\u0144czenia kursu dokszta\u0142caj\u0105cego na Uniwersytecie \u015al\u0105skim w Katowicach.<\/a><\/li>\n<li><a href=\"http:\/\/bip.us.edu.pl\/zarzadzenie-nr-272016\" data-cke-saved-href=\"http:\/\/bip.us.edu.pl\/zarzadzenie-nr-272016\">Zarz\u0105dzenie nr 27\/2016 z dnia 2016-04-15 Rektora U\u015a zmieniaj\u0105ce zarz\u0105dzenie w sprawie wprowadzenia uczelnianych wzor\u00f3w dyplom\u00f3w uko\u0144czenia studi\u00f3w wy\u017cszych, suplementu do dyplomu, \u015bwiadectwa uko\u0144czenia studi\u00f3w podyplomowych oraz \u015bwiadectwa uko\u0144czenia kursu dokszta\u0142caj\u0105cego, a tak\u017ce okre\u015blenia sposobu ich sporz\u0105dzania.<\/a><\/li>\n<li><a href=\"http:\/\/bip.us.edu.pl\/zarzadzenie-nr-1472015\" data-cke-saved-href=\"http:\/\/bip.us.edu.pl\/zarzadzenie-nr-1472015\">Zarz\u0105dzenie nr 147\/2015 \u00a0z dnia 2015-10-21 Rektora U\u015a w sprawie wprowadzenia wzoru o\u015bwiadczenia studenta oraz doktoranta o akceptacji Regulaminu ochrony, korzystania i zarz\u0105dzania wynikami prac intelektualnych na Uniwersytecie \u015al\u0105skim w Katowicach oraz zasad ich komercjalizacji.<\/a><\/li>\n<li><a href=\"http:\/\/bip.us.edu.pl\/zarzadzenie-nr-272016\" data-cke-saved-href=\"http:\/\/bip.us.edu.pl\/zarzadzenie-nr-272016\">Zarz\u0105dzenie nr 27\/2016 z dnia 2016-04-15 Rektora U\u015a zmieniaj\u0105ce zarz\u0105dzenie w sprawie wprowadzenia uczelnianych wzor\u00f3w dyplom\u00f3w uko\u0144czenia studi\u00f3w wy\u017cszych, suplementu do dyplomu, \u015bwiadectwa uko\u0144czenia studi\u00f3w podyplomowych oraz \u015bwiadectwa uko\u0144czenia kursu dokszta\u0142caj\u0105cego, a tak\u017ce okre\u015blenia sposobu ich sporz\u0105dzania<\/a><\/li>\n<li><a href=\"http:\/\/bip.us.edu.pl\/zarzadzenie-nr-342014\" data-cke-saved-href=\"http:\/\/bip.us.edu.pl\/zarzadzenie-nr-342014\">Zarz\u0105dzenie nr 34\/2014 z dnia 2014-03-20 Rektora U\u015a w sprawie wprowadzenia uczelnianych wzor\u00f3w dyplom\u00f3w uko\u0144czenia studi\u00f3w wy\u017cszych, suplementu do dyplomu, \u015bwiadectwa uko\u0144czenia studi\u00f3w podyplomowych oraz \u015bwiadectwa uko\u0144czenia kursu dokszta\u0142caj\u0105cego, a tak\u017ce okre\u015blenia sposobu ich sporz\u0105dzania<\/a>. ( Zarz\u0105dzenie dot. wystawiania dyplom\u00f3w; \u015bwiadectw studi\u00f3w podyplomowych, \u015bwiadectw kurs\u00f3w dokszta\u0142caj\u0105cych; suplementu do dyplomu; duplikat\u00f3w; legalizacja druk\u00f3w (\u2026) \u2013 zmienione za\u0142\u0105czniki nr 1; 2; 3 <a href=\"http:\/\/bip.us.edu.pl\/zarzadzenie-nr-1142014\" data-cke-saved-href=\"http:\/\/bip.us.edu.pl\/zarzadzenie-nr-1142014\">(Zarz\u0105dzeniem 114\/2014)<\/a>. )<\/li>\n<\/ul>\n<p><strong>ARCHIWUM<\/strong><\/p>\n<ul>\n<li><a href=\"https:\/\/aktyprawne.us.edu.pl\/d\/3284\/5\/\">Uchwa\u0142a nr 369\/2019 z dnia 30-04-2019 Senatu U\u015a w sprawie zatwierdzenia wzor\u00f3w dyplom\u00f3w uko\u0144czenia studi\u00f3w w Uniwersytecie \u015al\u0105skim w Katowicach<\/a><\/li>\n<li><a href=\"https:\/\/isap.sejm.gov.pl\/isap.nsf\/DocDetails.xsp?id=wdu20170000279\">Rozporz\u0105dzenie Ministra Nauki i Szkolnictwa Wy\u017cszego z dnia 10 lutego 2017 r. w sprawie tytu\u0142\u00f3w zawodowych nadawanych absolwentom studi\u00f3w, warunk\u00f3w wydawania oraz niezb\u0119dnych element\u00f3w dyplom\u00f3w uko\u0144czenia studi\u00f3w i \u015bwiadectw uko\u0144czenia studi\u00f3w podyplomowych oraz wzoru suplementu do dyplomu<\/a><\/li>\n<li><a href=\"https:\/\/isap.sejm.gov.pl\/isap.nsf\/DocDetails.xsp?id=WDU20160001554\">ROZPORZ\u0104DZENIE MINISTRA NAUKI I SZKOLNICTWA WY\u017bSZEGO \u00a0z dnia 16 wrze\u015bnia 2016 r. w sprawie dokumentacji przebiegu studi\u00f3w<\/a><\/li>\n<li><a href=\"https:\/\/aktyprawne.us.edu.pl\/d\/4125\/5\/\">Uchwa\u0142a nr 144\/2013 \u00a0z dnia 2013-06-25 Senatu U\u015a w sprawie uczelnianych wzor\u00f3w dyplom\u00f3w uko\u0144czenia studi\u00f3w pierwszego stopnia, drugiego stopnia oraz jednolitych studi\u00f3w magisterskich, wzoru \u015bwiadectwa uko\u0144czenia studi\u00f3w podyplomowych oraz wzoru \u015bwiadectwa uko\u0144czenia kursu dokszta\u0142caj\u0105cego na Uniwersytecie \u015al\u0105skim w Katowicach.<\/a><\/li>\n<li><a href=\"https:\/\/isap.sejm.gov.pl\/isap.nsf\/DocDetails.xsp?id=WDU20112011188\">ROZPORZ\u0104DZENIE MINISTRA NAUKI I SZKOLNICTWA WY\u017bSZEGO z dnia 14 wrze\u015bnia 2011 r. w sprawie dokumentacji przebiegu studi\u00f3w<\/a><\/li>\n<li><a href=\"https:\/\/isap.sejm.gov.pl\/isap.nsf\/DocDetails.xsp?id=wdu20111961167\">ROZPORZ\u0104DZENIE MINISTRA NAUKI I SZKOLNICTWA WY\u017bSZEGO z dnia 1 wrze\u015bnia 2011 r. w sprawie tytu\u0142\u00f3w zawodowych nadawanych absolwentom studi\u00f3w, warunk\u00f3w wydawania oraz niezb\u0119dnych element\u00f3w dyplom\u00f3w uko\u0144czenia studi\u00f3w i \u015bwiadectw uko\u0144czenia studi\u00f3w podyplomowych oraz wzoru suplementu do dyplomu<\/a><\/li>\n<li style=\"list-style-type: none;\"><\/li>\n<li style=\"list-style-type: none;\"><\/li>\n<\/ul>\n<p>\n<style type=\"text\/css\">a[data-mtli~=\"mtli_filesize36,44kB\"]:after {content:\" (36,44 kB)\"}a[data-mtli~=\"mtli_filesize1,01MB\"]:after {content:\" (1,01 MB)\"}<\/style><\/div>\r\n                    <\/div>\r\n                <\/div>[\/vc_column][\/vc_row][vc_row][vc_column][vc_column_text]<\/p>\n<p>[\/vc_column_text][\/vc_column][\/vc_row]<\/p>\n<style type=\"text\/css\">a[data-mtli~=\"mtli_filesize393,83kB\"]:after {content:\" (393,83 kB)\"}a[data-mtli~=\"mtli_filesize36,44kB\"]:after {content:\" (36,44 kB)\"}a[data-mtli~=\"mtli_filesize1,01MB\"]:after {content:\" (1,01 MB)\"}<\/style>","protected":false},"excerpt":{"rendered":"<p>[vc_row][vc_column][\/vc_column][\/vc_row][vc_row][vc_column][vc_column_text] [\/vc_column_text][\/vc_column][\/vc_row] [&#8230;]<\/p>\n<p><a class=\"btn btn-secondary understrap-read-more-link\" href=\"https:\/\/us.edu.pl\/pracownik\/sprawy-dydaktyczne\/pion-ksztalcenia\/dokumentacja-toku-studiow\/dyplom-i-suplement\/\">Read More&#8230;<\/a><\/p>\n","protected":false},"author":31,"featured_media":0,"parent":731,"menu_order":438,"comment_status":"closed","ping_status":"closed","template":"page-templates\/inner-page-with-bookmarks.php","meta":{"_expiration-date-status":"saved","_expiration-date":0,"_expiration-date-type":"","_expiration-date-categories":[],"_expiration-date-options":[]},"acf":[],"_links":{"self":[{"href":"https:\/\/us.edu.pl\/pracownik\/wp-json\/wp\/v2\/pages\/3582"}],"collection":[{"href":"https:\/\/us.edu.pl\/pracownik\/wp-json\/wp\/v2\/pages"}],"about":[{"href":"https:\/\/us.edu.pl\/pracownik\/wp-json\/wp\/v2\/types\/page"}],"author":[{"embeddable":true,"href":"https:\/\/us.edu.pl\/pracownik\/wp-json\/wp\/v2\/users\/31"}],"replies":[{"embeddable":true,"href":"https:\/\/us.edu.pl\/pracownik\/wp-json\/wp\/v2\/comments?post=3582"}],"version-history":[{"count":12,"href":"https:\/\/us.edu.pl\/pracownik\/wp-json\/wp\/v2\/pages\/3582\/revisions"}],"predecessor-version":[{"id":32657,"href":"https:\/\/us.edu.pl\/pracownik\/wp-json\/wp\/v2\/pages\/3582\/revisions\/32657"}],"up":[{"embeddable":true,"href":"https:\/\/us.edu.pl\/pracownik\/wp-json\/wp\/v2\/pages\/731"}],"wp:attachment":[{"href":"https:\/\/us.edu.pl\/pracownik\/wp-json\/wp\/v2\/media?parent=3582"}],"curies":[{"name":"wp","href":"https:\/\/api.w.org\/{rel}","templated":true}]}}