{"id":3586,"date":"2019-11-05T12:43:42","date_gmt":"2019-11-05T11:43:42","guid":{"rendered":"https:\/\/us.edu.pl\/pracownik\/?page_id=3586"},"modified":"2023-03-23T09:59:39","modified_gmt":"2023-03-23T08:59:39","slug":"ksiega-dyplomow","status":"publish","type":"page","link":"https:\/\/us.edu.pl\/pracownik\/sprawy-dydaktyczne\/pion-ksztalcenia\/dokumentacja-toku-studiow\/ksiega-dyplomow\/","title":{"rendered":"Ksi\u0119ga dyplom\u00f3w"},"content":{"rendered":"<p>[vc_row][vc_column]\r\n                <div class=\"text-modules\">\r\n                    <div class=\"container\">\r\n                        <h3 class=\"page-title text__title\">Ksi\u0119ga dyplom\u00f3w<\/h3>\r\n                        <div class=\"text-modules__content\"><\/p>\n<ul>\n<li><a href=\"https:\/\/aktyprawne.us.edu.pl\/d\/5395\/5\/\">Zarz\u0105dzenie nr 201 Rektora Uniwersytetu \u015al\u0105skiego w Katowicach z dnia 23 listopada 2021 r. w sprawie wprowadzenia procedury sk\u0142adania i archiwizowania pisemnych prac dyplomowych w bazie elektronicznej.<\/a><\/li>\n<li><a href=\"https:\/\/aktyprawne.us.edu.pl\/d\/995\/5\/\">Zarz\u0105dzenie nr 69 Rektora Uniwersytetu \u015al\u0105skiego w Katowicach z dnia 18 maja 2015 r. zmieniaj\u0105ce zarz\u0105dzenie w sprawie wprowadzenia procedury sk\u0142adania i archiwizowania pisemnych prac dyplomowych.<\/a><\/li>\n<li><a href=\"https:\/\/aktyprawne.us.edu.pl\/d\/1046\/5\/\">Zarz\u0105dzenie nr 24 Rektora Uniwersytetu \u015al\u0105skiego w Katowicach z dnia 5 lutego 2015 r. w sprawie prowadzenia Ksi\u0119gi Dyplom\u00f3w<\/a><\/li>\n<li><a href=\"https:\/\/aktyprawne.us.edu.pl\/d\/1592\/5\/\">Zarz\u0105dzenie nr 49\/2012 z dnia 20 czerwca 2012 r. Rektora Uniwersytetu \u015al\u0105skiego zmieniaj\u0105ce zarz\u0105dzenie w sprawie prowadzenia Ksi\u0119gi Dyplom\u00f3w oraz sk\u0142adania pracy dyplomowej<\/a><\/li>\n<li><a href=\"https:\/\/aktyprawne.us.edu.pl\/d\/1714\/5\/\">Zarz\u0105dzenie nr 68\/2011 z dnia 5 wrze\u015bnia 2011 r. Rektora Uniwersytetu \u015al\u0105skiego w sprawie udost\u0119pniania niepublikowanych studenckich prac naukowych powstaj\u0105cych w Uniwersytecie \u015al\u0105skim<\/a><\/li>\n<li><a href=\"https:\/\/aktyprawne.us.edu.pl\/d\/1832\/5\/\">Zarz\u0105dzenie nr 68\/2010 z dnia 11 sierpnia 2010 r. Rektora Uniwersytetu \u015al\u0105skiego zmieniaj\u0105ce zarz\u0105dzenie w sprawie prowadzenia Ksi\u0119gi Dyplom\u00f3w oraz sk\u0142adania pracy dyplomowej<\/a><\/li>\n<\/ul>\n<p><strong>Archiwum<\/strong><\/p>\n<ul>\n<li><a href=\"http:\/\/bip.us.edu.pl\/zarzadzenie-nr-12009\">Zarz\u0105dzenie nr 1\/2009 z dnia 9 stycznia 2009 r. Rektora Uniwersytetu \u015al\u0105skiego zmieniaj\u0105ce zarz\u0105dzenie w sprawie prowadzenia Ksi\u0119gi Dyplom\u00f3w oraz sk\u0142adania pracy dyplomowej.<\/a><\/li>\n<li><a href=\"http:\/\/bip.us.edu.pl\/zarzadzenie-nr-1052009\">Zarz\u0105dzenie nr 105\/2009 z dnia 20 pa\u017adziernika 2009 r. Rektora Uniwersytetu \u015al\u0105skiego zmieniaj\u0105ce zarz\u0105dzenie w sprawie prowadzenia Ksi\u0119gi Dyplom\u00f3w oraz sk\u0142adania pracy dyplomowej<\/a><\/li>\n<li>Za\u0142\u0105cznik do zarz\u0105dzenia nr 105 z dnia 20 pa\u017adziernika 2009 r. Rektora Uniwersytetu \u015al\u0105skiego<\/li>\n<li><a href=\"http:\/\/bip.us.edu.pl\/sites\/bip.us.edu.pl\/files\/prawo\/zal200910501.pdf\" class=\"mtli_attachment mtli_pdf\" data-mtli=\"mtli_filesize36,44kB\" class=\"mtli_attachment mtli_pdf\" data-mtli=\"mtli_filesize36,44kB\">projekt strony tytu\u0142owej pracy dyplomowej,<\/a><\/li>\n<li><a href=\"\/pracownik\/wp-content\/uploads\/sites\/2\/pliki-dodatkowe\/ksi\u0119ga-dyplom\u00f3w\/\u015alubowanie-2012.doc\" class=\"mtli_attachment mtli_doc\" data-mtli=\"mtli_filesize22,50kB\" class=\"mtli_attachment mtli_doc\" data-mtli=\"mtli_filesize22,50kB\">druk Aktu \u015alubowania<\/a> (tre\u015b\u0107 w przygotowaniu)<\/li>\n<li><a href=\"http:\/\/bip.us.edu.pl\/zarzadzenie-nr-902019\">Zarz\u0105dzenie nr 90\/2019<\/a> <a href=\"http:\/\/bip.us.edu.pl\/zarzadzenie-nr-902019\">z dnia 04<\/a><a href=\"http:\/\/bip.us.edu.pl\/zarzadzenie-nr-902019\"> lipca <\/a><a href=\"http:\/\/bip.us.edu.pl\/zarzadzenie-nr-902019\">2019 <\/a><a href=\"http:\/\/bip.us.edu.pl\/zarzadzenie-nr-902019\">r. <\/a><a href=\"http:\/\/bip.us.edu.pl\/zarzadzenie-nr-902019\">Rektora Uniwers<\/a><a href=\"http:\/\/bip.us.edu.pl\/zarzadzenie-nr-902019\">ytetu <\/a><a href=\"http:\/\/bip.us.edu.pl\/zarzadzenie-nr-902019\">\u015al\u0105skiego w sprawie ustalenia wzoru o\u015bwiadczenia studenta o zapoznaniu si\u0119 z warunkami odp\u0142atno\u015bci za studia<\/a><\/li>\n<li><a href=\"http:\/\/prawo.sejm.gov.pl\/isap.nsf\/DocDetails.xsp?id=WDU20190000787\">Rozporz\u0105dzenie Ministra Nauki i Szkolnictwa Wy\u017cszego z dnia 16 kwietnia 2019 r. zmieniaj\u0105ce rozporz\u0105dzenie w sprawie studi\u00f3w<\/a><\/li>\n<li><a href=\"http:\/\/prawo.sejm.gov.pl\/isap.nsf\/DocDetails.xsp?id=WDU20180001861\">Rozporz\u0105dzenie Ministra Nauki i Szkolnictwa Wy\u017cszego z dnia 27 wrze\u015bnia 2018 r. w sprawie studi\u00f3w<\/a><\/li>\n<li><a href=\"http:\/\/bip.us.edu.pl\/zarzadzenie-nr-602014\">Zarz\u0105dzenie nr 60\u00a0Rektora Uniwersytetu \u015al\u0105skiego w Katowicach z dnia 18 kwietnia 2014 r. zmieniaj\u0105ce zarz\u0105dzenie w sprawie prowadzenia teczek akt osobowych student\u00f3w, doktorant\u00f3w oraz s\u0142uchaczy studi\u00f3w podyplomowych.<\/a><\/li>\n<li><a href=\"http:\/\/bip.us.edu.pl\/zarzadzenie-nr-1292013\">Zarz\u0105dzenie nr 129\u00a0Rektora Uniwersytetu \u015al\u0105skiego w Katowicach z dnia 24 wrze\u015bnia 2013 r. w sprawie prowadzenia teczek akt osobowych student\u00f3w, doktorant\u00f3w oraz s\u0142uchaczy studi\u00f3w podyplomowych<\/a><\/li>\n<\/ul>\n<p>\n<style type=\"text\/css\">a[data-mtli~=\"mtli_filesize36,44kB\"]:after {content:\" (36,44 kB)\"}a[data-mtli~=\"mtli_filesize22,50kB\"]:after {content:\" (22,50 kB)\"}<\/style><\/div>\r\n                    <\/div>\r\n                <\/div>[\/vc_column][\/vc_row]<\/p>\n<style type=\"text\/css\">a[data-mtli~=\"mtli_filesize36,44kB\"]:after {content:\" (36,44 kB)\"}a[data-mtli~=\"mtli_filesize22,50kB\"]:after {content:\" (22,50 kB)\"}<\/style>","protected":false},"excerpt":{"rendered":"<p>[vc_row][vc_column][\/vc_column][\/vc_row] [&#8230;]<\/p>\n<p><a class=\"btn btn-secondary understrap-read-more-link\" href=\"https:\/\/us.edu.pl\/pracownik\/sprawy-dydaktyczne\/pion-ksztalcenia\/dokumentacja-toku-studiow\/ksiega-dyplomow\/\">Read More&#8230;<\/a><\/p>\n","protected":false},"author":31,"featured_media":0,"parent":731,"menu_order":455,"comment_status":"closed","ping_status":"closed","template":"page-templates\/inner-page-with-bookmarks.php","meta":{"_expiration-date-status":"saved","_expiration-date":0,"_expiration-date-type":"","_expiration-date-categories":[],"_expiration-date-options":[]},"acf":[],"_links":{"self":[{"href":"https:\/\/us.edu.pl\/pracownik\/wp-json\/wp\/v2\/pages\/3586"}],"collection":[{"href":"https:\/\/us.edu.pl\/pracownik\/wp-json\/wp\/v2\/pages"}],"about":[{"href":"https:\/\/us.edu.pl\/pracownik\/wp-json\/wp\/v2\/types\/page"}],"author":[{"embeddable":true,"href":"https:\/\/us.edu.pl\/pracownik\/wp-json\/wp\/v2\/users\/31"}],"replies":[{"embeddable":true,"href":"https:\/\/us.edu.pl\/pracownik\/wp-json\/wp\/v2\/comments?post=3586"}],"version-history":[{"count":7,"href":"https:\/\/us.edu.pl\/pracownik\/wp-json\/wp\/v2\/pages\/3586\/revisions"}],"predecessor-version":[{"id":21056,"href":"https:\/\/us.edu.pl\/pracownik\/wp-json\/wp\/v2\/pages\/3586\/revisions\/21056"}],"up":[{"embeddable":true,"href":"https:\/\/us.edu.pl\/pracownik\/wp-json\/wp\/v2\/pages\/731"}],"wp:attachment":[{"href":"https:\/\/us.edu.pl\/pracownik\/wp-json\/wp\/v2\/media?parent=3586"}],"curies":[{"name":"wp","href":"https:\/\/api.w.org\/{rel}","templated":true}]}}