{"id":36279,"date":"2025-05-15T12:39:54","date_gmt":"2025-05-15T10:39:54","guid":{"rendered":"https:\/\/us.edu.pl\/pracownik\/?page_id=36279"},"modified":"2026-04-22T08:31:48","modified_gmt":"2026-04-22T06:31:48","slug":"newsletter","status":"publish","type":"page","link":"https:\/\/us.edu.pl\/pracownik\/wnst\/newsletter\/","title":{"rendered":"newsletter"},"content":{"rendered":"<p>[vc_row el_class=&#8221;container&#8221;][vc_column width=&#8221;1\/5&#8243;][vc_wp_custommenu nav_menu=&#8221;433&#8243;][\/vc_column][vc_column width=&#8221;4\/5&#8243;]\r\n                <div class=\"text-modules\">\r\n                    <div class=\"container\">\r\n                        \r\n                        <div class=\"text-modules__content\"><\/p>\n<h3><span style=\"color: #002e5a;\">Newsletter Wydzia\u0142u Nauk \u015acis\u0142ych i Technicznych<\/span><\/h3>\n<p>Na tej stronie znajdziesz wszystkie wydania wydzia\u0142owego newslettera.\u00a0Newsletter to \u017ar\u00f3d\u0142o informacji dla pracownik\u00f3w Wydzia\u0142u Nauk \u015acis\u0142ych i Technicznych.<\/p>\n<p>Je\u015bli posiadasz wa\u017cn\u0105, ciekaw\u0105 informacj\u0119 i chcesz, aby zosta\u0142a opublikowana w newsletterze napisz na adres: <a href=\"mailto:newsletter.wnst@us.edu.pl\">newsletter.wnst@us.edu.pl<\/a><\/p>\n<\/div>\r\n                    <\/div>\r\n                <\/div>[vc_tta_tabs][vc_tta_section title=&#8221;2026&#8243; tab_id=&#8221;1772619561305-2e2ade99-cbdd&#8221;][vc_column_text]<\/p>\n<ul>\n<li><a href=\"https:\/\/us.edu.pl\/wydzial\/wnst\/wp-content\/uploads\/sites\/18\/newsletter\/11_2026_NEWSLETTER_WNST.pdf\" class=\"mtli_attachment mtli_pdf\">newsletter 11<\/a> | kwiecie\u0144<\/li>\n<li><a href=\"https:\/\/us.edu.pl\/wydzial\/wnst\/wp-content\/uploads\/sites\/18\/newsletter\/10_2026_NEWSLETTER_WNST.pdf\" class=\"mtli_attachment mtli_pdf\">newsletter 10<\/a> | kwiecie\u0144<\/li>\n<li><a href=\"https:\/\/us.edu.pl\/wydzial\/wnst\/wp-content\/uploads\/sites\/18\/newsletter\/9_2026_NEWSLETTER_WNST.pdf\" class=\"mtli_attachment mtli_pdf\">newsletter 9<\/a> | marzec<\/li>\n<li><a href=\"https:\/\/us.edu.pl\/wydzial\/wnst\/wp-content\/uploads\/sites\/18\/newsletter\/8_2026_NEWSLETTER_WNST.pdf\" class=\"mtli_attachment mtli_pdf\">newsletter 8<\/a> | marzec<\/li>\n<li><a href=\"https:\/\/us.edu.pl\/wydzial\/wnst\/wp-content\/uploads\/sites\/18\/newsletter\/7_2026_NEWSLETTER_WNST.pdf\" class=\"mtli_attachment mtli_pdf\">newsletter 7<\/a>\u00a0| marzec<\/li>\n<li><a href=\"https:\/\/us.edu.pl\/wydzial\/wnst\/wp-content\/uploads\/sites\/18\/newsletter\/6_2026_NEWSLETTER_WNST.pdf\" class=\"mtli_attachment mtli_pdf\">newsletter 6<\/a> | marzec<\/li>\n<li><a href=\"https:\/\/us.edu.pl\/wydzial\/wnst\/wp-content\/uploads\/sites\/18\/newsletter\/5_2026_NEWSLETTER_WNST.pdf\" class=\"mtli_attachment mtli_pdf\">newsletter 5<\/a> | marzec<\/li>\n<li><a href=\"https:\/\/us.edu.pl\/wydzial\/wnst\/wp-content\/uploads\/sites\/18\/newsletter\/4_2026_NEWSLETTER_WNST.pdf\" class=\"mtli_attachment mtli_pdf\">newsletter 4<\/a> | luty<\/li>\n<li><a href=\"https:\/\/us.edu.pl\/wydzial\/wnst\/wp-content\/uploads\/sites\/18\/newsletter\/3_2026_NEWSLETTER_WNST.pdf\" class=\"mtli_attachment mtli_pdf\">newsletter 3<\/a> | stycze\u0144<\/li>\n<li><a href=\"https:\/\/us.edu.pl\/wydzial\/wnst\/wp-content\/uploads\/sites\/18\/newsletter\/2_2026_NEWSLETTER_WNST.pdf\" class=\"mtli_attachment mtli_pdf\">newsletter 2<\/a> | stycze\u0144<\/li>\n<li><a href=\"https:\/\/us.edu.pl\/wydzial\/wnst\/wp-content\/uploads\/sites\/18\/newsletter\/1_-NEWSLETTER_WNST.pdf\" class=\"mtli_attachment mtli_pdf\">newsletter 1<\/a> | stycze\u0144<\/li>\n<\/ul>\n<p>[\/vc_column_text][\/vc_tta_section][vc_tta_section title=&#8221;2025&#8243; tab_id=&#8221;1747305402899-7b4283e7-6038&#8243;][vc_column_text]<\/p>\n<ul>\n<li><a href=\"https:\/\/us.edu.pl\/wydzial\/wnst\/wp-content\/uploads\/sites\/18\/newsletter\/26_NEWSLETTER_WNST.pdf\" class=\"mtli_attachment mtli_pdf\">newsletter 26<\/a> | grudzie\u0144<\/li>\n<li><a href=\"https:\/\/us.edu.pl\/wydzial\/wnst\/wp-content\/uploads\/sites\/18\/newsletter\/25_NEWSLETTER_WNST.pdf\" class=\"mtli_attachment mtli_pdf\">newsletter 25<\/a> | grudzie\u0144<\/li>\n<li><a href=\"https:\/\/us.edu.pl\/wydzial\/wnst\/wp-content\/uploads\/sites\/18\/newsletter\/24_NEWSLETTER_WNST.pdf\" class=\"mtli_attachment mtli_pdf\">newsletter 24<\/a> | listopad<\/li>\n<li><a href=\"https:\/\/us.edu.pl\/wydzial\/wnst\/wp-content\/uploads\/sites\/18\/newsletter\/23_NEWSLETTER_WNST.pdf\" class=\"mtli_attachment mtli_pdf\">newsletter 23<\/a> | listopad<\/li>\n<li><a href=\"https:\/\/us.edu.pl\/wydzial\/wnst\/wp-content\/uploads\/sites\/18\/newsletter\/22_NEWSLETTER_WNST.pdf\" class=\"mtli_attachment mtli_pdf\">newsletter 22<\/a> | listopad<\/li>\n<li><a href=\"https:\/\/us.edu.pl\/wydzial\/wnst\/wp-content\/uploads\/sites\/18\/newsletter\/21_NEWSLETTER_WNST.pdf\" class=\"mtli_attachment mtli_pdf\">newsletter 21<\/a> | listopad<\/li>\n<li><a href=\"https:\/\/us.edu.pl\/wydzial\/wnst\/wp-content\/uploads\/sites\/18\/newsletter\/20_NEWSLETTER_WNST.pdf\" class=\"mtli_attachment mtli_pdf\">newsletter 20<\/a> | pa\u017adziernik<\/li>\n<li><a href=\"https:\/\/us.edu.pl\/wydzial\/wnst\/wp-content\/uploads\/sites\/18\/newsletter\/19_NEWSLETTER_WNST.pdf\" class=\"mtli_attachment mtli_pdf\">newsletter 19<\/a> | pa\u017adziernik<\/li>\n<li><a href=\"https:\/\/us.edu.pl\/wydzial\/wnst\/wp-content\/uploads\/sites\/18\/newsletter\/18_NEWSLETTER_WNST.pdf\" class=\"mtli_attachment mtli_pdf\">newsletter 18<\/a> | pa\u017adziernik<\/li>\n<li><a href=\"https:\/\/us.edu.pl\/wydzial\/wnst\/wp-content\/uploads\/sites\/18\/newsletter\/17_NEWSLETTER_WNST.pdf\" class=\"mtli_attachment mtli_pdf\">newsletter 17<\/a> | pa\u017adziernik<\/li>\n<li><a href=\"https:\/\/us.edu.pl\/wydzial\/wnst\/wp-content\/uploads\/sites\/18\/newsletter\/16_NEWSLETTER_WNST.pdf\" class=\"mtli_attachment mtli_pdf\">newsletter 16<\/a> | czerwiec<\/li>\n<li><a href=\"https:\/\/us.edu.pl\/wydzial\/wnst\/wp-content\/uploads\/sites\/18\/newsletter\/15_NEWSLETTER_WNST.pdf\" class=\"mtli_attachment mtli_pdf\">newsletter 15<\/a> | czerwiec<\/li>\n<li><a href=\"https:\/\/us.edu.pl\/wydzial\/wnst\/wp-content\/uploads\/sites\/18\/newsletter\/14_NEWSLETTER_WNST.pdf\" class=\"mtli_attachment mtli_pdf\">newsletter 14<\/a> | czerwiec<\/li>\n<li><a href=\"https:\/\/us.edu.pl\/wydzial\/wnst\/wp-content\/uploads\/sites\/18\/zdjecia-kierunki\/unnamed-file.pdf\/13_NEWSLETTER_WNST.pdf\" class=\"mtli_attachment mtli_pdf\">newsletter 13<\/a> | maj<\/li>\n<li><a href=\"https:\/\/us.edu.pl\/wydzial\/wnst\/wp-content\/uploads\/sites\/18\/zdjecia-kierunki\/unnamed-file.pdf\/12_NEWSLETTER_WNST.pdf\" class=\"mtli_attachment mtli_pdf\">newsletter 12<\/a> | maj<\/li>\n<li><a href=\"https:\/\/us.edu.pl\/wydzial\/wnst\/wp-content\/uploads\/sites\/18\/zdjecia-kierunki\/unnamed-file.pdf\/11_NEWSLETTER_WNST.pdf\" class=\"mtli_attachment mtli_pdf\">newsletter 11<\/a> | maj<\/li>\n<li><a href=\"https:\/\/us.edu.pl\/wydzial\/wnst\/wp-content\/uploads\/sites\/18\/newsletter\/10_NEWSLETTER_WNST.pdf\" class=\"mtli_attachment mtli_pdf\">newsletter 10<\/a> | maj<\/li>\n<li><a href=\"https:\/\/us.edu.pl\/wydzial\/wnst\/wp-content\/uploads\/sites\/18\/newsletter\/9_NEWSLETTER_WNST.pdf\" class=\"mtli_attachment mtli_pdf\">newsletter 9<\/a> | kwiecie\u0144<\/li>\n<li><a href=\"https:\/\/us.edu.pl\/wydzial\/wnst\/wp-content\/uploads\/sites\/18\/newsletter\/8_NEWSLETTER_WNST.pdf\" class=\"mtli_attachment mtli_pdf\">newsletter 8<\/a> | marzec<\/li>\n<li><a href=\"https:\/\/us.edu.pl\/wydzial\/wnst\/wp-content\/uploads\/sites\/18\/newsletter\/7_NEWSLETTER_WNST.pdf\" class=\"mtli_attachment mtli_pdf\">newsletter 7<\/a> | marzec<\/li>\n<li><a href=\"https:\/\/us.edu.pl\/wydzial\/wnst\/wp-content\/uploads\/sites\/18\/newsletter\/6_NEWSLETTER_WNST.pdf\" class=\"mtli_attachment mtli_pdf\">newsletter 6<\/a> | marzec<\/li>\n<li><a href=\"https:\/\/us.edu.pl\/wydzial\/wnst\/wp-content\/uploads\/sites\/18\/newsletter\/5_NEWSLETTER_WNST.pdf\" class=\"mtli_attachment mtli_pdf\">newsletter 5<\/a> | luty<\/li>\n<li><a href=\"https:\/\/us.edu.pl\/wydzial\/wnst\/wp-content\/uploads\/sites\/18\/newsletter\/4_NEWSLETTER_WNST.pdf\" class=\"mtli_attachment mtli_pdf\">newsletter 4<\/a> | luty<\/li>\n<li><a href=\"https:\/\/us.edu.pl\/wydzial\/wnst\/wp-content\/uploads\/sites\/18\/newsletter\/3_NEWSLETTER_WNST.pdf\" class=\"mtli_attachment mtli_pdf\">newsletter 3<\/a> | stycze\u0144<\/li>\n<li><a href=\"https:\/\/us.edu.pl\/wydzial\/wnst\/wp-content\/uploads\/sites\/18\/newsletter\/2_NEWSLETTER_WNST.pdf\" class=\"mtli_attachment mtli_pdf\">newsletter 2<\/a> | stycze\u0144<\/li>\n<li><a href=\"https:\/\/us.edu.pl\/wydzial\/wnst\/wp-content\/uploads\/sites\/18\/newsletter\/1_-NEWSLETTER_WNST.pdf\" class=\"mtli_attachment mtli_pdf\">newsletter 1<\/a> | stycze\u0144<\/li>\n<\/ul>\n<p>[\/vc_column_text][\/vc_tta_section][\/vc_tta_tabs]<div class=\"container\"><div class=\"separator\" style=\"background-color: #002E5A\"><\/div><\/div>[vc_column_text]<\/p>\n<h3><span style=\"color: #002e5a;\">ZESP\u00d3\u0141 REDAKCYJNY<\/span><\/h3>\n<p>[\/vc_column_text][vc_row_inner][vc_column_inner width=&#8221;1\/2&#8243;][vc_column_text]<\/p>\n<ul>\n<li><a href=\"https:\/\/ab.us.edu.pl\/emp?id=19302\" target=\"_blank\" rel=\"noopener\">dr hab. Agnieszka Nowak-Brzezi\u0144ska, prof. U\u015a &#8211; nadz\u00f3r merytoryczny<\/a><\/li>\n<li><a href=\"https:\/\/ab.us.edu.pl\/emp?id=62863\" target=\"_blank\" rel=\"noopener\">mgr Magda Korbela &#8211; redakcja i dystrybucja<\/a><\/li>\n<\/ul>\n<p>[\/vc_column_text][\/vc_column_inner][vc_column_inner width=&#8221;1\/2&#8243;][\/vc_column_inner][\/vc_row_inner][vc_row_inner][vc_column_inner width=&#8221;1\/3&#8243;][\/vc_column_inner][vc_column_inner width=&#8221;1\/3&#8243;][vc_single_image image=&#8221;30061&#8243; img_size=&#8221;large&#8221; alignment=&#8221;center&#8221; style=&#8221;vc_box_rounded&#8221;][\/vc_column_inner][vc_column_inner width=&#8221;1\/3&#8243;][\/vc_column_inner][\/vc_row_inner][\/vc_column][\/vc_row]<\/p>","protected":false},"excerpt":{"rendered":"<p>[vc_row el_class=&#8221;container&#8221;][vc_column width=&#8221;1\/5&#8243;][vc_wp_custommenu nav_menu=&#8221;433&#8243;][\/vc_column][vc_column width=&#8221;4\/5&#8243;][vc_tta_tabs][vc_tta_section title=&#8221;2026&#8243; tab_id=&#8221;1772619561305-2e2ade99-cbdd&#8221;][vc_column_text] newsletter 11 | kwiecie\u0144 newsletter 10 | kwiecie\u0144 newsletter 9 | marzec newsletter 8 | marzec newsletter 7\u00a0| marzec newsletter 6 | marzec newsletter 5 | marzec newsletter 4 | luty newsletter 3 | stycze\u0144 newsletter 2 | stycze\u0144 newsletter 1 | stycze\u0144 [\/vc_column_text][\/vc_tta_section][vc_tta_section title=&#8221;2025&#8243; tab_id=&#8221;1747305402899-7b4283e7-6038&#8243;][vc_column_text] newsletter 26 [&#8230;]<\/p>\n<p><a class=\"btn btn-secondary understrap-read-more-link\" href=\"https:\/\/us.edu.pl\/pracownik\/wnst\/newsletter\/\">Read More&#8230;<\/a><\/p>\n","protected":false},"author":92,"featured_media":0,"parent":29370,"menu_order":494,"comment_status":"closed","ping_status":"closed","template":"","meta":{"_expiration-date-status":"","_expiration-date":0,"_expiration-date-type":"","_expiration-date-categories":[],"_expiration-date-options":[]},"acf":[],"_links":{"self":[{"href":"https:\/\/us.edu.pl\/pracownik\/wp-json\/wp\/v2\/pages\/36279"}],"collection":[{"href":"https:\/\/us.edu.pl\/pracownik\/wp-json\/wp\/v2\/pages"}],"about":[{"href":"https:\/\/us.edu.pl\/pracownik\/wp-json\/wp\/v2\/types\/page"}],"author":[{"embeddable":true,"href":"https:\/\/us.edu.pl\/pracownik\/wp-json\/wp\/v2\/users\/92"}],"replies":[{"embeddable":true,"href":"https:\/\/us.edu.pl\/pracownik\/wp-json\/wp\/v2\/comments?post=36279"}],"version-history":[{"count":10,"href":"https:\/\/us.edu.pl\/pracownik\/wp-json\/wp\/v2\/pages\/36279\/revisions"}],"predecessor-version":[{"id":43278,"href":"https:\/\/us.edu.pl\/pracownik\/wp-json\/wp\/v2\/pages\/36279\/revisions\/43278"}],"up":[{"embeddable":true,"href":"https:\/\/us.edu.pl\/pracownik\/wp-json\/wp\/v2\/pages\/29370"}],"wp:attachment":[{"href":"https:\/\/us.edu.pl\/pracownik\/wp-json\/wp\/v2\/media?parent=36279"}],"curies":[{"name":"wp","href":"https:\/\/api.w.org\/{rel}","templated":true}]}}