{"id":36885,"date":"2025-06-05T13:23:48","date_gmt":"2025-06-05T11:23:48","guid":{"rendered":"https:\/\/us.edu.pl\/pracownik\/?page_id=36885"},"modified":"2026-04-16T13:49:43","modified_gmt":"2026-04-16T11:49:43","slug":"akredytacje-w-roku-akademickim-2025-2026","status":"publish","type":"page","link":"https:\/\/us.edu.pl\/pracownik\/sprawy-dydaktyczne\/pion-ksztalcenia\/akredytacja\/akredytacje-w-roku-akademickim-2025-2026\/","title":{"rendered":"Akredytacje w roku akademickim 2025\/2026"},"content":{"rendered":"<p>[vc_row][vc_column][\/vc_column][\/vc_row][vc_row][vc_column]\r\n                <div class=\"text-modules\">\r\n                    <div class=\"container\">\r\n                        <h3 class=\"page-title text__title\">Akredytacje w roku akademickim 2025\/2026<\/h3>\r\n                        <div class=\"text-modules__content\"><\/p>\n<p class=\"western\">Kierunki wyznaczone do akredytacji programowej PKA w roku akademickim 2025\/2026:<\/p>\n<table style=\"height: 1440px; width: 96.0173%; border-collapse: collapse; border-style: solid;\" border=\"1\">\n<tbody>\n<tr style=\"height: 17px;\">\n<td style=\"width: 5.93588%; height: 17px;\"><strong>Lp.<\/strong><\/td>\n<td style=\"width: 42.9561%; height: 17px;\"><strong>Kierunek<\/strong><\/td>\n<td style=\"width: 26.108%; height: 17px;\"><strong>Stan<\/strong><\/td>\n<td style=\"width: 25%; height: 17px;\"><strong>Raport Samooceny<\/strong><\/td>\n<\/tr>\n<tr style=\"height: 35px;\">\n<td style=\"width: 5.93588%; height: 10px;\">1.<\/td>\n<td style=\"width: 42.9561%; height: 10px;\">historia (WH)<\/td>\n<td style=\"width: 26.108%; height: 10px;\" width=\"390\">wizyta akredytacyjna odby\u0142a si\u0119 17-18 grudnia 2025; otrzymali\u015bmy Raport zespo\u0142u oceniaj\u0105cego<\/td>\n<td style=\"width: 25%; height: 10px;\"><a href=\"https:\/\/us.edu.pl\/pracownik\/wp-content\/uploads\/sites\/2\/Editor\/sprawy-dydatktyczne\/jakosc-ksztalcenia\/Raporty-PKA\/RS_historia-sig.pdf\" class=\"mtli_attachment mtli_pdf\" data-mtli=\"mtli_filesize3,03MB\" class=\"mtli_attachment mtli_pdf\" data-mtli=\"mtli_filesize3,03MB\" target=\"_blank\" rel=\"noopener\">pobierz<\/a><\/td>\n<\/tr>\n<tr style=\"height: 127px;\">\n<td style=\"width: 5.93588%; height: 127px;\">2.<\/td>\n<td style=\"width: 42.9561%; height: 127px;\">prawo (WPiA)<\/td>\n<td style=\"width: 26.108%; height: 10px;\" width=\"390\">akredytacja przyznana na 6 lat (uchwa\u0142a Prezydium PKA nr 99\/2026 z dn. 12.02.2026) \u2013 kolejna akredytacja powinna nast\u0105pi\u0107 w roku akademickim 2031\/2032<\/td>\n<td style=\"width: 25%; height: 10px;\"><a href=\"https:\/\/us.edu.pl\/pracownik\/wp-content\/uploads\/sites\/2\/Editor\/sprawy-dydatktyczne\/jakosc-ksztalcenia\/Raporty-PKA\/RS-prawo-sig.pdf\" class=\"mtli_attachment mtli_pdf\" data-mtli=\"mtli_filesize3,29MB\" class=\"mtli_attachment mtli_pdf\" data-mtli=\"mtli_filesize3,29MB\" target=\"_blank\" rel=\"noopener\">pobierz<\/a><\/td>\n<\/tr>\n<tr style=\"height: 145px;\">\n<td style=\"width: 5.93588%; height: 145px;\">3.<\/td>\n<td style=\"width: 42.9561%; height: 145px;\">organizacja produkcji filmowej i telewizyjnej (SF)<\/td>\n<td style=\"width: 26.108%; height: 10px;\" width=\"390\">akredytacja przyznana na 6 lat (uchwa\u0142a Prezydium PKA nr 195\/2026 z dn. 26.03.2026) \u2013 kolejna akredytacja powinna nast\u0105pi\u0107 w roku akademickim 2031\/2032<\/td>\n<td style=\"width: 25%; height: 10px;\"><a href=\"https:\/\/us.edu.pl\/pracownik\/wp-content\/uploads\/sites\/2\/Editor\/sprawy-dydatktyczne\/jakosc-ksztalcenia\/Raporty-PKA\/RS_org_prod-sig.pdf\" class=\"mtli_attachment mtli_pdf\" data-mtli=\"mtli_filesize2,11MB\" class=\"mtli_attachment mtli_pdf\" data-mtli=\"mtli_filesize2,11MB\" target=\"_blank\" rel=\"noopener\">pobierz<\/a><\/td>\n<\/tr>\n<tr style=\"height: 91px;\">\n<td style=\"width: 5.93588%; height: 91px;\">4.<\/td>\n<td style=\"width: 42.9561%; height: 145px;\">re\u017cyseria (SF)<\/td>\n<td style=\"width: 26.108%; height: 10px;\" width=\"390\">akredytacja przyznana na 6 lat (uchwa\u0142a Prezydium PKA nr 194\/2026 z dn. 26.03.2026) \u2013 kolejna akredytacja powinna nast\u0105pi\u0107 w roku akademickim 2031\/2032<\/td>\n<td style=\"width: 25%; height: 10px;\"><a href=\"https:\/\/us.edu.pl\/pracownik\/wp-content\/uploads\/sites\/2\/Editor\/sprawy-dydatktyczne\/jakosc-ksztalcenia\/Raporty-PKA\/RS_rezyseria.pdf\" class=\"mtli_attachment mtli_pdf\" data-mtli=\"mtli_filesize2,65MB\" class=\"mtli_attachment mtli_pdf\" data-mtli=\"mtli_filesize2,65MB\" target=\"_blank\" rel=\"noopener\">pobierz<\/a><\/td>\n<\/tr>\n<tr style=\"height: 91px;\">\n<td style=\"width: 5.93588%; height: 91px;\">5.<\/td>\n<td style=\"width: 42.9561%; height: 91px;\">edukacja artystyczna w zakresie sztuk plastycznych (WSNE)<\/td>\n<td style=\"width: 26.108%; height: 10px;\" width=\"390\">wizytacja akredytacyjna odby\u0142a si\u0119 12-13 marca 2026; czekamy na Raport zespo\u0142u oceniaj\u0105cego<\/td>\n<td style=\"width: 25%; height: 10px;\"><a href=\"https:\/\/us.edu.pl\/pracownik\/wp-content\/uploads\/sites\/2\/pracownik\/akredytacja\/RS-EAwZSP.pdf\" class=\"mtli_attachment mtli_pdf\" data-mtli=\"mtli_filesize3,86MB\" class=\"mtli_attachment mtli_pdf\" data-mtli=\"mtli_filesize3,86MB\" target=\"_blank\" rel=\"noopener\">pobierz<\/a><\/td>\n<\/tr>\n<tr style=\"height: 54px;\">\n<td style=\"width: 5.93588%; height: 54px;\">6.<\/td>\n<td style=\"width: 42.9561%; height: 54px;\">doradztwo filozoficzne i coaching (WH)<\/td>\n<td style=\"width: 26.108%; height: 10px;\" width=\"390\">raporty samooceny kierunku dla profilu og\u00f3lnoakademickiego (studia pierwszego stopnia) oraz dla profilu praktycznego (studia drugiego stopnia) zosta\u0142y przekazane do PKA 23 marca 2026 r.; termin wizytacji wyznaczony na 18-19 maja 2026<\/td>\n<td style=\"width: 25%; height: 10px;\"><a href=\"https:\/\/us.edu.pl\/pracownik\/wp-content\/uploads\/sites\/2\/Editor\/sprawy-dydatktyczne\/jakosc-ksztalcenia\/Raporty-PKA\/RS_DFiC_LIC_sig.pdf\" class=\"mtli_attachment mtli_pdf\" data-mtli=\"mtli_filesize3,32MB\" class=\"mtli_attachment mtli_pdf\" data-mtli=\"mtli_filesize3,32MB\" target=\"_blank\" rel=\"noopener\">pobierz<\/a><\/p>\n<p><a href=\"https:\/\/us.edu.pl\/pracownik\/wp-content\/uploads\/sites\/2\/Editor\/sprawy-dydatktyczne\/jakosc-ksztalcenia\/Raporty-PKA\/RS_DFiC_MU_sig.pdf\" class=\"mtli_attachment mtli_pdf\" data-mtli=\"mtli_filesize3,56MB\" class=\"mtli_attachment mtli_pdf\" data-mtli=\"mtli_filesize3,56MB\" target=\"_blank\" rel=\"noopener\">pobierz<\/a><\/td>\n<\/tr>\n<tr style=\"height: 54px;\">\n<td style=\"width: 5.93588%; height: 54px;\">7.<\/td>\n<td style=\"width: 42.9561%; height: 54px;\">in\u017cynieria materia\u0142owa (WNST)<\/td>\n<td style=\"width: 26.108%; height: 10px;\" width=\"390\">raport samooceny kierunku przekazany do PKA 26 lutego 2026 r.; termin wizytacji wyznaczony na 27-28 kwietnia 2026<\/td>\n<td style=\"width: 25%; height: 10px;\"><a href=\"https:\/\/us.edu.pl\/pracownik\/wp-content\/uploads\/sites\/2\/Editor\/sprawy-dydatktyczne\/jakosc-ksztalcenia\/Raporty-PKA\/RS_inz_mat_sig.pdf\" class=\"mtli_attachment mtli_pdf\" data-mtli=\"mtli_filesize3,29MB\" class=\"mtli_attachment mtli_pdf\" data-mtli=\"mtli_filesize3,29MB\" target=\"_blank\" rel=\"noopener\">pobierz<\/a><\/td>\n<\/tr>\n<tr style=\"height: 54px;\">\n<td style=\"width: 5.93588%; height: 54px;\">8.<\/td>\n<td style=\"width: 42.9561%; height: 54px;\">turystyka (WNP)<\/td>\n<td style=\"width: 26.108%; height: 10px;\" width=\"390\">akredytacja wyznaczona na II kwarta\u0142 2026; raport samooceny kierunku zosta\u0142 przekazany do PKA 19 lutego 2026; oczekujemy na wyznaczenie terminu wizytacji<\/td>\n<td style=\"width: 25%; height: 10px;\"><a href=\"https:\/\/us.edu.pl\/pracownik\/wp-content\/uploads\/sites\/2\/Editor\/sprawy-dydatktyczne\/jakosc-ksztalcenia\/Raporty-PKA\/RS_turystyka_US-sig.pdf\" class=\"mtli_attachment mtli_pdf\" data-mtli=\"mtli_filesize4,89MB\" class=\"mtli_attachment mtli_pdf\" data-mtli=\"mtli_filesize4,89MB\" target=\"_blank\" rel=\"noopener\">pobierz<\/a><\/td>\n<\/tr>\n<tr style=\"height: 145px;\">\n<td style=\"width: 5.93588%; height: 145px;\">9.<\/td>\n<td style=\"width: 42.9561%; height: 145px;\">bezpiecze\u0144stwo narodowe i mi\u0119dzynarodowe (WNS)<\/td>\n<td style=\"width: 26.108%; height: 10px;\" width=\"390\">raport samooceny kierunku zosta\u0142 przekazany do PKA 23 lutego 2026; wizytacja odbyby\u0142a si\u0119 w dniach 10-11 kwietnia 2026; czekamy na Raport zespo\u0142u oceniaj\u0105cego<\/td>\n<td style=\"width: 25%; height: 10px;\"><a href=\"https:\/\/us.edu.pl\/pracownik\/wp-content\/uploads\/sites\/2\/Editor\/sprawy-dydatktyczne\/jakosc-ksztalcenia\/Raporty-PKA\/BNiM-RS-got-sig.pdf\" class=\"mtli_attachment mtli_pdf\" data-mtli=\"mtli_filesize3,29MB\" class=\"mtli_attachment mtli_pdf\" data-mtli=\"mtli_filesize3,29MB\" target=\"_blank\" rel=\"noopener\">pobierz<\/a><\/td>\n<\/tr>\n<tr style=\"height: 72px;\">\n<td style=\"width: 5.93588%; height: 72px;\">10.<\/td>\n<td style=\"width: 42.9561%; height: 145px;\">politologia (WNS)<\/td>\n<td style=\"width: 26.108%; height: 10px;\" width=\"390\">akredytacja wyznaczona na II kwarta\u0142 2026; raport samooceny kierunku zosta\u0142 przekazany do PKA 13 marca 2026; oczekujemy na wyznaczenie terminu wizytacji<\/td>\n<td style=\"width: 25%; height: 10px;\"><a href=\"https:\/\/us.edu.pl\/pracownik\/wp-content\/uploads\/sites\/2\/Editor\/sprawy-dydatktyczne\/jakosc-ksztalcenia\/Raporty-PKA\/RS-politologia-sig.pdf\" class=\"mtli_attachment mtli_pdf\" data-mtli=\"mtli_filesize4,11MB\" class=\"mtli_attachment mtli_pdf\" data-mtli=\"mtli_filesize4,11MB\" target=\"_blank\" rel=\"noopener\">pobierz<\/a><\/td>\n<\/tr>\n<tr style=\"height: 72px;\">\n<td style=\"width: 5.93588%; height: 72px;\">11.<\/td>\n<td style=\"width: 42.9561%; height: 145px;\">dziennikarstwo i komunikacja spo\u0142eczna (WNS)<\/td>\n<td style=\"width: 26.108%; height: 10px;\" width=\"390\">raport samooceny zosta\u0142 przekazany do PKA 13 marca 2026; termin wizytacji wyznaczony na 27-28 kwietnia 2026<\/td>\n<td style=\"width: 25%; height: 10px;\"><a href=\"https:\/\/us.edu.pl\/pracownik\/wp-content\/uploads\/sites\/2\/Editor\/sprawy-dydatktyczne\/jakosc-ksztalcenia\/Raporty-PKA\/RS_DIKS_US_sig.pdf\" class=\"mtli_attachment mtli_pdf\" data-mtli=\"mtli_filesize4,06MB\" class=\"mtli_attachment mtli_pdf\" data-mtli=\"mtli_filesize4,06MB\" target=\"_blank\" rel=\"noopener\">pobierz<\/a><\/td>\n<\/tr>\n<\/tbody>\n<\/table>\n<p>\n<style type=\"text\/css\">a[data-mtli~=\"mtli_filesize3,03MB\"]:after {content:\" (3,03 MB)\"}a[data-mtli~=\"mtli_filesize3,29MB\"]:after {content:\" (3,29 MB)\"}a[data-mtli~=\"mtli_filesize2,11MB\"]:after {content:\" (2,11 MB)\"}a[data-mtli~=\"mtli_filesize2,65MB\"]:after {content:\" (2,65 MB)\"}a[data-mtli~=\"mtli_filesize3,86MB\"]:after {content:\" (3,86 MB)\"}a[data-mtli~=\"mtli_filesize3,32MB\"]:after {content:\" (3,32 MB)\"}a[data-mtli~=\"mtli_filesize3,56MB\"]:after {content:\" (3,56 MB)\"}a[data-mtli~=\"mtli_filesize4,89MB\"]:after {content:\" (4,89 MB)\"}a[data-mtli~=\"mtli_filesize4,11MB\"]:after {content:\" (4,11 MB)\"}a[data-mtli~=\"mtli_filesize4,06MB\"]:after {content:\" (4,06 MB)\"}<\/style><\/div>\r\n                    <\/div>\r\n                <\/div>[\/vc_column][\/vc_row]<\/p>\n<style type=\"text\/css\">a[data-mtli~=\"mtli_filesize3,03MB\"]:after {content:\" (3,03 MB)\"}a[data-mtli~=\"mtli_filesize3,29MB\"]:after {content:\" (3,29 MB)\"}a[data-mtli~=\"mtli_filesize2,11MB\"]:after {content:\" (2,11 MB)\"}a[data-mtli~=\"mtli_filesize2,65MB\"]:after {content:\" (2,65 MB)\"}a[data-mtli~=\"mtli_filesize3,86MB\"]:after {content:\" (3,86 MB)\"}a[data-mtli~=\"mtli_filesize3,32MB\"]:after {content:\" (3,32 MB)\"}a[data-mtli~=\"mtli_filesize3,56MB\"]:after {content:\" (3,56 MB)\"}a[data-mtli~=\"mtli_filesize4,89MB\"]:after {content:\" (4,89 MB)\"}a[data-mtli~=\"mtli_filesize4,11MB\"]:after {content:\" (4,11 MB)\"}a[data-mtli~=\"mtli_filesize4,06MB\"]:after {content:\" (4,06 MB)\"}<\/style>","protected":false},"excerpt":{"rendered":"<p>[vc_row][vc_column][\/vc_column][\/vc_row][vc_row][vc_column][\/vc_column][\/vc_row] [&#8230;]<\/p>\n<p><a class=\"btn btn-secondary understrap-read-more-link\" href=\"https:\/\/us.edu.pl\/pracownik\/sprawy-dydaktyczne\/pion-ksztalcenia\/akredytacja\/akredytacje-w-roku-akademickim-2025-2026\/\">Read More&#8230;<\/a><\/p>\n","protected":false},"author":41,"featured_media":0,"parent":724,"menu_order":0,"comment_status":"closed","ping_status":"closed","template":"page-templates\/inner-page.php","meta":{"_expiration-date-status":"","_expiration-date":0,"_expiration-date-type":"","_expiration-date-categories":[],"_expiration-date-options":[]},"acf":[],"_links":{"self":[{"href":"https:\/\/us.edu.pl\/pracownik\/wp-json\/wp\/v2\/pages\/36885"}],"collection":[{"href":"https:\/\/us.edu.pl\/pracownik\/wp-json\/wp\/v2\/pages"}],"about":[{"href":"https:\/\/us.edu.pl\/pracownik\/wp-json\/wp\/v2\/types\/page"}],"author":[{"embeddable":true,"href":"https:\/\/us.edu.pl\/pracownik\/wp-json\/wp\/v2\/users\/41"}],"replies":[{"embeddable":true,"href":"https:\/\/us.edu.pl\/pracownik\/wp-json\/wp\/v2\/comments?post=36885"}],"version-history":[{"count":10,"href":"https:\/\/us.edu.pl\/pracownik\/wp-json\/wp\/v2\/pages\/36885\/revisions"}],"predecessor-version":[{"id":43201,"href":"https:\/\/us.edu.pl\/pracownik\/wp-json\/wp\/v2\/pages\/36885\/revisions\/43201"}],"up":[{"embeddable":true,"href":"https:\/\/us.edu.pl\/pracownik\/wp-json\/wp\/v2\/pages\/724"}],"wp:attachment":[{"href":"https:\/\/us.edu.pl\/pracownik\/wp-json\/wp\/v2\/media?parent=36885"}],"curies":[{"name":"wp","href":"https:\/\/api.w.org\/{rel}","templated":true}]}}