{"id":37981,"date":"2025-06-24T12:28:32","date_gmt":"2025-06-24T10:28:32","guid":{"rendered":"https:\/\/us.edu.pl\/pracownik\/?page_id=37981"},"modified":"2025-06-24T12:36:03","modified_gmt":"2025-06-24T10:36:03","slug":"sukcesywna-dostawa-licencji-i-oprogramowania-biurowego","status":"publish","type":"page","link":"https:\/\/us.edu.pl\/pracownik\/procedury-i-obieg-dokumentow\/logistyka\/aktualne-umowy-dlugoterminowe\/sukcesywna-dostawa-licencji-i-oprogramowania-biurowego\/","title":{"rendered":"Sukcesywna dostawa licencji i oprogramowania biurowego"},"content":{"rendered":"<p>[vc_row][vc_column][\/vc_column][\/vc_row][vc_row][vc_column]\r\n                <div class=\"text-modules\">\r\n                    <div class=\"container\">\r\n                        <h3 class=\"page-title text__title\">Sukcesywna dostawa licencji i oprogramowania biurowego<\/h3>\r\n                        <div class=\"text-modules__content\"><p><strong>Dzia\u0142 Zarz\u0105dzania Dostawami informuje<\/strong>, \u017ce w dniu <strong>25.11.2024<\/strong> zosta\u0142a zawarta na okres 24 miesi\u0119cy Umowa\u00a0nr <strong>DZP.382.1.94.2024<\/strong>\u00a0z Wykonawc\u0105:\u00a0Crayon Poland Sp\u00f3\u0142ka z o.o.\u00a0na sukcesywn\u0105 dostaw\u0119 licencji i oprogramowania biurowego<\/p>\n<p>Procedura realizacji dostawy:<\/p>\n<p>\u2013 z\u0142o\u017cenie zapotrzebowania w systemie SAP wydrukowanie wniosku i zatwierdzenie przez s\u0142u\u017cby finansowe U.\u015a.<\/p>\n<p>\u2013 dostarczenie wniosku do Dzia\u0142u Zarz\u0105dzania Dostawami<\/p>\n<table width=\"948\">\n<tbody>\n<tr>\n<td width=\"948\">Pomocne informacje niezb\u0119dne do z\u0142o\u017cenia wniosk\u00f3w w Systemie SAP:<\/p>\n<p>Grupa przedmiotowa: <strong>zakup oprogramowania komputerowego Microsoft D6033A8T2<\/strong><\/p>\n<p>CPV:\u00a048900000-7, podatek VAT \u2013 23%<\/p>\n<p>W zak\u0142adce\u00a0\u201eKr\u00f3tki tekst\u201d\u00a0nale\u017cy wpisa\u0107:<\/p>\n<p>nazw\u0119 oprogramowania<\/p>\n<p>W zak\u0142adce\u00a0\u201eTeksty\u201d\u00a0nale\u017cy wpisa\u0107:<\/p>\n<p>1. Dodatkowy opis<\/p>\n<p>2. Kod produktu<\/p>\n<p>W zak\u0142adce \u2013\u00a0\u201eDane klienta\u201d\u00a0\u2013 tryb post\u0119powania \u2013\u00a0T1\u00a0\u2013 tryb podstawowy, bez negocjacji art. 275 pkt. 1<\/td>\n<\/tr>\n<\/tbody>\n<\/table>\n<p>Zamawiaj\u0105cy (Uniwersytet \u015al\u0105ski w Katowicach) zap\u0142aci Wykonawcy cen\u0119 obliczon\u0105 na podstawie cen okre\u015blonych w katalogu i cenniku aktualizowanym co miesi\u0105c, dost\u0119pnym u Bran\u017cyst\u00f3w.<\/p>\n<p>&nbsp;<\/p>\n<p><strong>UWAGA:\u00a0w przypadku, gdy notebooki, komputery nie zawieraj\u0105 oprogramowania Microsoft Office, w celu zam\u00f3wienia prosimy o z\u0142o\u017cenie osobnego wniosku w systemie SAP w grupie D6033A8T2<\/strong><\/p>\n<p><strong>Office Std Dev SL Standard nr kat. AAA-03499 \u2013 320 z\u0142 brutto,<\/strong><strong><br \/>\nOffice Pro+ Dev SL Professional Plus nr kat. AAA-03509 \u2013 420 z\u0142 brutto.<\/strong><\/p>\n<p>&nbsp;<\/p>\n<p>Osob\u0105 upowa\u017cnion\u0105 do kontakt\u00f3w z Wykonawc\u0105 s\u0105:<\/p>\n<p>Maria Ry\u015b, tel. 32\/359-13-63; e-mail:\u00a0<a href=\"mailto:maria.rys@us.edu.pl\">maria.rys@us.edu.pl<\/a><\/p>\n<p>Aleksandra Gruchlik, tel. 32\/359-22-45; e-mail:\u00a0<a href=\"mailto:aleksandra.gruchlik@us.edu.pl\">aleksandra.gruchlik@us.edu.pl<\/a><\/p>\n<p>Osobami upowa\u017cnionymi do kontakt\u00f3w ze strony Wykonawcy jest:<\/p>\n<p>Artur Szwagierek, tel. \u00a0+48\u00a0607\u00a0593 766; e-mail:\u00a0<a href=\"mailto:przetargi.pl@crayon.com\">przetargi.pl@crayon.com<\/a><\/p>\n<\/div>\r\n                    <\/div>\r\n                <\/div>[\/vc_column][\/vc_row]<\/p>","protected":false},"excerpt":{"rendered":"<p>[vc_row][vc_column][\/vc_column][\/vc_row][vc_row][vc_column][\/vc_column][\/vc_row] [&#8230;]<\/p>\n<p><a class=\"btn btn-secondary understrap-read-more-link\" href=\"https:\/\/us.edu.pl\/pracownik\/procedury-i-obieg-dokumentow\/logistyka\/aktualne-umowy-dlugoterminowe\/sukcesywna-dostawa-licencji-i-oprogramowania-biurowego\/\">Read More&#8230;<\/a><\/p>\n","protected":false},"author":7201,"featured_media":0,"parent":2268,"menu_order":303,"comment_status":"closed","ping_status":"closed","template":"page-templates\/inner-page.php","meta":{"_expiration-date-status":"","_expiration-date":0,"_expiration-date-type":"","_expiration-date-categories":[],"_expiration-date-options":[]},"acf":[],"_links":{"self":[{"href":"https:\/\/us.edu.pl\/pracownik\/wp-json\/wp\/v2\/pages\/37981"}],"collection":[{"href":"https:\/\/us.edu.pl\/pracownik\/wp-json\/wp\/v2\/pages"}],"about":[{"href":"https:\/\/us.edu.pl\/pracownik\/wp-json\/wp\/v2\/types\/page"}],"author":[{"embeddable":true,"href":"https:\/\/us.edu.pl\/pracownik\/wp-json\/wp\/v2\/users\/7201"}],"replies":[{"embeddable":true,"href":"https:\/\/us.edu.pl\/pracownik\/wp-json\/wp\/v2\/comments?post=37981"}],"version-history":[{"count":2,"href":"https:\/\/us.edu.pl\/pracownik\/wp-json\/wp\/v2\/pages\/37981\/revisions"}],"predecessor-version":[{"id":37989,"href":"https:\/\/us.edu.pl\/pracownik\/wp-json\/wp\/v2\/pages\/37981\/revisions\/37989"}],"up":[{"embeddable":true,"href":"https:\/\/us.edu.pl\/pracownik\/wp-json\/wp\/v2\/pages\/2268"}],"wp:attachment":[{"href":"https:\/\/us.edu.pl\/pracownik\/wp-json\/wp\/v2\/media?parent=37981"}],"curies":[{"name":"wp","href":"https:\/\/api.w.org\/{rel}","templated":true}]}}