{"id":3820,"date":"2019-11-07T08:35:01","date_gmt":"2019-11-07T07:35:01","guid":{"rendered":"https:\/\/us.edu.pl\/pracownik\/?page_id=3820"},"modified":"2026-04-15T10:56:58","modified_gmt":"2026-04-15T08:56:58","slug":"akty-prawne","status":"publish","type":"page","link":"https:\/\/us.edu.pl\/pracownik\/sprawy-dydaktyczne\/rekrutacja-na-studia\/akty-prawne\/","title":{"rendered":"Rekrutacja &#8211; akty prawne"},"content":{"rendered":"<p>[vc_row][vc_column]\r\n                <div class=\"text-modules\">\r\n                    <div class=\"container\">\r\n                        <h3 class=\"page-title text__title\">Akty prawne<\/h3>\r\n                        <div class=\"text-modules__content\"><p><strong><span style=\"font-size: 14pt;\">Rekrutacja na rok akademicki 2026\/2027<\/span><\/strong><\/p>\n<table style=\"border-collapse: collapse; width: 100%; height: 324px;\">\n<thead>\n<tr>\n<td style=\"width: 100%; background-color: #add9f0;\">\n<p style=\"text-align: center;\"><strong>Sk\u0142ady Wydzia\u0142owych Komisji Rekrutacyjnych na poszczeg\u00f3lnych wydzia\u0142ach<\/strong><\/p>\n<\/td>\n<\/tr>\n<tr style=\"background-color: #bfbaba; border-color: #000000;\">\n<td style=\"width: 100%; height: 260px;\">\n<ul>\n<li><a href=\"https:\/\/us.edu.pl\/pracownik\/wp-content\/uploads\/sites\/2\/Editor\/sprawy-dydatktyczne\/rekrutacja\/WKR-2026\/podpisane-powolanie-WKR_2026-2027.pdf\" class=\"mtli_attachment mtli_pdf\" data-mtli=\"mtli_filesize576,95kB\" class=\"mtli_attachment mtli_pdf\" data-mtli=\"mtli_filesize576,95kB\">DOP.1113.97.2026<\/a> &#8211; powo\u0142anie przez Rektora U\u015a Wydzia\u0142owych Komisji Rekrutacyjnych na poszczeg\u00f3lnych wydzia\u0142ach<\/li>\n<li><a href=\"https:\/\/us.edu.pl\/pracownik\/wp-content\/uploads\/sites\/2\/Editor\/sprawy-dydatktyczne\/rekrutacja\/WKR-2026\/Zalacznik-nr-1-Wydzial-Humanistyczny.xlsx\" class=\"mtli_attachment mtli_xlsx\" data-mtli=\"mtli_filesize22,25kB\" class=\"mtli_attachment mtli_xlsx\" data-mtli=\"mtli_filesize22,25kB\">Za\u0142\u0105cznik nr 1<\/a> \u2013 Wydzia\u0142 Humanistyczny;<\/li>\n<li><a href=\"https:\/\/us.edu.pl\/pracownik\/wp-content\/uploads\/sites\/2\/Editor\/sprawy-dydatktyczne\/rekrutacja\/WKR-2026\/Zalacznik-nr-2-Wydzial-Nauk-Scislych-i-Technicznych.xlsx\" class=\"mtli_attachment mtli_xlsx\" data-mtli=\"mtli_filesize20,44kB\" class=\"mtli_attachment mtli_xlsx\" data-mtli=\"mtli_filesize20,44kB\">Za\u0142\u0105cznik nr 2<\/a> \u2013 Wydzia\u0142 Nauk \u015acis\u0142ych i Technicznych;<\/li>\n<li><a href=\"https:\/\/us.edu.pl\/pracownik\/wp-content\/uploads\/sites\/2\/Editor\/sprawy-dydatktyczne\/rekrutacja\/WKR-2026\/Zalacznik-nr-3-Wydzial-Nauk-Spolecznych-1.xlsx\" class=\"mtli_attachment mtli_xlsx\" data-mtli=\"mtli_filesize13,09kB\" class=\"mtli_attachment mtli_xlsx\" data-mtli=\"mtli_filesize13,09kB\">Za\u0142\u0105cznik nr 3<\/a> \u2013 Wydzia\u0142 Nauk Spo\u0142ecznych;<\/li>\n<li><a href=\"https:\/\/us.edu.pl\/pracownik\/wp-content\/uploads\/sites\/2\/Editor\/sprawy-dydatktyczne\/rekrutacja\/WKR-2026\/Zalacznik-nr-4-Wydzial-Teologiczny.xlsx\" class=\"mtli_attachment mtli_xlsx\" data-mtli=\"mtli_filesize11,87kB\" class=\"mtli_attachment mtli_xlsx\" data-mtli=\"mtli_filesize11,87kB\">Za\u0142\u0105cznik nr 4<\/a> \u2013 Wydzia\u0142 Teologiczny;<\/li>\n<li><a href=\"https:\/\/us.edu.pl\/pracownik\/wp-content\/uploads\/sites\/2\/Editor\/sprawy-dydatktyczne\/rekrutacja\/WKR-2026\/Zalacznik-nr-5-Wydzial-Sztuki-i-Nauk-o-Edukacji.xlsx\" class=\"mtli_attachment mtli_xlsx\" data-mtli=\"mtli_filesize12,59kB\" class=\"mtli_attachment mtli_xlsx\" data-mtli=\"mtli_filesize12,59kB\">Za\u0142\u0105cznik nr 5<\/a> \u2013 Wydzia\u0142 Sztuki i Nauk o Edukacji;<\/li>\n<li><a href=\"https:\/\/us.edu.pl\/pracownik\/wp-content\/uploads\/sites\/2\/Editor\/sprawy-dydatktyczne\/rekrutacja\/WKR-2026\/Zalacznik-nr-6-Wydzial-Nauk-Przyrodniczych.xlsx\" class=\"mtli_attachment mtli_xlsx\" data-mtli=\"mtli_filesize12,85kB\" class=\"mtli_attachment mtli_xlsx\" data-mtli=\"mtli_filesize12,85kB\">Za\u0142\u0105cznik nr 6<\/a> \u2013 Wydzia\u0142 Nauk Przyrodniczych;<\/li>\n<li><a href=\"https:\/\/us.edu.pl\/pracownik\/wp-content\/uploads\/sites\/2\/Editor\/sprawy-dydatktyczne\/rekrutacja\/WKR-2026\/Zalacznik-nr-7-Wydzial-Prawa-i-Administracji.xlsx\" class=\"mtli_attachment mtli_xlsx\" data-mtli=\"mtli_filesize12,38kB\" class=\"mtli_attachment mtli_xlsx\" data-mtli=\"mtli_filesize12,38kB\">Za\u0142\u0105cznik nr 7 <\/a>\u2013 Wydzia\u0142 Prawa i Administracji;<\/li>\n<li><a href=\"https:\/\/us.edu.pl\/pracownik\/wp-content\/uploads\/sites\/2\/Editor\/sprawy-dydatktyczne\/rekrutacja\/WKR-2026\/Zalacznik-nr-8-Szkola-Filmowa-im.-Krzysztofa-Kieslowskiego.xlsx\" class=\"mtli_attachment mtli_xlsx\" data-mtli=\"mtli_filesize11,41kB\" class=\"mtli_attachment mtli_xlsx\" data-mtli=\"mtli_filesize11,41kB\">Za\u0142\u0105cznik nr 8<\/a> \u2013 Szko\u0142a Filmowa im. Krzysztofa Kie\u015blowskiego;<\/li>\n<li><a href=\"https:\/\/us.edu.pl\/pracownik\/wp-content\/uploads\/sites\/2\/Editor\/sprawy-dydatktyczne\/rekrutacja\/WKR-2026\/Zalacznik-nr-9-Kolegium-Indywidualnych-Studiow-Miedzyobszarowych.xlsx\" class=\"mtli_attachment mtli_xlsx\" data-mtli=\"mtli_filesize11,01kB\" class=\"mtli_attachment mtli_xlsx\" data-mtli=\"mtli_filesize11,01kB\">Za\u0142\u0105cznik nr 9 <\/a>\u2013 Kolegium Indywidualnych Studi\u00f3w Mi\u0119dzyobszarowych Uniwersytetu \u015al\u0105skiego w Katowicach.<\/li>\n<\/ul>\n<\/td>\n<\/tr>\n<\/thead>\n<\/table>\n<table style=\"height: 198px; width: 100%; border-collapse: collapse; background-color: #e6e1e1;\" border=\"1\">\n<tbody>\n<tr style=\"height: 18px;\">\n<td style=\"width: 50%; height: 18px; background-color: #add9f0; text-align: center;\" colspan=\"2\"><strong>Wydzia\u0142owi koordynatorzy ds. rekrutacji<\/strong><\/td>\n<\/tr>\n<tr style=\"height: 18px;\">\n<td style=\"width: 50%; text-align: center; height: 18px;\">Szko\u0142a Filmowa im. Krzysztofa Kie\u015blowskiego<\/td>\n<td style=\"width: 50%; text-align: center; height: 18px;\">mgr Hanna Bober<\/td>\n<\/tr>\n<tr style=\"height: 18px;\">\n<td style=\"width: 50%; text-align: center; height: 18px;\">Wydzia\u0142 Humanistyczny &#8211; Katowice<\/td>\n<td style=\"width: 50%; text-align: center; height: 18px;\">mgr Marzena Musia\u0142<\/td>\n<\/tr>\n<tr style=\"height: 18px;\">\n<td style=\"width: 50%; text-align: center; height: 18px;\">Wydzia\u0142 Humanistyczny &#8211; Sosnowiec<\/td>\n<td style=\"width: 50%; text-align: center; height: 18px;\">lic. Manuela Pust\u00f3\u0142<\/td>\n<\/tr>\n<tr style=\"height: 18px;\">\n<td style=\"width: 50%; text-align: center; height: 18px;\">Wydzia\u0142 Prawa i Administracji<\/td>\n<td style=\"width: 50%; text-align: center; height: 18px;\">mgr Olga Przybysz<\/td>\n<\/tr>\n<tr style=\"height: 18px;\">\n<td style=\"width: 50%; text-align: center; height: 18px;\">Wydzia\u0142 Nauk Przyrodniczych &#8211; Katowice<\/td>\n<td style=\"width: 50%; text-align: center; height: 18px;\">mgr Adrianna Koczorowska<\/td>\n<\/tr>\n<tr style=\"height: 18px;\">\n<td style=\"width: 50%; text-align: center; height: 18px;\">Wydzia\u0142 Nauk Przyrodniczych &#8211; Sosnowiec<\/td>\n<td style=\"width: 50%; text-align: center; height: 18px;\">mgr Rados\u0142awa Tomaszewska<\/td>\n<\/tr>\n<tr style=\"height: 18px;\">\n<td style=\"width: 50%; text-align: center; height: 18px;\">Wydzia\u0142 Nauk Spo\u0142ecznych<\/td>\n<td style=\"width: 50%; text-align: center; height: 18px;\">mgr Anna Jaz\u0142owska<\/td>\n<\/tr>\n<tr style=\"height: 18px;\">\n<td style=\"width: 50%; text-align: center; height: 18px;\">Wydzia\u0142 Sztuki i Nauk o Edukacji<\/td>\n<td style=\"width: 50%; text-align: center; height: 18px;\">mgr Justyna Staro\u0144<\/td>\n<\/tr>\n<tr style=\"height: 18px;\">\n<td style=\"width: 50%; text-align: center; height: 18px;\">Wydzia\u0142 Nauk \u015acis\u0142ych i Technicznych<\/td>\n<td style=\"width: 50%; text-align: center; height: 18px;\">mgr Marta Brysz Michalska<\/td>\n<\/tr>\n<tr style=\"height: 18px;\">\n<td style=\"width: 50%; text-align: center; height: 18px;\">Wydzia\u0142 Teologiczny<\/td>\n<td style=\"width: 50%; text-align: center; height: 18px;\">Agnieszka Setecka<\/td>\n<\/tr>\n<\/tbody>\n<\/table>\n<p>\n<style type=\"text\/css\">a[data-mtli~=\"mtli_filesize576,95kB\"]:after {content:\" (576,95 kB)\"}a[data-mtli~=\"mtli_filesize22,25kB\"]:after {content:\" (22,25 kB)\"}a[data-mtli~=\"mtli_filesize20,44kB\"]:after {content:\" (20,44 kB)\"}a[data-mtli~=\"mtli_filesize13,09kB\"]:after {content:\" (13,09 kB)\"}a[data-mtli~=\"mtli_filesize11,87kB\"]:after {content:\" (11,87 kB)\"}a[data-mtli~=\"mtli_filesize12,59kB\"]:after {content:\" (12,59 kB)\"}a[data-mtli~=\"mtli_filesize12,85kB\"]:after {content:\" (12,85 kB)\"}a[data-mtli~=\"mtli_filesize12,38kB\"]:after {content:\" (12,38 kB)\"}a[data-mtli~=\"mtli_filesize11,41kB\"]:after {content:\" (11,41 kB)\"}a[data-mtli~=\"mtli_filesize11,01kB\"]:after {content:\" (11,01 kB)\"}<\/style><\/div>\r\n                    <\/div>\r\n                <\/div>\r\n                <div class=\"text-modules\">\r\n                    <div class=\"container\">\r\n                        \r\n                        <div class=\"text-modules__content\"><p><strong>Cz\u0142onkowie komisji ds. \u015bwiadectw i dyplom\u00f3w zagranicznych<\/strong><\/p>\n<table style=\"height: 576px; width: 100%; background-color: #e6e1e1;\" border=\"1\" width=\"100%\">\n<tbody>\n<tr style=\"height: 36px;\">\n<td style=\"width: 20.712%; text-align: center; height: 36px;\" width=\"266\">mgr Agnieszka Kmiotek<\/td>\n<td style=\"width: 25.2339%; text-align: center; height: 36px;\" width=\"314\"><a href=\"mailto:agnieszka.kmiotek@us.edu.pl\">agnieszka.kmiotek@us.edu.pl<\/a><\/td>\n<td style=\"width: 26.2256%; text-align: center; height: 36px;\" width=\"214\">Wydzia\u0142 Sztuki i Nauk o Edukacji<\/td>\n<\/tr>\n<tr style=\"height: 54px;\">\n<td style=\"width: 20.712%; text-align: center; height: 54px;\">dr Agnieszka Sko\u0142ucka<\/td>\n<td style=\"width: 25.2339%; text-align: center; height: 54px;\"><a href=\"mailto:agnieszka.skolucka@us.edu.pl\">agnieszka.skolucka@us.edu.pl<\/a><\/td>\n<td style=\"width: 26.2256%; text-align: center; height: 54px;\" width=\"214\">Szko\u0142a Filmowa im. K. Kie\u015blowskiego<\/td>\n<\/tr>\n<tr style=\"height: 54px;\">\n<td style=\"width: 20.712%; text-align: center; height: 54px;\">dr Cie\u015blar Natalia<\/td>\n<td style=\"width: 25.2339%; text-align: center; height: 54px;\"><a href=\"mailto:natalia.cieslar@us.edu.pl\">natalia.cieslar@us.edu.pl<\/a><\/td>\n<td style=\"width: 26.2256%; text-align: center; height: 54px;\" width=\"214\">Wydzia\u0142 Nauk \u015acis\u0142ych i Technicznych<\/td>\n<\/tr>\n<tr style=\"height: 54px;\">\n<td style=\"width: 20.712%; text-align: center; height: 54px;\">dr Lam\u017ca Aleksander<\/td>\n<td style=\"width: 25.2339%; text-align: center; height: 54px;\"><a href=\"mailto:aleksander.lamza@us.edu.pl\">aleksander.lamza@us.edu.pl<\/a><\/td>\n<td style=\"width: 26.2256%; text-align: center; height: 54px;\" width=\"214\">Wydzia\u0142 Nauk \u015acis\u0142ych i Technicznych<\/td>\n<\/tr>\n<tr style=\"height: 54px;\">\n<td style=\"width: 20.712%; text-align: center; height: 54px;\">dr hab. Tarnacka Magdalena<\/td>\n<td style=\"width: 25.2339%; text-align: center; height: 54px;\"><a href=\"mailto:magdalena.tarnacka@us.edu.pl\">magdalena.tarnacka@us.edu.pl<\/a><\/td>\n<td style=\"width: 26.2256%; text-align: center; height: 54px;\" width=\"214\">Wydzia\u0142 Nauk \u015acis\u0142ych i Technicznych<\/td>\n<\/tr>\n<tr style=\"height: 36px;\">\n<td style=\"width: 20.712%; text-align: center; height: 36px;\">mgr Wola Agnieszka<\/td>\n<td style=\"width: 25.2339%; text-align: center; height: 36px;\"><a href=\"mailto:agnieszka.wola@us.edu.pl\">agnieszka.wola@us.edu.pl<\/a><\/td>\n<td style=\"width: 26.2256%; text-align: center; height: 36px;\" width=\"214\">Wydzia\u0142 Prawa i Administracji<\/td>\n<\/tr>\n<tr style=\"height: 54px;\">\n<td style=\"width: 20.712%; text-align: center; height: 54px;\">lic. Agnieszka Maroszek<\/td>\n<td style=\"width: 25.2339%; text-align: center; height: 54px;\"><a href=\"mailto:agnieszka.maroszek@us.edu.pl\">agnieszka.maroszek@us.edu.pl<\/a><\/td>\n<td style=\"width: 26.2256%; text-align: center; height: 54px;\" width=\"214\">Wydzia\u0142 Humanistyczny Katowice<\/td>\n<\/tr>\n<tr style=\"height: 54px;\">\n<td style=\"width: 20.712%; text-align: center; height: 54px;\">mgr Marta Klimek<\/td>\n<td style=\"width: 25.2339%; text-align: center; height: 54px;\"><a href=\"mailto:marta.klimek@us.edu.pl\">marta.klimek@us.edu.pl<\/a><\/td>\n<td style=\"width: 26.2256%; text-align: center; height: 54px;\" width=\"214\">Wydzia\u0142 Humanistyczny Katowice<\/td>\n<\/tr>\n<tr style=\"height: 54px;\">\n<td style=\"width: 20.712%; text-align: center; height: 54px;\">dr Cecylia Tatoj<\/td>\n<td style=\"width: 25.2339%; text-align: center; height: 54px;\"><a href=\"mailto:cecylia.tatoj@us.edu.pl\">cecylia.tatoj@us.edu.pl<\/a><\/td>\n<td style=\"width: 26.2256%; text-align: center; height: 54px;\" width=\"214\">Wydzia\u0142 Humanistyczny Sosnowiec<\/td>\n<\/tr>\n<tr style=\"height: 54px;\">\n<td style=\"width: 20.712%; text-align: center; height: 54px;\">dr Maciej Walczak<\/td>\n<td style=\"width: 25.2339%; text-align: center; height: 54px;\"><a href=\"mailto:maciej.walczak@us.edu.pl\">maciej.walczak@us.edu.pl<\/a><\/td>\n<td style=\"width: 26.2256%; text-align: center; height: 54px;\" width=\"214\">Wydzia\u0142 Humanistyczny Sosnowiec<\/td>\n<\/tr>\n<tr style=\"height: 36px;\">\n<td style=\"width: 20.712%; text-align: center; height: 36px;\">mgr Anna Jakubiec<\/td>\n<td style=\"width: 25.2339%; text-align: center; height: 36px;\"><a href=\"mailto:anna.jakubiec@us.edu.pl\">anna.jakubiec@us.edu.pl\u00a0<\/a><\/td>\n<td style=\"width: 26.2256%; text-align: center; height: 36px;\" width=\"214\">Wydzia\u0142 Nauk Spo\u0142ecznych<\/td>\n<\/tr>\n<tr style=\"height: 36px;\">\n<td style=\"width: 20.712%; text-align: center; height: 36px;\">Setecka Agnieszka<\/td>\n<td style=\"width: 25.2339%; text-align: center; height: 36px;\"><a href=\"mailto:agnieszka.setecka@us.edu.pl\">agnieszka.setecka@us.edu.pl<\/a><\/td>\n<td style=\"width: 26.2256%; text-align: center; height: 36px;\" width=\"214\">Wydzia\u0142 Teologiczny<\/td>\n<\/tr>\n<tr>\n<td style=\"width: 20.712%; text-align: center;\">dr Izabela Gre\u0144<\/td>\n<td style=\"width: 25.2339%; text-align: center;\"><a href=\"mailto:izabela.gren@us.edu.pl\">izabela.gren@us.edu.pl\u00a0<\/a><\/td>\n<td style=\"width: 26.2256%; text-align: center;\">Wydzia\u0142 Nauk Przyrodniczych<\/td>\n<\/tr>\n<tr>\n<td style=\"width: 20.712%; text-align: center;\">dr Natalia Tomczewska-Popowycz<\/td>\n<td style=\"width: 25.2339%; text-align: center;\"><a href=\"mailto:natalia.tomczewska-popowycz@us.edu.pl\">natalia.tomczewska-popowycz@us.edu.pl<\/a><\/td>\n<td style=\"width: 26.2256%; text-align: center;\">Wydzia\u0142 Nauk Przyrodniczych<\/td>\n<\/tr>\n<tr>\n<td style=\"width: 20.712%; text-align: center;\">prof. dr hab. Maciej Fic<\/td>\n<td style=\"width: 25.2339%; text-align: center;\"><a href=\"mailto:maciej.fic@us.edu.pl\">maciej.fic@us.edu.pl<\/a><\/td>\n<td style=\"width: 26.2256%; text-align: center;\">Kolegium Indywidualnych Studi\u00f3w Mi\u0119dzyobszarowych<\/td>\n<\/tr>\n<\/tbody>\n<\/table>\n<p>\n<\/div>\r\n                    <\/div>\r\n                <\/div>\r\n                <div class=\"text-modules\">\r\n                    <div class=\"container\">\r\n                        \r\n                        <div class=\"text-modules__content\"><p><strong>Akty prawne\u00a0<\/strong><\/p>\n<p><a href=\"https:\/\/rekrutacja.us.edu.pl\/kryteria-przyjec-na-rok-akademicki-2026-2027\/\">Uchwa\u0142a nr 122 Senatu U\u015a w sprawie warunk\u00f3w i trybu rekrutacji na pierwszy rok studi\u00f3w pierwszego i drugiego stopnia oraz jednolitych studi\u00f3w magisterskich w Uniwersytecie \u015al\u0105skim w Katowicach w roku akademickim 2026\/2027 <\/a><\/p>\n<p>Szczeg\u00f3\u0142owe zasady przeprowadzania rejestracji kandydat\u00f3w<\/p>\n<ul>\n<li><a href=\"https:\/\/aktyprawne.us.edu.pl\/d\/8260\/5\/\">Zarz\u0105dzenie nr 101 Rektora Uniwersytetu \u015al\u0105skiego w Katowicach z dnia 24 czerwca 2025 r. zmieniaj\u0105ce zarz\u0105dzenie w sprawie szczeg\u00f3\u0142owych zasad przeprowadzenia rejestracji kandydat\u00f3w na studia pierwszego i drugiego stopnia oraz jednolite studia magisterskie w Uniwersytecie \u015al\u0105skim w Katowicach<\/a><\/li>\n<li><a href=\"https:\/\/aktyprawne.us.edu.pl\/d\/6421\/5\/\">Zarz\u0105dzenie nr 91 Rektora Uniwersytetu \u015al\u0105skiego w Katowicach z dnia 31 maja 2023 r. zmieniaj\u0105ce zarz\u0105dzenie w sprawie szczeg\u00f3\u0142owych zasad przeprowadzenia rejestracji kandydat\u00f3w na studia pierwszego i drugiego stopnia oraz jednolite studia magisterskie w Uniwersytecie \u015al\u0105skim w Katowicach.<\/a><\/li>\n<li><a href=\"https:\/\/aktyprawne.us.edu.pl\/d\/6288\/5\/\">Zarz\u0105dzenie nr 60 Rektora Uniwersytetu \u015al\u0105skiego w Katowicach z dnia 28 marca 2023 r. w sprawie szczeg\u00f3\u0142owych zasad przeprowadzenia rejestracji kandydat\u00f3w na studia pierwszego i drugiego stopnia oraz jednolite studia magisterskie w Uniwersytecie \u015al\u0105skim w Katowicach.<\/a><\/li>\n<\/ul>\n<p>Limity miejsc<\/p>\n<ul>\n<li><\/li>\n<\/ul>\n<p>Olimpiady i konkursy<\/p>\n<ul>\n<li><a href=\"https:\/\/aktyprawne.us.edu.pl\/d\/8114\/5\/\">Uchwa\u0142a nr 114 Senatu U\u015a zmieniaj\u0105ca uchwa\u0142\u0119 w sprawie szczeg\u00f3\u0142owych zasad przyjmowania na I rok studi\u00f3w laureat\u00f3w i finalist\u00f3w olimpiad stopnia centralnego, laureat\u00f3w konkurs\u00f3w mi\u0119dzynarodowych oraz og\u00f3lnopolskich a tak\u017ce finalist\u00f3w Mistrzostw Polski w kategoriach m\u0142odzie\u017cowych, w dyscyplinach sportowych uj\u0119tych w rywalizacji sportu akademickiego w ramach programu Akademickie Mistrzostwa Polski w latach 2023\/2024, 2024\/2025, 2025\/2026, 2026\/2027<\/a><\/li>\n<li><a href=\"https:\/\/aktyprawne.us.edu.pl\/d\/7349\/5\/\">Uchwa\u0142a nr 534\/2024 Senatu U\u015a zmieniaj\u0105ca uchwa\u0142\u0119 w sprawie szczeg\u00f3\u0142owych zasad przyjmowania na I rok studi\u00f3w laureat\u00f3w i finalist\u00f3w olimpiad stopnia centralnego, laureat\u00f3w konkurs\u00f3w mi\u0119dzynarodowych oraz og\u00f3lnopolskich a tak\u017ce finalist\u00f3w Mistrzostw Polski w kategoriach m\u0142odzie\u017cowych, w dyscyplinach sportowych uj\u0119tych w rywalizacji sportu akademickiego w ramach programu Akademickie Mistrzostwa Polski w latach 2024\/2025, 2025\/2026, 2026\/2027<\/a><\/li>\n<li><a href=\"https:\/\/aktyprawne.us.edu.pl\/d\/6386\/5\/\">Uchwa\u0142a nr 395 Senatu U\u015a zmieniaj\u0105ca uchwa\u0142\u0119 w sprawie szczeg\u00f3\u0142owych zasad przyjmowania na I rok studi\u00f3w laureat\u00f3w i finalist\u00f3w olimpiad stopnia centralnego, laureat\u00f3w konkurs\u00f3w mi\u0119dzynarodowych oraz og\u00f3lnopolskich a tak\u017ce finalist\u00f3w Mistrzostw Polski w kategoriach m\u0142odzie\u017cowych, w dyscyplinach sportowych uj\u0119tych w rywalizacji sportu akademickiego w ramach programu Akademickie Mistrzostwa Polski w latach 2023\/2024, 2024\/2025, 2025\/2026, 2026\/2027<\/a><\/li>\n<li><a href=\"https:\/\/aktyprawne.us.edu.pl\/423-lista\/d\/5257\/5\/\">Uchwa\u0142a nr 145\/2021 Senatu U\u015a w sprawie szczeg\u00f3\u0142owych zasad przyjmowania na I rok studi\u00f3w laureat\u00f3w i finalist\u00f3w olimpiad stopnia centralnego, laureat\u00f3w konkurs\u00f3w mi\u0119dzynarodowych oraz og\u00f3lnopolskich a tak\u017ce finalist\u00f3w Mistrzostw Polski w kategoriach m\u0142odzie\u017cowych, w dyscyplinach sportowych uj\u0119tych w rywalizacji sportu akademickiego w ramach programu Akademickie Mistrzostwa Polski w latach 2023\/2024, 2024\/2025, 2025\/2026, 2026\/2027<\/a><\/li>\n<\/ul>\n<p>Kurs przygotowuj\u0105cy z j\u0119zyka polskiego zako\u0144czony egzaminem weryfikuj\u0105cym znajomo\u015b\u0107 j\u0119zyka polskiego<\/p>\n<ul>\n<li><a href=\"https:\/\/aktyprawne.us.edu.pl\/d\/8282\/5\/\">Pismo ok\u00f3lne nr 4 Rektora Uniwersytetu \u015al\u0105skiego w Katowicach z dnia 17 lipca 2025 r. w sprawie rodzaj\u00f3w dokument\u00f3w po\u015bwiadczaj\u0105cych znajomo\u015b\u0107 j\u0119zyka wyk\u0142adowego kandydat\u00f3w aplikuj\u0105cych na studia pierwszego i drugiego stopnia oraz jednolite studia magisterskie w Uniwersytecie \u015al\u0105skim w Katowicach na podstawie zagranicznych dokument\u00f3w o wykszta\u0142ceniu w roku akademickim 2025\/2026<\/a>.<\/li>\n<li><a href=\"https:\/\/aktyprawne.us.edu.pl\/d\/6550\/5\/\">Zarz\u0105dzenie nr 111 Rektora Uniwersytetu \u015al\u0105skiego w Katowicach z dnia 6 lipca 2023 r. w sprawie warunk\u00f3w przeprowadzania kursu przygotowuj\u0105cego z j\u0119zyka polskiego zako\u0144czonego egzaminem weryfikuj\u0105cym znajomo\u015b\u0107 j\u0119zyka polskiego dla kandydat\u00f3w aplikuj\u0105cych na studia w Uniwersytecie \u015al\u0105skim w Katowicach.<\/a><\/li>\n<\/ul>\n<p>Podzia\u0142 \u015brodk\u00f3w z op\u0142at rekrutacyjnych oraz zasady wynagradzania za udzia\u0142 w pracach zwi\u0105zanych z przeprowadzeniem rekrutacji na studia<\/p>\n<ul>\n<li><a href=\"https:\/\/aktyprawne.us.edu.pl\/d\/8104\/5\/\">Zarz\u0105dzenie nr 69 Rektora Uniwersytetu \u015al\u0105skiego w Katowicach z dnia 9 maja 2025 r. w sprawie podzia\u0142u \u015brodk\u00f3w z op\u0142at rekrutacyjnych oraz zasad wynagradzania za udzia\u0142 w pracach zwi\u0105zanych z przeprowadzeniem rekrutacji na studia, w tym za czynno\u015bci egzaminacyjne, w Uniwersytecie \u015al\u0105skim w Katowicach<\/a><\/li>\n<\/ul>\n<p>\n<\/div>\r\n                    <\/div>\r\n                <\/div>\r\n                <div class=\"tiles-section\" style=\"background: \">\r\n                    <div class=\"container\">\r\n                        <h3 class=\"page-title\"><\/h3>\r\n                        <div class=\"tiles tiles-3\">\r\n                            <a href=\"https:\/\/us.edu.pl\/pracownik\/sprawy-dydaktyczne\/rekrutacja-na-studia\/informacja-dla-wkr\/poradniki-dla-wkr\/\" class=\"tile tile_ justify-content-center\" style=\"background-color: #002E5A; font-weight: ; color: #ffffff;  \">\r\n                                \r\n                                   \r\n                               \r\n                                <div class=\"tile__name\">Informacje dla WKR<\/div>\r\n                            <\/a>\r\n                            <a href=\"https:\/\/us.edu.pl\/kandydat\/studia-i-stopnia-oraz-jednolite-magisterskie\" class=\"tile tile_ justify-content-center\" style=\"background-color: #002E5A; font-weight: ; color: #ffffff;  \">\r\n                                \r\n                                   \r\n                               \r\n                                <div class=\"tile__name\">Informacje dla kandydat\u00f3w - serwis Kandydat<\/div>\r\n                            <\/a>\r\n                            <a href=\"https:\/\/irk.us.edu.pl\/pl\/\" class=\"tile tile_ justify-content-center\" style=\"background-color: #002E5A; font-weight: ; color: #ffffff;  \">\r\n                                \r\n                                   \r\n                               \r\n                                <div class=\"tile__name\">System IRK<\/div>\r\n                            <\/a><\/div>\r\n                    <\/div>\r\n                <\/div>[\/vc_column][\/vc_row]<\/p>\n<style type=\"text\/css\">a[data-mtli~=\"mtli_filesize576,95kB\"]:after {content:\" (576,95 kB)\"}a[data-mtli~=\"mtli_filesize22,25kB\"]:after {content:\" (22,25 kB)\"}a[data-mtli~=\"mtli_filesize20,44kB\"]:after {content:\" (20,44 kB)\"}a[data-mtli~=\"mtli_filesize13,09kB\"]:after {content:\" (13,09 kB)\"}a[data-mtli~=\"mtli_filesize11,87kB\"]:after {content:\" (11,87 kB)\"}a[data-mtli~=\"mtli_filesize12,59kB\"]:after {content:\" (12,59 kB)\"}a[data-mtli~=\"mtli_filesize12,85kB\"]:after {content:\" (12,85 kB)\"}a[data-mtli~=\"mtli_filesize12,38kB\"]:after {content:\" (12,38 kB)\"}a[data-mtli~=\"mtli_filesize11,41kB\"]:after {content:\" (11,41 kB)\"}a[data-mtli~=\"mtli_filesize11,01kB\"]:after {content:\" (11,01 kB)\"}<\/style>","protected":false},"excerpt":{"rendered":"<p>[vc_row][vc_column][\/vc_column][\/vc_row] [&#8230;]<\/p>\n<p><a class=\"btn btn-secondary understrap-read-more-link\" href=\"https:\/\/us.edu.pl\/pracownik\/sprawy-dydaktyczne\/rekrutacja-na-studia\/akty-prawne\/\">Read More&#8230;<\/a><\/p>\n","protected":false},"author":31,"featured_media":0,"parent":6442,"menu_order":423,"comment_status":"closed","ping_status":"closed","template":"page-templates\/inner-page.php","meta":{"_expiration-date-status":"saved","_expiration-date":0,"_expiration-date-type":"","_expiration-date-categories":[],"_expiration-date-options":[]},"acf":[],"_links":{"self":[{"href":"https:\/\/us.edu.pl\/pracownik\/wp-json\/wp\/v2\/pages\/3820"}],"collection":[{"href":"https:\/\/us.edu.pl\/pracownik\/wp-json\/wp\/v2\/pages"}],"about":[{"href":"https:\/\/us.edu.pl\/pracownik\/wp-json\/wp\/v2\/types\/page"}],"author":[{"embeddable":true,"href":"https:\/\/us.edu.pl\/pracownik\/wp-json\/wp\/v2\/users\/31"}],"replies":[{"embeddable":true,"href":"https:\/\/us.edu.pl\/pracownik\/wp-json\/wp\/v2\/comments?post=3820"}],"version-history":[{"count":11,"href":"https:\/\/us.edu.pl\/pracownik\/wp-json\/wp\/v2\/pages\/3820\/revisions"}],"predecessor-version":[{"id":43118,"href":"https:\/\/us.edu.pl\/pracownik\/wp-json\/wp\/v2\/pages\/3820\/revisions\/43118"}],"up":[{"embeddable":true,"href":"https:\/\/us.edu.pl\/pracownik\/wp-json\/wp\/v2\/pages\/6442"}],"wp:attachment":[{"href":"https:\/\/us.edu.pl\/pracownik\/wp-json\/wp\/v2\/media?parent=3820"}],"curies":[{"name":"wp","href":"https:\/\/api.w.org\/{rel}","templated":true}]}}