{"id":3848,"date":"2019-11-07T08:49:34","date_gmt":"2019-11-07T07:49:34","guid":{"rendered":"https:\/\/us.edu.pl\/pracownik\/?page_id=3848"},"modified":"2026-03-11T08:12:10","modified_gmt":"2026-03-11T07:12:10","slug":"nostryfikacja-dyplomow-ukonczenia-studiow-za-granica-oraz-potwierdzanie-ukonczenia-studiow-na-okreslonym-poziomie","status":"publish","type":"page","link":"https:\/\/us.edu.pl\/pracownik\/sprawy-dydaktyczne\/pion-ksztalcenia\/nostryfikacja-dyplomow-ukonczenia-studiow-za-granica-oraz-potwierdzanie-ukonczenia-studiow-na-okreslonym-poziomie\/","title":{"rendered":"Nostryfikacja dyplom\u00f3w uko\u0144czenia studi\u00f3w za granic\u0105 oraz potwierdzanie uko\u0144czenia studi\u00f3w na okre\u015blonym poziomie"},"content":{"rendered":"<p>[vc_row][vc_column]\r\n                <div class=\"text-modules\">\r\n                    <div class=\"container\">\r\n                        <h3 class=\"page-title text__title\">Nostryfikacja dyplom\u00f3w uko\u0144czenia studi\u00f3w za granic\u0105<\/h3>\r\n                        <div class=\"text-modules__content\"><p><strong><u>Czym jest nostryfikacja dyplomu uko\u0144czenia studi\u00f3w za granic\u0105?<\/u><\/strong><\/p>\n<p>Nostryfikacja to procedura prowadz\u0105ca do ustalenia polskiego odpowiednika zagranicznego dyplomu. Nostryfikacji podlega dyplom uko\u0144czenia studi\u00f3w za granic\u0105, kt\u00f3ry nie mo\u017ce by\u0107 uznany za r\u00f3wnowa\u017cny odpowiedniemu polskiemu dyplomowi i\u00a0tytu\u0142owi zawodowemu na podstawie umowy mi\u0119dzynarodowej okre\u015blaj\u0105cej r\u00f3wnowa\u017cno\u015b\u0107.<\/p>\n<p>Osoba, kt\u00f3rej dyplom zosta\u0142 uznany za r\u00f3wnowa\u017cny polskiemu dyplomowi i\u00a0tytu\u0142owi, mo\u017ce pos\u0142ugiwa\u0107 si\u0119 odpowiednim polskim tytu\u0142em zawodowym.<\/p>\n<p><strong><u>Kto dokonuje nostryfikacji dyplomu uko\u0144czenia studi\u00f3w za granic\u0105?<\/u><\/strong><\/p>\n<p>Post\u0119powanie nostryfikacyjne, kt\u00f3re wszczyna si\u0119 na wniosek, prowadzi uczelnia posiadaj\u0105ca kategori\u0119 naukow\u0105 A+, A albo B+ w dyscyplinie, kt\u00f3rej dotyczy wniosek.<\/p>\n<p><strong><u>Wymagane dokumenty<\/u><\/strong><\/p>\n<p>Osoba ubiegaj\u0105ca si\u0119 o nostryfikacj\u0119 dyplomu uko\u0144czenia studi\u00f3w za granic\u0105 sk\u0142ada do Uniwersytetu \u015al\u0105skiego w Katowicach nast\u0119puj\u0105ce dokumenty:<\/p>\n<ol>\n<li>wype\u0142niony<a href=\"https:\/\/us.edu.pl\/pracownik\/wp-content\/uploads\/sites\/2\/Editor\/sprawy-dydatktyczne\/nostryfikacja\/Zalacznik-Nr-1_wniosek-o-nostryfikacje-dyplomu-1.docx\" class=\"mtli_attachment mtli_docx\" data-mtli=\"mtli_filesize28,30kB\" class=\"mtli_attachment mtli_docx\" data-mtli=\"mtli_filesize28,30kB\"> WNIOSEK<\/a> o wszcz\u0119cie post\u0119powania nostryfikacyjnego;<\/li>\n<li>dyplom uko\u0144czenia studi\u00f3w za granic\u0105;<\/li>\n<li>dokumenty umo\u017cliwiaj\u0105ce ocen\u0119 przebiegu studi\u00f3w, uzyskiwanych efekt\u00f3w uczenia si\u0119 i czasu trwania studi\u00f3w;<\/li>\n<li>\u015bwiadectwo, dyplom lub inny dokument, na podstawie kt\u00f3rego wnioskodawca zosta\u0142 przyj\u0119ty na studia;<\/li>\n<li>za\u015bwiadczenie <a href=\"https:\/\/nawa.gov.pl\/uznawalnosc\/wydawanie-informacji-o-zagranicznych-dyplomach\">Wydawanie informacji o zagranicznych dyplomach &#8211; NAWA<\/a> lub informacj\u0119 <a href=\"https:\/\/kwalifikator.nawa.gov.pl\/\">Kwalifikator &#8211; NAWA<\/a> Narodowej Agencji Wymiany Akademickiej o mo\u017cliwo\u015bci uznania w Polsce dyplomu uko\u0144czenia studi\u00f3w, o kt\u00f3rym mowa w pkt 2;<\/li>\n<li>nadto \u2014 o ile dotyczy \u2014 o\u015bwiadczenie o zmianie imienia i\/lub nazwiska na inne ni\u017c te, na kt\u00f3re zosta\u0142 wydany dyplom oraz &#8211; <u>do wgl\u0105du<\/u> &#8211; dokument po\u015bwiadczaj\u0105cy zmian\u0119 imienia i\/lub nazwiska.<\/li>\n<\/ol>\n<p>Dokumenty, o kt\u00f3rych mowa w pkt 2, 3 i 4, mog\u0105 by\u0107 z\u0142o\u017cone w postaci kopii po\u015bwiadczonych za zgodno\u015b\u0107 z orygina\u0142em przez upowa\u017cnionego pracownika Uniwersytetu \u015al\u0105skiego lub odpisu dokument\u00f3w po\u015bwiadczonego za zgodno\u015b\u0107 z orygina\u0142em przez notariusza b\u0105d\u017a przez wyst\u0119puj\u0105cego w sprawie pe\u0142nomocnika wnioskodawcy b\u0119d\u0105cego adwokatem lub radc\u0105 prawnym.<\/p>\n<p>Przed\u0142o\u017cone odpisy dokument\u00f3w i uwierzytelnione kopie dokument\u00f3w, o kt\u00f3rych mowa w pkt 2, 3 i 4, nie podlegaj\u0105 zwrotowi.<\/p>\n<p><strong><u>Op\u0142ata za post\u0119powanie nostryfikacyjne<\/u><\/strong><\/p>\n<p><strong>Op\u0142at\u0119 za przeprowadzenie post\u0119powania nostryfikacyjnego w wysoko\u015bci 4685,00 z\u0142 <\/strong><strong>wnosi si\u0119 na rachunek bankowy Uniwersytetu \u015al\u0105skiego w\u00a0Katowicach.<br \/>\n<\/strong>Op\u0142ata pobierana jest niezale\u017cnie od wyniku post\u0119powania.<\/p>\n<p>Op\u0142aty nie pobiera si\u0119 w przypadku stwierdzenia braku w\u0142a\u015bciwo\u015bci do przeprowadzenia post\u0119powania nostryfikacyjnego.<\/p>\n<p>W uzasadnionych przypadkach, w szczeg\u00f3lno\u015bci gdy przemawia za tym sytuacja materialna lub \u017cyciowa wnioskodawcy, mo\u017ce on ubiega\u0107 si\u0119 o ca\u0142kowite lub cz\u0119\u015bciowe zwolnienie z op\u0142aty. Do wniosku o zwolnienie z op\u0142aty nale\u017cy do\u0142\u0105czy\u0107 dokumentacj\u0119 potwierdzaj\u0105c\u0105 okoliczno\u015bci w nim wskazane.<\/p>\n<p><strong><u>Przebieg post\u0119powania nostryfikacyjnego<\/u><\/strong><\/p>\n<p>Uniwersytet \u015al\u0105ski por\u00f3wnuje program studi\u00f3w, uzyskiwane efekty uczenia si\u0119 i uprawnienia zawodowe, realizowane praktyki zawodowe oraz czas trwania studi\u00f3w z programem studi\u00f3w, uzyskiwanymi efektami uczenia si\u0119 i uprawnieniami zawodowymi, realizowanymi praktykami zawodowymi oraz czasem trwania podobnych studi\u00f3w prowadzonych w tej uczelni.<\/p>\n<p>Informacje o prowadzonych na Uniwersytecie \u015al\u0105skim kierunkach studi\u00f3w dost\u0119pne s\u0105\u00a0<a href=\"https:\/\/informator.us.edu.pl\/programmes\/list\/all\/\">Wszystkie studia &#8211; Katalog kierunk\u00f3w &#8211; Uniwersytet \u015al\u0105ski w Katowicach &#8211; Karta Kierunku (us.edu.pl)<\/a><\/p>\n<p>W przypadku stwierdzenia r\u00f3\u017cnic w programie studi\u00f3w, efektach uczenia si\u0119 lub czasie trwania studi\u00f3w uczelnia nostryfikuj\u0105ca mo\u017ce zobowi\u0105za\u0107 wnioskodawc\u0119 do z\u0142o\u017cenia okre\u015blonych egzamin\u00f3w lub odbycia praktyk zawodowych, okre\u015blaj\u0105c warunki i terminy ich przeprowadzenia.<\/p>\n<p>W przypadku uznania dyplomu uko\u0144czenia studi\u00f3w za granic\u0105 za r\u00f3wnowa\u017cny odpowiedniemu polskiemu dyplomowi i tytu\u0142owi zawodowemu w wyniku przeprowadzonego post\u0119powania nostryfikacyjnego wnioskodawcy wydaje si\u0119 stosowne za\u015bwiadczenie. Za\u015bwiadczenie stwierdza, \u017ce przed\u0142o\u017cony dyplom uzyskany za granic\u0105 jest r\u00f3wnowa\u017cny z konkretnym polskim dyplomem (np. dyplomem uko\u0144czenia studi\u00f3w pierwszego\/drugiego stopnia), nadaj\u0105cym konkretny polski tytu\u0142 zawodowy (np. licencjata, in\u017cyniera, magistra).<\/p>\n<p>W przypadku stwierdzenia braku w\u0142a\u015bciwo\u015bci do przeprowadzenia post\u0119powania, uczelnia wydaje postanowienie o odmowie jego przeprowadzenia, na kt\u00f3re s\u0142u\u017cy za\u017calenie.<\/p>\n<p><strong><u>Terminy w post\u0119powaniu nostryfikacyjnym<\/u><\/strong><\/p>\n<p>Wnioskodawca mo\u017ce z\u0142o\u017cy\u0107 wniosek w wybranym przez siebie terminie.<\/p>\n<p>Dat\u0105 wszcz\u0119cia post\u0119powania nostryfikacyjnego jest dzie\u0144 dor\u0119czenia Uniwersytetowi \u015al\u0105skiemu wniosku spe\u0142niaj\u0105cego wymagania formalne.<\/p>\n<p>Uniwersytet \u015al\u0105ski uznaje albo odmawia uznania dyplomu uko\u0144czenia studi\u00f3w za granic\u0105 za r\u00f3wnowa\u017cny polskiemu dyplomowi i tytu\u0142owi zawodowemu lub potwierdza albo odmawia potwierdzenia uko\u0144czenia studi\u00f3w na okre\u015blonym poziomie w terminie 90 dni od dnia z\u0142o\u017cenia wniosku spe\u0142niaj\u0105cego wymagania formalne.<\/p>\n<p>Do ww. terminu 90 dni nie wlicza si\u0119 okres\u00f3w wyznaczonych na uzupe\u0142nienie brak\u00f3w formalnych, przed\u0142o\u017cenie t\u0142umaczenia na j\u0119zyk polski dokument\u00f3w, o kt\u00f3rych mowa w pkt 2, 3, 4, oraz z\u0142o\u017cenie egzamin\u00f3w lub odbycie praktyk zawodowych.<\/p>\n<p><strong><u>Gdzie z\u0142o\u017cy\u0107 wymagane dokumenty? <\/u><\/strong><\/p>\n<p>W zale\u017cno\u015bci od kierunku studi\u00f3w &#8211; wype\u0142niony\u00a0 <a href=\"https:\/\/us.edu.pl\/pracownik\/wp-content\/uploads\/sites\/2\/Editor\/sprawy-dydatktyczne\/nostryfikacja\/Zalacznik-Nr-1_wniosek-o-nostryfikacje-dyplomu-1.docx\" class=\"mtli_attachment mtli_docx\" data-mtli=\"mtli_filesize28,30kB\" class=\"mtli_attachment mtli_docx\" data-mtli=\"mtli_filesize28,30kB\">WNIOSEK<\/a> wraz z kserokopiami wymaganych dokument\u00f3w (orygina\u0142y do wgl\u0105du) mo\u017cna sk\u0142ada\u0107 na w\u0142a\u015bciwym Wydziale.<\/p>\n<p><strong><u>Prosimy o wcze\u015bniejszy kontakt mailowy lub telefoniczny w celu um\u00f3wienia si\u0119 na z\u0142o\u017cenie dokument\u00f3w w siedzibie w\u0142a\u015bciwego Wydzia\u0142u<\/u>:<\/strong><\/p>\n<table style=\"height: 359px; width: 100%; border-collapse: collapse; border-style: solid;\" border=\"1\">\n<tbody>\n<tr style=\"height: 137px;\">\n<td style=\"width: 46.2633%; height: 137px; text-align: center;\"><strong>Wydzia\u0142 Humanistyczny<\/strong><\/td>\n<td style=\"width: 53.7367%; height: 137px;\">\n<p style=\"text-align: center;\">ul. Grota-Roweckiego 5, p. 2.20<br \/>\n41-200 Sosnowiec<br \/>\n<strong>dr Antonina Termi\u0144ska,<br \/>\n<\/strong>e-mail: <a href=\"mailto:antonina.terminska@us.edu.pl\">antonina.terminska@us.edu.pl<\/a><br \/>\ntelefon: 32 364 09 73<\/p>\n<p style=\"text-align: center;\">oraz<\/p>\n<p style=\"text-align: center;\">ul. Grota-Roweckiego 5, p. 1.8<br \/>\n41-200 Sosnowiec<br \/>\n<strong>mgr Agnieszka Binduchowska<br \/>\n<\/strong>e-mail: <a href=\"mailto:agnieszka.binduchowska@us.edu.pl\">agnieszka.binduchowska@us.edu.pl<\/a><br \/>\ntelefon: 32\u00a0364 08 28<\/p>\n<\/td>\n<\/tr>\n<tr style=\"height: 132px;\">\n<td style=\"width: 46.2633%; height: 132px; text-align: center;\"><strong>Wydzia\u0142 Nauk Spo\u0142ecznych<\/strong><\/td>\n<td style=\"width: 53.7367%; height: 132px;\">\n<p style=\"text-align: center;\"><strong>K<\/strong><strong>ierunek studi\u00f3w: <\/strong><strong>PSYCHOLOGIA<br \/>\n<\/strong>ul. Bankowa 11, pok. 10<br \/>\n40-007 Katowice<br \/>\n<strong>mgr Magdalena Buda<\/strong>,<br \/>\ne-mail:\u00a0<a href=\"mailto:magdalena.buda@us.edu.pl\">magdalena.buda@us.edu.pl<\/a><br \/>\ntelefon: 32 359 23 96<\/p>\n<p style=\"text-align: center;\"><strong>K<\/strong><strong>ierunek studi\u00f3w: PEDAGOGIKA<br \/>\n<\/strong>ul. Gra\u017cy\u0144skiego 53, pok. 12<br \/>\n40-126 Katowice<br \/>\n<strong>mgr Marzena Gromala<br \/>\n<\/strong>e-mail: <a href=\"mailto:marzena.gromala@us.edu.pl\">marzena.gromala@us.edu.pl<\/a><br \/>\ntelefon: 32\u00a0359 98 93<\/p>\n<p style=\"text-align: center;\"><strong>K<\/strong><strong>ierunki studi\u00f3w: <\/strong><strong>SOCJOLOGIA, NAUKI POLITYCZNE, DZIENNIKARSTWO<br \/>\n<\/strong>Bankowa 11, pok. 10 a (parter)<br \/>\n40-007 Katowice<br \/>\n<strong>mgr\u00a0Katarzyna Plachimowicz<\/strong>,<br \/>\ne-mail:\u00a0<a href=\"mailto:katarzyna.plachimowicz@us.edu.pl\">katarzyna.plachimowicz@us.edu.pl<\/a><br \/>\ntelefon: 32 359\u00a018\u00a014<\/p>\n<\/td>\n<\/tr>\n<tr style=\"height: 18px;\">\n<td style=\"width: 46.2633%; height: 18px; text-align: center;\"><strong>Wydzia\u0142 Prawa i Administracji<\/strong><\/td>\n<td style=\"width: 53.7367%; height: 18px;\">\n<p style=\"text-align: center;\">ul. Bankowa 11b, p.1.15<br \/>\n40-007 Katowice<br \/>\n<strong>mgr Rafa\u0142 Machna<\/strong>,<br \/>\ne-mail: <a href=\"mailto:rafal.machna@us.edu.pl\">rafal.machna@us.edu.pl<\/a><\/p>\n<p style=\"text-align: center;\">telefon: 32\u00a0359 24 39<\/p>\n<\/td>\n<\/tr>\n<tr style=\"height: 18px;\">\n<td style=\"width: 46.2633%; height: 18px; text-align: center;\"><strong>Wydzia\u0142 Nauk Przyrodniczych<\/strong><\/td>\n<td style=\"width: 53.7367%; height: 18px;\">\n<p style=\"text-align: center;\"><strong>Kierunek studi\u00f3w: BIOLOGIA<\/strong><\/p>\n<p style=\"text-align: center;\">ul. Jagiello\u0144ska 28, p. B-10<br \/>\n40-032 Katowice<br \/>\n<strong>mgr El\u017cbieta Soczawa<\/strong>,<br \/>\ne-mail: <a href=\"mailto:elzbieta.soczawa@us.edu.pl\">elzbieta.soczawa@us.edu.pl<\/a><br \/>\ntelefon: 32\u00a0200 95 65<\/p>\n<p style=\"text-align: center;\">Kierunek studi\u00f3w: <strong>GEOGRAFIA<br \/>\n<\/strong>ul. B\u0119dzi\u0144ska 60, p. 111<br \/>\n41-200 Sosnowiec<br \/>\n<strong>mgr Magdalena Tomaszkiewicz<\/strong>,<br \/>\ne-mail: <a href=\"mailto:magdalena.tomaszkiewicz@us.edu.pl\">magdalena.tomaszkiewicz@us.edu.pl<\/a><br \/>\ntelefon: 32\u00a0368 96 76<\/p>\n<p style=\"text-align: center;\"><strong>Justyna Rogalska-Nowak<\/strong>,<br \/>\ne-mail: <a href=\"mailto:justyna.rogalska@us.edu.pl\">justyna.rogalska@us.edu.pl<\/a><br \/>\ntelefon: 32\u00a0368 96 80<\/p>\n<\/td>\n<\/tr>\n<tr>\n<td style=\"width: 46.2633%; text-align: center;\"><strong>Wydzia\u0142 Nauk \u015acis\u0142ych i Technicznych<\/strong><\/p>\n<p><strong>\u00a0<\/strong><\/td>\n<td style=\"width: 53.7367%;\">\n<p style=\"text-align: center;\">ul. Bankowa 14, p. 220<br \/>\n40-007 Katowice<br \/>\n<strong>mgr in\u017c. Katarzyna Szczerba<\/strong><br \/>\ne-mail: <a href=\"mailto:katarzyna.szczerba@us.edu.pl\">katarzyna.szczerba@us.edu.pl<\/a><\/p>\n<p style=\"text-align: center;\">telefon: 32\u00a0359 19 70<\/p>\n<p style=\"text-align: center;\">ul. Bankowa 14, p. 219<br \/>\n40-007 Katowice<br \/>\n<strong>Gra\u017cyna Dobrowolska<\/strong><br \/>\ne-mail: <a href=\"mailto:grazyna.dobrowolska@us.edu.pl\">grazyna.dobrowolska@us.edu.pl<\/a><\/p>\n<p style=\"text-align: center;\">telefon: 32\u00a0359 16 15<\/p>\n<\/td>\n<\/tr>\n<tr style=\"height: 18px;\">\n<td style=\"width: 46.2633%; height: 18px; text-align: center;\"><strong>Wydzia\u0142 Sztuki i Nauk o Edukacji<\/strong><\/td>\n<td style=\"width: 53.7367%; height: 18px; text-align: center;\">ul. Niemcewicza 6<br \/>\n43-400 Cieszyn<br \/>\n<strong>mgr Diana Wiszniewska<\/strong>,<br \/>\ne-mail: \u00a0<a href=\"mailto:diana.wiszniewska@us.edu.pl\">diana.wiszniewska@us.edu.pl<br \/>\n<\/a>telefon: 33 854 61 50<\/td>\n<\/tr>\n<tr style=\"height: 18px;\">\n<td style=\"width: 46.2633%; height: 18px; text-align: center;\"><strong>Wydzia\u0142 Teologiczny<\/strong><\/td>\n<td style=\"width: 53.7367%; height: 18px; text-align: center;\">ul. Jordana 18<br \/>\n40-043 Katowice<br \/>\n<strong>mgr Ewa Kostkiewicz<\/strong>,<br \/>\ne-mail: <a href=\"mailto:ewa.kostkiewicz@us.edu.pl\">ewa.kostkiewicz@us.edu.pl <\/a><br \/>\ntelefon: 32\u00a0356 90 54<br \/>\n<strong>Agnieszka Setecka<\/strong>,<br \/>\ne-mail: <a href=\"mailto:agnieszka.setecka@us.edu.pl\">agnieszka.setecka@us.edu.pl <\/a>,<br \/>\ntelefon: 32 356 90 54<\/td>\n<\/tr>\n<tr style=\"height: 18px;\">\n<td style=\"width: 46.2633%; height: 18px; text-align: center;\"><strong>Szko\u0142a Filmowa im. Krzysztofa Kie\u015blowskiego<\/strong><\/td>\n<td style=\"width: 53.7367%; height: 18px; text-align: center;\">ul. \u015bw. Paw\u0142a 3<br \/>\n40-008 Katowice<br \/>\n<strong>mgr Ada Grzelewska<\/strong>,<br \/>\ne-mail: <a href=\"mailto:ada.grzelewska@us.edu.pl\">ada.grzelewska@us.edu.pl<\/a><br \/>\ntelefon: 32\u00a0359 24 07<\/td>\n<\/tr>\n<\/tbody>\n<\/table>\n<h2><\/h2>\n<h2><u>Akty prawne okre\u015blaj\u0105ce procedur\u0119 nostryfikacji dyplomu uko\u0144czenia studi\u00f3w za granic\u0105<\/u><\/h2>\n<p>Uniwersytet \u015al\u0105ski przeprowadza post\u0119powanie nostryfikacyjne na wniosek osoby zainteresowanej na zasadach i warunkach okre\u015blonych w:<\/p>\n<p>1) aktach prawa powszechnie obowi\u0105zuj\u0105cego:<\/p>\n<ul>\n<li>art. 327 ustawy z dnia 20 lipca 2018 r. \u2013 Prawo o szkolnictwie wy\u017cszym i nauce (tekst jednolity: Dz. U. z 2023 r. poz. 742 ze zm.);<\/li>\n<li>rozporz\u0105dzenie Ministra Nauki i Szkolnictwa Wy\u017cszego z dnia 28 wrze\u015bnia 2018 r. w sprawie nostryfikacji dyplom\u00f3w uko\u0144czenia studi\u00f3w za granic\u0105 oraz potwierdzania uko\u0144czenia studi\u00f3w na okre\u015blonym poziomie <a href=\"https:\/\/dziennikustaw.gov.pl\/DU\/rok\/2018\/pozycja\/1881\">Dziennik Ustaw 2018 r. poz. 1881<\/a><\/li>\n<\/ul>\n<p>2) aktach wewn\u0105trzuczelnianych:<\/p>\n<ul>\n<li>Zarz\u0105dzenie nr 25\u00a0 Rektora Uniwersytetu \u015al\u0105skiego w Katowicach z dnia 29 lutego 2024 r. w sprawie nostryfikacji dyplom\u00f3w uko\u0144czenia studi\u00f3w za granic\u0105 oraz potwierdzania uko\u0144czenia studi\u00f3w na okre\u015blonym poziomie w Uniwersytecie \u015al\u0105skim w Katowicach <a href=\"https:\/\/aktyprawne.us.edu.pl\/d\/7207\/5\/?tc=17\">Zarz\u0105dzenie Rektora nr 25\/2024 (us.edu.pl)<\/a><\/li>\n<\/ul>\n<p><strong>Uniwersytet \u015al\u0105ski w Katowicach<\/strong><strong><br \/>\n<\/strong><strong>Dzia\u0142 Kszta\u0142cenia<\/strong><strong><br \/>\n<\/strong>ul. Bankowa 12, pok. 0.30 (parter)<br \/>\n40-007 Katowice<br \/>\nTel. 32\/359 16 22<\/p>\n<p>Anna Laskowska, e-mail: <a href=\"mailto:anna.laskowska@us.edu.pl\">anna.laskowska@us.edu.pl<\/a><\/p>\n<p>Ma\u0142gorzata Drenda-Piotrowska, e-mail: <a href=\"mailto:malgorzata.drenda-piotrowska@us.edu.pl\">malgorzata.drenda-piotrowska@us.edu.pl<\/a><\/p>\n<style type=\"text\/css\">a[data-mtli~=\"mtli_filesize28,30kB\"]:after {content:\" (28,30 kB)\"}<\/style><\/div>\r\n                    <\/div>\r\n                <\/div>[\/vc_column][\/vc_row]<\/p>\n<style type=\"text\/css\">a[data-mtli~=\"mtli_filesize28,30kB\"]:after {content:\" (28,30 kB)\"}<\/style>","protected":false},"excerpt":{"rendered":"<p>[vc_row][vc_column][\/vc_column][\/vc_row] [&#8230;]<\/p>\n<p><a class=\"btn btn-secondary understrap-read-more-link\" href=\"https:\/\/us.edu.pl\/pracownik\/sprawy-dydaktyczne\/pion-ksztalcenia\/nostryfikacja-dyplomow-ukonczenia-studiow-za-granica-oraz-potwierdzanie-ukonczenia-studiow-na-okreslonym-poziomie\/\">Read More&#8230;<\/a><\/p>\n","protected":false},"author":31,"featured_media":0,"parent":3768,"menu_order":473,"comment_status":"closed","ping_status":"closed","template":"page-templates\/inner-page.php","meta":{"_expiration-date-status":"","_expiration-date":0,"_expiration-date-type":"","_expiration-date-categories":[],"_expiration-date-options":[]},"acf":[],"_links":{"self":[{"href":"https:\/\/us.edu.pl\/pracownik\/wp-json\/wp\/v2\/pages\/3848"}],"collection":[{"href":"https:\/\/us.edu.pl\/pracownik\/wp-json\/wp\/v2\/pages"}],"about":[{"href":"https:\/\/us.edu.pl\/pracownik\/wp-json\/wp\/v2\/types\/page"}],"author":[{"embeddable":true,"href":"https:\/\/us.edu.pl\/pracownik\/wp-json\/wp\/v2\/users\/31"}],"replies":[{"embeddable":true,"href":"https:\/\/us.edu.pl\/pracownik\/wp-json\/wp\/v2\/comments?post=3848"}],"version-history":[{"count":10,"href":"https:\/\/us.edu.pl\/pracownik\/wp-json\/wp\/v2\/pages\/3848\/revisions"}],"predecessor-version":[{"id":42589,"href":"https:\/\/us.edu.pl\/pracownik\/wp-json\/wp\/v2\/pages\/3848\/revisions\/42589"}],"up":[{"embeddable":true,"href":"https:\/\/us.edu.pl\/pracownik\/wp-json\/wp\/v2\/pages\/3768"}],"wp:attachment":[{"href":"https:\/\/us.edu.pl\/pracownik\/wp-json\/wp\/v2\/media?parent=3848"}],"curies":[{"name":"wp","href":"https:\/\/api.w.org\/{rel}","templated":true}]}}