{"id":3880,"date":"2019-11-07T09:36:26","date_gmt":"2019-11-07T08:36:26","guid":{"rendered":"https:\/\/us.edu.pl\/pracownik\/?page_id=3880"},"modified":"2023-01-17T11:50:26","modified_gmt":"2023-01-17T10:50:26","slug":"potwierdzania-efektow-uczenia-sie-uzyskanych-poza-systemem-studiow","status":"publish","type":"page","link":"https:\/\/us.edu.pl\/pracownik\/sprawy-dydaktyczne\/pion-ksztalcenia\/potwierdzania-efektow-uczenia-sie-uzyskanych-poza-systemem-studiow\/","title":{"rendered":"Potwierdzanie efekt\u00f3w uczenia si\u0119 uzyskanych poza systemem studi\u00f3w"},"content":{"rendered":"<p>[vc_row][vc_column]\r\n                <div class=\"text-modules\">\r\n                    <div class=\"container\">\r\n                        <h3 class=\"page-title text__title\">Potwierdzanie efekt\u00f3w uczenia si\u0119 uzyskanych poza systemem studi\u00f3w<\/h3>\r\n                        <div class=\"text-modules__content\"><p><a href=\"https:\/\/aktyprawne.us.edu.pl\/423-lista\/d\/179\/5\/\">Zarz\u0105dzenie nr 5\/2020 z dnia 08-01-2020 Rektora U\u015a w sprawie ustalenia sposobu naliczania op\u0142aty za przeprowadzenie procedury potwierdzania efekt\u00f3w uczenia si\u0119 oraz wprowadzenia wzoru umowy dotycz\u0105cej odp\u0142atno\u015bci za t\u0105 us\u0142ug\u0119.<\/a><\/p>\n<p><a href=\"https:\/\/aktyprawne.us.edu.pl\/423-lista\/d\/3221\/5\/\">Uchwa\u0142a nr 432\/2019 z dnia 24-09-2019 Senatu U\u015a w sprawie organizacji w Uniwersytecie \u015al\u0105skim w Katowicach potwierdzania efekt\u00f3w uczenia si\u0119 uzyskanych poza systemem studi\u00f3w<\/a><\/p>\n<\/div>\r\n                    <\/div>\r\n                <\/div>[\/vc_column][\/vc_row]<\/p>","protected":false},"excerpt":{"rendered":"<p>[vc_row][vc_column][\/vc_column][\/vc_row] [&#8230;]<\/p>\n<p><a class=\"btn btn-secondary understrap-read-more-link\" href=\"https:\/\/us.edu.pl\/pracownik\/sprawy-dydaktyczne\/pion-ksztalcenia\/potwierdzania-efektow-uczenia-sie-uzyskanych-poza-systemem-studiow\/\">Read More&#8230;<\/a><\/p>\n","protected":false},"author":31,"featured_media":0,"parent":3768,"menu_order":475,"comment_status":"closed","ping_status":"closed","template":"page-templates\/inner-page.php","meta":{"_expiration-date-status":"saved","_expiration-date":0,"_expiration-date-type":"","_expiration-date-categories":[],"_expiration-date-options":[]},"acf":[],"_links":{"self":[{"href":"https:\/\/us.edu.pl\/pracownik\/wp-json\/wp\/v2\/pages\/3880"}],"collection":[{"href":"https:\/\/us.edu.pl\/pracownik\/wp-json\/wp\/v2\/pages"}],"about":[{"href":"https:\/\/us.edu.pl\/pracownik\/wp-json\/wp\/v2\/types\/page"}],"author":[{"embeddable":true,"href":"https:\/\/us.edu.pl\/pracownik\/wp-json\/wp\/v2\/users\/31"}],"replies":[{"embeddable":true,"href":"https:\/\/us.edu.pl\/pracownik\/wp-json\/wp\/v2\/comments?post=3880"}],"version-history":[{"count":4,"href":"https:\/\/us.edu.pl\/pracownik\/wp-json\/wp\/v2\/pages\/3880\/revisions"}],"predecessor-version":[{"id":19941,"href":"https:\/\/us.edu.pl\/pracownik\/wp-json\/wp\/v2\/pages\/3880\/revisions\/19941"}],"up":[{"embeddable":true,"href":"https:\/\/us.edu.pl\/pracownik\/wp-json\/wp\/v2\/pages\/3768"}],"wp:attachment":[{"href":"https:\/\/us.edu.pl\/pracownik\/wp-json\/wp\/v2\/media?parent=3880"}],"curies":[{"name":"wp","href":"https:\/\/api.w.org\/{rel}","templated":true}]}}