{"id":3884,"date":"2019-11-07T10:03:12","date_gmt":"2019-11-07T09:03:12","guid":{"rendered":"https:\/\/us.edu.pl\/pracownik\/?page_id=3884"},"modified":"2025-09-29T12:49:10","modified_gmt":"2025-09-29T10:49:10","slug":"organizacja-roku-akademickiego","status":"publish","type":"page","link":"https:\/\/us.edu.pl\/pracownik\/sprawy-dydaktyczne\/pion-ksztalcenia\/organizacja-roku-akademickiego\/","title":{"rendered":"Organizacja roku akademickiego"},"content":{"rendered":"<p>[vc_row][vc_column]\r\n                <div class=\"text-modules \">\r\n                    <div class=\"container\">\r\n                        <h3 class=\"section-title section-title_border-bottom\">Organizacja roku akademickiego<\/h3> \r\n                        <div class=\"row m-0\">\r\n                            <div class=\"text-modules__content\">\r\n                                <a href=\"https:\/\/us.edu.pl\/organizacja-roku-akademickiego\/\">Zarz\u0105dzenie nr 76 Rektora Uniwersytetu \u015al\u0105skiego z dnia 22 maja 2025 r. w sprawie organizacji roku akademickiego 2025\/2026<\/a><\/p>\n<p><img src=\"https:\/\/us.edu.pl\/pracownik\/wp-content\/uploads\/sites\/2\/Editor\/sprawy-dydatktyczne\/kalendarz-akademicki2025.png\" \/><\/p>\n<p style=\"text-align: center;\"><a href=\"https:\/\/us.edu.pl\/pracownik\/wp-content\/uploads\/sites\/2\/Editor\/sprawy-dydatktyczne\/zalacznik-do-zarzadzenia-76-z-2025-kalendarz-akademicki-2025_2026.pdf\" class=\"mtli_attachment mtli_pdf\" data-mtli=\"mtli_filesize247,41kB\">Pobierz kalendarz w pdf<\/a><\/p>\n<div class=\"mt-3\"><\/div>\r\n                            <\/div>\r\n                            \r\n                            \r\n                        <\/div>\r\n                    <\/div>\r\n                <\/div><div class=\"container\"><div class=\"separator\" style=\"background-color: #EBEBEB\"><\/div><\/div>\r\n                <div class=\"text-modules\">\r\n                    <div class=\"container\">\r\n                        \r\n                        <div class=\"text-modules__content\"><p><a href=\"https:\/\/aktyprawne.us.edu.pl\/438-ostatnio-zmodyfikowane-dokumenty\/d\/7369\/1117\/\">Zarz\u0105dzenie nr 85 Rektora Uniwersytetu \u015al\u0105skiego z dnia 7 czerwca 2024 r. w sprawie organizacji roku akademickiego 2024\/2025.<\/a><\/p>\n<p><a href=\"https:\/\/aktyprawne.us.edu.pl\/d\/6565\/5\/\">Zarz\u0105dzenie nr 114 Rektora Uniwersytetu \u015al\u0105skiego w Katowicach z dnia 17 lipca 2023 r. zmieniaj\u0105ce zarz\u0105dzenie w sprawie organizacji roku akademickiego <strong>2023\/2024<\/strong><\/a><\/p>\n<p><a href=\"https:\/\/aktyprawne.us.edu.pl\/d\/6429\/5\/\">Zarz\u0105dzenie nr 98 Rektora Uniwersytetu \u015al\u0105skiego z dnia 6 czerwca 2023 r. w sprawie organizacji roku akademickiego 2023\/2024.<\/a><\/p>\n<p><a href=\"https:\/\/aktyprawne.us.edu.pl\/Module\/Xhn3Na\/GetFile.ashx?lang=pl-PL&amp;z=870oPgN9V3Gnl+Lj+XT+lrJjOTEm3948vYW6KVnnAYA=\">Zarz\u0105dzenie nr 59 Rektora Uniwersytetu \u015al\u0105skiego w Katowicach z dnia 28 kwietnia 2022 r. w sprawie organizacji roku akademickiego 2022\/2023<\/a><\/p>\n<\/div>\r\n                    <\/div>\r\n                <\/div>[\/vc_column][\/vc_row]<\/p>\n<style type=\"text\/css\">a[data-mtli~=\"mtli_filesize247,41kB\"]:after {content:\" (247,41 kB)\"}<\/style>","protected":false},"excerpt":{"rendered":"<p>[vc_row][vc_column][\/vc_column][\/vc_row] [&#8230;]<\/p>\n<p><a class=\"btn btn-secondary understrap-read-more-link\" href=\"https:\/\/us.edu.pl\/pracownik\/sprawy-dydaktyczne\/pion-ksztalcenia\/organizacja-roku-akademickiego\/\">Read More&#8230;<\/a><\/p>\n","protected":false},"author":31,"featured_media":0,"parent":3768,"menu_order":477,"comment_status":"closed","ping_status":"closed","template":"page-templates\/inner-page.php","meta":{"_expiration-date-status":"saved","_expiration-date":0,"_expiration-date-type":"","_expiration-date-categories":[],"_expiration-date-options":[]},"acf":[],"_links":{"self":[{"href":"https:\/\/us.edu.pl\/pracownik\/wp-json\/wp\/v2\/pages\/3884"}],"collection":[{"href":"https:\/\/us.edu.pl\/pracownik\/wp-json\/wp\/v2\/pages"}],"about":[{"href":"https:\/\/us.edu.pl\/pracownik\/wp-json\/wp\/v2\/types\/page"}],"author":[{"embeddable":true,"href":"https:\/\/us.edu.pl\/pracownik\/wp-json\/wp\/v2\/users\/31"}],"replies":[{"embeddable":true,"href":"https:\/\/us.edu.pl\/pracownik\/wp-json\/wp\/v2\/comments?post=3884"}],"version-history":[{"count":10,"href":"https:\/\/us.edu.pl\/pracownik\/wp-json\/wp\/v2\/pages\/3884\/revisions"}],"predecessor-version":[{"id":41038,"href":"https:\/\/us.edu.pl\/pracownik\/wp-json\/wp\/v2\/pages\/3884\/revisions\/41038"}],"up":[{"embeddable":true,"href":"https:\/\/us.edu.pl\/pracownik\/wp-json\/wp\/v2\/pages\/3768"}],"wp:attachment":[{"href":"https:\/\/us.edu.pl\/pracownik\/wp-json\/wp\/v2\/media?parent=3884"}],"curies":[{"name":"wp","href":"https:\/\/api.w.org\/{rel}","templated":true}]}}