{"id":3886,"date":"2019-11-07T10:36:16","date_gmt":"2019-11-07T09:36:16","guid":{"rendered":"https:\/\/us.edu.pl\/pracownik\/?page_id=3886"},"modified":"2024-08-22T12:56:33","modified_gmt":"2024-08-22T10:56:33","slug":"oplaty-zwiazane-ze-studiami","status":"publish","type":"page","link":"https:\/\/us.edu.pl\/pracownik\/sprawy-dydaktyczne\/pion-ksztalcenia\/oplaty-zwiazane-ze-studiami\/","title":{"rendered":"Op\u0142aty zwi\u0105zane ze studiami"},"content":{"rendered":"<p>[vc_row][vc_column]\r\n                <div class=\"tiles-section\" style=\"background: \">\r\n                    <div class=\"container\">\r\n                        <h3 class=\"page-title\">Op\u0142aty<\/h3>\r\n                        <div class=\"tiles tiles-2\">\r\n                            <a href=\"https:\/\/us.edu.pl\/kandydat\/rekrutacja-na-studia-krok-po-kroku\/oplaty-zwiazane-ze-studiami\/oplata-rekrutacyjna\/\" class=\"tile tile_ justify-content-center\" style=\"background-color: #002E5A; font-weight: ; color: #ffffff;  \">\r\n                                \r\n                                   \r\n                               \r\n                                <div class=\"tile__name\">Op\u0142ata rekrutacyjna<\/div>\r\n                            <\/a>\r\n                            <a href=\"https:\/\/us.edu.pl\/kandydat\/rekrutacja-na-studia-krok-po-kroku\/oplaty-zwiazane-ze-studiami\/oplata-za-legitymacje-studencka-i-indeks\/\" class=\"tile tile_ justify-content-center\" style=\"background-color: #002E5A; font-weight: ; color: #ffffff;  \">\r\n                                \r\n                                   \r\n                               \r\n                                <div class=\"tile__name\">Op\u0142ata za legitymacj\u0119 studenck\u0105<\/div>\r\n                            <\/a><\/div>\r\n                    <\/div>\r\n                <\/div>\r\n                <div class=\"tiles-section\" style=\"background: \">\r\n                    <div class=\"container\">\r\n                        <h3 class=\"page-title\"><\/h3>\r\n                        <div class=\"tiles tiles-2\">\r\n                            <a href=\"https:\/\/us.edu.pl\/kandydat\/rekrutacja-na-studia-krok-po-kroku\/oplaty-zwiazane-ze-studiami\/oplaty-za-uslugi-edukacyjne\/\" class=\"tile tile_ justify-content-center\" style=\"background-color: #002E5A; font-weight: ; color: #ffffff;  \">\r\n                                \r\n                                   \r\n                               \r\n                                <div class=\"tile__name\">Op\u0142aty za us\u0142ugi edukacyjne<\/div>\r\n                            <\/a>\r\n                            <a href=\"https:\/\/us.edu.pl\/kandydat\/rekrutacja-na-studia-krok-po-kroku\/oplaty-zwiazane-ze-studiami\/oplaty-za-wydanie-dokumentow\/\" class=\"tile tile_ justify-content-center\" style=\"background-color: #002E5A; font-weight: ; color: #ffffff;  \">\r\n                                \r\n                                   \r\n                               \r\n                                <div class=\"tile__name\">Op\u0142aty za wydanie dokument\u00f3w<\/div>\r\n                            <\/a><\/div>\r\n                    <\/div>\r\n                <\/div>\r\n                <div class='sidebar_moduls sidebar_one_header' style='color:#FFFFFF;background-color: #002E5A'>\r\n                    <a href='https:\/\/us.edu.pl\/pracownik\/wp-content\/uploads\/sites\/2\/Editor\/sprawy-dydatktyczne\/op\u0142aty\/op\u0142aty-za-zaj\u0119cia-nieobj\u0119te.pdf' class=\"mtli_attachment mtli_pdf\" data-mtli=\"mtli_filesize385,23kB\" class='link'>Op\u0142aty za zaj\u0119cia nieobj\u0119te programem studi\u00f3w<\/a>\r\n                <\/div>\r\n\t\t\t\t<div class='container'>\r\n\t\t\t\t\t<div class='list-links list-links_gray'>\r\n\t\t\t\t\t\t  \r\n\t\t\t\t\t\t  <ul>\r\n\t\t\t\t\t\t\t\t<li><a href='https:\/\/us.edu.pl\/pracownik\/sprawy-dydaktyczne\/pion-ksztalcenia\/dokumentacja-toku-studiow\/informacje-dot-elektronicznych-legitymacji-dla-studentow-i-doktorantow\/'><p>Informacje dotycz\u0105ce elektronicznych legitymacji dla student\u00f3w i doktorant\u00f3w<\/p><\/a><\/li>\r\n\t\t\t\t\t\t\t\t<li><a href='https:\/\/us.edu.pl\/pracownik\/sprawy-dydaktyczne\/pion-ksztalcenia\/dokumentacja-toku-studiow\/instrukcja-dotyczaca-postepowania-w-przypadkach-szczegolnych-els\/'><p>Elektroniczna legitymacja -instrukcja dotycz\u0105ca post\u0119powania w przypadkach szczeg\u00f3lnych<\/p><\/a><\/li><\/ul>\r\n\t\t\t\t\t<\/div>\r\n\t\t\t\t<\/div>   \r\n\t\t\t\t\t[\/vc_column][\/vc_row]<\/p>\n<style type=\"text\/css\">a[data-mtli~=\"mtli_filesize385,23kB\"]:after {content:\" (385,23 kB)\"}<\/style>","protected":false},"excerpt":{"rendered":"<p>[vc_row][vc_column][\/vc_column][\/vc_row] [&#8230;]<\/p>\n<p><a class=\"btn btn-secondary understrap-read-more-link\" href=\"https:\/\/us.edu.pl\/pracownik\/sprawy-dydaktyczne\/pion-ksztalcenia\/oplaty-zwiazane-ze-studiami\/\">Read More&#8230;<\/a><\/p>\n","protected":false},"author":31,"featured_media":0,"parent":3768,"menu_order":453,"comment_status":"closed","ping_status":"closed","template":"page-templates\/inner-page.php","meta":{"_expiration-date-status":"","_expiration-date":0,"_expiration-date-type":"","_expiration-date-categories":[],"_expiration-date-options":[]},"acf":[],"_links":{"self":[{"href":"https:\/\/us.edu.pl\/pracownik\/wp-json\/wp\/v2\/pages\/3886"}],"collection":[{"href":"https:\/\/us.edu.pl\/pracownik\/wp-json\/wp\/v2\/pages"}],"about":[{"href":"https:\/\/us.edu.pl\/pracownik\/wp-json\/wp\/v2\/types\/page"}],"author":[{"embeddable":true,"href":"https:\/\/us.edu.pl\/pracownik\/wp-json\/wp\/v2\/users\/31"}],"replies":[{"embeddable":true,"href":"https:\/\/us.edu.pl\/pracownik\/wp-json\/wp\/v2\/comments?post=3886"}],"version-history":[{"count":10,"href":"https:\/\/us.edu.pl\/pracownik\/wp-json\/wp\/v2\/pages\/3886\/revisions"}],"predecessor-version":[{"id":26687,"href":"https:\/\/us.edu.pl\/pracownik\/wp-json\/wp\/v2\/pages\/3886\/revisions\/26687"}],"up":[{"embeddable":true,"href":"https:\/\/us.edu.pl\/pracownik\/wp-json\/wp\/v2\/pages\/3768"}],"wp:attachment":[{"href":"https:\/\/us.edu.pl\/pracownik\/wp-json\/wp\/v2\/media?parent=3886"}],"curies":[{"name":"wp","href":"https:\/\/api.w.org\/{rel}","templated":true}]}}