{"id":3898,"date":"2019-11-07T11:18:25","date_gmt":"2019-11-07T10:18:25","guid":{"rendered":"https:\/\/us.edu.pl\/pracownik\/?page_id=3898"},"modified":"2026-02-13T08:43:15","modified_gmt":"2026-02-13T07:43:15","slug":"dzial-ksztalcenia-zakres-zadan","status":"publish","type":"page","link":"https:\/\/us.edu.pl\/pracownik\/sprawy-dydaktyczne\/pion-ksztalcenia\/dzial-ksztalcenia-zakres-zadan\/","title":{"rendered":"Dzia\u0142 Kszta\u0142cenia &#8211; zakres zada\u0144"},"content":{"rendered":"<p>[vc_row][vc_column]\r\n                <div class=\"text-modules\">\r\n                    <div class=\"container\">\r\n                        <h3 class=\"page-title text__title\">Dzia\u0142 Kszta\u0142cenia<\/h3>\r\n                        <div class=\"text-modules__content\"><p>W zwi\u0105zku z opublikowanym <a href=\"http:\/\/bip.us.edu.pl\/zarzadzenie-nr-342020-0\">zarz\u0105dzeniem Rektora U\u015a nr 34\/2020<\/a> z 17 marca 2020 r. w sprawie zmian w organizacji i systemie pracy, zadania wykonywane przez pracownik\u00f3w Dzia\u0142u Kszta\u0142cenia realizowane s\u0105 stacjonarnie w systemie dy\u017curowym oraz w systemie zdalnym (telefonicznie i mailowo) w godzinach pracy dzia\u0142u.<\/p>\n<p>Kontakt z pracownikami dzia\u0142u mo\u017cliwy jest z wykorzystaniem adres\u00f3w e mailowych: <a href=\"mailto:dk@us.edu.pl\">dk@us.edu.pl<\/a>\u00a0oraz\u00a0<a href=\"mailto:rekrutacja@us.edu.pl\">rekrutacja@us.edu.pl<\/a><\/p>\n<p>Kontakt mo\u017cliwy jest r\u00f3wnie\u017c pod numerami telefon\u00f3w: 32 359\u00a016 22,\u00a032 359\u00a017 70,\u00a032 359\u00a018 10,\u00a032 359\u00a018 80<\/p>\n<\/div>\r\n                    <\/div>\r\n                <\/div>[\/vc_column][\/vc_row]<\/p>","protected":false},"excerpt":{"rendered":"<p>[vc_row][vc_column][\/vc_column][\/vc_row] [&#8230;]<\/p>\n<p><a class=\"btn btn-secondary understrap-read-more-link\" href=\"https:\/\/us.edu.pl\/pracownik\/sprawy-dydaktyczne\/pion-ksztalcenia\/dzial-ksztalcenia-zakres-zadan\/\">Read More&#8230;<\/a><\/p>\n","protected":false},"author":31,"featured_media":0,"parent":3768,"menu_order":422,"comment_status":"closed","ping_status":"closed","template":"page-templates\/inner-page-with-bookmarks.php","meta":{"_expiration-date-status":"saved","_expiration-date":0,"_expiration-date-type":"","_expiration-date-categories":[],"_expiration-date-options":[]},"acf":[],"_links":{"self":[{"href":"https:\/\/us.edu.pl\/pracownik\/wp-json\/wp\/v2\/pages\/3898"}],"collection":[{"href":"https:\/\/us.edu.pl\/pracownik\/wp-json\/wp\/v2\/pages"}],"about":[{"href":"https:\/\/us.edu.pl\/pracownik\/wp-json\/wp\/v2\/types\/page"}],"author":[{"embeddable":true,"href":"https:\/\/us.edu.pl\/pracownik\/wp-json\/wp\/v2\/users\/31"}],"replies":[{"embeddable":true,"href":"https:\/\/us.edu.pl\/pracownik\/wp-json\/wp\/v2\/comments?post=3898"}],"version-history":[{"count":10,"href":"https:\/\/us.edu.pl\/pracownik\/wp-json\/wp\/v2\/pages\/3898\/revisions"}],"predecessor-version":[{"id":42295,"href":"https:\/\/us.edu.pl\/pracownik\/wp-json\/wp\/v2\/pages\/3898\/revisions\/42295"}],"up":[{"embeddable":true,"href":"https:\/\/us.edu.pl\/pracownik\/wp-json\/wp\/v2\/pages\/3768"}],"wp:attachment":[{"href":"https:\/\/us.edu.pl\/pracownik\/wp-json\/wp\/v2\/media?parent=3898"}],"curies":[{"name":"wp","href":"https:\/\/api.w.org\/{rel}","templated":true}]}}