{"id":3930,"date":"2019-11-08T09:16:04","date_gmt":"2019-11-08T08:16:04","guid":{"rendered":"https:\/\/us.edu.pl\/pracownik\/?page_id=3930"},"modified":"2026-03-24T14:32:53","modified_gmt":"2026-03-24T13:32:53","slug":"studenckie-praktyki-zawodowe","status":"publish","type":"page","link":"https:\/\/us.edu.pl\/pracownik\/sprawy-dydaktyczne\/pion-ksztalcenia\/studenckie-praktyki-zawodowe\/","title":{"rendered":"Studenckie praktyki zawodowe"},"content":{"rendered":"<p>[vc_row][vc_column]\r\n                <div class=\"text-modules\">\r\n                    <div class=\"container\">\r\n                        <h3 class=\"page-title text__title\">Komunikat w sprawie za\u015bwiadczenia o niekaralno\u015bci dla Student\u00f3w realizuj\u0105cych praktyki<\/h3>\r\n                        <div class=\"text-modules__content\"><p>15 lutego 2024 r. wesz\u0142a w \u017cycie nowelizacja Kodeksu rodzinnego i opieku\u0144czego okre\u015blana w\u00a0przestrzeni publicznej jako tzw. \u201eustawa Kamilka&#8221;. W praktyce oznacza to\u00a0nowy obowi\u0105zek ustawowy dla student\u00f3w, kt\u00f3rzy maj\u0105 zosta\u0107 dopuszczeni, w ramach realizacji obowi\u0105zuj\u0105cego ich programu studi\u00f3w do dzia\u0142alno\u015bci m.in. zwi\u0105zanej z wychowaniem, edukacj\u0105, wypoczynkiem, opiek\u0105 nad ma\u0142oletnimi\u00a0lub \u015bwiadczeniem us\u0142ug psychologicznych\u00a0(tj. osobami poni\u017cej 18 roku \u017cycia).<\/p>\n<p>W zwi\u0105zku z wy\u017cej wymienion\u0105 zmian\u0105 przepis\u00f3w, tj. ustaw\u0105 z dnia 13 maja 2016 r. o\u00a0przeciwdzia\u0142aniu zagro\u017ceniom przest\u0119pczo\u015bci\u0105 na tle seksualnym (t.j. Dz.U. z 2023 r., poz.\u00a01304 ze zm.)\u00a0\u00a0studenci kt\u00f3rzy realizuj\u0105\u00a0<strong>praktyki nauczycielskie albo praktyki zawodowe zwi\u0105zane <\/strong>z wychowaniem, edukacj\u0105, wypoczynkiem,\u00a0leczeniem, \u015bwiadczeniem porad psychologicznych, rozwojem duchowym, uprawianiem sportu lub realizacj\u0105 innych zainteresowa\u0144 przez ma\u0142oletnich czy opiek\u0105 nad ma\u0142oletnimi <u>s\u0105 zobowi\u0105zani<\/u>\u00a0<u>do z\u0142o\u017cenia<\/u>:<\/p>\n<ol style=\"list-style-type: upper-roman;\">\n<li>za\u015bwiadczenia z Krajowego Rejestru Karnego (KRK) \u2013\u00a0obywatel RP i cudzoziemiec,<\/li>\n<li>o\u015bwiadczenia o pa\u0144stwie lub pa\u0144stwach, w kt\u00f3rych student zamieszkiwa\u0142 w ci\u0105gu ostatnich 20 lat, innych ni\u017c Rzeczpospolita Polska i pa\u0144stwo obywatelstwa wraz z informacj\u0105 z rejestr\u00f3w karnych tych pa\u0144stw uzyskiwan\u0105 do cel\u00f3w dzia\u0142alno\u015bci zawodowej lub wolontariackiej zwi\u0105zanej z kontaktami z dzie\u0107mi \u2013 obywatel RP i cudzoziemiec,<\/li>\n<li>informacji z rejestru karnego pa\u0144stwa obywatelstwa uzyskiwan\u0105 do cel\u00f3w dzia\u0142alno\u015bci zawodowej lub wolontariackiej zwi\u0105zanej z kontaktami z dzie\u0107mi wraz z t\u0142umaczeniem przysi\u0119g\u0142ym \u2013 cudzoziemiec oraz studenci, kt\u00f3rzy zamieszkiwali w pa\u0144stwach innych ni\u017c Rzeczpospolita Polska lub pa\u0144stwo obywatelstwa.<\/li>\n<\/ol>\n<p><strong>Ad. I. ZA\u015aWIADCZENIE Z KRK mo\u017cna uzyska\u0107:<\/strong><\/p>\n<ul>\n<li><strong><u>osobi\u015bcie<\/u><\/strong>w jednym z Punkt\u00f3w Informacyjnych Krajowego Rejestru Karnego znajduj\u0105cych si\u0119 przy s\u0105dach powszechnych (<a href=\"https:\/\/www.gov.pl\/attachment\/d698c0f9-b87a-43c3-a354-60b33704f7a9\">wykaz Punkt\u00f3w Informacyjnych Krajowego Rejestru Karnego<\/a>). W Katowicach taki punkt znajduje si\u0119 przy S\u0105dzie Okr\u0119gowym w Katowicach,\u00a0ul. Francuska 38,\u00a040-028\u00a0Katowice<a href=\"https:\/\/katowice.so.gov.pl\/index.php?p=m&amp;idg=m2,223,221&amp;kword=KRK\">Krajowy Rejestr Karny &#8211; S\u0105d Okr\u0119gowy Katowicach (katowice.so.gov.pl)<\/a><\/li>\n<\/ul>\n<p>Koszt wydania za\u015bwiadczenia \u2013\u00a0<strong>30 z\u0142,<\/strong><\/p>\n<p><strong>Formularz wniosku o wydanie za\u015bwiadczenia z KRK (Zapytanie o udzielenie informacji o osobie) znajduje si\u0119 tutaj:\u00a0<\/strong><a href=\"https:\/\/www.gov.pl\/web\/krajowy-rejestr-karny\/materialy-do-pobrania2\">https:\/\/www.gov.pl\/web\/krajowy-rejestr-karny\/materialy-do-pobrania2<\/a><\/p>\n<p>Formularz nale\u017cy wype\u0142ni\u0107 swoimi danymi osobowymi oraz:<\/p>\n<p>a) w pkt 11 nale\u017cy wpisa\u0107: \u201edopuszczenie do dzia\u0142alno\u015bci zwi\u0105zanej z wychowaniem, edukacj\u0105, wypoczynkiem, opiek\u0105 nad ma\u0142oletnimilub \u015bwiadczeniem us\u0142ug psychologicznych w zwi\u0105zku z realizacj\u0105 programu studi\u00f3w\u201d,<\/p>\n<p>b) w pkt 12 nale\u017cy zaznaczy\u0107: \u201ekartoteka karna\u201d oraz &#8222;kartoteka nieletnich&#8221;,<\/p>\n<p>c) w punkcie 13 nale\u017cy wpisa\u0107:\u00a0 \u201eprzest\u0119pstwa okre\u015blone w rozdziale XIX i XXV Kodeksu karnego, w art. 189a i art. 207 Kodeksu karnego oraz w ustawie z dnia 29 lipca 2005 r. o przeciwdzia\u0142aniu narkomanii\u201d.<\/p>\n<ul>\n<li><strong><u>elektronicznie <\/u><\/strong>pod adresem:\u00a0 <a href=\"https:\/\/ekrk.ms.gov.pl\/ep-web\">https:\/\/ekrk.ms.gov.pl\/ep-web<\/a><\/li>\n<\/ul>\n<p>Aby wyst\u0105pi\u0107 o za\u015bwiadczenie do KRK drog\u0105 elektroniczn\u0105 nale\u017cy posiada\u0107 kwalifikowany podpis elektroniczny, podpis zaufany albo podpis osobisty. Koszt wydania za\u015bwiadczenia \u2013\u00a0<strong>20 z\u0142.<\/strong><\/p>\n<p><strong>Uniwersytet \u015al\u0105ski nie zwraca koszt\u00f3w za\u015bwiadczenia. <\/strong><\/p>\n<p>Wi\u0119cej informacji dotycz\u0105cych sposobu pobrania za\u015bwiadczenia z KRK mo\u017cna znale\u017a\u0107 poni\u017cej:<\/p>\n<p><a href=\"https:\/\/www.gov.pl\/web\/gov\/uzyskaj-zaswiadczenie-z-krajowego-rejestru-karnego\">https:\/\/www.gov.pl\/web\/gov\/uzyskaj-zaswiadczenie-z-krajowego-rejestru-karnego<\/a><\/p>\n<p><strong>Wyja\u015bnienie do Ad. II i Ad. III:<\/strong><\/p>\n<p>Je\u015bli osoba studiuj\u0105ca w okresie ostatnich 20 lat mieszka\u0142a poza Polsk\u0105 ma ona obowi\u0105zek nie tylko poinformowa\u0107, w kt\u00f3rym pa\u0144stwie czy pa\u0144stwach przebywa\u0142a, ale tak\u017ce za\u0142\u0105czy\u0107 wyci\u0105g z rejestr\u00f3w karnych niezb\u0119dny uzyskiwanych do cel\u00f3w dzia\u0142alno\u015bci zawodowej lub wolontariackiej zwi\u0105zanej z kontaktami z dzie\u0107mi, jakie obowi\u0105zuj\u0105 w krajach (kraju) jej przebywania.<\/p>\n<p>W sytuacji, gdy dane pa\u0144stwo nie prowadzi tego typu rejestru\u00a0osoba studiuj\u0105ca\u00a0sk\u0142ada o\u015bwiadczenie stwierdzaj\u0105ce ten fakt \u00a0oraz potwierdzaj\u0105ce niekaralno\u015b\u0107 za przest\u0119pstwa wymienione w obowi\u0105zuj\u0105cych przepisach.<\/p>\n<p>W zwi\u0105zku z tym:<\/p>\n<p>wz\u00f3r o\u015bwiadczenia o pa\u0144stwie lub pa\u0144stwach, w kt\u00f3rych osoba studiuj\u0105ca zamieszkiwa\u0142a w\u00a0ci\u0105gu ostatnich 20 lat, innych ni\u017c Rzeczpospolita Polska i pa\u0144stwo obywatelstwa, w\u00a0za\u0142\u0105czeniu \u2014 <strong><a href=\"https:\/\/us.edu.pl\/pracownik\/wp-content\/uploads\/sites\/2\/Editor\/sprawy-dydatktyczne\/praktyki-studenckie\/zal.1.docx\" class=\"mtli_attachment mtli_docx\" data-mtli=\"mtli_filesize25,41kB\" class=\"mtli_attachment mtli_docx\" data-mtli=\"mtli_filesize25,41kB\">za\u0142\u0105cznik nr 1<\/a>.<\/strong><\/p>\n<p>O\u015bwiadczenie jest sk\u0142adane pod rygorem odpowiedzialno\u015bci karnej za z\u0142o\u017cenie fa\u0142szywego o\u015bwiadczenia.<\/p>\n<p><strong>Ponadto:<\/strong><\/p>\n<ol>\n<li>Je\u017celi prawo pa\u0144stwa obywatelstwa lub pa\u0144stwa\/pa\u0144stw zamieszkiwania w\u00a0ci\u0105gu ostatnich 20 lat innych ni\u017c Rzeczpospolita Polska i pa\u0144stwo obywatelstwa, <u>przewiduje wydawanie informacji<\/u> do cel\u00f3w dzia\u0142alno\u015bci zawodowej lub wolontariackiej zwi\u0105zanej z kontaktami z dzie\u0107mi:<\/li>\n<\/ol>\n<ul>\n<li>nale\u017cy przed\u0142o\u017cy\u0107 informacj\u0119 z rejestru karnego tego pa\u0144stwa \/ pa\u0144stw wraz z\u00a0t\u0142umaczeniem przysi\u0119g\u0142ym.<\/li>\n<\/ul>\n<ol start=\"2\">\n<li>Je\u017celi: A) prawo pa\u0144stwa obywatelstwa, B) prawo pa\u0144stwa\/pa\u0144stw zamieszkiwania w ci\u0105gu ostatnich 20 lat, innych ni\u017c Rzeczpospolita Polska i pa\u0144stwo obywatelstwa, z\u00a0kt\u00f3rych ma zosta\u0107 przed\u0142o\u017cona informacja\u00a0z rejestru karnego uzyskiwana do cel\u00f3w dzia\u0142alno\u015bci zawodowej lub wolontariackiej zwi\u0105zanej z kontaktami z dzie\u0107mi lub informacja z rejestru karnego tego pa\u0144stwa, <u>nie przewiduje jej sporz\u0105dzenia lub w\u00a0danym pa\u0144stwie nie prowadzi si\u0119 rejestru karnego<\/u>:<\/li>\n<\/ol>\n<ul>\n<li>nale\u017cy z\u0142o\u017cy\u0107 o\u015bwiadczenie \u2014 <a href=\"https:\/\/us.edu.pl\/pracownik\/wp-content\/uploads\/sites\/2\/Editor\/sprawy-dydatktyczne\/praktyki-studenckie\/zal.2.docx\" class=\"mtli_attachment mtli_docx\" data-mtli=\"mtli_filesize27,92kB\" class=\"mtli_attachment mtli_docx\" data-mtli=\"mtli_filesize27,92kB\"><strong>za\u0142\u0105cznik nr 2<\/strong><\/a>.<\/li>\n<\/ul>\n<p>O\u015bwiadczenie jest sk\u0142adane pod rygorem odpowiedzialno\u015bci karnej za z\u0142o\u017cenie fa\u0142szywego o\u015bwiadczenia.<\/p>\n<p>&nbsp;<\/p>\n<p>Kontakt z Dzia\u0142em Kszta\u0142cenia, tel. 32\/359 16 22, e-mail: <a href=\"mailto:anna.laskowska@us.edu.pl\">anna.laskowska@us.edu.pl<\/a><\/p>\n<p><strong>\u00a0<\/strong><\/p>\n<style type=\"text\/css\">a[data-mtli~=\"mtli_filesize25,41kB\"]:after {content:\" (25,41 kB)\"}a[data-mtli~=\"mtli_filesize27,92kB\"]:after {content:\" (27,92 kB)\"}<\/style><\/div>\r\n                    <\/div>\r\n                <\/div>\r\n                <div class=\"text-modules\">\r\n                    <div class=\"container\">\r\n                        <h3 class=\"page-title text__title\">Studenckie praktyki zawodowe<\/h3>\r\n                        <div class=\"text-modules__content\"><\/p>\n<h4>Informacje dla student\u00f3w w sprawie praktyk zamieszczone w serwisie <a href=\"https:\/\/us.edu.pl\/student\/studia\/praktyki-studenckie\/\"><strong>Student<\/strong><\/a><\/h4>\n<p id=\"page-title\"><b>Akty prawne<\/b><\/p>\n<ul style=\"list-style-type: square;\">\n<li><a href=\"https:\/\/aktyprawne.us.edu.pl\/d\/9047\/5\/\">Zarz\u0105dzenie nr 40 Rektora Uniwersytetu \u015al\u0105skiego w Katowicach z dnia 23 marca 2026 r. zmieniaj\u0105ce zarz\u0105dzenie w sprawie organizacji praktyk zawodowych w Uniwersytecie \u015al\u0105skim w Katowicach<\/a><\/li>\n<li><a href=\"https:\/\/aktyprawne.us.edu.pl\/d\/8663\/6\/\">Zarz\u0105dzenie nr 203 Rektora Uniwersytetu \u015al\u0105skiego w Katowicach z dnia 19 listopada 2025 r. w sprawie organizacji praktyk zawodowych w Uniwersytecie \u015al\u0105skim w Katowicach<\/a><\/li>\n<li><a href=\"https:\/\/aktyprawne.us.edu.pl\/d\/8105\/6\/\">Zarz\u0105dzenie nr 70 Rektora Uniwersytetu \u015al\u0105skiego w Katowicach z dnia 9 maja 2025 r. w sprawie organizacji praktyk zawodowych w Uniwersytecie \u015al\u0105skim w Katowicach<\/a><\/li>\n<li><a href=\"https:\/\/aktyprawne.us.edu.pl\/d\/5798\/5\/\">Zarz\u0105dzenie 92 Rektora Uniwersytetu \u015al\u0105skiego w Katowicach z dnia 27 czerwca 2022 r. zmieniaj\u0105ce zarz\u0105dzenie w sprawie okre\u015blenia wytycznych dotycz\u0105cych organizacji w Uniwersytecie \u015al\u0105skim w Katowicach praktyk zawodowych studenta.<\/a><\/li>\n<li><a href=\"https:\/\/aktyprawne.us.edu.pl\/d\/6972\/5\/\">Regulamin wynagradzania pracownik\u00f3w w U\u015a<\/a><\/li>\n<li>\n<p id=\"page-title\" class=\"title\"><a href=\"https:\/\/aktyprawne.us.edu.pl\/423-lista\/d\/87\/5\/\">Zarz\u0105dzenie nr 92\/2020 z dnia 22-06-2020 Rektora U\u015a okre\u015blenia wytycznych dotycz\u0105cych organizacji w Uniwersytecie \u015al\u0105skim w Katowicach praktyk zawodowych studenta.<\/a><\/p>\n<\/li>\n<li><a href=\"https:\/\/isap.sejm.gov.pl\/isap.nsf\/DocDetails.xsp?id=WDU20190001450\">Rozporz\u0105dzenie Ministra Nauki i Szkolnictwa Wy\u017cszego z dnia 25 lipca 2019 r. w sprawie standardu kszta\u0142cenia przygotowuj\u0105cego do wykonywania zawodu nauczyciela<\/a><\/li>\n<\/ul>\n<p class=\"MsoNoSpacing\" style=\"margin: 0cm 0cm 0pt;\"><strong>Archiwum akt\u00f3w prawnych:<\/strong><\/p>\n<ul style=\"list-style-type: square;\">\n<li><a href=\"https:\/\/aktyprawne.us.edu.pl\/423-lista\/d\/2966\/5\/\">Pismo ok\u00f3lne nr 3\/2017 z dnia 01-02-2017 Rektora U\u015a w sprawie powo\u0142ania Zespo\u0142u ds. Kszta\u0142cenia Nauczycieli.<\/a><\/li>\n<li><a href=\"https:\/\/aktyprawne.us.edu.pl\/423-lista\/d\/1212\/5\/\"><span style=\"color: #999999;\">Zarz\u0105dzenie nr 56\/2014 z dnia 2014-04-10 Rektora U\u015a w sprawie dodatkowego wynagrodzenia za kierowanie i sprawowanie opieki nad studenckimi praktykami zawodowymi.<\/span><\/a><\/li>\n<li><a href=\"https:\/\/aktyprawne.us.edu.pl\/423-lista\/d\/390\/5\/\"><span style=\"color: #808080;\">Zarz\u0105dzenie nr 175\/2018 z dnia 30-10-2018 Rektora U\u015a zmieniaj\u0105ce zarz\u0105dzenie w sprawie organizowania studenckich praktyk zawodowych i okre\u015blenia obowi\u0105zk\u00f3w opiekun\u00f3w praktyk<\/span><\/a><\/li>\n<li><a href=\"https:\/\/aktyprawne.us.edu.pl\/423-lista\/d\/669\/5\/\"><span style=\"color: #808080;\">Zarz\u0105dzenie nr 87\/2017 z dnia 2017-06-26 Rektora U\u015a zmieniaj\u0105ce zarz\u0105dzenie w sprawie organizowania studenckich praktyk zawodowych i okre\u015blenia obowi\u0105zk\u00f3w opiekun\u00f3w praktyk.<\/span><\/a><\/li>\n<li><a href=\"https:\/\/aktyprawne.us.edu.pl\/423-lista\/d\/685\/5\/\"><span style=\"color: #808080;\">Zarz\u0105dzenie nr 68\/2017 z dnia 2017-05-19 Rektora U\u015a w sprawie organizowania studenckich praktyk zawodowych i okre\u015blenia obowi\u0105zk\u00f3w opiekun\u00f3w praktyk.<\/span><\/a><\/li>\n<li><a href=\"https:\/\/aktyprawne.us.edu.pl\/d\/3006\/5\/\"><span style=\"color: #808080;\">Pismo ok\u00f3lne nr 6\/2017 z dnia 2017-04-12 Rektora U\u015a zmieniaj\u0105ce pismo ok\u00f3lne w sprawie okre\u015blenia wzor\u00f3w um\u00f3w cywilnoprawnych obowi\u0105zuj\u0105cych w Uniwersytecie \u015al\u0105skim.<\/span><\/a><\/li>\n<li><a href=\"https:\/\/aktyprawne.us.edu.pl\/423-lista\/d\/4152\/5\/\"><span style=\"color: #808080;\">Uchwa\u0142a nr 117\/2013 z dnia 2013-05-28 Senatu U\u015a w sprawie okre\u015blenia warunk\u00f3w zwalniania student\u00f3w Uniwersytetu \u015al\u0105skiego z obowi\u0105zku odbywania praktyk zawodowych.<\/span><\/a><\/li>\n<li><a href=\"https:\/\/aktyprawne.us.edu.pl\/423-lista\/d\/1828\/5\/\"><span style=\"color: #808080;\">Zarz\u0105dzenie nr 71\/2010 z dnia 2010-09-06 Rektora U\u015a zmieniaj\u0105ce zarz\u0105dzenie w sprawie organizowania studenckich praktyk zawodowych w Uniwersytecie \u015al\u0105skim i obowi\u0105zk\u00f3w opiekun\u00f3w praktyk.<\/span><\/a><\/li>\n<li><a href=\"https:\/\/aktyprawne.us.edu.pl\/423-lista\/d\/2440\/5\/\"><span style=\"color: #808080;\">Zarz\u0105dzenie nr 93\/2009 z dnia 17 wrze\u015bnia 2009 r. Rektora Uniwersytetu \u015al\u0105skiego zmieniaj\u0105ce zarz\u0105dzenie w sprawie organizowania studenckich praktyk zawodowych w Uniwersytecie \u015al\u0105skim i obowi\u0105zk\u00f3w opiekun\u00f3w praktyk.<\/span><\/a><\/li>\n<li><a href=\"http:\/\/dziennikustaw.gov.pl\/D2020000072601.pdf\" class=\"mtli_attachment mtli_pdf\" data-mtli=\"mtli_filesize256,23kB\" class=\"mtli_attachment mtli_pdf\" data-mtli=\"mtli_filesize256,23kB\">ROZPORZ\u0104DZENIE MINISTRA NAUKI I SZKOLNICTWA WY\u017bSZEGO z dnia 17 kwietnia 2020 r. zmieniaj\u0105ce rozporz\u0105dzenie w sprawie standardu kszta\u0142cenia przygotowuj\u0105cego do wykonywania zawodu nauczyciela<\/a><\/li>\n<\/ul>\n<p>\n<style type=\"text\/css\">a[data-mtli~=\"mtli_filesize256,23kB\"]:after {content:\" (256,23 kB)\"}<\/style><\/div>\r\n                    <\/div>\r\n                <\/div>[\/vc_column][\/vc_row][vc_row][vc_column][\/vc_column][\/vc_row]<\/p>\n<style type=\"text\/css\">a[data-mtli~=\"mtli_filesize25,41kB\"]:after {content:\" (25,41 kB)\"}a[data-mtli~=\"mtli_filesize27,92kB\"]:after {content:\" (27,92 kB)\"}a[data-mtli~=\"mtli_filesize256,23kB\"]:after {content:\" (256,23 kB)\"}<\/style>","protected":false},"excerpt":{"rendered":"<p>[vc_row][vc_column][\/vc_column][\/vc_row][vc_row][vc_column][\/vc_column][\/vc_row] [&#8230;]<\/p>\n<p><a class=\"btn btn-secondary understrap-read-more-link\" href=\"https:\/\/us.edu.pl\/pracownik\/sprawy-dydaktyczne\/pion-ksztalcenia\/studenckie-praktyki-zawodowe\/\">Read More&#8230;<\/a><\/p>\n","protected":false},"author":31,"featured_media":0,"parent":3768,"menu_order":444,"comment_status":"closed","ping_status":"closed","template":"page-templates\/inner-page.php","meta":{"_expiration-date-status":"saved","_expiration-date":0,"_expiration-date-type":"","_expiration-date-categories":[],"_expiration-date-options":[]},"acf":[],"_links":{"self":[{"href":"https:\/\/us.edu.pl\/pracownik\/wp-json\/wp\/v2\/pages\/3930"}],"collection":[{"href":"https:\/\/us.edu.pl\/pracownik\/wp-json\/wp\/v2\/pages"}],"about":[{"href":"https:\/\/us.edu.pl\/pracownik\/wp-json\/wp\/v2\/types\/page"}],"author":[{"embeddable":true,"href":"https:\/\/us.edu.pl\/pracownik\/wp-json\/wp\/v2\/users\/31"}],"replies":[{"embeddable":true,"href":"https:\/\/us.edu.pl\/pracownik\/wp-json\/wp\/v2\/comments?post=3930"}],"version-history":[{"count":10,"href":"https:\/\/us.edu.pl\/pracownik\/wp-json\/wp\/v2\/pages\/3930\/revisions"}],"predecessor-version":[{"id":42728,"href":"https:\/\/us.edu.pl\/pracownik\/wp-json\/wp\/v2\/pages\/3930\/revisions\/42728"}],"up":[{"embeddable":true,"href":"https:\/\/us.edu.pl\/pracownik\/wp-json\/wp\/v2\/pages\/3768"}],"wp:attachment":[{"href":"https:\/\/us.edu.pl\/pracownik\/wp-json\/wp\/v2\/media?parent=3930"}],"curies":[{"name":"wp","href":"https:\/\/api.w.org\/{rel}","templated":true}]}}