{"id":40873,"date":"2025-09-11T09:52:21","date_gmt":"2025-09-11T07:52:21","guid":{"rendered":"https:\/\/us.edu.pl\/pracownik\/?page_id=40873"},"modified":"2025-09-12T12:40:10","modified_gmt":"2025-09-12T10:40:10","slug":"posiedzenie-komisji-16-09-2025","status":"publish","type":"page","link":"https:\/\/us.edu.pl\/pracownik\/sprawy-dydaktyczne\/senacka-komisja-ds-ksztalcenia\/senacka-komisja-ds-ksztalcenia-sklad-komisji\/kadencja-2024-2028\/posiedzenie-komisji-16-09-2025\/","title":{"rendered":"Posiedzenie komisji &#8211; 16.09.2025"},"content":{"rendered":"<p>[vc_row][vc_column]\r\n                <div class=\"text-modules\">\r\n                    <div class=\"container\">\r\n                        <h3 class=\"page-title text__title\">Posiedzenie Komisji ds. kszta\u0142cenia i student\u00f3w - 16 wrze\u015bnia 2025 r.<\/h3>\r\n                        <div class=\"text-modules__content\"><p>Posiedzenie Komisji ds. kszta\u0142cenia i student\u00f3w, kt\u00f3re odb\u0119dzie\u00a0si\u0119 we wtorek <strong>16 <\/strong><strong>wrze\u015bnia 2025 r. o godz. 09.00<\/strong> na terenie kampusu chorzowskiego Uniwersytetu \u015al\u0105skiego w Katowicach (Wydzia\u0142 Nauk \u015acis\u0142ych i Technicznych, Budynek I, ul. 75 Pu\u0142ku Piechoty 1A, sala P\/1\/14, I pi\u0119tro)<\/p>\n<p><em><strong>Planowany porz\u0105dek posiedzenia:<\/strong><\/em><\/p>\n<ol>\n<li>Komunikaty Prorektorki ds. studenckich i kszta\u0142cenia.<\/li>\n<li>Opinie do wniosk\u00f3w w sprawie ustalenia programu studi\u00f3w dla nowych kierunk\u00f3w studi\u00f3w od roku akademickiego 2025\/2026:\n<ol style=\"list-style-type: lower-alpha;\">\n<li><a href=\"https:\/\/us.edu.pl\/pracownik\/wp-content\/uploads\/sites\/2\/Editor\/sprawy-dydatktyczne\/Komisja-ksztalcenia\/Kadencja-2024-2028\/20252026\/16-wrzesnia\/Arteterapia-1.zip\">Arteterapia, studia stacjonarne II stopnia na Wydziale Nauk Spo\u0142ecznych<\/a> \u2013 studia wsp\u00f3lne interdyscyplinarne prowadzone razem z Akademi\u0105 Sztuk Pi\u0119knych w Katowicach oraz \u015al\u0105skim Uniwersytetem Medycznym w Katowicach.<\/li>\n<li><a href=\"https:\/\/us.edu.pl\/pracownik\/wp-content\/uploads\/sites\/2\/Editor\/sprawy-dydatktyczne\/Komisja-ksztalcenia\/Kadencja-2024-2028\/20252026\/16-wrzesnia\/Technologie-srodowiskowe-i-nowoczesne-materialy-1.zip\">Technologie \u015brodowiskowe i nowoczesne materia\u0142y, studia stacjonarne II stopnia (III-semestralne) <\/a>na Wydziale Nauk \u015acis\u0142ych i Technicznych,<\/li>\n<\/ol>\n<\/li>\n<li>Opinia do wniosku w sprawie ustalenia programu studi\u00f3w dla nowego kierunku studi\u00f3w: <a href=\"https:\/\/us.edu.pl\/pracownik\/wp-content\/uploads\/sites\/2\/Editor\/sprawy-dydatktyczne\/Komisja-ksztalcenia\/Kadencja-2024-2028\/20252026\/16-wrzesnia\/Projektowanie-w-sektorach-kreatywnych-2.zip\">Projektowanie w sektorach kreatywnych, studia stacjonarne I stopnia na Wydziale Sztuki i Nauk o Edukacji od roku akademickiego 2026\/2027<\/a>.<\/li>\n<li>Opinia do wniosku w sprawie ustalenia program\u00f3w studi\u00f3w dla kierunku <a href=\"https:\/\/us.edu.pl\/pracownik\/wp-content\/uploads\/sites\/2\/Editor\/sprawy-dydatktyczne\/Komisja-ksztalcenia\/Kadencja-2024-2028\/20252026\/16-wrzesnia\/Inf.-nauk.-i-bibliot.-_-2025-26.zip\">informacja naukowa i bibliotekoznawstwo \u2013 studia stacjonarne i niestacjonarne I i II stopnia od cyklu dydaktycznego 2025\/2026.<\/a><\/li>\n<li>Opinia do wniosku w sprawie likwidacji kierunku studi\u00f3w: filologia germa\u0144ska, studia niestacjonarne II stopnia od roku akademickiego 2026\/2027.<\/li>\n<\/ol>\n<p>&nbsp;<\/p>\n<p>Po zako\u0144czeniu posiedzenia Komisji, o godz. 10.00, w tej samej sali odb\u0119dzie si\u0119 <strong><em>spotkanie zespo\u0142u ds. modyfikacji studi\u00f3w II stopnia.<\/em><\/strong> Spotkanie zaplanowana jest do godz. 15.00, w trakcie przewidziany jest pocz\u0119stunek.<\/p>\n<ol>\n<li style=\"list-style-type: none;\"><\/li>\n<\/ol>\n<p>\n<\/div>\r\n                    <\/div>\r\n                <\/div>[\/vc_column][\/vc_row]<\/p>","protected":false},"excerpt":{"rendered":"<p>[vc_row][vc_column][\/vc_column][\/vc_row] [&#8230;]<\/p>\n<p><a class=\"btn btn-secondary understrap-read-more-link\" href=\"https:\/\/us.edu.pl\/pracownik\/sprawy-dydaktyczne\/senacka-komisja-ds-ksztalcenia\/senacka-komisja-ds-ksztalcenia-sklad-komisji\/kadencja-2024-2028\/posiedzenie-komisji-16-09-2025\/\">Read More&#8230;<\/a><\/p>\n","protected":false},"author":31,"featured_media":0,"parent":27904,"menu_order":-46,"comment_status":"closed","ping_status":"closed","template":"page-templates\/inner-page.php","meta":{"_expiration-date-status":"saved","_expiration-date":0,"_expiration-date-type":"","_expiration-date-categories":[],"_expiration-date-options":[]},"acf":[],"_links":{"self":[{"href":"https:\/\/us.edu.pl\/pracownik\/wp-json\/wp\/v2\/pages\/40873"}],"collection":[{"href":"https:\/\/us.edu.pl\/pracownik\/wp-json\/wp\/v2\/pages"}],"about":[{"href":"https:\/\/us.edu.pl\/pracownik\/wp-json\/wp\/v2\/types\/page"}],"author":[{"embeddable":true,"href":"https:\/\/us.edu.pl\/pracownik\/wp-json\/wp\/v2\/users\/31"}],"replies":[{"embeddable":true,"href":"https:\/\/us.edu.pl\/pracownik\/wp-json\/wp\/v2\/comments?post=40873"}],"version-history":[{"count":10,"href":"https:\/\/us.edu.pl\/pracownik\/wp-json\/wp\/v2\/pages\/40873\/revisions"}],"predecessor-version":[{"id":40948,"href":"https:\/\/us.edu.pl\/pracownik\/wp-json\/wp\/v2\/pages\/40873\/revisions\/40948"}],"up":[{"embeddable":true,"href":"https:\/\/us.edu.pl\/pracownik\/wp-json\/wp\/v2\/pages\/27904"}],"wp:attachment":[{"href":"https:\/\/us.edu.pl\/pracownik\/wp-json\/wp\/v2\/media?parent=40873"}],"curies":[{"name":"wp","href":"https:\/\/api.w.org\/{rel}","templated":true}]}}