{"id":41184,"date":"2025-10-15T09:16:05","date_gmt":"2025-10-15T07:16:05","guid":{"rendered":"https:\/\/us.edu.pl\/pracownik\/?page_id=41184"},"modified":"2025-10-15T12:28:40","modified_gmt":"2025-10-15T10:28:40","slug":"posiedzenie-komisji-16-10-2025","status":"publish","type":"page","link":"https:\/\/us.edu.pl\/pracownik\/sprawy-dydaktyczne\/senacka-komisja-ds-ksztalcenia\/senacka-komisja-ds-ksztalcenia-sklad-komisji\/kadencja-2024-2028\/posiedzenie-komisji-16-10-2025\/","title":{"rendered":"Posiedzenie komisji &#8211; 16.10.2025"},"content":{"rendered":"<p>[vc_row][vc_column]\r\n                <div class=\"text-modules\">\r\n                    <div class=\"container\">\r\n                        <h3 class=\"page-title text__title\">Posiedzenie Komisji ds. kszta\u0142cenia i student\u00f3w - 16 pa\u017adziernika 2025 r.<\/h3>\r\n                        <div class=\"text-modules__content\"><p>Posiedzenie Komisji ds. kszta\u0142cenia i student\u00f3w, kt\u00f3re odb\u0119dzie si\u0119 w <strong>czwartek 16 pa\u017adziernika 2025 r. o godz. 10.00<\/strong> w sali 1.20 w budynku Rektoratu Uniwersytetu \u015al\u0105skiego.<\/p>\n<p><strong>Planowany porz\u0105dek posiedzenia:<\/strong><br \/>\n1. Komunikaty Prorektorki ds. studenckich i kszta\u0142cenia.<br \/>\n2. Opinia do wniosku w sprawie modyfikacji programu studi\u00f3w od cyklu dydaktycznego 2026\/2027 dla kierunku:<br \/>\n<a href=\"https:\/\/us.edu.pl\/pracownik\/wp-content\/uploads\/sites\/2\/Editor\/sprawy-dydatktyczne\/Komisja-ksztalcenia\/Kadencja-2024-2028\/20252026\/16-pazdziernik\/Kulturoznawstwo-_-I-_-II-st.-SS-_-2026-27.zip\">Kulturoznawstwo \u2013 studia stacjonarne I i II stopnia<\/a><br \/>\n3. Zarz\u0105dzenie w sprawie funkcjonowania Karty kierunku oraz elektronicznych sylabus\u00f3w w Uniwersytecie \u015al\u0105skim w Katowicach.<br \/>\n4. Komunikaty Pe\u0142nomocniczki Rektora ds. Jako\u015bci Kszta\u0142cenia i Akredytacji.<br \/>\n5. Wolne wnioski<\/p>\n<p>Po posiedzeniu Komisji zaplanowane jest kr\u00f3tkie, 30 minutowe spotkanie dotycz\u0105ce studi\u00f3w II stopnia.<\/p>\n<\/div>\r\n                    <\/div>\r\n                <\/div>[\/vc_column][\/vc_row]<\/p>","protected":false},"excerpt":{"rendered":"<p>[vc_row][vc_column][\/vc_column][\/vc_row] [&#8230;]<\/p>\n<p><a class=\"btn btn-secondary understrap-read-more-link\" href=\"https:\/\/us.edu.pl\/pracownik\/sprawy-dydaktyczne\/senacka-komisja-ds-ksztalcenia\/senacka-komisja-ds-ksztalcenia-sklad-komisji\/kadencja-2024-2028\/posiedzenie-komisji-16-10-2025\/\">Read More&#8230;<\/a><\/p>\n","protected":false},"author":31,"featured_media":0,"parent":27904,"menu_order":-47,"comment_status":"closed","ping_status":"closed","template":"page-templates\/inner-page.php","meta":{"_expiration-date-status":"saved","_expiration-date":0,"_expiration-date-type":"","_expiration-date-categories":[],"_expiration-date-options":[]},"acf":[],"_links":{"self":[{"href":"https:\/\/us.edu.pl\/pracownik\/wp-json\/wp\/v2\/pages\/41184"}],"collection":[{"href":"https:\/\/us.edu.pl\/pracownik\/wp-json\/wp\/v2\/pages"}],"about":[{"href":"https:\/\/us.edu.pl\/pracownik\/wp-json\/wp\/v2\/types\/page"}],"author":[{"embeddable":true,"href":"https:\/\/us.edu.pl\/pracownik\/wp-json\/wp\/v2\/users\/31"}],"replies":[{"embeddable":true,"href":"https:\/\/us.edu.pl\/pracownik\/wp-json\/wp\/v2\/comments?post=41184"}],"version-history":[{"count":2,"href":"https:\/\/us.edu.pl\/pracownik\/wp-json\/wp\/v2\/pages\/41184\/revisions"}],"predecessor-version":[{"id":41190,"href":"https:\/\/us.edu.pl\/pracownik\/wp-json\/wp\/v2\/pages\/41184\/revisions\/41190"}],"up":[{"embeddable":true,"href":"https:\/\/us.edu.pl\/pracownik\/wp-json\/wp\/v2\/pages\/27904"}],"wp:attachment":[{"href":"https:\/\/us.edu.pl\/pracownik\/wp-json\/wp\/v2\/media?parent=41184"}],"curies":[{"name":"wp","href":"https:\/\/api.w.org\/{rel}","templated":true}]}}