{"id":41381,"date":"2025-11-12T12:40:22","date_gmt":"2025-11-12T11:40:22","guid":{"rendered":"https:\/\/us.edu.pl\/pracownik\/?page_id=41381"},"modified":"2025-11-28T09:52:41","modified_gmt":"2025-11-28T08:52:41","slug":"komisja-etyki-ds-badan-naukowych","status":"publish","type":"page","link":"https:\/\/us.edu.pl\/pracownik\/komisja-etyki-ds-badan-naukowych\/","title":{"rendered":"Komisja Etyki ds. bada\u0144 naukowych"},"content":{"rendered":"<p>[vc_row][vc_column][\/vc_column][\/vc_row][vc_row el_class=&#8221;container&#8221;][vc_column width=&#8221;2\/3&#8243;]\r\n                <div class=\"text-modules\">\r\n                    <div class=\"container\">\r\n                        <h3 class=\"page-title text__title\">Komisja Etyki ds. bada\u0144 naukowych<\/h3>\r\n                        <div class=\"text-modules__content\"><p>Komisja Etyki Uniwersytetu \u015al\u0105skiego ds. bada\u0144 naukowych prowadzonych z udzia\u0142em ludzi zapewnia pomoc i doradztwo badaczom i badaczkom z Uniwersytetu \u015al\u0105skiego w Katowicach w zakresie etycznych i prawnych aspekt\u00f3w ich bada\u0144, w szczeg\u00f3lno\u015bci bada\u0144 z udzia\u0142em ludzi.<\/p>\n<\/div>\r\n                    <\/div>\r\n                <\/div>[\/vc_column][vc_column width=&#8221;1\/3&#8243;]\r\n                <div class='sidebar_moduls sidebar_button' style=\"background-color: #EBEBEB; color: #002E5A\">\r\n                    <h3><\/h3>\r\n                    <div class='link-button-wrap'><a style=\"background-color: #002E5A!important; color: #FFFFFF!important\" href='https:\/\/us.edu.pl\/pracownik\/ethics-committee-for-research-involving-humans\/' class='link-button'>English version<\/a><\/div>\r\n                <\/div>[\/vc_column][\/vc_row][vc_row][vc_column]<div class=\"container\"><div class=\"separator\" style=\"background-color: #002E5A\"><\/div><\/div>[\/vc_column][\/vc_row][vc_row][vc_column]\r\n\r\n            <div class=\"blocks\" style=\"text-align: \">\r\n               <div class=\"container\">\r\n                  \r\n                  <div class=\"row m-0 blocks_4\">\r\n                  \r\n                     <a href=\"https:\/\/us.edu.pl\/pracownik\/komisja-etyki-ds-badan-naukowych\/skladanie-wniosku-komisja-etyki-ds-badan-naukowych\/\" class=\"thumbnail blocks__item\" style=\"background-image: url(https:\/\/us.edu.pl\/pracownik\/wp-content\/uploads\/sites\/2\/Editor\/logistyka\/Osoby-odpowiedzialne-w-Jednostkach\/avel-chuklanov-DUmFLtMeAbQ-unsplash.jpg)\">\r\n                        <span>wi\u0119cej<\/span>\r\n                        <div class=\"blocks__bottom\">\r\n                        <div class=\"blocks__title\">sk\u0142adanie wniosk\u00f3w<\/div>\r\n                        \r\n                        <\/div>\r\n                     <\/a>\r\n                  \r\n                     <a href=\"https:\/\/us.edu.pl\/pracownik\/komisja-etyki-ds-badan-naukowych\/poradnik-dla-wnioskujacych\/\" class=\"thumbnail blocks__item\" style=\"background-image: url(https:\/\/us.edu.pl\/pracownik\/wp-content\/uploads\/sites\/2\/pracownik\/wiadomosci\/blur-1283865_1280-600x398.jpg)\">\r\n                        <span>wi\u0119cej<\/span>\r\n                        <div class=\"blocks__bottom\">\r\n                        <div class=\"blocks__title\">poradnik dla wnioskuj\u0105cych<\/div>\r\n                        \r\n                        <\/div>\r\n                     <\/a>\r\n                  \r\n                     <a href=\"https:\/\/us.edu.pl\/pracownik\/komisja-etyki-ds-badan-naukowych\/dokumenty-i-zalecenia-komisja-etyki-ds-badan-naukowych\/\" class=\"thumbnail blocks__item\" style=\"background-image: url(https:\/\/us.edu.pl\/pracownik\/wp-content\/uploads\/sites\/2\/pracownik\/wiadomosci\/doing-homework-together.jpg)\">\r\n                        <span>wi\u0119cej<\/span>\r\n                        <div class=\"blocks__bottom\">\r\n                        <div class=\"blocks__title\">dokumenty i zalecenia<\/div>\r\n                        \r\n                        <\/div>\r\n                     <\/a>\r\n                  \r\n                     <a href=\"https:\/\/us.edu.pl\/pracownik\/komisja-etyki-ds-badan-naukowych\/wytyczne-kodeksy-materialy-komisja-etyki-ds-badan-naukowych\/\" class=\"thumbnail blocks__item\" style=\"background-image: url(https:\/\/us.edu.pl\/pracownik\/wp-content\/uploads\/sites\/2\/pracownik\/giammarco-boscaro-OPzWvgL-upY-unsplash-1024x683.jpg)\">\r\n                        <span>wi\u0119cej<\/span>\r\n                        <div class=\"blocks__bottom\">\r\n                        <div class=\"blocks__title\">wytyczne, kodeksy, materia\u0142y<\/div>\r\n                        \r\n                        <\/div>\r\n                     <\/a><\/div>     \r\n               <\/div>\r\n            <\/div>[\/vc_column][\/vc_row][vc_row][vc_column]<div class=\"container\"><div class=\"separator\" style=\"background-color: #002E5A\"><\/div><\/div>[\/vc_column][\/vc_row][vc_row disable_element=&#8221;yes&#8221; el_class=&#8221;container&#8221;][vc_column el_class=&#8221;events-loop-post-container&#8221;][vc_column_text el_class=&#8221;text-modules__content container&#8221;]<\/p>\n<div id=\"circle2\" style=\"text-align: center;\"><\/div>\n<p>[\/vc_column_text][vc_row_inner content_placement=&#8221;top&#8221; el_class=&#8221;qw-row&#8221;][vc_column_inner el_class=&#8221;container breadcrumbs qw-small przewodnik&#8221; width=&#8221;2\/3&#8243; css=&#8221;.vc_custom_1656660976133{margin-top: 8px !important;margin-right: 8px !important;margin-bottom: 8px !important;margin-left: 8px !important;}&#8221;]\r\n                <div class=\"text-modules\">\r\n                    <div class=\"container\">\r\n                        \r\n                        <div class=\"text-modules__content\"><\/p>\n<h4><span style=\"font-size: 24pt;\"><a href=\"https:\/\/us.edu.pl\/pracownik\/komisja-etyki-ds-badan-naukowych\/o-komisji-etyki-ds-badan-naukowych\/\" target=\"_blank\" rel=\"noopener\"><strong>o Komisji Etyki<\/strong><\/a><\/span><\/h4>\n<p>&nbsp;<\/p>\n<p><a href=\"https:\/\/us.edu.pl\/pracownik\/komisja-etyki-ds-badan-naukowych\/o-komisji-etyki-ds-badan-naukowych\/\" target=\"_blank\" rel=\"noopener\"><img class=\"alignnone wp-image-41408\" src=\"https:\/\/us.edu.pl\/pracownik\/wp-content\/uploads\/sites\/2\/pracownik\/komisja-etyki-800x568.png\" alt=\"\" width=\"505\" height=\"359\" srcset=\"https:\/\/us.edu.pl\/pracownik\/wp-content\/uploads\/sites\/2\/pracownik\/komisja-etyki-800x568.png 800w, https:\/\/us.edu.pl\/pracownik\/wp-content\/uploads\/sites\/2\/pracownik\/komisja-etyki-1024x727.png 1024w, https:\/\/us.edu.pl\/pracownik\/wp-content\/uploads\/sites\/2\/pracownik\/komisja-etyki-768x545.png 768w, https:\/\/us.edu.pl\/pracownik\/wp-content\/uploads\/sites\/2\/pracownik\/komisja-etyki-575x408.png 575w, https:\/\/us.edu.pl\/pracownik\/wp-content\/uploads\/sites\/2\/pracownik\/komisja-etyki.png 1280w\" sizes=\"(max-width: 505px) 100vw, 505px\" \/><\/a><\/p>\n<\/div>\r\n                    <\/div>\r\n                <\/div>[\/vc_column_inner][vc_column_inner el_class=&#8221;container breadcrumbs qw-small przewodnik&#8221; width=&#8221;1\/3&#8243; css=&#8221;.vc_custom_1656660969981{margin-top: 8px !important;margin-right: 8px !important;margin-bottom: 8px !important;margin-left: 8px !important;}&#8221;][vc_empty_space height=&#8221;20px&#8221;][vc_icon type=&#8221;linecons&#8221; icon_linecons=&#8221;vc_li vc_li-news&#8221; color=&#8221;custom&#8221; size=&#8221;xl&#8221; align=&#8221;center&#8221; el_class=&#8221;qw qw-icon&#8221; link=&#8221;url:https%3A%2F%2Fus.edu.pl%2Fpracownik%2Fkomisja-etyki-ds-badan-naukowych%2Faktualnosci-komisja-etyki-ds-badan-naukowych%2F&#8221;][vc_column_text el_class=&#8221;qw&#8221;]<a href=\"https:\/\/us.edu.pl\/pracownik\/komisja-etyki-ds-badan-naukowych\/aktualnosci-komisja-etyki-ds-badan-naukowych\/\" target=\"_blank\" rel=\"noopener\"><span style=\"font-size: 18pt;\"><strong>AKTUALNO\u015aCI<\/strong><\/span><\/a>[\/vc_column_text][vc_separator color=&#8221;custom&#8221; border_width=&#8221;3&#8243; accent_color=&#8221;#f48220&#8243;][vc_empty_space height=&#8221;20px&#8221;][vc_icon type=&#8221;linecons&#8221; icon_linecons=&#8221;vc_li vc_li-mail&#8221; color=&#8221;custom&#8221; size=&#8221;xl&#8221; align=&#8221;center&#8221; el_class=&#8221;qw qw-icon&#8221; link=&#8221;url:https%3A%2F%2Fus.edu.pl%2Fpracownik%2Fkomisja-etyki-ds-badan-naukowych%2Fkontakt-komisja-etyki-ds-badan-naukowych%2F|target:_blank&#8221;][vc_column_text el_class=&#8221;qw&#8221;]<span style=\"font-size: 18pt;\"><a href=\"https:\/\/us.edu.pl\/pracownik\/komisja-etyki-ds-badan-naukowych\/kontakt-komisja-etyki-ds-badan-naukowych\/\" target=\"_blank\" rel=\"noopener\"><strong>KONTAKT<\/strong><\/a><\/span>[\/vc_column_text][vc_separator color=&#8221;custom&#8221; border_width=&#8221;3&#8243; accent_color=&#8221;#f48220&#8243;][\/vc_column_inner][\/vc_row_inner][\/vc_column][\/vc_row][vc_row][vc_column]\r\n\r\n            <div class=\"blocks\" style=\"text-align: center\">\r\n               <div class=\"container\">\r\n                  \r\n                  <div class=\"row m-0 blocks_3\">\r\n                  \r\n                     <a href=\"https:\/\/us.edu.pl\/pracownik\/komisja-etyki-ds-badan-naukowych\/o-komisji-etyki-ds-badan-naukowych\/\" class=\"thumbnail blocks__item\" style=\"background-image: url(https:\/\/us.edu.pl\/pracownik\/wp-content\/uploads\/sites\/2\/pracownik\/komisja-etyki-1024x727.png)\">\r\n                        <span>wi\u0119cej<\/span>\r\n                        <div class=\"blocks__bottom\">\r\n                        <div class=\"blocks__title\">o Komisji Etyki<\/div>\r\n                        \r\n                        <\/div>\r\n                     <\/a>\r\n                  \r\n                     <a href=\"https:\/\/us.edu.pl\/pracownik\/komisja-etyki-ds-badan-naukowych\/aktualnosci-komisja-etyki-ds-badan-naukowych\/\" class=\"thumbnail blocks__item\" style=\"background-image: url(https:\/\/us.edu.pl\/pracownik\/wp-content\/uploads\/sites\/2\/pracownik\/wiadomosci\/Obraz-Harish-Sharma-z-Pixabay_obrazek-wyrozniajacy-768x511.jpg)\">\r\n                        <span>wi\u0119cej<\/span>\r\n                        <div class=\"blocks__bottom\">\r\n                        <div class=\"blocks__title\">Aktualno\u015bci<\/div>\r\n                        \r\n                        <\/div>\r\n                     <\/a>\r\n                  \r\n                     <a href=\"https:\/\/us.edu.pl\/pracownik\/komisja-etyki-ds-badan-naukowych\/kontakt-komisja-etyki-ds-badan-naukowych\/\" class=\"thumbnail blocks__item\" style=\"background-image: url(https:\/\/us.edu.pl\/pracownik\/wp-content\/uploads\/sites\/2\/pracownik\/kontakt-1024x878.png)\">\r\n                        <span>wi\u0119cej<\/span>\r\n                        <div class=\"blocks__bottom\">\r\n                        \r\n                        <div class=\"blocks__subtitle\">Kontakt<\/div>\r\n                        <\/div>\r\n                     <\/a><\/div>     \r\n               <\/div>\r\n            <\/div>[\/vc_column][\/vc_row]<\/p>","protected":false},"excerpt":{"rendered":"<p>[vc_row][vc_column][\/vc_column][\/vc_row][vc_row el_class=&#8221;container&#8221;][vc_column width=&#8221;2\/3&#8243;][\/vc_column][vc_column width=&#8221;1\/3&#8243;][\/vc_column][\/vc_row][vc_row][vc_column][\/vc_column][\/vc_row][vc_row][vc_column][\/vc_column][\/vc_row][vc_row][vc_column][\/vc_column][\/vc_row][vc_row disable_element=&#8221;yes&#8221; el_class=&#8221;container&#8221;][vc_column el_class=&#8221;events-loop-post-container&#8221;][vc_column_text el_class=&#8221;text-modules__content container&#8221;] [\/vc_column_text][vc_row_inner content_placement=&#8221;top&#8221; el_class=&#8221;qw-row&#8221;][vc_column_inner el_class=&#8221;container breadcrumbs qw-small przewodnik&#8221; width=&#8221;2\/3&#8243; css=&#8221;.vc_custom_1656660976133{margin-top: 8px !important;margin-right: 8px !important;margin-bottom: 8px !important;margin-left: 8px !important;}&#8221;][\/vc_column_inner][vc_column_inner el_class=&#8221;container breadcrumbs qw-small przewodnik&#8221; width=&#8221;1\/3&#8243; css=&#8221;.vc_custom_1656660969981{margin-top: 8px !important;margin-right: 8px !important;margin-bottom: 8px !important;margin-left: 8px !important;}&#8221;][vc_empty_space height=&#8221;20px&#8221;][vc_icon type=&#8221;linecons&#8221; icon_linecons=&#8221;vc_li vc_li-news&#8221; color=&#8221;custom&#8221; size=&#8221;xl&#8221; align=&#8221;center&#8221; el_class=&#8221;qw qw-icon&#8221; link=&#8221;url:https%3A%2F%2Fus.edu.pl%2Fpracownik%2Fkomisja-etyki-ds-badan-naukowych%2Faktualnosci-komisja-etyki-ds-badan-naukowych%2F&#8221;][vc_column_text el_class=&#8221;qw&#8221;]AKTUALNO\u015aCI[\/vc_column_text][vc_separator color=&#8221;custom&#8221; border_width=&#8221;3&#8243; accent_color=&#8221;#f48220&#8243;][vc_empty_space height=&#8221;20px&#8221;][vc_icon [&#8230;]<\/p>\n<p><a class=\"btn btn-secondary understrap-read-more-link\" href=\"https:\/\/us.edu.pl\/pracownik\/komisja-etyki-ds-badan-naukowych\/\">Read More&#8230;<\/a><\/p>\n","protected":false},"author":41,"featured_media":0,"parent":0,"menu_order":0,"comment_status":"closed","ping_status":"closed","template":"","meta":{"_expiration-date-status":"","_expiration-date":0,"_expiration-date-type":"","_expiration-date-categories":[],"_expiration-date-options":[]},"acf":[],"_links":{"self":[{"href":"https:\/\/us.edu.pl\/pracownik\/wp-json\/wp\/v2\/pages\/41381"}],"collection":[{"href":"https:\/\/us.edu.pl\/pracownik\/wp-json\/wp\/v2\/pages"}],"about":[{"href":"https:\/\/us.edu.pl\/pracownik\/wp-json\/wp\/v2\/types\/page"}],"author":[{"embeddable":true,"href":"https:\/\/us.edu.pl\/pracownik\/wp-json\/wp\/v2\/users\/41"}],"replies":[{"embeddable":true,"href":"https:\/\/us.edu.pl\/pracownik\/wp-json\/wp\/v2\/comments?post=41381"}],"version-history":[{"count":11,"href":"https:\/\/us.edu.pl\/pracownik\/wp-json\/wp\/v2\/pages\/41381\/revisions"}],"predecessor-version":[{"id":41732,"href":"https:\/\/us.edu.pl\/pracownik\/wp-json\/wp\/v2\/pages\/41381\/revisions\/41732"}],"wp:attachment":[{"href":"https:\/\/us.edu.pl\/pracownik\/wp-json\/wp\/v2\/media?parent=41381"}],"curies":[{"name":"wp","href":"https:\/\/api.w.org\/{rel}","templated":true}]}}