{"id":41421,"date":"2025-11-13T13:57:15","date_gmt":"2025-11-13T12:57:15","guid":{"rendered":"https:\/\/us.edu.pl\/pracownik\/?page_id=41421"},"modified":"2025-11-28T15:43:36","modified_gmt":"2025-11-28T14:43:36","slug":"skladanie-wniosku-komisja-etyki-ds-badan-naukowych","status":"publish","type":"page","link":"https:\/\/us.edu.pl\/pracownik\/komisja-etyki-ds-badan-naukowych\/skladanie-wniosku-komisja-etyki-ds-badan-naukowych\/","title":{"rendered":"Sk\u0142adanie wniosku | Komisja Etyki ds. bada\u0144 naukowych"},"content":{"rendered":"<p>[vc_row][vc_column][\/vc_column][\/vc_row][vc_row][vc_column]\r\n                <div class=\"text-modules\">\r\n                    <div class=\"container\">\r\n                        <h3 class=\"page-title text__title\">Sk\u0142adanie wniosku do Komisji Etyki ds. bada\u0144 naukowych<\/h3>\r\n                        <div class=\"text-modules__content\"><p>W roku ak. 2025\/26 wniosek mo\u017cna z\u0142o\u017cy\u0107 na dwa alternatywne sposoby:<\/p>\n<table style=\"border-collapse: collapse; width: 100%;\">\n<tbody>\n<tr>\n<td style=\"width: 18.3305%;\"><img class=\"alignnone size-full wp-image-20518\" src=\"https:\/\/us.edu.pl\/pracownik\/wp-content\/uploads\/sites\/2\/pracownik\/Ikony-graficzne\/Obraz1g.jpg\" alt=\"\" width=\"96\" height=\"96\" \/><\/td>\n<td style=\"width: 81.6695%;\">wype\u0142niaj\u0105c wniosek elektroniczny poprzez formularz w aplikacji MS Office <strong>Forms:<\/strong> <em>Wniosek o wydanie opinii przez Komisj\u0119 Etyki U\u015a<\/em><\/td>\n<\/tr>\n<tr>\n<td style=\"width: 18.3305%;\"><img class=\"alignnone size-full wp-image-20519\" src=\"https:\/\/us.edu.pl\/pracownik\/wp-content\/uploads\/sites\/2\/pracownik\/Ikony-graficzne\/Obraz2g.jpg\" alt=\"\" width=\"96\" height=\"96\" \/><\/td>\n<td style=\"width: 81.6695%;\">wysy\u0142aj\u0105c drog\u0105 mailow\u0105 na adres <a href=\"mailto:komisja.etyki@us.edu.pl\" target=\"_blank\" rel=\"noopener\">komisja.etyki@us.edu.pl\u00a0<\/a> wype\u0142niony wniosek w formacje .docx i .pdf (spos\u00f3b dotychczasowy)<\/td>\n<\/tr>\n<\/tbody>\n<\/table>\n<p>\n<\/div>\r\n                    <\/div>\r\n                <\/div>[\/vc_column][\/vc_row][vc_row][vc_column]<div class=\"container\"><div class=\"separator\" style=\"background-color: #000000\"><\/div><\/div>[\/vc_column][\/vc_row][vc_row disable_element=&#8221;yes&#8221; el_class=&#8221;container&#8221;][vc_column]\r\n                <div class=\"text-modules \">\r\n                    <div class=\"container\">\r\n                         <h3 class=\"subtitle text-modules__subtitle\">formularz elektroniczny<\/h3>\r\n                        <div class=\"row m-0\">\r\n                            <div class=\"text-modules__content\">\r\n                                <\/p>\n<p style=\"text-align: center;\"><span style=\"text-decoration: underline;\">Instrukcja wype\u0142niania formularza<\/span><\/p>\n<p>W celu z\u0142o\u017cenia wniosku do Komisji Etyki prosimy o:<\/p>\n<ol>\n<li>Skorzystanie z linku: <a href=\"https:\/\/forms.office.com\/pages\/responsepage.aspx?id=kWLHUIAMRESi-0-KsWjDERBYgd6wy2BHhEooDXAAvw9UOTFDS0NIR0QyRTA2SjYyTzhXOEFBWFlUTC4u&amp;route=shorturl\" target=\"_blank\" rel=\"noopener\">Wniosek o wydanie opinii przez Komisj\u0119 Etyki U\u015a<\/a><br \/>\n<strong><br \/>\nUwaga!<\/strong><br \/>\nWniosek mo\u017ce nie dzia\u0142a\u0107 prawid\u0142owo w przegl\u0105darce Safari. Dotychczas nie by\u0142o problem\u00f3w z przegl\u0105dark\u0105 Chrome<\/li>\n<li>Zalogowanie si\u0119 kontem <strong>@o356.us.edu.pl<\/strong> (jak do MS Teams),<\/li>\n<li>Wype\u0142nienie wniosku.<br \/>\n<strong><br \/>\nUwaga!<\/strong><\/p>\n<ul>\n<li>pola oznaczone <strong>*<\/strong> s\u0105 obowi\u0105zkowe,<\/li>\n<li>przed wype\u0142nieniem poszczeg\u00f3lnych punkt\u00f3w zach\u0119camy do zapoznania si\u0119 z umieszczonymi przy nich obja\u015bnieniami, a tak\u017ce poradnikiem,<\/li>\n<li>je\u017celi istnieje mo\u017cliwo\u015b\u0107 wielokrotnego wyboru odpowiedzi, jest to zaznaczone w danym punkcie,<\/li>\n<li>poszczeg\u00f3lne punkty wniosku pokazuj\u0105 si\u0119 na ekranie w zale\u017cno\u015bci od udzielonej odpowiedzi (np. zaznaczenie odpowiedzi NIE na pytanie o udzia\u0142 os\u00f3b szczeg\u00f3lnie podatnych\/wra\u017cliwych w badaniu powoduje, \u017ce sekcja po\u015bwi\u0119cona tej kwestii nie poka\u017ce si\u0119 na ekranie i nie trzeba jej wype\u0142nia\u0107),<\/li>\n<li>wniosek zapisuje si\u0119 automatycznie. W celu ca\u0142kowitego usuni\u0119cia wprowadzonych danych nale\u017cy nacisn\u0105\u0107 <strong>\u2026<\/strong> w prawym g\u00f3rnym rogu (obok ikonki w kszta\u0142cie ksi\u0105\u017cki \u201eczytnik immersyjny\u201d) i wybra\u0107 \u201ewyczy\u015b\u0107 formularz\u201d.<\/li>\n<\/ul>\n<\/li>\n<li>Wys\u0142anie wniosku.<br \/>\n<strong><strong><br \/>\n<\/strong><\/strong><strong>Uwaga!<\/strong><\/p>\n<ul>\n<li>Po wys\u0142aniu wniosku do Komisji sugerujemy zachowanie jego kopii w formacie pdf. Mo\u017ce to u\u0142atwi\u0107 prac\u0119 w razie potrzeby poprawy wniosku.<\/li>\n<li>Kopi\u0119 wys\u0142anego wniosku zapisuje si\u0119 naciskaj\u0105c\u00a0<strong>\u2026.<\/strong>\u00a0w prawym g\u00f3rnym rogu strony, kt\u00f3ra wy\u015bwietla si\u0119 po wys\u0142aniu wniosku \u201eDzi\u0119kujemy za przes\u0142anie wniosku do Komisji Etyki U\u015a\u201d<\/li>\n<\/ul>\n<p>&nbsp;<\/p>\n<p>W sytuacji, gdy wniosek otrzyma\u0142 opini\u0119 warunkow\u0105 lub wymaga\u0142 poprawy prosimy:<\/p>\n<ol style=\"list-style-type: lower-alpha;\">\n<li>wype\u0142ni\u0107 wniosek ponownie<\/li>\n<li>w ko\u0144cowej cz\u0119\u015bci prosimy o ustosunkowanie si\u0119 do uwag KE i opisanie wprowadzone zmiany lub za\u0142\u0105czenie pliku zawieraj\u0105cego takie informacje<\/li>\n<li>wys\u0142a\u0107 wniosek<\/li>\n<\/ol>\n<ul>\n<li>Po wys\u0142aniu wniosku do Komisji sugerujemy zachowanie jego kopii w formacie pdf.<\/li>\n<\/ul>\n<\/li>\n<\/ol>\n<div class=\"mt-3\"><\/div>\r\n                            <\/div>\r\n                            \r\n                            <div class=\"text-modules__img\"><a href=\"https:\/\/forms.office.com\/pages\/responsepage.aspx?id=kWLHUIAMRESi-0-KsWjDERBYgd6wy2BHhEooDXAAvw9UOTFDS0NIR0QyRTA2SjYyTzhXOEFBWFlUTC4u&amp;route=shorturl\" target=\"_blank\"><img src=\"https:\/\/us.edu.pl\/pracownik\/wp-content\/uploads\/sites\/2\/pracownik\/formularz_elektroniczny.png\" alt=\"img\"><\/a><\/div>\r\n                        <\/div>\r\n                    <\/div>\r\n                <\/div>[\/vc_column][\/vc_row][vc_row disable_element=&#8221;yes&#8221;][vc_column]<div class=\"container\"><div class=\"separator\" style=\"background-color: #000000\"><\/div><\/div>[\/vc_column][\/vc_row][vc_row disable_element=&#8221;yes&#8221; el_class=&#8221;container&#8221;][vc_column]\r\n                <div class=\"text-modules \">\r\n                    <div class=\"container\">\r\n                         <h3 class=\"subtitle text-modules__subtitle\">wniosek dotychczasowy<\/h3>\r\n                        <div class=\"row m-0\">\r\n                            <div class=\"text-modules__content\">\r\n                                <\/p>\n<p style=\"text-align: center;\"><u>\u015acie\u017cka dotychczasowa<\/u><\/p>\n<p>W celu z\u0142o\u017cenia wniosku do Komisji Etyki prosimy o:<\/p>\n<ol>\n<li>pobranie formularza wniosku,<\/li>\n<li>wype\u0142nienie wniosku,<\/li>\n<li>przed wype\u0142nieniem poszczeg\u00f3lnych punkt\u00f3w zach\u0119camy do zapoznania si\u0119 z poradnikiem,<\/li>\n<li>zwr\u00f3cenie uwagi na to, \u017ce wnioski sk\u0142adane do Komisji powinny w szczeg\u00f3lno\u015bci zawiera\u0107 informacje na temat:<\/li>\n<\/ol>\n<ul>\n<li>celu projektu,<\/li>\n<li>rodzaju i liczby os\u00f3b uczestnicz\u0105cych w badaniu oraz kryteri\u00f3w ich doboru,<\/li>\n<li>przebiegu badania i stosowanych narz\u0119dzi badawczych (je\u015bli dotyczy),<\/li>\n<li>ryzyk i czynnik\u00f3w stresogennych dla os\u00f3b uczestnicz\u0105cych w badaniu oraz \u015brodk\u00f3w podejmowanych w celu unikni\u0119cia negatywnych skutk\u00f3w badania,<\/li>\n<li>sposobu przekazywania osobom uczestnicz\u0105cym w badaniu informacji na temat przebiegu badania i uzyskiwania ich zgody na udzia\u0142 w badaniu,<\/li>\n<li>informacji kierowanych do os\u00f3b uczestnicz\u0105cych w badaniu,<\/li>\n<li>pozyskiwania i ochrony danych osobowych.<\/li>\n<\/ul>\n<ol start=\"5\">\n<li>podpisanie wniosku,<\/li>\n<li>je\u015bli dotyczy \u2013 uzyskanie na wniosku podpisu osoby, kt\u00f3ra pe\u0142ni funkcj\u0119 promotora lub opiekuna naukowego,<\/li>\n<li>przygotowanie w\u0142a\u015bciwych za\u0142\u0105cznik\u00f3w (o\u015bwiadczenie o uzyskaniu \u015bwiadomej zgody jest niezb\u0119dne); wzory za\u0142\u0105cznik\u00f3w dost\u0119pne s\u0105 na stronie Komisji <a href=\"https:\/\/us.edu.pl\/pracownik\/wp-content\/uploads\/sites\/2\/pracownik\/Zal.-1_Oswiadczenie-badacza-Zgoda-Dorosli_Wzor_Komisja-Etyki-US_12.2020.docx\" class=\"mtli_attachment mtli_docx\" data-mtli=\"mtli_filesize17,61kB\" target=\"_blank\" rel=\"noopener\">o\u015bwiadczenie badacza \u2013 za\u0142.1<\/a>, <a href=\"https:\/\/us.edu.pl\/pracownik\/wp-content\/uploads\/sites\/2\/pracownik\/Zal_2_Oswiadczenie-badacza-Zgoda_Dorosli_Dane-Osobowe_Wzor_Komisja-Etyki-US_12.2020.docx\" class=\"mtli_attachment mtli_docx\" data-mtli=\"mtli_filesize15,94kB\" target=\"_blank\" rel=\"noopener\">o\u015bwiadczenie badacza \u2013 za\u0142.2<\/a><\/li>\n<li>przes\u0142anie kompletnej dokumentacji (wniosek opatrzony stosownymi podpisami w formatach PDF oraz DOCX lub DOC, jak r\u00f3wnie\u017c za\u0142\u0105czniki w formacie PDF) na adres Komisji: <a href=\"mailto:komisja.etyki@us.edu.pl\" target=\"_blank\" rel=\"noopener\">komisja.etyki@us.edu.pl<\/a> .<\/li>\n<\/ol>\n<p>&nbsp;<\/p>\n<p>W sytuacji, gdy wniosek otrzyma\u0142 opini\u0119 warunkow\u0105 lub wymaga\u0142 poprawy prosimy, aby:<\/p>\n<ul>\n<li>nanie\u015b\u0107 zmiany w trybie \u015bledzenia zmian lub oznaczy\u0107 wprowadzone zmiany kolorem.<\/li>\n<li>ustosunkowa\u0107 si\u0119 w osobnym pliku do uwag Komisji i opisa\u0107 wprowadzone zmiany.<\/li>\n<li>przes\u0142a\u0107 pe\u0142n\u0105 dokumentacj\u0119, czyli wniosek wraz z za\u0142\u0105cznikami.<\/li>\n<\/ul>\n<div class=\"mt-3\"><\/div>\r\n                            <\/div>\r\n                            \r\n                            <div class=\"text-modules__img\"><a href=\"https:\/\/us.edu.pl\/pracownik\/wp-content\/uploads\/sites\/2\/pracownik\/wniosek_dotychczasowy.docx\" class=\"mtli_attachment mtli_docx\" data-mtli=\"mtli_filesize41,02kB\" target=\"_blank\"><img src=\"https:\/\/us.edu.pl\/pracownik\/wp-content\/uploads\/sites\/2\/pracownik\/wniosek_dotychczasowy.png\" alt=\"img\"><\/a><\/div>\r\n                        <\/div>\r\n                    <\/div>\r\n                <\/div>[\/vc_column][\/vc_row][vc_row disable_element=&#8221;yes&#8221; el_class=&#8221;container&#8221;][vc_column width=&#8221;1\/2&#8243;]\r\n                <div class=\"text-modules\">\r\n                    <div class=\"container\">\r\n                        \r\n                        <div class=\"text-modules__content\"><p><a href=\"https:\/\/us.edu.pl\/pracownik\/komisja-etyki-ds-badan-naukowych\/skladanie-wniosku-komisja-etyki-ds-badan-naukowych\/skladanie-wniosku-formularz-elektroniczny-komisja-etyki-ds-badan-naukowych\/\" target=\"_blank\" rel=\"noopener\"><img class=\"wp-image-41409 aligncenter\" src=\"https:\/\/us.edu.pl\/pracownik\/wp-content\/uploads\/sites\/2\/pracownik\/formularz_elektroniczny.png\" alt=\"\" width=\"362\" height=\"356\" srcset=\"https:\/\/us.edu.pl\/pracownik\/wp-content\/uploads\/sites\/2\/pracownik\/formularz_elektroniczny.png 733w, https:\/\/us.edu.pl\/pracownik\/wp-content\/uploads\/sites\/2\/pracownik\/formularz_elektroniczny-575x565.png 575w\" sizes=\"(max-width: 362px) 100vw, 362px\" \/><\/a><\/p>\n<\/div>\r\n                    <\/div>\r\n                <\/div>[\/vc_column][vc_column width=&#8221;1\/2&#8243;]\r\n                <div class=\"text-modules\">\r\n                    <div class=\"container\">\r\n                        \r\n                        <div class=\"text-modules__content\"><p><a href=\"https:\/\/us.edu.pl\/pracownik\/komisja-etyki-ds-badan-naukowych\/skladanie-wniosku-komisja-etyki-ds-badan-naukowych\/skladanie-wniosku-formularz-pdf-komisja-etyki-ds-badan-naukowych\/\" target=\"_blank\" rel=\"noopener\"><img class=\"wp-image-41412 aligncenter\" src=\"https:\/\/us.edu.pl\/pracownik\/wp-content\/uploads\/sites\/2\/pracownik\/wniosek_dotychczasowy-594x800.png\" alt=\"\" width=\"296\" height=\"399\" srcset=\"https:\/\/us.edu.pl\/pracownik\/wp-content\/uploads\/sites\/2\/pracownik\/wniosek_dotychczasowy-594x800.png 594w, https:\/\/us.edu.pl\/pracownik\/wp-content\/uploads\/sites\/2\/pracownik\/wniosek_dotychczasowy-761x1024.png 761w, https:\/\/us.edu.pl\/pracownik\/wp-content\/uploads\/sites\/2\/pracownik\/wniosek_dotychczasowy-768x1034.png 768w, https:\/\/us.edu.pl\/pracownik\/wp-content\/uploads\/sites\/2\/pracownik\/wniosek_dotychczasowy-427x575.png 427w, https:\/\/us.edu.pl\/pracownik\/wp-content\/uploads\/sites\/2\/pracownik\/wniosek_dotychczasowy.png 951w\" sizes=\"(max-width: 296px) 100vw, 296px\" \/><\/a><\/p>\n<\/div>\r\n                    <\/div>\r\n                <\/div>[\/vc_column][\/vc_row][vc_row el_class=&#8221;container&#8221;][vc_column width=&#8221;1\/2&#8243;]\r\n                <div class=\"text-modules \">\r\n                    <div class=\"container\">\r\n                         <h3 class=\"subtitle text-modules__subtitle\">Formularz elektroniczny<\/h3>\r\n                        <div class=\"row m-0\">\r\n                            <div class=\"text-modules__content\">\r\n                                <\/p>\n<h4><span style=\"font-size: 14pt;\"><a href=\"https:\/\/us.edu.pl\/pracownik\/komisja-etyki-ds-badan-naukowych\/skladanie-wniosku-komisja-etyki-ds-badan-naukowych\/skladanie-wniosku-formularz-elektroniczny-komisja-etyki-ds-badan-naukowych\/\" target=\"_blank\" rel=\"noopener\"><strong>Instrukcja wype\u0142niania formularza elektronicznego<\/strong><\/a><\/span><\/h4>\n<p><a href=\"https:\/\/us.edu.pl\/pracownik\/komisja-etyki-ds-badan-naukowych\/skladanie-wniosku-komisja-etyki-ds-badan-naukowych\/skladanie-wniosku-formularz-elektroniczny-komisja-etyki-ds-badan-naukowych\/\" target=\"_blank\" rel=\"noopener\"><img class=\"wp-image-41409 aligncenter\" src=\"https:\/\/us.edu.pl\/pracownik\/wp-content\/uploads\/sites\/2\/pracownik\/formularz_elektroniczny.png\" alt=\"\" width=\"380\" height=\"373\" srcset=\"https:\/\/us.edu.pl\/pracownik\/wp-content\/uploads\/sites\/2\/pracownik\/formularz_elektroniczny.png 733w, https:\/\/us.edu.pl\/pracownik\/wp-content\/uploads\/sites\/2\/pracownik\/formularz_elektroniczny-575x565.png 575w\" sizes=\"(max-width: 380px) 100vw, 380px\" \/><\/a> \r\n                                <div class=\"mt-3\"><a href=\"https:\/\/forms.office.com\/pages\/responsepage.aspx?id=kWLHUIAMRESi-0-KsWjDERBYgd6wy2BHhEooDXAAvw9UOTFDS0NIR0QyRTA2SjYyTzhXOEFBWFlUTC4u&route=shorturl\" class=\"link-button mr-3 \">link do formularza elektronicznego<\/a><\/div>\r\n                            <\/div>\r\n                            \r\n                            \r\n                        <\/div>\r\n                    <\/div>\r\n                <\/div>[\/vc_column][vc_column width=&#8221;1\/2&#8243;]\r\n                <div class=\"text-modules \">\r\n                    <div class=\"container\">\r\n                         <h3 class=\"subtitle text-modules__subtitle\">Wniosek dotychczasowy<\/h3>\r\n                        <div class=\"row m-0\">\r\n                            <div class=\"text-modules__content\">\r\n                                <\/p>\n<h4><span style=\"font-size: 14pt;\"><strong><a href=\"https:\/\/us.edu.pl\/pracownik\/komisja-etyki-ds-badan-naukowych\/skladanie-wniosku-komisja-etyki-ds-badan-naukowych\/skladanie-wniosku-formularz-pdf-komisja-etyki-ds-badan-naukowych\/\" target=\"_blank\" rel=\"noopener\">Instrukcja wype\u0142niania wniosku (\u015bcie\u017cka dotychczasowa)<\/a><\/strong><\/span><\/h4>\n<p><a href=\"https:\/\/us.edu.pl\/pracownik\/komisja-etyki-ds-badan-naukowych\/skladanie-wniosku-komisja-etyki-ds-badan-naukowych\/skladanie-wniosku-formularz-pdf-komisja-etyki-ds-badan-naukowych\/\" target=\"_blank\" rel=\"noopener\"><img class=\"wp-image-41412 aligncenter\" src=\"https:\/\/us.edu.pl\/pracownik\/wp-content\/uploads\/sites\/2\/pracownik\/wniosek_dotychczasowy-594x800.png\" alt=\"\" width=\"292\" height=\"394\" srcset=\"https:\/\/us.edu.pl\/pracownik\/wp-content\/uploads\/sites\/2\/pracownik\/wniosek_dotychczasowy-594x800.png 594w, https:\/\/us.edu.pl\/pracownik\/wp-content\/uploads\/sites\/2\/pracownik\/wniosek_dotychczasowy-761x1024.png 761w, https:\/\/us.edu.pl\/pracownik\/wp-content\/uploads\/sites\/2\/pracownik\/wniosek_dotychczasowy-768x1034.png 768w, https:\/\/us.edu.pl\/pracownik\/wp-content\/uploads\/sites\/2\/pracownik\/wniosek_dotychczasowy-427x575.png 427w, https:\/\/us.edu.pl\/pracownik\/wp-content\/uploads\/sites\/2\/pracownik\/wniosek_dotychczasowy.png 951w\" sizes=\"(max-width: 292px) 100vw, 292px\" \/><\/a><\/p>\n<p>&nbsp;<\/p>\n<div class=\"mt-3\"><a href=\"https:\/\/us.edu.pl\/pracownik\/komisja-etyki-ds-badan-naukowych\/skladanie-wniosku-komisja-etyki-ds-badan-naukowych\/skladanie-wniosku-formularz-pdf-komisja-etyki-ds-badan-naukowych\/\" class=\"link-button mr-3 \">link do dokumentu (wniosek dotychczasowy)<\/a><\/div>\r\n                            <\/div>\r\n                            \r\n                            \r\n                        <\/div>\r\n                    <\/div>\r\n                <\/div>[\/vc_column][\/vc_row]<\/p>\n<style type=\"text\/css\">a[data-mtli~=\"mtli_filesize17,61kB\"]:after {content:\" (17,61 kB)\"}a[data-mtli~=\"mtli_filesize15,94kB\"]:after {content:\" (15,94 kB)\"}a[data-mtli~=\"mtli_filesize41,02kB\"]:after {content:\" (41,02 kB)\"}<\/style>","protected":false},"excerpt":{"rendered":"<p>[vc_row][vc_column][\/vc_column][\/vc_row][vc_row][vc_column][\/vc_column][\/vc_row][vc_row][vc_column][\/vc_column][\/vc_row][vc_row disable_element=&#8221;yes&#8221; el_class=&#8221;container&#8221;][vc_column][\/vc_column][\/vc_row][vc_row disable_element=&#8221;yes&#8221;][vc_column][\/vc_column][\/vc_row][vc_row disable_element=&#8221;yes&#8221; el_class=&#8221;container&#8221;][vc_column][\/vc_column][\/vc_row][vc_row disable_element=&#8221;yes&#8221; el_class=&#8221;container&#8221;][vc_column width=&#8221;1\/2&#8243;][\/vc_column][vc_column width=&#8221;1\/2&#8243;][\/vc_column][\/vc_row][vc_row el_class=&#8221;container&#8221;][vc_column width=&#8221;1\/2&#8243;][\/vc_column][vc_column width=&#8221;1\/2&#8243;][\/vc_column][\/vc_row] [&#8230;]<\/p>\n<p><a class=\"btn btn-secondary understrap-read-more-link\" href=\"https:\/\/us.edu.pl\/pracownik\/komisja-etyki-ds-badan-naukowych\/skladanie-wniosku-komisja-etyki-ds-badan-naukowych\/\">Read More&#8230;<\/a><\/p>\n","protected":false},"author":41,"featured_media":0,"parent":41381,"menu_order":0,"comment_status":"closed","ping_status":"closed","template":"","meta":{"_expiration-date-status":"","_expiration-date":0,"_expiration-date-type":"","_expiration-date-categories":[],"_expiration-date-options":[]},"acf":[],"_links":{"self":[{"href":"https:\/\/us.edu.pl\/pracownik\/wp-json\/wp\/v2\/pages\/41421"}],"collection":[{"href":"https:\/\/us.edu.pl\/pracownik\/wp-json\/wp\/v2\/pages"}],"about":[{"href":"https:\/\/us.edu.pl\/pracownik\/wp-json\/wp\/v2\/types\/page"}],"author":[{"embeddable":true,"href":"https:\/\/us.edu.pl\/pracownik\/wp-json\/wp\/v2\/users\/41"}],"replies":[{"embeddable":true,"href":"https:\/\/us.edu.pl\/pracownik\/wp-json\/wp\/v2\/comments?post=41421"}],"version-history":[{"count":10,"href":"https:\/\/us.edu.pl\/pracownik\/wp-json\/wp\/v2\/pages\/41421\/revisions"}],"predecessor-version":[{"id":41765,"href":"https:\/\/us.edu.pl\/pracownik\/wp-json\/wp\/v2\/pages\/41421\/revisions\/41765"}],"up":[{"embeddable":true,"href":"https:\/\/us.edu.pl\/pracownik\/wp-json\/wp\/v2\/pages\/41381"}],"wp:attachment":[{"href":"https:\/\/us.edu.pl\/pracownik\/wp-json\/wp\/v2\/media?parent=41421"}],"curies":[{"name":"wp","href":"https:\/\/api.w.org\/{rel}","templated":true}]}}