{"id":41445,"date":"2025-11-14T11:26:54","date_gmt":"2025-11-14T10:26:54","guid":{"rendered":"https:\/\/us.edu.pl\/pracownik\/?page_id=41445"},"modified":"2025-11-26T15:45:07","modified_gmt":"2025-11-26T14:45:07","slug":"poradnik-dla-wnioskujacych","status":"publish","type":"page","link":"https:\/\/us.edu.pl\/pracownik\/komisja-etyki-ds-badan-naukowych\/poradnik-dla-wnioskujacych\/","title":{"rendered":"Poradnik dla wnioskuj\u0105cych | Komisja Etyki ds. bada\u0144 naukowych"},"content":{"rendered":"<p>[vc_row][vc_column][\/vc_column][\/vc_row][vc_row][vc_column]\r\n                <div class=\"text-modules \">\r\n                    <div class=\"container\">\r\n                        <h3 class=\"section-title section-title_border-bottom\">Poradnik dla wnioskuj\u0105cych<\/h3> \r\n                        <div class=\"row m-0\">\r\n                            <div class=\"text-modules__content\">\r\n                                <strong>Komisja Etyki ds. bada\u0144 z udzia\u0142em ludzi Uniwersytetu \u015al\u0105skiego w Katowicach (dalej: Komisja Etyki)<\/strong> powsta\u0142a po to, aby ocenia\u0107, czy planowane badania s\u0105 zgodne ze standardami etycznymi.<\/p>\n<p>Szczeg\u00f3ln\u0105 wag\u0119 przywi\u0105zuje<span class=\"v1Apple-converted-space\">\u00a0<\/span><strong>do ochrony praw i dobrostanu os\u00f3b bior\u0105cych udzia\u0142 w procesie badawczym (uczestnicz\u0105cych i prowadz\u0105cych badania)<\/strong><span class=\"v1Apple-converted-space\">\u00a0<\/span>\u2013 w tym do tego, czy osoby uczestnicz\u0105ce w badaniu wyrazi\u0142y \u015bwiadom\u0105 i dobrowoln\u0105 zgod\u0119 na udzia\u0142, czy wyst\u0119puj\u0105 jakiekolwiek ryzyka zwi\u0105zane z udzia\u0142em w badaniu oraz czy zosta\u0142y przewidziane sposoby ich ograniczenia. Komisja zwraca te\u017c uwag\u0119 na przestrzeganie praw autorskich oraz prawid\u0142owe przetwarzanie danych osobowych.<\/p>\n<p><strong>Poni\u017csze pytania i odpowiedzi<\/strong> zosta\u0142y przygotowane, by pom\u00f3c osobom przygotowuj\u0105cym wnioski badawcze w zrozumieniu najwa\u017cniejszych kwestii etycznych. Zach\u0119camy do ich uwa\u017cnego przeczytania \u2013 u\u0142atwi to prawid\u0142owe wype\u0142nienie wniosku i przyspieszy proces wydawania opinii.<\/p>\n<p><strong>Zale\u017cy nam na pos\u0142ugiwaniu si\u0119 j\u0119zykiem inkluzywnym, dlatego zazwyczaj u\u017cywamy okre\u015blenia \u201eosoby\u201d. W tek\u015bcie (zw\u0142aszcza w checkli\u015bcie) mog\u0105 jednak pojawia\u0107 si\u0119 formy m\u0119skoosobowe \u2013 to zabieg pragmatyczny, maj\u0105cy na celu uproszczenie tekstu, a nie wyraz braku szacunku wobec jakiejkolwiek grupy.<\/strong> \r\n                                <div class=\"mt-3\"><a href=\"https:\/\/us.edu.pl\/pracownik\/wp-content\/uploads\/sites\/2\/pracownik\/poradnik.pdf\" class=\"mtli_attachment mtli_pdf\" data-mtli=\"mtli_filesize288,58kB\" class=\"link-button mr-3 \">Poradnik<\/a><\/div>\r\n                            <\/div>\r\n                            \r\n                            <div class=\"text-modules__img\"><a href=\"https:\/\/us.edu.pl\/pracownik\/wp-content\/uploads\/sites\/2\/pracownik\/poradnik.pdf\" class=\"mtli_attachment mtli_pdf\" data-mtli=\"mtli_filesize288,58kB\" target=\"_blank\"><img src=\"https:\/\/us.edu.pl\/pracownik\/wp-content\/uploads\/sites\/2\/pracownik\/poradnik.jpg\" alt=\"img\"><\/a><\/div>\r\n                        <\/div>\r\n                    <\/div>\r\n                <\/div>[\/vc_column][\/vc_row]<\/p>\n<style type=\"text\/css\">a[data-mtli~=\"mtli_filesize288,58kB\"]:after {content:\" (288,58 kB)\"}<\/style>","protected":false},"excerpt":{"rendered":"<p>[vc_row][vc_column][\/vc_column][\/vc_row][vc_row][vc_column][\/vc_column][\/vc_row] [&#8230;]<\/p>\n<p><a class=\"btn btn-secondary understrap-read-more-link\" href=\"https:\/\/us.edu.pl\/pracownik\/komisja-etyki-ds-badan-naukowych\/poradnik-dla-wnioskujacych\/\">Read More&#8230;<\/a><\/p>\n","protected":false},"author":41,"featured_media":0,"parent":41381,"menu_order":0,"comment_status":"closed","ping_status":"closed","template":"","meta":{"_expiration-date-status":"","_expiration-date":0,"_expiration-date-type":"","_expiration-date-categories":[],"_expiration-date-options":[]},"acf":[],"_links":{"self":[{"href":"https:\/\/us.edu.pl\/pracownik\/wp-json\/wp\/v2\/pages\/41445"}],"collection":[{"href":"https:\/\/us.edu.pl\/pracownik\/wp-json\/wp\/v2\/pages"}],"about":[{"href":"https:\/\/us.edu.pl\/pracownik\/wp-json\/wp\/v2\/types\/page"}],"author":[{"embeddable":true,"href":"https:\/\/us.edu.pl\/pracownik\/wp-json\/wp\/v2\/users\/41"}],"replies":[{"embeddable":true,"href":"https:\/\/us.edu.pl\/pracownik\/wp-json\/wp\/v2\/comments?post=41445"}],"version-history":[{"count":5,"href":"https:\/\/us.edu.pl\/pracownik\/wp-json\/wp\/v2\/pages\/41445\/revisions"}],"predecessor-version":[{"id":41686,"href":"https:\/\/us.edu.pl\/pracownik\/wp-json\/wp\/v2\/pages\/41445\/revisions\/41686"}],"up":[{"embeddable":true,"href":"https:\/\/us.edu.pl\/pracownik\/wp-json\/wp\/v2\/pages\/41381"}],"wp:attachment":[{"href":"https:\/\/us.edu.pl\/pracownik\/wp-json\/wp\/v2\/media?parent=41445"}],"curies":[{"name":"wp","href":"https:\/\/api.w.org\/{rel}","templated":true}]}}