{"id":41452,"date":"2025-11-14T11:41:18","date_gmt":"2025-11-14T10:41:18","guid":{"rendered":"https:\/\/us.edu.pl\/pracownik\/?page_id=41452"},"modified":"2025-11-26T13:41:39","modified_gmt":"2025-11-26T12:41:39","slug":"dokumenty-i-zalecenia-komisja-etyki-ds-badan-naukowych","status":"publish","type":"page","link":"https:\/\/us.edu.pl\/pracownik\/komisja-etyki-ds-badan-naukowych\/dokumenty-i-zalecenia-komisja-etyki-ds-badan-naukowych\/","title":{"rendered":"Dokumenty i zalecenia | Komisja Etyki ds. bada\u0144 naukowych"},"content":{"rendered":"<p>[vc_row][vc_column][\/vc_column][\/vc_row][vc_row][vc_column]<div class=\"container\"><div class=\"separator\" style=\"background-color: #EBEBEB\"><\/div><\/div>[\/vc_column][\/vc_row][vc_row][vc_column]\r\n                <div class=\"text-modules \">\r\n                    <div class=\"container\">\r\n                        <h3 class=\"section-title section-title_border-bottom\">Dokumenty i zalecenia<\/h3> \r\n                        <div class=\"row m-0\">\r\n                            <div class=\"text-modules__content\">\r\n                                W roku ak.2025\/26 mo\u017cna sk\u0142ada\u0107 wniosek do Komisji Etyki (wraz z za\u0142\u0105cznikami) na dotychczas obowi\u0105zuj\u0105cych formularzach.<\/p>\n<ul>\n<li><a href=\"https:\/\/us.edu.pl\/pracownik\/wp-content\/uploads\/sites\/2\/pracownik\/wniosek_dotychczasowy.docx\" class=\"mtli_attachment mtli_docx\" data-mtli=\"mtli_filesize41,02kB\" target=\"_blank\" rel=\"noopener\">Wniosek<\/a><\/li>\n<li><a href=\"https:\/\/us.edu.pl\/pracownik\/wp-content\/uploads\/sites\/2\/pracownik\/Zal.-1_Oswiadczenie-badacza-Zgoda-Dorosli_Wzor_Komisja-Etyki-US_12.2020-3.docx\" class=\"mtli_attachment mtli_docx\" data-mtli=\"mtli_filesize17,61kB\" target=\"_blank\" rel=\"noopener\">O\u015bwiadczenie badacza \u2013 za\u0142. 1<\/a><\/li>\n<li><a href=\"https:\/\/us.edu.pl\/pracownik\/wp-content\/uploads\/sites\/2\/pracownik\/Zal_2_Oswiadczenie-badacza-Zgoda_Dorosli_Dane-Osobowe_Wzor_Komisja-Etyki-US_12.2020-2.docx\" class=\"mtli_attachment mtli_docx\" data-mtli=\"mtli_filesize15,94kB\" target=\"_blank\" rel=\"noopener\">O\u015bwiadczenie badacza \u2013 za\u0142. 2<\/a><\/li>\n<\/ul>\n<div class=\"mt-3\"><\/div>\r\n                            <\/div>\r\n                            \r\n                            <div class=\"text-modules__img\"><img src=\"https:\/\/us.edu.pl\/pracownik\/wp-content\/uploads\/sites\/2\/pracownik\/dokumenty_zalececnia_US.jpg\" alt=\"img\"><\/div>\r\n                        <\/div>\r\n                    <\/div>\r\n                <\/div>[\/vc_column][\/vc_row][vc_row][vc_column]\r\n                <div class=\"text-modules \">\r\n                    <div class=\"container\">\r\n                         \r\n                        <div class=\"row m-0\">\r\n                            <div class=\"text-modules__content\">\r\n                                Poni\u017cej znajduj\u0105 si\u0119 dokumenty, kt\u00f3re nale\u017cy traktowa\u0107 jako szablony do wykorzystania przy opracowaniu w\u0142asnych wersji o\u015bwiadcze\u0144 zgodnych z potrzebami projektu badawczego i kontekstem prowadzonych bada\u0144.<\/p>\n<ul>\n<li><strong><a href=\"https:\/\/us.edu.pl\/pracownik\/wp-content\/uploads\/sites\/2\/pracownik\/Zal_Oswiadcz.-badacza_Szablon_Zgoda-RODO_Inspektor-Danych-Osobowych-US_30.05.2020.docx\" class=\"mtli_attachment mtli_docx\" data-mtli=\"mtli_filesize17,27kB\" target=\"_blank\" rel=\"noopener\">O\u015bwiadczenie badacza naukowego dotycz\u0105ce zobowi\u0105zania do uzyskania \u015bwiadomej dobrowolnej zgody osoby doros\u0142ej\/ przedstawiciela ustawowego osoby ma\u0142oletniej na udzia\u0142 w badaniu i przetwarzanie danych osobowych.<\/a><\/strong><\/li>\n<\/ul>\n<p>&nbsp;<\/p>\n<ul>\n<li><a href=\"https:\/\/us.edu.pl\/pracownik\/wp-content\/uploads\/sites\/2\/pracownik\/Zal_Zgoda_na-przetwarznie-wrazliwych-danych_Klauzula-inform_Szablon_Inspektor-US_30.05.2020.docx\" class=\"mtli_attachment mtli_docx\" data-mtli=\"mtli_filesize23,83kB\" target=\"_blank\" rel=\"noopener\"><strong>Zgoda uczestnika badania na przetwarzanie danych osobowych szczeg\u00f3lnych kategorii (tzw. danych wra\u017cliwych).<\/strong><\/a><\/li>\n<\/ul>\n<div class=\"mt-3\"><\/div>\r\n                            <\/div>\r\n                            \r\n                            \r\n                        <\/div>\r\n                    <\/div>\r\n                <\/div>[\/vc_column][\/vc_row]<\/p>\n<style type=\"text\/css\">a[data-mtli~=\"mtli_filesize41,02kB\"]:after {content:\" (41,02 kB)\"}a[data-mtli~=\"mtli_filesize17,61kB\"]:after {content:\" (17,61 kB)\"}a[data-mtli~=\"mtli_filesize15,94kB\"]:after {content:\" (15,94 kB)\"}a[data-mtli~=\"mtli_filesize17,27kB\"]:after {content:\" (17,27 kB)\"}a[data-mtli~=\"mtli_filesize23,83kB\"]:after {content:\" (23,83 kB)\"}<\/style>","protected":false},"excerpt":{"rendered":"<p>[vc_row][vc_column][\/vc_column][\/vc_row][vc_row][vc_column][\/vc_column][\/vc_row][vc_row][vc_column][\/vc_column][\/vc_row][vc_row][vc_column][\/vc_column][\/vc_row] [&#8230;]<\/p>\n<p><a class=\"btn btn-secondary understrap-read-more-link\" href=\"https:\/\/us.edu.pl\/pracownik\/komisja-etyki-ds-badan-naukowych\/dokumenty-i-zalecenia-komisja-etyki-ds-badan-naukowych\/\">Read More&#8230;<\/a><\/p>\n","protected":false},"author":41,"featured_media":0,"parent":41381,"menu_order":0,"comment_status":"closed","ping_status":"closed","template":"","meta":{"_expiration-date-status":"","_expiration-date":0,"_expiration-date-type":"","_expiration-date-categories":[],"_expiration-date-options":[]},"acf":[],"_links":{"self":[{"href":"https:\/\/us.edu.pl\/pracownik\/wp-json\/wp\/v2\/pages\/41452"}],"collection":[{"href":"https:\/\/us.edu.pl\/pracownik\/wp-json\/wp\/v2\/pages"}],"about":[{"href":"https:\/\/us.edu.pl\/pracownik\/wp-json\/wp\/v2\/types\/page"}],"author":[{"embeddable":true,"href":"https:\/\/us.edu.pl\/pracownik\/wp-json\/wp\/v2\/users\/41"}],"replies":[{"embeddable":true,"href":"https:\/\/us.edu.pl\/pracownik\/wp-json\/wp\/v2\/comments?post=41452"}],"version-history":[{"count":6,"href":"https:\/\/us.edu.pl\/pracownik\/wp-json\/wp\/v2\/pages\/41452\/revisions"}],"predecessor-version":[{"id":41550,"href":"https:\/\/us.edu.pl\/pracownik\/wp-json\/wp\/v2\/pages\/41452\/revisions\/41550"}],"up":[{"embeddable":true,"href":"https:\/\/us.edu.pl\/pracownik\/wp-json\/wp\/v2\/pages\/41381"}],"wp:attachment":[{"href":"https:\/\/us.edu.pl\/pracownik\/wp-json\/wp\/v2\/media?parent=41452"}],"curies":[{"name":"wp","href":"https:\/\/api.w.org\/{rel}","templated":true}]}}