{"id":41466,"date":"2025-11-14T12:51:42","date_gmt":"2025-11-14T11:51:42","guid":{"rendered":"https:\/\/us.edu.pl\/pracownik\/?page_id=41466"},"modified":"2025-11-26T12:36:45","modified_gmt":"2025-11-26T11:36:45","slug":"wytyczne-kodeksy-materialy-komisja-etyki-ds-badan-naukowych","status":"publish","type":"page","link":"https:\/\/us.edu.pl\/pracownik\/komisja-etyki-ds-badan-naukowych\/wytyczne-kodeksy-materialy-komisja-etyki-ds-badan-naukowych\/","title":{"rendered":"Wytyczne, kodeksy, materia\u0142y | Komisja Etyki ds. bada\u0144 naukowych"},"content":{"rendered":"<p>[vc_row][vc_column][\/vc_column][\/vc_row][vc_row][vc_column]\r\n                <div class=\"text-modules \">\r\n                    <div class=\"container\">\r\n                        <h3 class=\"section-title section-title_border-bottom\">Wytyczne, kodeksy, materia\u0142y<\/h3> <h3 class=\"subtitle text-modules__subtitle\">Kodeks etyki pracownika naukowego<\/h3>\r\n                        <div class=\"row m-0\">\r\n                            <div class=\"text-modules__content\">\r\n                                Kodeks etyki pracownika naukowego zosta\u0142 opracowany przez Komisj\u0119 do Spraw Etyki w Nauce i uchwalony przez Zgromadzenie Og\u00f3lne Polskiej Akademii Nauk w dniu 5 grudnia 2024 r. \r\n                                <div class=\"mt-3\"><a href=\"https:\/\/us.edu.pl\/pracownik\/wp-content\/uploads\/sites\/2\/pracownik\/Kodeks_etyki_pracownika_naukowego_2024.pdf\" class=\"mtli_attachment mtli_pdf\" data-mtli=\"mtli_filesize335,77kB\" class=\"link-button mr-3 \">Kodeks Etyki pracownika naukowego<\/a><\/div>\r\n                            <\/div>\r\n                            \r\n                            <div class=\"text-modules__img\"><a href=\"https:\/\/us.edu.pl\/pracownik\/wp-content\/uploads\/sites\/2\/pracownik\/Kodeks_etyki_pracownika_naukowego_2024.pdf\" class=\"mtli_attachment mtli_pdf\" data-mtli=\"mtli_filesize335,77kB\" target=\"_blank\"><img src=\"https:\/\/us.edu.pl\/pracownik\/wp-content\/uploads\/sites\/2\/pracownik\/wiadomosci\/hammer-719066_1920-600x450.jpg\" alt=\"img\"><\/a><\/div>\r\n                        <\/div>\r\n                    <\/div>\r\n                <\/div>[\/vc_column][\/vc_row][vc_row][vc_column]<div class=\"container\"><div class=\"separator\" style=\"background-color: #000000\"><\/div><\/div>[\/vc_column][\/vc_row][vc_row][vc_column]\r\n                <div class=\"text-modules \">\r\n                    <div class=\"container\">\r\n                         <h3 class=\"subtitle text-modules__subtitle\">wytyczne Narodowego Centrum Nauki<\/h3>\r\n                        <div class=\"row m-0\">\r\n                            <div class=\"text-modules__content\">\r\n                                W trosce o podnoszenie jako\u015bci bada\u0144 naukowych Narodowe Centrum Nauki przygotowa\u0142o formularz pt. Kwestie etyczne w badaniach naukowych, kt\u00f3ry stanowi cz\u0119\u015b\u0107 wniosku o finansowanie projektu badawczego. \r\n                                <div class=\"mt-3\"><a href=\"https:\/\/us.edu.pl\/pracownik\/wp-content\/uploads\/sites\/2\/pracownik\/wytyczne_dla_wnioskodawcow_kwestie_etyczne.pdf\" class=\"mtli_attachment mtli_pdf\" data-mtli=\"mtli_filesize594,83kB\" class=\"link-button mr-3 \">wytyczne NCN<\/a><\/div>\r\n                            <\/div>\r\n                            \r\n                            <div class=\"text-modules__img\"><a href=\"https:\/\/us.edu.pl\/pracownik\/wp-content\/uploads\/sites\/2\/pracownik\/wytyczne_dla_wnioskodawcow_kwestie_etyczne.pdf\" class=\"mtli_attachment mtli_pdf\" data-mtli=\"mtli_filesize594,83kB\" target=\"_blank\"><img src=\"https:\/\/us.edu.pl\/pracownik\/wp-content\/uploads\/sites\/2\/pracownik\/giammarco-boscaro-OPzWvgL-upY-unsplash-scaled.jpg\" alt=\"img\"><\/a><\/div>\r\n                        <\/div>\r\n                    <\/div>\r\n                <\/div>[\/vc_column][\/vc_row][vc_row][vc_column]<div class=\"container\"><div class=\"separator\" style=\"background-color: #000000\"><\/div><\/div>[\/vc_column][\/vc_row][vc_row][vc_column]\r\n                <div class=\"text-modules \">\r\n                    <div class=\"container\">\r\n                         <h3 class=\"subtitle text-modules__subtitle\">zalecenia Rady Narodowego Centrum Nauki<\/h3>\r\n                        <div class=\"row m-0\">\r\n                            <div class=\"text-modules__content\">\r\n                                Maj\u0105c na uwadze zapewnienie badaniom naukowym finansowanym ze \u015brodk\u00f3w Narodowego Centrum Nauki zgodno\u015bci z wysokimi standardami etycznymi oraz wsparcie badaczy przy rozstrzyganiu dylemat\u00f3w etycznych zwi\u0105zanych z projektowaniem i prowadzeniem bada\u0144, Rada NCN przygotowa\u0142a\u00a0<a href=\"https:\/\/www.ncn.gov.pl\/sites\/default\/files\/pliki\/2016_zalecenia_Rady_NCN_dot_etyki_badan.pdf\" class=\"mtli_attachment mtli_pdf\">zalecenia dotycz\u0105ce bada\u0144 z udzia\u0142em ludzi<\/a>. \r\n                                <div class=\"mt-3\"><a href=\"https:\/\/us.edu.pl\/pracownik\/wp-content\/uploads\/sites\/2\/pracownik\/2016_zalecenia_Rady_NCN_dot_etyki_badan-1.pdf\" class=\"mtli_attachment mtli_pdf\" data-mtli=\"mtli_filesize218,43kB\" class=\"link-button mr-3 \">zalecenia Rady NCN<\/a><\/div>\r\n                            <\/div>\r\n                            \r\n                            <div class=\"text-modules__img\"><a href=\"https:\/\/us.edu.pl\/pracownik\/wp-content\/uploads\/sites\/2\/pracownik\/wytyczne_dla_wnioskodawcow_kwestie_etyczne.pdf\" class=\"mtli_attachment mtli_pdf\" data-mtli=\"mtli_filesize594,83kB\" target=\"_blank\"><img src=\"https:\/\/us.edu.pl\/pracownik\/wp-content\/uploads\/sites\/2\/Editor\/Projekty-DPR\/DP_Dobrusia\/20181129_ncn_logo_m.jpg\" alt=\"img\"><\/a><\/div>\r\n                        <\/div>\r\n                    <\/div>\r\n                <\/div>[\/vc_column][\/vc_row]<\/p>\n<style type=\"text\/css\">a[data-mtli~=\"mtli_filesize335,77kB\"]:after {content:\" (335,77 kB)\"}a[data-mtli~=\"mtli_filesize594,83kB\"]:after {content:\" (594,83 kB)\"}a[data-mtli~=\"mtli_filesize218,43kB\"]:after {content:\" (218,43 kB)\"}<\/style>","protected":false},"excerpt":{"rendered":"<p>[vc_row][vc_column][\/vc_column][\/vc_row][vc_row][vc_column][\/vc_column][\/vc_row][vc_row][vc_column][\/vc_column][\/vc_row][vc_row][vc_column][\/vc_column][\/vc_row][vc_row][vc_column][\/vc_column][\/vc_row][vc_row][vc_column][\/vc_column][\/vc_row] [&#8230;]<\/p>\n<p><a class=\"btn btn-secondary understrap-read-more-link\" href=\"https:\/\/us.edu.pl\/pracownik\/komisja-etyki-ds-badan-naukowych\/wytyczne-kodeksy-materialy-komisja-etyki-ds-badan-naukowych\/\">Read More&#8230;<\/a><\/p>\n","protected":false},"author":41,"featured_media":0,"parent":41381,"menu_order":0,"comment_status":"closed","ping_status":"closed","template":"","meta":{"_expiration-date-status":"","_expiration-date":0,"_expiration-date-type":"","_expiration-date-categories":[],"_expiration-date-options":[]},"acf":[],"_links":{"self":[{"href":"https:\/\/us.edu.pl\/pracownik\/wp-json\/wp\/v2\/pages\/41466"}],"collection":[{"href":"https:\/\/us.edu.pl\/pracownik\/wp-json\/wp\/v2\/pages"}],"about":[{"href":"https:\/\/us.edu.pl\/pracownik\/wp-json\/wp\/v2\/types\/page"}],"author":[{"embeddable":true,"href":"https:\/\/us.edu.pl\/pracownik\/wp-json\/wp\/v2\/users\/41"}],"replies":[{"embeddable":true,"href":"https:\/\/us.edu.pl\/pracownik\/wp-json\/wp\/v2\/comments?post=41466"}],"version-history":[{"count":3,"href":"https:\/\/us.edu.pl\/pracownik\/wp-json\/wp\/v2\/pages\/41466\/revisions"}],"predecessor-version":[{"id":41472,"href":"https:\/\/us.edu.pl\/pracownik\/wp-json\/wp\/v2\/pages\/41466\/revisions\/41472"}],"up":[{"embeddable":true,"href":"https:\/\/us.edu.pl\/pracownik\/wp-json\/wp\/v2\/pages\/41381"}],"wp:attachment":[{"href":"https:\/\/us.edu.pl\/pracownik\/wp-json\/wp\/v2\/media?parent=41466"}],"curies":[{"name":"wp","href":"https:\/\/api.w.org\/{rel}","templated":true}]}}