{"id":41787,"date":"2025-12-02T12:37:52","date_gmt":"2025-12-02T11:37:52","guid":{"rendered":"https:\/\/us.edu.pl\/pracownik\/?page_id=41787"},"modified":"2025-12-15T13:11:59","modified_gmt":"2025-12-15T12:11:59","slug":"system-ibda","status":"publish","type":"page","link":"https:\/\/us.edu.pl\/pracownik\/sprawy-naukowe\/infrastruktura-badawcza\/system-ibda\/","title":{"rendered":"System IBDA"},"content":{"rendered":"<p>[vc_row][vc_column][\/vc_column][\/vc_row][vc_row el_class=&#8221;container&#8221;][vc_column width=&#8221;1\/2&#8243;]\r\n                <div class=\"text-modules\">\r\n                    <div class=\"container\">\r\n                        <h3 class=\"page-title text__title\">System IBDA<\/h3>\r\n                        <div class=\"text-modules__content\"><p><strong>System IBDA<\/strong> to system s\u0142u\u017c\u0105cy do monitorowania wykorzystania i gospodarowania Infrastruktur\u0105 Badawczo &#8211; Dydaktyczno &#8211; Artystyczn\u0105 Uniwersytetu \u015al\u0105skiego. Do systemu mo\u017cna si\u0119 zalogowa\u0107 wy\u0142\u0105cznie z sieci uniwersyteckiej. Jako login nale\u017cy wykorzysta\u0107 pe\u0142ny adres email. Natomiast has\u0142o &#8211; to has\u0142o s\u0142u\u017c\u0105ce do logowania centralnego.<\/p>\n<p>Poni\u017cej na stronie, znajduj\u0105 si\u0119 instrukcje do poszczeg\u00f3lnych modu\u0142\u00f3w systemu oraz filmy ze szkole\u0144, pokazuj\u0105ce krok po kroku, jak wpisywa\u0107 poszczeg\u00f3lne dane.<\/p>\n<\/div>\r\n                    <\/div>\r\n                <\/div>[\/vc_column][vc_column width=&#8221;1\/2&#8243;]\r\n                <div class=\"text-modules \">\r\n                    <div class=\"container\">\r\n                         \r\n                        <div class=\"row m-0\">\r\n                            <div class=\"text-modules__content\">\r\n                                <\/p>\n<h4><a href=\"https:\/\/ibda.us.edu.pl\/Identity\/Account\/Login\" target=\"_blank\" rel=\"noopener\"><strong><span style=\"font-size: 18pt;\">Logowanie do systemu IBDA<\/span><\/strong><\/a><\/h4>\n<div class=\"mt-3\"><\/div>\r\n                            <\/div>\r\n                            \r\n                            \r\n                        <\/div>\r\n                    <\/div>\r\n                <\/div>\r\n                <div class=\"text-modules \">\r\n                    <div class=\"container\">\r\n                         \r\n                        <div class=\"row m-0\">\r\n                            <div class=\"text-modules__content\">\r\n                                <img class=\"alignnone wp-image-25942\" src=\"https:\/\/us.edu.pl\/pracownik\/wp-content\/uploads\/sites\/2\/pracownik\/wiadomosci\/17-ochrona-danych-osobowych-20230516132056-800x450.jpg\" alt=\"r\u0119ce trzymaj\u0105ce smartfon, w przestrzeni wida\u0107 infografiki dotycz\u0105ce dzia\u0142a\u0144 realizowanych na trzymanym w r\u0119ce smartfonie\" width=\"479\" height=\"269\" srcset=\"https:\/\/us.edu.pl\/pracownik\/wp-content\/uploads\/sites\/2\/pracownik\/wiadomosci\/17-ochrona-danych-osobowych-20230516132056-800x450.jpg 800w, https:\/\/us.edu.pl\/pracownik\/wp-content\/uploads\/sites\/2\/pracownik\/wiadomosci\/17-ochrona-danych-osobowych-20230516132056-1024x576.jpg 1024w, https:\/\/us.edu.pl\/pracownik\/wp-content\/uploads\/sites\/2\/pracownik\/wiadomosci\/17-ochrona-danych-osobowych-20230516132056-768x432.jpg 768w, https:\/\/us.edu.pl\/pracownik\/wp-content\/uploads\/sites\/2\/pracownik\/wiadomosci\/17-ochrona-danych-osobowych-20230516132056-575x323.jpg 575w, https:\/\/us.edu.pl\/pracownik\/wp-content\/uploads\/sites\/2\/pracownik\/wiadomosci\/17-ochrona-danych-osobowych-20230516132056.jpg 1200w\" sizes=\"(max-width: 479px) 100vw, 479px\" \/> \r\n                                <div class=\"mt-3\"><\/div>\r\n                            <\/div>\r\n                            \r\n                            \r\n                        <\/div>\r\n                    <\/div>\r\n                <\/div>[\/vc_column][\/vc_row][vc_row el_class=&#8221;container&#8221;][vc_column width=&#8221;1\/2&#8243;]<div class=\"container\"><div class=\"separator\" style=\"background-color: #002E5A\"><\/div><\/div>[\/vc_column][vc_column width=&#8221;1\/2&#8243;]<div class=\"container\"><div class=\"separator\" style=\"background-color: #002E5A\"><\/div><\/div>[\/vc_column][\/vc_row][vc_row el_class=&#8221;container&#8221;][vc_column width=&#8221;1\/2&#8243;]\r\n                <div class=\"text-modules \">\r\n                    <div class=\"container\">\r\n                         \r\n                        <div class=\"row m-0\">\r\n                            <div class=\"text-modules__content\">\r\n                                <\/p>\n<h4><strong><span style=\"font-size: 18pt;\">filmy instrukta\u017cowe<\/span><\/strong><\/h4>\n<div class=\"mt-3\"><\/div>\r\n                            <\/div>\r\n                            \r\n                            \r\n                        <\/div>\r\n                    <\/div>\r\n                <\/div>[\/vc_column][vc_column width=&#8221;1\/2&#8243;]\r\n                <div class=\"text-modules \">\r\n                    <div class=\"container\">\r\n                         \r\n                        <div class=\"row m-0\">\r\n                            <div class=\"text-modules__content\">\r\n                                <\/p>\n<h4><strong><span style=\"font-size: 18pt;\">dokumenty do pobrania<\/span><\/strong><\/h4>\n<div class=\"mt-3\"><\/div>\r\n                            <\/div>\r\n                            \r\n                            \r\n                        <\/div>\r\n                    <\/div>\r\n                <\/div>[\/vc_column][\/vc_row][vc_row el_class=&#8221;container&#8221;][vc_column width=&#8221;1\/2&#8243;]\r\n                <div class='sidebar_moduls sidebar_links color-blue' style='background-color: #EBEBEB'>\r\n                    <h3><\/h3>\r\n                    <ul class='angle-list'>\r\n                    <li><a href=\"https:\/\/us.edu.pl\/pracownik\/wp-content\/uploads\/sites\/2\/pracownik\/Logowanie-system-IBDA.mp4\">logowanie do systemu IBDA<\/a><\/li><li><a href=\"https:\/\/us.edu.pl\/pracownik\/wp-content\/uploads\/sites\/2\/pracownik\/Rejestracja-System-IBDA-cz.-I.mp4\">rejestracja aparatury | cz.1<\/a><\/li><li><a href=\"https:\/\/us.edu.pl\/pracownik\/wp-content\/uploads\/sites\/2\/pracownik\/Rejestracja-System-IBDA-cz.-II.mp4\">rejestracja aparatury | cz.2<\/a><\/li><li><a href=\"https:\/\/us.edu.pl\/pracownik\/wp-content\/uploads\/sites\/2\/pracownik\/Rezerwacja-System-IBDA.mp4\">rezerwacja aparatury<\/a><\/li><li><a href=\"https:\/\/us.edu.pl\/pracownik\/wp-content\/uploads\/sites\/2\/pracownik\/Wnioski-RIBDA-system-IBDA.mp4\">sk\u0142adanie wniosk\u00f3w<\/a><\/li>\r\n                <\/ul>\r\n            <\/div>[\/vc_column][vc_column width=&#8221;1\/2&#8243;]\r\n                <div class='sidebar_moduls sidebar_links color-blue' style='background-color: #EBEBEB'>\r\n                    <h3><\/h3>\r\n                    <ul class='angle-list'>\r\n                    <li><a href=\"https:\/\/us.edu.pl\/pracownik\/wp-content\/uploads\/sites\/2\/Editor\/sprawy-naukowe\/infrastruktura-BDA\/INSTRUKCJA-Wnioski-do-RIBDA-1.pdf\" class=\"mtli_attachment mtli_pdf\" data-mtli=\"mtli_filesize332,70kB\">instrukcja 1<\/a><\/li><li><a href=\"https:\/\/us.edu.pl\/pracownik\/wp-content\/uploads\/sites\/2\/Editor\/sprawy-naukowe\/infrastruktura-BDA\/Instrukcja-rejestracja-i-rezerwacja-infrastruktury.pdf\" class=\"mtli_attachment mtli_pdf\" data-mtli=\"mtli_filesize4,68MB\">instrukcja 2<\/a><\/li><li><a href=\"https:\/\/us.edu.pl\/pracownik\/wp-content\/uploads\/sites\/2\/pracownik\/Zakres-danych-potrzebnych-do-zarejestrowania-aparatury.pdf\" class=\"mtli_attachment mtli_pdf\" data-mtli=\"mtli_filesize98,71kB\">zakres danych koniecznych do rejestracji aparatury<\/a><\/li>\r\n                <\/ul>\r\n            <\/div>[\/vc_column][\/vc_row][vc_row el_class=&#8221;container&#8221;][vc_column width=&#8221;1\/2&#8243;]<div class=\"container\"><div class=\"separator\" style=\"background-color: #002E5A\"><\/div><\/div>[\/vc_column][vc_column width=&#8221;1\/2&#8243;]<div class=\"container\"><div class=\"separator\" style=\"background-color: #002E5A\"><\/div><\/div>[\/vc_column][\/vc_row][vc_row disable_element=&#8221;yes&#8221;][vc_column]\r\n\t\t\t\t<div class='container'>\r\n\t\t\t\t\t<div class='list-links list-links_'>\r\n\t\t\t\t\t\t  \r\n\t\t\t\t\t\t  <ul>\r\n\t\t\t\t\t\t\t\t<li><a href='https:\/\/us.edu.pl\/pracownik\/wp-content\/uploads\/sites\/2\/pracownik\/Karta-pacjenta-WYWIAD-PDF.pdf' class=\"mtli_attachment mtli_pdf\" data-mtli=\"mtli_filesize140,65kB\"><p>instrukcja 1<\/p><\/a><\/li>\r\n\t\t\t\t\t\t\t\t<li><a href='https:\/\/us.edu.pl\/pracownik\/wp-content\/uploads\/sites\/2\/pracownik\/Karta-pacjenta-WYWIAD-PDF.pdf' class=\"mtli_attachment mtli_pdf\" data-mtli=\"mtli_filesize140,65kB\"><p>instrukcja 2<\/p><\/a><\/li>\r\n\t\t\t\t\t\t\t\t<li><a href='https:\/\/us.edu.pl\/pracownik\/wp-content\/uploads\/sites\/2\/pracownik\/Karta-pacjenta-WYWIAD-PDF.pdf' class=\"mtli_attachment mtli_pdf\" data-mtli=\"mtli_filesize140,65kB\"><p>zakres danych koniecznych do rejestracji aparatury<\/p><\/a><\/li><\/ul>\r\n\t\t\t\t\t<\/div>\r\n\t\t\t\t<\/div>   \r\n\t\t\t\t\t\r\n\r\n            <div class=\"blocks\" style=\"text-align: \">\r\n               <div class=\"container\">\r\n                  \r\n                  <div class=\"row m-0 blocks_3\">\r\n                  \r\n                     <a href=\"https:\/\/us.edu.pl\/pracownik\/wp-content\/uploads\/sites\/2\/pracownik\/Rezerwacja-System-IBDA.mp4\" class=\"thumbnail blocks__item\" style=\"background-image: url(https:\/\/us.edu.pl\/pracownik\/wp-content\/uploads\/sites\/2\/pracownik\/skladanie_wniosku-1024x551.jpg)\">\r\n                        <span>wi\u0119cej<\/span>\r\n                        <div class=\"blocks__bottom\">\r\n                        <div class=\"blocks__title\">rezerwacja aparatury<\/div>\r\n                        \r\n                        <\/div>\r\n                     <\/a>\r\n                  \r\n                     <a href=\"https:\/\/us.edu.pl\/pracownik\/wp-content\/uploads\/sites\/2\/pracownik\/Wnioski-RIBDA-system-IBDA.mp4\" class=\"thumbnail blocks__item\" style=\"background-image: url(https:\/\/us.edu.pl\/pracownik\/wp-content\/uploads\/sites\/2\/pracownik\/wiadomosci\/istockphoto-1485038965-612x612-1.jpg)\">\r\n                        <span>wi\u0119cej<\/span>\r\n                        <div class=\"blocks__bottom\">\r\n                        <div class=\"blocks__title\">sk\u0142adanie wniosk\u00f3w do RIBDA<\/div>\r\n                        \r\n                        <\/div>\r\n                     <\/a>\r\n                  \r\n                     <a href=\"https:\/\/ibda.us.edu.pl\/Identity\/Account\/Login\" class=\"thumbnail blocks__item\" style=\"background-image: url(https:\/\/us.edu.pl\/pracownik\/wp-content\/uploads\/sites\/2\/pracownik\/wiadomosci\/17-ochrona-danych-osobowych-20230516132056-1024x576.jpg)\">\r\n                        <span>wi\u0119cej<\/span>\r\n                        <div class=\"blocks__bottom\">\r\n                        <div class=\"blocks__title\">logowanie do systemu IBDA<\/div>\r\n                        \r\n                        <\/div>\r\n                     <\/a>\r\n                  \r\n                     <a href=\"https:\/\/us.edu.pl\/pracownik\/wp-content\/uploads\/sites\/2\/pracownik\/Logowanie-system-IBDA.mp4\" class=\"thumbnail blocks__item\" style=\"background-image: url(https:\/\/us.edu.pl\/pracownik\/wp-content\/uploads\/sites\/2\/pracownik\/wiadomosci\/pexels-anna-shvets-4226140-1.jpg)\">\r\n                        <span>wi\u0119cej<\/span>\r\n                        <div class=\"blocks__bottom\">\r\n                        <div class=\"blocks__title\">instrukta\u017c logowania do systemu IBDA<\/div>\r\n                        \r\n                        <\/div>\r\n                     <\/a><\/div>     \r\n               <\/div>\r\n            <\/div>[\/vc_column][\/vc_row][vc_row disable_element=&#8221;yes&#8221; el_class=&#8221;container&#8221;][vc_column width=&#8221;1\/2&#8243;]\r\n            <div class=\"container\">  \r\n                <div class=\"lists-with-links\">\r\n                    <div class=\"section-title\"><\/div>\r\n                   <div class=\"lists-with-links__items lists-1\"><ul class=\"angle-list\"> <li> <a href=\"https:\/\/us.edu.pl\/pracownik\/wp-content\/uploads\/sites\/2\/pracownik\/Logowanie-system-IBDA.mp4\"> logowanie do systemu IBDA <\/a> <\/li><li> <a href=\"https:\/\/us.edu.pl\/pracownik\/wp-content\/uploads\/sites\/2\/pracownik\/Rejestracja-System-IBDA-cz.-I.mp4\"> rejestracja aparatury | cz.1 <\/a> <\/li><li> <a href=\"https:\/\/us.edu.pl\/pracownik\/wp-content\/uploads\/sites\/2\/pracownik\/Rejestracja-System-IBDA-cz.-II.mp4\"> rejestracja aparatury | cz.2 <\/a> <\/li><li> <a href=\"https:\/\/us.edu.pl\/pracownik\/wp-content\/uploads\/sites\/2\/pracownik\/Rezerwacja-System-IBDA.mp4\"> rezerwacja aparatury <\/a> <\/li><li> <a href=\"https:\/\/us.edu.pl\/pracownik\/wp-content\/uploads\/sites\/2\/pracownik\/Wnioski-RIBDA-system-IBDA.mp4\"> sk\u0142adanie wniosk\u00f3w <\/a> <\/li><\/ul><\/div>\r\n                <\/div>\r\n            <\/div>[\/vc_column][vc_column width=&#8221;1\/2&#8243;]\r\n                <div class='sidebar_moduls sidebar_links color-blue' style='background-color: #EBEBEB'>\r\n                    <h3><\/h3>\r\n                    <ul class='angle-list'>\r\n                    <li><a href=\"https:\/\/us.edu.pl\/pracownik\/wp-content\/uploads\/sites\/2\/pracownik\/Karta-pacjenta-WYWIAD-PDF.pdf\" class=\"mtli_attachment mtli_pdf\" data-mtli=\"mtli_filesize140,65kB\">instrukcja 1<\/a><\/li><li><a href=\"https:\/\/us.edu.pl\/pracownik\/wp-content\/uploads\/sites\/2\/pracownik\/Karta-pacjenta-WYWIAD-PDF.pdf\" class=\"mtli_attachment mtli_pdf\" data-mtli=\"mtli_filesize140,65kB\">instrukcja 2<\/a><\/li><li><a href=\"https:\/\/us.edu.pl\/pracownik\/wp-content\/uploads\/sites\/2\/pracownik\/Karta-pacjenta-WYWIAD-PDF.pdf\" class=\"mtli_attachment mtli_pdf\" data-mtli=\"mtli_filesize140,65kB\">zakres danych koniecznych do rejestracji aparatury<\/a><\/li>\r\n                <\/ul>\r\n            <\/div>[\/vc_column][\/vc_row]<\/p>\n<style type=\"text\/css\">a[data-mtli~=\"mtli_filesize332,70kB\"]:after {content:\" (332,70 kB)\"}a[data-mtli~=\"mtli_filesize4,68MB\"]:after {content:\" (4,68 MB)\"}a[data-mtli~=\"mtli_filesize98,71kB\"]:after {content:\" (98,71 kB)\"}a[data-mtli~=\"mtli_filesize140,65kB\"]:after {content:\" (140,65 kB)\"}<\/style>","protected":false},"excerpt":{"rendered":"<p>[vc_row][vc_column][\/vc_column][\/vc_row][vc_row el_class=&#8221;container&#8221;][vc_column width=&#8221;1\/2&#8243;][\/vc_column][vc_column width=&#8221;1\/2&#8243;][\/vc_column][\/vc_row][vc_row el_class=&#8221;container&#8221;][vc_column width=&#8221;1\/2&#8243;][\/vc_column][vc_column width=&#8221;1\/2&#8243;][\/vc_column][\/vc_row][vc_row el_class=&#8221;container&#8221;][vc_column width=&#8221;1\/2&#8243;][\/vc_column][vc_column width=&#8221;1\/2&#8243;][\/vc_column][\/vc_row][vc_row el_class=&#8221;container&#8221;][vc_column width=&#8221;1\/2&#8243;][\/vc_column][vc_column width=&#8221;1\/2&#8243;][\/vc_column][\/vc_row][vc_row el_class=&#8221;container&#8221;][vc_column width=&#8221;1\/2&#8243;][\/vc_column][vc_column width=&#8221;1\/2&#8243;][\/vc_column][\/vc_row][vc_row disable_element=&#8221;yes&#8221;][vc_column][\/vc_column][\/vc_row][vc_row disable_element=&#8221;yes&#8221; el_class=&#8221;container&#8221;][vc_column width=&#8221;1\/2&#8243;][\/vc_column][vc_column width=&#8221;1\/2&#8243;][\/vc_column][\/vc_row] [&#8230;]<\/p>\n<p><a class=\"btn btn-secondary understrap-read-more-link\" href=\"https:\/\/us.edu.pl\/pracownik\/sprawy-naukowe\/infrastruktura-badawcza\/system-ibda\/\">Read More&#8230;<\/a><\/p>\n","protected":false},"author":41,"featured_media":0,"parent":5802,"menu_order":0,"comment_status":"closed","ping_status":"closed","template":"","meta":{"_expiration-date-status":"","_expiration-date":0,"_expiration-date-type":"","_expiration-date-categories":[],"_expiration-date-options":[]},"acf":[],"_links":{"self":[{"href":"https:\/\/us.edu.pl\/pracownik\/wp-json\/wp\/v2\/pages\/41787"}],"collection":[{"href":"https:\/\/us.edu.pl\/pracownik\/wp-json\/wp\/v2\/pages"}],"about":[{"href":"https:\/\/us.edu.pl\/pracownik\/wp-json\/wp\/v2\/types\/page"}],"author":[{"embeddable":true,"href":"https:\/\/us.edu.pl\/pracownik\/wp-json\/wp\/v2\/users\/41"}],"replies":[{"embeddable":true,"href":"https:\/\/us.edu.pl\/pracownik\/wp-json\/wp\/v2\/comments?post=41787"}],"version-history":[{"count":11,"href":"https:\/\/us.edu.pl\/pracownik\/wp-json\/wp\/v2\/pages\/41787\/revisions"}],"predecessor-version":[{"id":41992,"href":"https:\/\/us.edu.pl\/pracownik\/wp-json\/wp\/v2\/pages\/41787\/revisions\/41992"}],"up":[{"embeddable":true,"href":"https:\/\/us.edu.pl\/pracownik\/wp-json\/wp\/v2\/pages\/5802"}],"wp:attachment":[{"href":"https:\/\/us.edu.pl\/pracownik\/wp-json\/wp\/v2\/media?parent=41787"}],"curies":[{"name":"wp","href":"https:\/\/api.w.org\/{rel}","templated":true}]}}