{"id":42072,"date":"2026-01-13T13:35:49","date_gmt":"2026-01-13T12:35:49","guid":{"rendered":"https:\/\/us.edu.pl\/pracownik\/?page_id=42072"},"modified":"2026-03-11T11:37:24","modified_gmt":"2026-03-11T10:37:24","slug":"posiedzenie-komisji-15-01-2026","status":"publish","type":"page","link":"https:\/\/us.edu.pl\/pracownik\/sprawy-dydaktyczne\/senacka-komisja-ds-ksztalcenia\/senacka-komisja-ds-ksztalcenia-sklad-komisji\/kadencja-2024-2028\/posiedzenie-komisji-15-01-2026\/","title":{"rendered":"Posiedzenie komisji &#8211; 15.01.2026"},"content":{"rendered":"<p>[vc_row][vc_column]\r\n                <div class=\"text-modules\">\r\n                    <div class=\"container\">\r\n                        <h3 class=\"page-title text__title\">Posiedzenie Komisji ds. kszta\u0142cenia i student\u00f3w - 15 stycznia 2026 r.<\/h3>\r\n                        <div class=\"text-modules__content\"><p>Posiedzenie Komisji ds. kszta\u0142cenia i student\u00f3w, kt\u00f3re odb\u0119dzie si\u0119\u00a0w czwartek,<strong> 15 stycznia 2026 r. o godz. 10.00.<\/strong> Cz\u0142onkowie Komisji przebywaj\u0105cy w Brennej w zwi\u0105zku z wyjazdowym spotkaniem dotycz\u0105cym studi\u00f3w II stopnia wezm\u0105 udzia\u0142 w posiedzeniu stacjonarnie, na miejscu w Brennej. Dla pozosta\u0142ych os\u00f3b posiedzenie odb\u0119dzie si\u0119 w formie zdalnej.<\/p>\n<p><strong>Planowany porz\u0105dek posiedzenia:<\/strong><\/p>\n<ol>\n<li>Komunikaty Prorektorki ds. studenckich i kszta\u0142cenia (w tym wnioski inicjuj\u0105ce nowe kierunki).<\/li>\n<li>Opinia do Uchwa\u0142y w sprawie wytycznych dotycz\u0105cych wymaga\u0144 <a href=\"https:\/\/us.edu.pl\/pracownik\/wp-content\/uploads\/sites\/2\/Editor\/sprawy-dydatktyczne\/Komisja-ksztalcenia\/Kadencja-2024-2028\/20252026\/15-stycznia\/Uchwala-tworzenie-kierunkow-studiow_13-stycznia-2026.docx\" class=\"mtli_attachment mtli_docx\" data-mtli=\"mtli_filesize109,04kB\" class=\"mtli_attachment mtli_docx\" data-mtli=\"mtli_filesize109,04kB\">w zakresie tworzenia i zmiany program\u00f3w studi\u00f3w prowadzonych w Uniwersytecie \u015al\u0105skim w Katowicach.<\/a><\/li>\n<li>Opiniowanie <a href=\"https:\/\/us.edu.pl\/pracownik\/wp-content\/uploads\/sites\/2\/Editor\/sprawy-dydatktyczne\/Komisja-ksztalcenia\/Kadencja-2024-2028\/20252026\/15-stycznia\/Uchwala-rekrutacyjna-2026-27-1.zip\">Uchwa\u0142y zmieniaj\u0105cej uchwa\u0142\u0119 w sprawie warunk\u00f3w i trybu rekrutacji na pierwszy rok studi\u00f3w I i II stopnia oraz jednolitych magisterskich w Uniwersytecie \u015al\u0105skim w roku akademickim 2026\/2027<\/a>.<\/li>\n<li>Opinia do wniosku w sprawie likwidacji studi\u00f3w niestacjonarnych I i II stopnia na kierunku: <a href=\"https:\/\/us.edu.pl\/pracownik\/wp-content\/uploads\/sites\/2\/Editor\/sprawy-dydatktyczne\/Komisja-ksztalcenia\/Kadencja-2024-2028\/20252026\/15-stycznia\/Kultury-mediow-_-I-i-II-st.-NS-_-likwidacja-od-2026-27.pdf\" class=\"mtli_attachment mtli_pdf\" data-mtli=\"mtli_filesize1,29MB\" class=\"mtli_attachment mtli_pdf\" data-mtli=\"mtli_filesize1,29MB\"><em>kultury medi\u00f3w<\/em> <\/a>od roku akademickiego 2026\/2027.<\/li>\n<li>Opinia do wniosku w sprawie modyfikacji programu studi\u00f3w od cyklu dydaktycznego 2025\/2026 dla kierunku: <a href=\"https:\/\/us.edu.pl\/pracownik\/wp-content\/uploads\/sites\/2\/Editor\/sprawy-dydatktyczne\/Komisja-ksztalcenia\/Kadencja-2024-2028\/20252026\/15-stycznia\/Inzynieria-materialowa-III-sem-II-stopien-SS.zip\"><em>In\u017cynieria materia\u0142owa \u2013 studia stacjonarne II stopnia<\/em> (III semestralne)<\/a>.<\/li>\n<li>Opinia do wniosku w sprawie modyfikacji programu studi\u00f3w od cyklu dydaktycznego 2024\/2025 dla kierunku: <em><a href=\"https:\/\/us.edu.pl\/pracownik\/wp-content\/uploads\/sites\/2\/Editor\/sprawy-dydatktyczne\/Komisja-ksztalcenia\/Kadencja-2024-2028\/20252026\/15-stycznia\/Pedagogika-II-stopien-SS-i-NS.zip\">Pedagogika \u2013 studia stacjonarne i niestacjonarne II stopnia<\/a>.<\/em><\/li>\n<li>Kszta\u0142cenie og\u00f3lnouniwersyteckie \u2013 kwestie formalne (zaliczanie modu\u0142\u00f3w \/ zaliczenia komisyjne).<\/li>\n<li>Przedstawienie przyj\u0119tej strategii Uniwersytetu \u015al\u0105skiego w obszarze kszta\u0142cenia.<\/li>\n<\/ol>\n<p>\n<style type=\"text\/css\">a[data-mtli~=\"mtli_filesize109,04kB\"]:after {content:\" (109,04 kB)\"}a[data-mtli~=\"mtli_filesize1,29MB\"]:after {content:\" (1,29 MB)\"}<\/style><\/div>\r\n                    <\/div>\r\n                <\/div>[\/vc_column][\/vc_row]<\/p>\n<style type=\"text\/css\">a[data-mtli~=\"mtli_filesize109,04kB\"]:after {content:\" (109,04 kB)\"}a[data-mtli~=\"mtli_filesize1,29MB\"]:after {content:\" (1,29 MB)\"}<\/style>","protected":false},"excerpt":{"rendered":"<p>[vc_row][vc_column][\/vc_column][\/vc_row] [&#8230;]<\/p>\n<p><a class=\"btn btn-secondary understrap-read-more-link\" href=\"https:\/\/us.edu.pl\/pracownik\/sprawy-dydaktyczne\/senacka-komisja-ds-ksztalcenia\/senacka-komisja-ds-ksztalcenia-sklad-komisji\/kadencja-2024-2028\/posiedzenie-komisji-15-01-2026\/\">Read More&#8230;<\/a><\/p>\n","protected":false},"author":5108,"featured_media":0,"parent":27904,"menu_order":-48,"comment_status":"closed","ping_status":"closed","template":"page-templates\/inner-page.php","meta":{"_expiration-date-status":"saved","_expiration-date":0,"_expiration-date-type":"","_expiration-date-categories":[],"_expiration-date-options":[]},"acf":[],"_links":{"self":[{"href":"https:\/\/us.edu.pl\/pracownik\/wp-json\/wp\/v2\/pages\/42072"}],"collection":[{"href":"https:\/\/us.edu.pl\/pracownik\/wp-json\/wp\/v2\/pages"}],"about":[{"href":"https:\/\/us.edu.pl\/pracownik\/wp-json\/wp\/v2\/types\/page"}],"author":[{"embeddable":true,"href":"https:\/\/us.edu.pl\/pracownik\/wp-json\/wp\/v2\/users\/5108"}],"replies":[{"embeddable":true,"href":"https:\/\/us.edu.pl\/pracownik\/wp-json\/wp\/v2\/comments?post=42072"}],"version-history":[{"count":6,"href":"https:\/\/us.edu.pl\/pracownik\/wp-json\/wp\/v2\/pages\/42072\/revisions"}],"predecessor-version":[{"id":42109,"href":"https:\/\/us.edu.pl\/pracownik\/wp-json\/wp\/v2\/pages\/42072\/revisions\/42109"}],"up":[{"embeddable":true,"href":"https:\/\/us.edu.pl\/pracownik\/wp-json\/wp\/v2\/pages\/27904"}],"wp:attachment":[{"href":"https:\/\/us.edu.pl\/pracownik\/wp-json\/wp\/v2\/media?parent=42072"}],"curies":[{"name":"wp","href":"https:\/\/api.w.org\/{rel}","templated":true}]}}