{"id":42403,"date":"2026-02-25T09:13:31","date_gmt":"2026-02-25T08:13:31","guid":{"rendered":"https:\/\/us.edu.pl\/pracownik\/?page_id=42403"},"modified":"2026-03-05T11:06:04","modified_gmt":"2026-03-05T10:06:04","slug":"rozliczenia","status":"publish","type":"page","link":"https:\/\/us.edu.pl\/pracownik\/wnst\/rozliczenia\/","title":{"rendered":"rozliczenia"},"content":{"rendered":"<p>[vc_row][vc_column][vc_column_text][\/vc_column_text][\/vc_column][\/vc_row][vc_row el_class=&#8221;container&#8221;][vc_column width=&#8221;1\/5&#8243;][vc_wp_custommenu nav_menu=&#8221;433&#8243;][vc_column_text css=&#8221;.vc_custom_1772616038476{margin-left: 10px !important;border-top-width: 1px !important;border-right-width: 1px !important;border-bottom-width: 1px !important;border-left-width: 1px !important;padding-top: 4px !important;padding-right: 2px !important;padding-bottom: 2px !important;padding-left: 10px !important;border-left-color: #002e5a !important;border-left-style: solid !important;border-right-color: #002e5a !important;border-right-style: solid !important;border-top-color: #002e5a !important;border-top-style: solid !important;border-bottom-color: #002e5a !important;border-bottom-style: solid !important;border-radius: 3px !important;}&#8221;]<strong>Na tej stronie znajdziesz informacje:<\/strong><\/p>\n<ul>\n<li>jak nale\u017cy rozlicza\u0107 zam\u00f3wienia na dostawy i us\u0142ugi, na kt\u00f3re nie sk\u0142ada si\u0119 zapotrzebowania w SAP<\/li>\n<\/ul>\n<hr \/>\n<p>Przydatne linki<\/p>\n<ul>\n<li><a href=\"https:\/\/us.edu.pl\/pracownik\/procedury-i-obieg-dokumentow\/logistyka\/\">serwis po\u015bwi\u0119cony zakupom<\/a><\/li>\n<li><a href=\"https:\/\/us.edu.pl\/pracownik\/procedury-i-obieg-dokumentow\/logistyka\/procedura-zakupow\/\">procedury<\/a><\/li>\n<\/ul>\n<p>[\/vc_column_text][\/vc_column][vc_column width=&#8221;4\/5&#8243;]\r\n                <div class=\"text-modules\">\r\n                    <div class=\"container\">\r\n                        \r\n                        <div class=\"text-modules__content\"><\/p>\n<h3 style=\"text-align: center;\"><strong><span style=\"color: #002e5a;\">ROZLICZENIA<\/span><\/strong><\/h3>\n<p>\n<\/div>\r\n                    <\/div>\r\n                <\/div>[vc_message message_box_color=&#8221;danger&#8221;]<\/p>\n<h3>Od 01.02.2026 r. wchodz\u0105 w \u017cycie przepisy dotycz\u0105ce\u00a0<strong>Krajowego Systemu e-Faktur (KSeF)<\/strong>, w zwi\u0105zku z czym nast\u0105pi\u0105 zmiany w zasadach dotycz\u0105cych zar\u00f3wno obiegu faktur, jak te\u017c sposobu dokonywania zakup\u00f3w ze \u015brodk\u00f3w Uczelni.<\/h3>\n<h3>Z dniem 01.02.2026 r. jedyn\u0105 mo\u017cliw\u0105 form\u0105 regulowania p\u0142atno\u015bci za zakup b\u0119dzie p\u0142atno\u015b\u0107 z rachunku bankowego U\u015a na rachunek bankowy wystawcy faktury, b\u0105d\u017a p\u0142atno\u015b\u0107 \u015brodkami z wcze\u015bniej pobranych zaliczek. Oznacza to, \u017ce\u00a0<strong>nie ma mo\u017cliwo\u015bci dokonywania p\u0142atno\u015bci za zakupy \u015brodkami prywatnymi<\/strong>, a nast\u0119pnie ubiegania si\u0119 o ich zwrot. Zakupy, za kt\u00f3re p\u0142atno\u015b\u0107 zostanie uregulowana przez Pracownika \u015brodkami w\u0142asnymi, nie b\u0119d\u0105 rozliczone, a w konsekwencji \u015brodki nie zostan\u0105 Pa\u0144stwu zwr\u00f3cone.<\/h3>\n<p>[\/vc_message]\r\n                <div class=\"text-modules\">\r\n                    <div class=\"container\">\r\n                        \r\n                        <div class=\"text-modules__content\"><p>Na tej stronie dowiesz si\u0119 jak rozliczy\u0107 zakupy realizowane na Wydziale<br \/>\n(dostawy i us\u0142ugi wymienione w <a title=\"odno\u015bnik do innej strony www, link otwiera nowe okno\" href=\"https:\/\/dzp.us.edu.pl\/sites\/dzp.us.edu.pl\/files\/imce\/przepisy_wewn\/zalacznik_nr_2_do_regulaminu_ubiegania_sie_i_udzielania_zamowien_003.pdf\" class=\"mtli_attachment mtli_pdf\" class=\"mtli_attachment mtli_pdf\" target=\"_blank\" rel=\"noopener\">za\u0142\u0105czniku nr 2 do Regulaminu<\/a>)<\/p>\n<hr \/>\n<p style=\"text-align: left;\"><span style=\"color: #002e5a;\"><strong>Aby dokona\u0107 zakupu drobnych dostaw lub us\u0142ug<\/strong><\/span><\/p>\n<p>Na podstawie Za\u0142\u0105cznika nr 2 do Regulaminu Wydzia\u0142 mo\u017ce samodzielnie rozlicza\u0107 zakupy przedstawiaj\u0105c faktur\u0119 wystawion\u0105 na Uniwersytet \u015al\u0105ski w Katowicach. Katalog przedmiotowy stanowi wspomniany za\u0142\u0105cznik. S\u0105 to m.in. us\u0142ugi drukowania poster\u00f3w, us\u0142ugi gastronomiczne, artyku\u0142y spo\u017cywcze (kawa, herbata, s\u0142odycze), drobne artyku\u0142y elektroniczne itp., ksi\u0105\u017cki, pomoce dydaktyczne i in.. Zakup jest rozliczany na podstawie faktury. Rozliczeniem zajmuj\u0105 si\u0119 pracownicy Biura Ewaluacji i Obs\u0142ugi Instytut\u00f3w i Biura Organizacyjnego. Wykaz os\u00f3b znajduje si\u0119 poni\u017cej.<\/p>\n<p>W zwi\u0105zku z KSEF s\u0105 nast\u0119puj\u0105ce mo\u017cliwo\u015bci otrzymania faktury;<\/p>\n<ol>\n<li>wystawca wystawia faktur\u0119 na przelew, p\u0142atno\u015b\u0107 jest w\u00f3wczas odroczona, dostawa towaru nast\u0119puje od razu,<\/li>\n<li>wystawca wystawia faktur\u0119 proforma, pracownik przedstawia ten dokument do rozliczenia, nast\u0119puje p\u0142atno\u015b\u0107 przez Uczelni\u0119, a nast\u0119pnie dostawa towaru<\/li>\n<li>wystawca wystawia faktur\u0119 z p\u0142atno\u015bci\u0105 got\u00f3wkow\u0105, lecz wcze\u015bniej pracownik wnioskuje o przyznanie zaliczki i p\u0142aci za towar \u015brodkami przekazanymi przez Uczelni\u0119<\/li>\n<\/ol>\n<h3><span style=\"color: #002e5a;\">SUBNIPY<\/span><\/h3>\n<p>W zwi\u0105zku ze wej\u015bciem KSEF i obrotem wy\u0142\u0105cznie elektronicznym, wszystkie faktury wystawione na Uniwersytet \u015al\u0105ski b\u0119d\u0105 docelowo sp\u0142ywa\u0142y w jedno miejsce w Rektoracie. Uczelnia przygotowa\u0142a zestaw tzw. subnip\u00f3w na podstawie kt\u00f3rych b\u0119dzie mo\u017cna zidentyfikowa\u0107 kto dokona\u0142 zakupu i jakie jest \u017ar\u00f3d\u0142o finansowania.<\/p>\n<h3><span style=\"color: #002e5a;\">ZALECENIA<\/span><\/h3>\n<p>Podczas dokonywania zakupu koniecznie podaj subnip oraz swoje imi\u0119 i nazwisko, tak, aby te dane znalaz\u0142y si\u0119 na fakturze. Popro\u015b o zwizualizowan\u0105 wersje faktury i przedstaw j\u0105 osobie rozliczaj\u0105cej.<\/p>\n<ul>\n<li>je\u015bli realizujesz zakup ze \u015brodk\u00f3w subwencji badawczej (MPK instytutu i zfin00001020) podaj subnip instytutu<\/li>\n<li>je\u015bli realizujesz zakup z innego \u017ar\u00f3d\u0142a finansowania podaj subnip lokalizacji (tzw. CRZ)<\/li>\n<\/ul>\n<p>\n<\/div>\r\n                    <\/div>\r\n                <\/div><div class=\"container\"><div class=\"separator\" style=\"background-color: #002E5A\"><\/div><\/div>[vc_column_text]<\/p>\n<h3><span style=\"color: #002e5a;\"><a id=\"fv\"><\/a>WYKAZ OS\u00d3B ROZLICZAJ\u0104CYCH FAKTURY W SAP ORAZ SUBNIP\u00d3W<\/span><\/h3>\n<p>[\/vc_column_text][vc_row_inner][vc_column_inner width=&#8221;1\/3&#8243;][vc_column_text]<\/p>\n<h3><span style=\"color: #002e5a;\">CRZ Sosnowiec<br \/>\nsubnip -04033<\/span><\/h3>\n<ul>\n<li><span style=\"color: #002e5a;\"><a style=\"color: #002e5a;\" title=\"odno\u015bnik do innej strony www\" href=\"https:\/\/ab.us.edu.pl\/emp?id=7442\">mgr Magdalena Gradzik<\/a><\/span>\n<ul>\n<li><span style=\"color: #002e5a;\">IIB -04408<\/span><\/li>\n<li><span style=\"color: #002e5a;\">IIM -04509<\/span><\/li>\n<li><span style=\"color: #002e5a;\">IIN -04307<\/span><\/li>\n<\/ul>\n<\/li>\n<\/ul>\n<p>[\/vc_column_text][\/vc_column_inner][vc_column_inner width=&#8221;1\/3&#8243;][vc_column_text]<\/p>\n<h3><span style=\"color: #002e5a;\">CRZ Katowice<br \/>\nsubnip-04020<\/span><\/h3>\n<ul>\n<li><a title=\"odno\u015bnik do innej strony www\" href=\"https:\/\/ab.us.edu.pl\/emp?id=2572\">mgr Jadwiga \u0141yczek<\/a>\n<ul>\n<li>ICh -04105<\/li>\n<\/ul>\n<\/li>\n<li><a title=\"odno\u015bnik do innej strony www\" href=\"https:\/\/ab.us.edu.pl\/emp?id=30912\">mgr Sabina Wolna<\/a>\n<ul>\n<li>IM -04600<\/li>\n<\/ul>\n<\/li>\n<\/ul>\n<p>[\/vc_column_text][\/vc_column_inner][vc_column_inner width=&#8221;1\/3&#8243;][vc_column_text]<\/p>\n<h3><span style=\"color: #002e5a;\">CRZ Chorz\u00f3w<br \/>\nsubnip -04017<\/span><\/h3>\n<ul>\n<li><a title=\"odno\u015bnik do innej strony www\" href=\"https:\/\/ab.us.edu.pl\/emp?id=3422\">lic. Anna Ciepiela<\/a><\/li>\n<li><a title=\"odno\u015bnik do innej strony www\" href=\"https:\/\/ab.us.edu.pl\/emp?id=14262\">mgr Beata Kunikowska<\/a>\n<ul>\n<li>IIM -04509<\/li>\n<\/ul>\n<\/li>\n<li>mgr Natalia Ohirko\n<ul>\n<li>IF -04206<\/li>\n<\/ul>\n<\/li>\n<\/ul>\n<p>[\/vc_column_text][\/vc_column_inner][\/vc_row_inner]<div class=\"container\"><div class=\"separator\" style=\"background-color: #002E5A\"><\/div><\/div>[vc_row_inner][vc_column_inner width=&#8221;1\/3&#8243;][\/vc_column_inner][vc_column_inner width=&#8221;1\/3&#8243;][vc_single_image image=&#8221;30061&#8243; img_size=&#8221;large&#8221; alignment=&#8221;center&#8221; style=&#8221;vc_box_rounded&#8221;][\/vc_column_inner][vc_column_inner width=&#8221;1\/3&#8243;][\/vc_column_inner][\/vc_row_inner]<div class=\"container\"><div class=\"separator\" style=\"background-color: #002E5A\"><\/div><\/div>[\/vc_column][\/vc_row][vc_row][vc_column][vc_column_text][\/vc_column_text][\/vc_column][\/vc_row]<\/p>","protected":false},"excerpt":{"rendered":"<p>[vc_row][vc_column][vc_column_text][\/vc_column_text][\/vc_column][\/vc_row][vc_row el_class=&#8221;container&#8221;][vc_column width=&#8221;1\/5&#8243;][vc_wp_custommenu nav_menu=&#8221;433&#8243;][vc_column_text css=&#8221;.vc_custom_1772616038476{margin-left: 10px !important;border-top-width: 1px !important;border-right-width: 1px !important;border-bottom-width: 1px !important;border-left-width: 1px !important;padding-top: 4px !important;padding-right: 2px !important;padding-bottom: 2px !important;padding-left: 10px !important;border-left-color: #002e5a !important;border-left-style: solid !important;border-right-color: #002e5a !important;border-right-style: solid !important;border-top-color: #002e5a !important;border-top-style: solid !important;border-bottom-color: #002e5a !important;border-bottom-style: solid !important;border-radius: 3px !important;}&#8221;]Na tej stronie znajdziesz informacje: jak nale\u017cy rozlicza\u0107 zam\u00f3wienia na dostawy i us\u0142ugi, na kt\u00f3re [&#8230;]<\/p>\n<p><a class=\"btn btn-secondary understrap-read-more-link\" href=\"https:\/\/us.edu.pl\/pracownik\/wnst\/rozliczenia\/\">Read More&#8230;<\/a><\/p>\n","protected":false},"author":2887,"featured_media":0,"parent":29370,"menu_order":4,"comment_status":"closed","ping_status":"closed","template":"","meta":{"_expiration-date-status":"","_expiration-date":0,"_expiration-date-type":"","_expiration-date-categories":[],"_expiration-date-options":[]},"acf":[],"_links":{"self":[{"href":"https:\/\/us.edu.pl\/pracownik\/wp-json\/wp\/v2\/pages\/42403"}],"collection":[{"href":"https:\/\/us.edu.pl\/pracownik\/wp-json\/wp\/v2\/pages"}],"about":[{"href":"https:\/\/us.edu.pl\/pracownik\/wp-json\/wp\/v2\/types\/page"}],"author":[{"embeddable":true,"href":"https:\/\/us.edu.pl\/pracownik\/wp-json\/wp\/v2\/users\/2887"}],"replies":[{"embeddable":true,"href":"https:\/\/us.edu.pl\/pracownik\/wp-json\/wp\/v2\/comments?post=42403"}],"version-history":[{"count":9,"href":"https:\/\/us.edu.pl\/pracownik\/wp-json\/wp\/v2\/pages\/42403\/revisions"}],"predecessor-version":[{"id":42514,"href":"https:\/\/us.edu.pl\/pracownik\/wp-json\/wp\/v2\/pages\/42403\/revisions\/42514"}],"up":[{"embeddable":true,"href":"https:\/\/us.edu.pl\/pracownik\/wp-json\/wp\/v2\/pages\/29370"}],"wp:attachment":[{"href":"https:\/\/us.edu.pl\/pracownik\/wp-json\/wp\/v2\/media?parent=42403"}],"curies":[{"name":"wp","href":"https:\/\/api.w.org\/{rel}","templated":true}]}}