{"id":42591,"date":"2026-03-11T11:34:55","date_gmt":"2026-03-11T10:34:55","guid":{"rendered":"https:\/\/us.edu.pl\/pracownik\/?page_id=42591"},"modified":"2026-03-12T07:04:58","modified_gmt":"2026-03-12T06:04:58","slug":"posiedzenie-komisji-12-03-2026","status":"publish","type":"page","link":"https:\/\/us.edu.pl\/pracownik\/sprawy-dydaktyczne\/senacka-komisja-ds-ksztalcenia\/senacka-komisja-ds-ksztalcenia-sklad-komisji\/kadencja-2024-2028\/posiedzenie-komisji-12-03-2026\/","title":{"rendered":"Posiedzenie komisji &#8211; 12.03.2026"},"content":{"rendered":"<p>[vc_row][vc_column]\r\n                <div class=\"text-modules\">\r\n                    <div class=\"container\">\r\n                        <h3 class=\"page-title text__title\">Posiedzenie Komisji ds. kszta\u0142cenia i student\u00f3w - 12 marca 2026 r.<\/h3>\r\n                        <div class=\"text-modules__content\"><p>Posiedzenie Komisji ds. kszta\u0142cenia i student\u00f3w, kt\u00f3re odb\u0119dzie si\u0119 w <strong>czwartek 12 marca 2026 r. o godz. 10.00 w sali 1.20 w budynku Rektoratu Uniwersytetu \u015al\u0105skiego.<\/strong><\/p>\n<p>&nbsp;<\/p>\n<p><strong>Planowany porz\u0105dek posiedzenia:<\/strong><\/p>\n<ol>\n<li>Komunikaty Prorektorki ds. studenckich i kszta\u0142cenia.<\/li>\n<li>Prezentacja strony internetowej KANDYDAT, obejmuj\u0105ca przedstawienie struktury i funkcjonalno\u015bci strony.<\/li>\n<li>Om\u00f3wienie zasad zaliczania r\u00f3\u017cnic programowych, w tym stosowanych obecnie rozwi\u0105za\u0144 na poszczeg\u00f3lnych kierunkach studi\u00f3w, zidentyfikowanych problem\u00f3w oraz mo\u017cliwo\u015bci ujednolicenia przyjmowanych praktyk.<\/li>\n<li>Kontynuacja prac nad modyfikacj\u0105 program\u00f3w studi\u00f3w II stopnia \u2013 om\u00f3wienie dalszych dzia\u0142a\u0144.<\/li>\n<li>Przedstawienie proponowanych zmian w Regulaminie studi\u00f3w.<\/li>\n<li>Informacje dotycz\u0105ce egzaminu po\u015bwiadczaj\u0105cego znajomo\u015b\u0107 j\u0119zyka na poziomie B2 \u2013 kwestie formalne i organizacyjne.<\/li>\n<li><a href=\"https:\/\/us.edu.pl\/pracownik\/wp-content\/uploads\/sites\/2\/Editor\/sprawy-dydatktyczne\/Komisja-ksztalcenia\/Kadencja-2024-2028\/20252026\/12-marzec\/Porozumienie_Program_Slaski-Most.pdf\" class=\"mtli_attachment mtli_pdf\" data-mtli=\"mtli_filesize278,79kB\" class=\"mtli_attachment mtli_pdf\" data-mtli=\"mtli_filesize278,79kB\">Program \u201e\u015al\u0105ski Most\u201d<\/a> \u2013 podsumowanie dotychczasowych dzia\u0142a\u0144 oraz om\u00f3wienie planowanych dalszych krok\u00f3w zwi\u0105zanych z jego realizacj\u0105.<\/li>\n<li>Opinia do wniosku w sprawie <a href=\"https:\/\/us.edu.pl\/pracownik\/wp-content\/uploads\/sites\/2\/Editor\/sprawy-dydatktyczne\/Komisja-ksztalcenia\/Kadencja-2024-2028\/20252026\/12-marzec\/Polityki-miejskie-i-doradztow-publiczne-wniosek-o-likwidacje.pdf\" class=\"mtli_attachment mtli_pdf\" data-mtli=\"mtli_filesize714,25kB\" class=\"mtli_attachment mtli_pdf\" data-mtli=\"mtli_filesize714,25kB\">likwidacji kierunku studi\u00f3w: polityki miejskie i doradztwo publiczne, studia stacjonarne i niestacjonarne II stopnia od roku akademickiego 2026\/2027.<\/a><\/li>\n<li>Wolne wnioski.<\/li>\n<\/ol>\n<p>\n<style type=\"text\/css\">a[data-mtli~=\"mtli_filesize278,79kB\"]:after {content:\" (278,79 kB)\"}a[data-mtli~=\"mtli_filesize714,25kB\"]:after {content:\" (714,25 kB)\"}<\/style><\/div>\r\n                    <\/div>\r\n                <\/div>[\/vc_column][\/vc_row]<\/p>\n<style type=\"text\/css\">a[data-mtli~=\"mtli_filesize278,79kB\"]:after {content:\" (278,79 kB)\"}a[data-mtli~=\"mtli_filesize714,25kB\"]:after {content:\" (714,25 kB)\"}<\/style>","protected":false},"excerpt":{"rendered":"<p>[vc_row][vc_column][\/vc_column][\/vc_row] [&#8230;]<\/p>\n<p><a class=\"btn btn-secondary understrap-read-more-link\" href=\"https:\/\/us.edu.pl\/pracownik\/sprawy-dydaktyczne\/senacka-komisja-ds-ksztalcenia\/senacka-komisja-ds-ksztalcenia-sklad-komisji\/kadencja-2024-2028\/posiedzenie-komisji-12-03-2026\/\">Read More&#8230;<\/a><\/p>\n","protected":false},"author":31,"featured_media":0,"parent":27904,"menu_order":-49,"comment_status":"closed","ping_status":"closed","template":"page-templates\/inner-page.php","meta":{"_expiration-date-status":"saved","_expiration-date":0,"_expiration-date-type":"","_expiration-date-categories":[],"_expiration-date-options":[]},"acf":[],"_links":{"self":[{"href":"https:\/\/us.edu.pl\/pracownik\/wp-json\/wp\/v2\/pages\/42591"}],"collection":[{"href":"https:\/\/us.edu.pl\/pracownik\/wp-json\/wp\/v2\/pages"}],"about":[{"href":"https:\/\/us.edu.pl\/pracownik\/wp-json\/wp\/v2\/types\/page"}],"author":[{"embeddable":true,"href":"https:\/\/us.edu.pl\/pracownik\/wp-json\/wp\/v2\/users\/31"}],"replies":[{"embeddable":true,"href":"https:\/\/us.edu.pl\/pracownik\/wp-json\/wp\/v2\/comments?post=42591"}],"version-history":[{"count":3,"href":"https:\/\/us.edu.pl\/pracownik\/wp-json\/wp\/v2\/pages\/42591\/revisions"}],"predecessor-version":[{"id":42609,"href":"https:\/\/us.edu.pl\/pracownik\/wp-json\/wp\/v2\/pages\/42591\/revisions\/42609"}],"up":[{"embeddable":true,"href":"https:\/\/us.edu.pl\/pracownik\/wp-json\/wp\/v2\/pages\/27904"}],"wp:attachment":[{"href":"https:\/\/us.edu.pl\/pracownik\/wp-json\/wp\/v2\/media?parent=42591"}],"curies":[{"name":"wp","href":"https:\/\/api.w.org\/{rel}","templated":true}]}}