{"id":43455,"date":"2026-05-12T10:12:33","date_gmt":"2026-05-12T08:12:33","guid":{"rendered":"https:\/\/us.edu.pl\/pracownik\/?page_id=43455"},"modified":"2026-05-13T14:48:55","modified_gmt":"2026-05-13T12:48:55","slug":"posiedzenie-komisji-14-05-2026-2","status":"publish","type":"page","link":"https:\/\/us.edu.pl\/pracownik\/sprawy-dydaktyczne\/senacka-komisja-ds-ksztalcenia\/senacka-komisja-ds-ksztalcenia-sklad-komisji\/kadencja-2024-2028\/posiedzenie-komisji-14-05-2026-2\/","title":{"rendered":"Posiedzenie komisji &#8211; 14.05.2026"},"content":{"rendered":"<p>[vc_row][vc_column]\r\n                <div class=\"text-modules\">\r\n                    <div class=\"container\">\r\n                        <h3 class=\"page-title text__title\">Posiedzenie Komisji ds. kszta\u0142cenia i student\u00f3w - 14 maja 2026 r.<\/h3>\r\n                        <div class=\"text-modules__content\"><p>Posiedzenie Komisji ds. kszta\u0142cenia i student\u00f3w, kt\u00f3re odb\u0119dzie si\u0119 w <strong>czwartek 14 maja 2026 r. o godz. 10.00 w sali 1.20 <\/strong>w budynku Rektoratu Uniwersytetu \u015al\u0105skiego.<\/p>\n<p>&nbsp;<\/p>\n<p><strong>Planowany porz\u0105dek posiedzenia:<\/strong><\/p>\n<ol>\n<li>Komunikaty Prorektorki ds. studenckich i kszta\u0142cenia.<\/li>\n<li>Opiniowanie programu studi\u00f3w podyplomowych:\n<ol style=\"list-style-type: lower-alpha;\">\n<li><a href=\"https:\/\/us.edu.pl\/pracownik\/wp-content\/uploads\/sites\/2\/Editor\/sprawy-dydatktyczne\/Komisja-ksztalcenia\/Kadencja-2024-2028\/20252026\/14-maja\/SP_PGiH.zip\"><em>Studia podyplomowe prawa gospodarczego i handlowego<\/em> \u2013 uzupe\u0142niono o stanowisko kierownika studi\u00f3w dot. w\u0105tpliwo\u015bci komisji w zakresie wyk\u0142ad\u00f3w na studiach podyplomowych;<\/a><\/li>\n<li><a href=\"https:\/\/us.edu.pl\/pracownik\/wp-content\/uploads\/sites\/2\/Editor\/sprawy-dydatktyczne\/Komisja-ksztalcenia\/Kadencja-2024-2028\/20252026\/14-maja\/PSNJPjO-Kwalifikacyjne.zip\"><em>Podyplomowe Studia Kwalifikacyjne Nauczania Kultury Polskiej i J\u0119zyka Polskiego jako Obcego<\/em> \u2013 modyfikacja siatki i programu<\/a>;<\/li>\n<li><a href=\"https:\/\/us.edu.pl\/pracownik\/wp-content\/uploads\/sites\/2\/Editor\/sprawy-dydatktyczne\/Komisja-ksztalcenia\/Kadencja-2024-2028\/20252026\/14-maja\/PSNJPjO_K_2.zip\"><em>Podyplomowe Studia Kwalifikacyjne do Nauczania Drugiego Przedmiotu \u2013 Kultury Polskiej i J\u0119zyka Polskiego jako Obcego<\/em> \u2013 modyfikacja siatki i programu;<\/a><\/li>\n<li><a href=\"https:\/\/us.edu.pl\/pracownik\/wp-content\/uploads\/sites\/2\/Editor\/sprawy-dydatktyczne\/Komisja-ksztalcenia\/Kadencja-2024-2028\/20252026\/14-maja\/PSNJPjO-Doskonalace.zip\"><em>Podyplomowe Studia Doskonal\u0105ce Nauczania Kultury Polskiej i J\u0119zyka Polskiego jako Obcego<\/em> \u2013 modyfikacja siatki i programu.<\/a><\/li>\n<\/ol>\n<\/li>\n<li>Opiniowanie <a href=\"https:\/\/us.edu.pl\/pracownik\/wp-content\/uploads\/sites\/2\/Editor\/sprawy-dydatktyczne\/Komisja-ksztalcenia\/Kadencja-2024-2028\/20252026\/14-maja\/uchwala_limity.zip\">Uchwa\u0142y Senatu Uniwersytetu \u015al\u0105skiego w Katowicach\u00a0 w sprawie planowanych limit\u00f3w przyj\u0119\u0107 kandydat\u00f3w na pierwszy rok studi\u00f3w w Uniwersytecie \u015al\u0105skim w Katowicach na rok akademicki 2026\/2027.<\/a><\/li>\n<li>Opiniowania <a href=\"https:\/\/us.edu.pl\/pracownik\/wp-content\/uploads\/sites\/2\/Editor\/sprawy-dydatktyczne\/Komisja-ksztalcenia\/Kadencja-2024-2028\/20252026\/14-maja\/uchwala_rekrutacja.zip\">Uchwa\u0142y Senatu Uniwersytetu \u015al\u0105skiego w Katowicach zmieniaj\u0105cej uchwa\u0142\u0119 w sprawie warunk\u00f3w i trybu rekrutacji na pierwszy rok studi\u00f3w pierwszego i drugiego stopnia oraz jednolitych studi\u00f3w magisterskich w Uniwersytecie \u015al\u0105skim w Katowicach w roku akademickim 2026\/2027.<\/a><\/li>\n<li>Opiniowanie<a href=\"https:\/\/us.edu.pl\/pracownik\/wp-content\/uploads\/sites\/2\/Editor\/sprawy-dydatktyczne\/Komisja-ksztalcenia\/Kadencja-2024-2028\/20252026\/14-maja\/uchwala_olimpiady_konkursy_2026_2027.zip\"> Uchwa\u0142y Senatu U\u015a zmieniaj\u0105cej uchwa\u0142\u0119 w sprawie szczeg\u00f3\u0142owych zasad przyjmowania na I rok studi\u00f3w laureat\u00f3w i finalist\u00f3w olimpiad stopnia centralnego, laureat\u00f3w konkurs\u00f3w mi\u0119dzynarodowych oraz og\u00f3lnopolskich a tak\u017ce finalist\u00f3w Mistrzostw Polski w kategoriach m\u0142odzie\u017cowych, w dyscyplinach sportowych uj\u0119tych w rywalizacji sportu akademickiego w ramach programu Akademickie Mistrzostwa Polski w roku akademickim 2026\/2027<\/a>.<\/li>\n<li>Opiniowanie <a href=\"https:\/\/us.edu.pl\/pracownik\/wp-content\/uploads\/sites\/2\/Editor\/sprawy-dydatktyczne\/Komisja-ksztalcenia\/Kadencja-2024-2028\/20252026\/14-maja\/uchwala_olimpiady_konkursy_2027_2028.zip\">Uchwa\u0142y Senatu U\u015a zmieniaj\u0105cej uchwa\u0142\u0119 w sprawie szczeg\u00f3\u0142owych zasad przyjmowania na I rok studi\u00f3w laureat\u00f3w i finalist\u00f3w olimpiad stopnia centralnego, laureat\u00f3w konkurs\u00f3w mi\u0119dzynarodowych oraz og\u00f3lnopolskich a tak\u017ce finalist\u00f3w Mistrzostw Polski w kategoriach m\u0142odzie\u017cowych, w dyscyplinach sportowych uj\u0119tych w rywalizacji sportu akademickiego w ramach programu Akademickie Mistrzostwa Polski w roku akademickim 2027\/2028.<\/a><\/li>\n<li>Opiniowanie <a href=\"https:\/\/us.edu.pl\/pracownik\/wp-content\/uploads\/sites\/2\/Editor\/sprawy-dydatktyczne\/Komisja-ksztalcenia\/Kadencja-2024-2028\/20252026\/14-maja\/uchwala_olimpiady_konkursy_2028_2029.zip\">Uchwa\u0142y Senatu U\u015a zmieniaj\u0105cej uchwa\u0142\u0119 w sprawie szczeg\u00f3\u0142owych zasad przyjmowania na I rok studi\u00f3w laureat\u00f3w i finalist\u00f3w olimpiad stopnia centralnego, laureat\u00f3w konkurs\u00f3w mi\u0119dzynarodowych oraz og\u00f3lnopolskich a tak\u017ce finalist\u00f3w Mistrzostw Polski w kategoriach m\u0142odzie\u017cowych, w dyscyplinach sportowych uj\u0119tych w rywalizacji sportu akademickiego w ramach programu Akademickie Mistrzostwa Polski w roku akademickim 2028\/2029.<\/a><\/li>\n<li>Opiniowanie <a href=\"https:\/\/us.edu.pl\/pracownik\/wp-content\/uploads\/sites\/2\/Editor\/sprawy-dydatktyczne\/Komisja-ksztalcenia\/Kadencja-2024-2028\/20252026\/14-maja\/uchwala_olimpiady_konkursy_2029_2030.zip\">Uchwa\u0142y Senatu U\u015a zmieniaj\u0105cej uchwa\u0142\u0119 w sprawie szczeg\u00f3\u0142owych zasad przyjmowania na I rok studi\u00f3w laureat\u00f3w i finalist\u00f3w olimpiad stopnia centralnego, laureat\u00f3w konkurs\u00f3w mi\u0119dzynarodowych oraz og\u00f3lnopolskich a tak\u017ce finalist\u00f3w Mistrzostw Polski w kategoriach m\u0142odzie\u017cowych, w dyscyplinach sportowych uj\u0119tych w rywalizacji sportu akademickiego w ramach programu Akademickie Mistrzostwa Polski w roku akademickim 2029\/2030.<\/a><\/li>\n<li>Opiniowanie <a href=\"https:\/\/us.edu.pl\/pracownik\/wp-content\/uploads\/sites\/2\/Editor\/sprawy-dydatktyczne\/Komisja-ksztalcenia\/Kadencja-2024-2028\/20252026\/14-maja\/uchwala_olimpiady_konkursy_2030_2031.zip\">Uchwa\u0142y Senatu U\u015a w sprawie szczeg\u00f3\u0142owych zasad przyjmowania na I rok studi\u00f3w laureat\u00f3w i finalist\u00f3w olimpiad stopnia centralnego, laureat\u00f3w konkurs\u00f3w mi\u0119dzynarodowych oraz og\u00f3lnopolskich a tak\u017ce finalist\u00f3w Mistrzostw Polski w kategoriach m\u0142odzie\u017cowych, w dyscyplinach sportowych uj\u0119tych w rywalizacji sportu akademickiego w ramach programu Akademickie Mistrzostwa Polski w roku akademickim 2030\/2031.<\/a><\/li>\n<li>Sprawozdanie z realizacji doktoranckich praktyk zawodowych w roku akademickim 2025\/2026.<\/li>\n<li>Organizacja roku akademickiego 2026\/2027.<\/li>\n<li><a href=\"https:\/\/us.edu.pl\/pracownik\/wp-content\/uploads\/sites\/2\/Editor\/sprawy-dydatktyczne\/Komisja-ksztalcenia\/Kadencja-2024-2028\/20252026\/14-maja\/SMoDA_09.04.2026-Regulamin-Wspolmyslenie-Wspoldzialanie.docx\" class=\"mtli_attachment mtli_docx\" data-mtli=\"mtli_filesize31,53kB\" class=\"mtli_attachment mtli_docx\" data-mtli=\"mtli_filesize31,53kB\">Regulamin IV edycji konkursu \u201eWsp\u00f3\u0142my\u015blenie, Wsp\u00f3\u0142dzia\u0142anie (szybka \u015bcie\u017cka)&#8221;<\/a> organizowanego w ramach systemu motywacyjnego w dydaktyce akademickiej (SMODA).<\/li>\n<li><a href=\"https:\/\/us.edu.pl\/pracownik\/wp-content\/uploads\/sites\/2\/Editor\/sprawy-dydatktyczne\/Komisja-ksztalcenia\/Kadencja-2024-2028\/20252026\/14-maja\/NEW_12_03_26_SMoDA_2026_Regulamin_Wyroznien_JM_Rektora_ZMIANY_finale.docx\" class=\"mtli_attachment mtli_docx\" data-mtli=\"mtli_filesize53,01kB\" class=\"mtli_attachment mtli_docx\" data-mtli=\"mtli_filesize53,01kB\">Regulamin konkursu przyznawania Wyr\u00f3\u017cnie\u0144 JM Rektora Uniwersytetu \u015al\u0105skiego w Katowicach<\/a> za doskona\u0142\u0105 dydaktyk\u0119 organizowanego w ramach systemu motywacyjnego w dydaktyce akademickiej (SMoDA) Uniwersytetu \u015al\u0105skiego w Katowicach.<\/li>\n<li>Opinia do wniosku w sprawie ustalenia programu studi\u00f3w dla nowych kierunku studi\u00f3w od roku akademickiego 2026\/2027:\n<ol style=\"list-style-type: lower-alpha;\">\n<li>Ba\u0142kanistyka, studia stacjonarne I stopnia<\/li>\n<li>Filologia angielska: j\u0119zykoznawcza, studia stacjonarne I stopnia,<\/li>\n<li><a href=\"https:\/\/us.edu.pl\/pracownik\/wp-content\/uploads\/sites\/2\/Editor\/sprawy-dydatktyczne\/Komisja-ksztalcenia\/Kadencja-2024-2028\/20252026\/14-maja\/Technologie-srod.-i-nowoczesne-mat.-_-I-SS.zip\">Technologie \u015brodowiskowe i nowoczesne materia\u0142y, studia stacjonarne I stopnia.<\/a><\/li>\n<\/ol>\n<\/li>\n<li>Opinia do wniosku w sprawie ustalenia programu studi\u00f3w dla nowej formy studi\u00f3w od roku akademickiego 2026\/2027:\n<ol style=\"list-style-type: lower-alpha;\">\n<li>Filologia angielska: projektowanie rozrywki interaktywnej i groznawstwo (SPRINT-WRITE), studia stacjonarne II stopnia,<\/li>\n<li>Filologia angielska: kultura \u2013 media \u2013 translacja, studia stacjonarne II stopnia,<\/li>\n<li><a href=\"https:\/\/us.edu.pl\/pracownik\/wp-content\/uploads\/sites\/2\/Editor\/sprawy-dydatktyczne\/Komisja-ksztalcenia\/Kadencja-2024-2028\/20252026\/14-maja\/filologia-francuska-_-II-SS.zip\">Filologia francuska, studia stacjonarne II stopnia,<\/a><\/li>\n<li><a href=\"https:\/\/us.edu.pl\/pracownik\/wp-content\/uploads\/sites\/2\/Editor\/sprawy-dydatktyczne\/Komisja-ksztalcenia\/Kadencja-2024-2028\/20252026\/14-maja\/filologia-hiszpanska-_-II-SS.zip\">Filologia hiszpa\u0144ska, studia stacjonarne II stopnia,<\/a><\/li>\n<li><a href=\"https:\/\/us.edu.pl\/pracownik\/wp-content\/uploads\/sites\/2\/Editor\/sprawy-dydatktyczne\/Komisja-ksztalcenia\/Kadencja-2024-2028\/20252026\/14-maja\/filologia-wloska-_-II-SS.zip\">Filologia w\u0142oska, studia stacjonarne II stopnia,<\/a><\/li>\n<li><a href=\"https:\/\/us.edu.pl\/pracownik\/wp-content\/uploads\/sites\/2\/Editor\/sprawy-dydatktyczne\/Komisja-ksztalcenia\/Kadencja-2024-2028\/20252026\/14-maja\/Lingwistyka-stosowana-_-II-SS-i-NS.zip\">Lingwistyka stosowana, studia stacjonarne i niestacjonarne II stopnia,<\/a><\/li>\n<li>Matematyka (Mathematics) studia stacjonarne II stopnia w j\u0119zyku angielskim.<\/li>\n<\/ol>\n<\/li>\n<li>Opinia do wniosku w sprawie modyfikacji program\u00f3w studi\u00f3w dla cyklu dydaktycznego 2026\/2027 na kierunkach:\n<ol style=\"list-style-type: lower-alpha;\">\n<li><a href=\"https:\/\/us.edu.pl\/pracownik\/wp-content\/uploads\/sites\/2\/Editor\/sprawy-dydatktyczne\/Komisja-ksztalcenia\/Kadencja-2024-2028\/20252026\/14-maja\/Filologia-germanska-_-II-SS.zip\">Filologia germa\u0144ska \u2013 studia stacjonarne II stopnia<\/a>,<\/li>\n<li>Filologia polska \u2013 studia stacjonarne II stopnia,<\/li>\n<li>Geologia \u2013 studia stacjonarne II stopnia,<\/li>\n<li><a href=\"https:\/\/us.edu.pl\/pracownik\/wp-content\/uploads\/sites\/2\/Editor\/sprawy-dydatktyczne\/Komisja-ksztalcenia\/Kadencja-2024-2028\/20252026\/14-maja\/Komunikacja-prom.-i-kryz.-_-II-SS.zip\">Komunikacja promocyjna i kryzysowa \u2013 studia stacjonarne II stopnia,<\/a><\/li>\n<li><a href=\"https:\/\/us.edu.pl\/pracownik\/wp-content\/uploads\/sites\/2\/Editor\/sprawy-dydatktyczne\/Komisja-ksztalcenia\/Kadencja-2024-2028\/20252026\/14-maja\/Kulturoznawstwo-_-II-SS.zip\">Kulturoznawstwo \u2013 studia stacjonarne II stopnia,<\/a><\/li>\n<li><a href=\"https:\/\/us.edu.pl\/pracownik\/wp-content\/uploads\/sites\/2\/Editor\/sprawy-dydatktyczne\/Komisja-ksztalcenia\/Kadencja-2024-2028\/20252026\/14-maja\/Kultury-mediow-_-II-SS.zip\">Kultury medi\u00f3w \u2013 studia stacjonarne II stopnia,<\/a><\/li>\n<li>Psychologia \u2013 studia stacjonarne jednolite magisterskie,<\/li>\n<li><a href=\"https:\/\/us.edu.pl\/pracownik\/wp-content\/uploads\/sites\/2\/Editor\/sprawy-dydatktyczne\/Komisja-ksztalcenia\/Kadencja-2024-2028\/20252026\/14-maja\/Tworcze-pisanie-i-marketing-wyd.-_-II-SS.zip\">Tw\u00f3rcze pisanie i marketing wydawniczy \u2013 studia stacjonarne II stopnia.<\/a><\/li>\n<\/ol>\n<\/li>\n<li>Wolne wnioski.<\/li>\n<\/ol>\n<ol>\n<li style=\"list-style-type: none;\"><\/li>\n<\/ol>\n<p>\n<style type=\"text\/css\">a[data-mtli~=\"mtli_filesize31,53kB\"]:after {content:\" (31,53 kB)\"}a[data-mtli~=\"mtli_filesize53,01kB\"]:after {content:\" (53,01 kB)\"}<\/style><\/div>\r\n                    <\/div>\r\n                <\/div>[\/vc_column][\/vc_row]<\/p>\n<style type=\"text\/css\">a[data-mtli~=\"mtli_filesize31,53kB\"]:after {content:\" (31,53 kB)\"}a[data-mtli~=\"mtli_filesize53,01kB\"]:after {content:\" (53,01 kB)\"}<\/style>","protected":false},"excerpt":{"rendered":"<p>[vc_row][vc_column][\/vc_column][\/vc_row] [&#8230;]<\/p>\n<p><a class=\"btn btn-secondary understrap-read-more-link\" href=\"https:\/\/us.edu.pl\/pracownik\/sprawy-dydaktyczne\/senacka-komisja-ds-ksztalcenia\/senacka-komisja-ds-ksztalcenia-sklad-komisji\/kadencja-2024-2028\/posiedzenie-komisji-14-05-2026-2\/\">Read More&#8230;<\/a><\/p>\n","protected":false},"author":5108,"featured_media":0,"parent":27904,"menu_order":-51,"comment_status":"closed","ping_status":"closed","template":"page-templates\/inner-page.php","meta":{"_expiration-date-status":"saved","_expiration-date":0,"_expiration-date-type":"","_expiration-date-categories":[],"_expiration-date-options":[]},"acf":[],"_links":{"self":[{"href":"https:\/\/us.edu.pl\/pracownik\/wp-json\/wp\/v2\/pages\/43455"}],"collection":[{"href":"https:\/\/us.edu.pl\/pracownik\/wp-json\/wp\/v2\/pages"}],"about":[{"href":"https:\/\/us.edu.pl\/pracownik\/wp-json\/wp\/v2\/types\/page"}],"author":[{"embeddable":true,"href":"https:\/\/us.edu.pl\/pracownik\/wp-json\/wp\/v2\/users\/5108"}],"replies":[{"embeddable":true,"href":"https:\/\/us.edu.pl\/pracownik\/wp-json\/wp\/v2\/comments?post=43455"}],"version-history":[{"count":10,"href":"https:\/\/us.edu.pl\/pracownik\/wp-json\/wp\/v2\/pages\/43455\/revisions"}],"predecessor-version":[{"id":43496,"href":"https:\/\/us.edu.pl\/pracownik\/wp-json\/wp\/v2\/pages\/43455\/revisions\/43496"}],"up":[{"embeddable":true,"href":"https:\/\/us.edu.pl\/pracownik\/wp-json\/wp\/v2\/pages\/27904"}],"wp:attachment":[{"href":"https:\/\/us.edu.pl\/pracownik\/wp-json\/wp\/v2\/media?parent=43455"}],"curies":[{"name":"wp","href":"https:\/\/api.w.org\/{rel}","templated":true}]}}