{"id":456,"date":"2019-09-17T16:20:26","date_gmt":"2019-09-17T14:20:26","guid":{"rendered":"http:\/\/php71.nfinity-beta.pl\/us\/pracownik\/?page_id=456"},"modified":"2025-08-21T08:07:48","modified_gmt":"2025-08-21T06:07:48","slug":"niepelnosprawnosc","status":"publish","type":"page","link":"https:\/\/us.edu.pl\/pracownik\/sprawy-pracownicze\/rowne-traktowanie\/niepelnosprawnosc\/","title":{"rendered":"Niepe\u0142nosprawno\u015b\u0107"},"content":{"rendered":"<p>[vc_row][vc_column]\r\n                <div class=\"text-modules\">\r\n                    <div class=\"container\">\r\n                        <h3 class=\"page-title text__title\">Niepe\u0142nosprawno\u015b\u0107<\/h3>\r\n                        <div class=\"text-modules__content\"><\/p>\n<div class=\"content\">\n<ul>\n<li><a href=\"https:\/\/aktyprawne.us.edu.pl\/d\/4982\/5\/\" target=\"_blank\" rel=\"noopener\"><span style=\"color: #002e5a;\">Regulamin pracy Uniwersytetu \u015al\u0105skiego<\/span><\/a><\/li>\n<li><span style=\"color: #002e5a;\"><a style=\"color: #002e5a;\" href=\"http:\/\/isap.sejm.gov.pl\/DetailsServlet?id=WDU19971230776\">Art. 14-20 Ustawy\u00a0 z dnia 27 sierpnia 1997 r. o rehabilitacji zawodowej i spo\u0142ecznej oraz zatrudnianiu os\u00f3b niepe\u0142nosprawnych<\/a><\/span><\/li>\n<li><a href=\"http:\/\/isap.sejm.gov.pl\/DetailsServlet?id=WDU20031000927\"><span style=\"color: #002e5a;\">Rozporz\u0105dzenie Ministra Gospodarki, Pracy i Polityki Spo\u0142ecznej z dnia 22 maja 2003 r. w sprawie szczeg\u00f3\u0142owych zasad udzielania zwolnie\u0144 od pracy osobom o znacznym lub umiarkowanym stopniu niepe\u0142nosprawno\u015bci w celu uczestniczenia w turnusie rehabilitacyjnym<\/span> <\/a><\/li>\n<\/ul>\n<\/div>\n<p>\n<\/div>\r\n                    <\/div>\r\n                <\/div>[\/vc_column][\/vc_row]<\/p>","protected":false},"excerpt":{"rendered":"<p>[vc_row][vc_column][\/vc_column][\/vc_row] [&#8230;]<\/p>\n<p><a class=\"btn btn-secondary understrap-read-more-link\" href=\"https:\/\/us.edu.pl\/pracownik\/sprawy-pracownicze\/rowne-traktowanie\/niepelnosprawnosc\/\">Read More&#8230;<\/a><\/p>\n","protected":false},"author":1,"featured_media":0,"parent":633,"menu_order":397,"comment_status":"closed","ping_status":"closed","template":"page-templates\/inner-page.php","meta":{"_expiration-date-status":"","_expiration-date":0,"_expiration-date-type":"","_expiration-date-categories":[],"_expiration-date-options":[]},"acf":[],"_links":{"self":[{"href":"https:\/\/us.edu.pl\/pracownik\/wp-json\/wp\/v2\/pages\/456"}],"collection":[{"href":"https:\/\/us.edu.pl\/pracownik\/wp-json\/wp\/v2\/pages"}],"about":[{"href":"https:\/\/us.edu.pl\/pracownik\/wp-json\/wp\/v2\/types\/page"}],"author":[{"embeddable":true,"href":"https:\/\/us.edu.pl\/pracownik\/wp-json\/wp\/v2\/users\/1"}],"replies":[{"embeddable":true,"href":"https:\/\/us.edu.pl\/pracownik\/wp-json\/wp\/v2\/comments?post=456"}],"version-history":[{"count":8,"href":"https:\/\/us.edu.pl\/pracownik\/wp-json\/wp\/v2\/pages\/456\/revisions"}],"predecessor-version":[{"id":40545,"href":"https:\/\/us.edu.pl\/pracownik\/wp-json\/wp\/v2\/pages\/456\/revisions\/40545"}],"up":[{"embeddable":true,"href":"https:\/\/us.edu.pl\/pracownik\/wp-json\/wp\/v2\/pages\/633"}],"wp:attachment":[{"href":"https:\/\/us.edu.pl\/pracownik\/wp-json\/wp\/v2\/media?parent=456"}],"curies":[{"name":"wp","href":"https:\/\/api.w.org\/{rel}","templated":true}]}}