{"id":4704,"date":"2019-12-09T13:24:35","date_gmt":"2019-12-09T12:24:35","guid":{"rendered":"https:\/\/us.edu.pl\/pracownik\/?page_id=4704"},"modified":"2022-07-19T15:01:45","modified_gmt":"2022-07-19T13:01:45","slug":"planowanie-i-rozliczenie-delegacji-druki-formularzy","status":"publish","type":"page","link":"https:\/\/us.edu.pl\/pracownik\/procedury-i-obieg-dokumentow\/sprawy-finansowe-i-ksiegowe\/sprawy-finansowe\/planowanie-i-rozliczenie-delegacji-druki-formularzy\/","title":{"rendered":"Planowanie i rozliczenie delegacji &#8211; druki formularzy"},"content":{"rendered":"<p>[vc_row][vc_column][\/vc_column][\/vc_row][vc_row][vc_column]\r\n                <div class=\"text-modules\">\r\n                    <div class=\"container\">\r\n                        <h3 class=\"page-title text__title\">Planowanie i rozliczenie delegacji - druki formularzy<\/h3>\r\n                        <div class=\"text-modules__content\"><p>W zwi\u0105zku z wej\u015bciem z \u017cycie Zarz\u0105dzenia 188\/2012 z dnia 17.12.2012 Rektora U\u015a w sprawie wprowadzenia Instrukcji obiegu i kontroli dokument\u00f3w (dowod\u00f3w) finansowo-ksi\u0119gowych w Uniwersytecie \u015al\u0105skim informujemy, \u017ce z dniem 01 stycznia 2013 roku obowi\u0105zuj\u0105 nowe druki formularzy dotycz\u0105cych planowania, rozliczania delegacji krajowych, zagranicznych oraz przyjazd\u00f3w os\u00f3b z zewn\u0105trz.<\/p>\n<ul style=\"list-style-type: circle;\">\n<li><a href=\"https:\/\/us.edu.pl\/pracownik\/wp-content\/uploads\/sites\/2\/new-folder\/Polecenie-wyjazdu-sluzbowego-3.doc\" class=\"mtli_attachment mtli_doc\" data-mtli=\"mtli_filesize43,50kB\" class=\"mtli_attachment mtli_doc\" data-mtli=\"mtli_filesize43,50kB\">Polecenie wyjazdu s\u0142u\u017cbowego<\/a><\/li>\n<li><a href=\"https:\/\/us.edu.pl\/pracownik\/wp-content\/uploads\/sites\/2\/new-folder\/Rachunek-kosztow-krajowej-podrozy-sluzbowej-1.doc\" class=\"mtli_attachment mtli_doc\" data-mtli=\"mtli_filesize48,50kB\" class=\"mtli_attachment mtli_doc\" data-mtli=\"mtli_filesize48,50kB\">Rachunek koszt\u00f3w krajowej podr\u00f3\u017cy s\u0142u\u017cbowej<\/a><\/li>\n<li><a href=\"https:\/\/us.edu.pl\/pracownik\/wp-content\/uploads\/sites\/2\/new-folder\/ewidencja-przebiegu-pojazdu-1.doc\" class=\"mtli_attachment mtli_doc\" data-mtli=\"mtli_filesize33,50kB\" class=\"mtli_attachment mtli_doc\" data-mtli=\"mtli_filesize33,50kB\">Ewidencja przebiegu pojazdu<\/a><\/li>\n<\/ul>\n<p>\n<style type=\"text\/css\">a[data-mtli~=\"mtli_filesize43,50kB\"]:after {content:\" (43,50 kB)\"}a[data-mtli~=\"mtli_filesize48,50kB\"]:after {content:\" (48,50 kB)\"}a[data-mtli~=\"mtli_filesize33,50kB\"]:after {content:\" (33,50 kB)\"}<\/style><\/div>\r\n                    <\/div>\r\n                <\/div>[\/vc_column][\/vc_row]<\/p>\n<style type=\"text\/css\">a[data-mtli~=\"mtli_filesize43,50kB\"]:after {content:\" (43,50 kB)\"}a[data-mtli~=\"mtli_filesize48,50kB\"]:after {content:\" (48,50 kB)\"}a[data-mtli~=\"mtli_filesize33,50kB\"]:after {content:\" (33,50 kB)\"}a[data-mtli~=\"mtli_filesize42,50kB\"]:after {content:\" (42,50 kB)\"}a[data-mtli~=\"mtli_filesize49,50kB\"]:after {content:\" (49,50 kB)\"}a[data-mtli~=\"mtli_filesize33,00kB\"]:after {content:\" (33,00 kB)\"}<\/style>","protected":false},"excerpt":{"rendered":"<p>[vc_row][vc_column][\/vc_column][\/vc_row][vc_row][vc_column][\/vc_column][\/vc_row] [&#8230;]<\/p>\n<p><a class=\"btn btn-secondary understrap-read-more-link\" href=\"https:\/\/us.edu.pl\/pracownik\/procedury-i-obieg-dokumentow\/sprawy-finansowe-i-ksiegowe\/sprawy-finansowe\/planowanie-i-rozliczenie-delegacji-druki-formularzy\/\">Read More&#8230;<\/a><\/p>\n","protected":false},"author":41,"featured_media":0,"parent":685,"menu_order":266,"comment_status":"closed","ping_status":"closed","template":"page-templates\/inner-page.php","meta":{"_expiration-date-status":"","_expiration-date":0,"_expiration-date-type":"","_expiration-date-categories":[],"_expiration-date-options":[]},"acf":[],"_links":{"self":[{"href":"https:\/\/us.edu.pl\/pracownik\/wp-json\/wp\/v2\/pages\/4704"}],"collection":[{"href":"https:\/\/us.edu.pl\/pracownik\/wp-json\/wp\/v2\/pages"}],"about":[{"href":"https:\/\/us.edu.pl\/pracownik\/wp-json\/wp\/v2\/types\/page"}],"author":[{"embeddable":true,"href":"https:\/\/us.edu.pl\/pracownik\/wp-json\/wp\/v2\/users\/41"}],"replies":[{"embeddable":true,"href":"https:\/\/us.edu.pl\/pracownik\/wp-json\/wp\/v2\/comments?post=4704"}],"version-history":[{"count":10,"href":"https:\/\/us.edu.pl\/pracownik\/wp-json\/wp\/v2\/pages\/4704\/revisions"}],"predecessor-version":[{"id":18314,"href":"https:\/\/us.edu.pl\/pracownik\/wp-json\/wp\/v2\/pages\/4704\/revisions\/18314"}],"up":[{"embeddable":true,"href":"https:\/\/us.edu.pl\/pracownik\/wp-json\/wp\/v2\/pages\/685"}],"wp:attachment":[{"href":"https:\/\/us.edu.pl\/pracownik\/wp-json\/wp\/v2\/media?parent=4704"}],"curies":[{"name":"wp","href":"https:\/\/api.w.org\/{rel}","templated":true}]}}