{"id":4804,"date":"2019-12-12T10:17:15","date_gmt":"2019-12-12T09:17:15","guid":{"rendered":"https:\/\/us.edu.pl\/pracownik\/?page_id=4804"},"modified":"2024-10-14T11:51:52","modified_gmt":"2024-10-14T09:51:52","slug":"senacka-komisja-ds-ksztalcenia-sklad-komisji","status":"publish","type":"page","link":"https:\/\/us.edu.pl\/pracownik\/sprawy-dydaktyczne\/senacka-komisja-ds-ksztalcenia\/senacka-komisja-ds-ksztalcenia-sklad-komisji\/","title":{"rendered":"Komisja ds. kszta\u0142cenia i student\u00f3w &#8211; sk\u0142ad komisji"},"content":{"rendered":"<p>[vc_row][vc_column]\r\n                <div class=\"text-modules\">\r\n                    <div class=\"container\">\r\n                        <h3 class=\"page-title text__title\">Komisja ds. kszta\u0142cenia i student\u00f3w<\/h3>\r\n                        <div class=\"text-modules__content\"><\/p>\n<h4 style=\"text-align: center;\"><strong>Sk\u0142ad Komisji ds. kszta\u0142cenia i student\u00f3w na kadencj\u0119 2024-2028<\/strong><\/h4>\n<table class=\"aligncenter\" style=\"width: 100%; height: 770px;\" border=\"1\">\n<tbody>\n<tr style=\"height: 18px;\">\n<td style=\"border-bottom: 1px solid #cdcdcd; width: 4.01747%; text-align: center; height: 18px;\">1.<\/td>\n<td style=\"text-align: left; height: 18px; width: 49.5717%;\"><em><strong>prof. dr hab. Zenon Gajdzica<\/strong><\/em> <em><strong><br \/>\n<\/strong><\/em><\/td>\n<td style=\"text-align: center; width: 45.5895%; height: 18px;\"><em>Przewodnicz\u0105cy<\/em><\/td>\n<\/tr>\n<tr style=\"height: 24px;\">\n<td style=\"height: 19px; border-bottom: 1px solid #cdcdcd; width: 4.01747%; text-align: center;\">2.<\/td>\n<td style=\"height: 19px; width: 49.5717%; text-align: left;\"><em><strong>dr hab. Krzysztof Szopa, prof. U\u015a<\/strong><\/em><\/td>\n<td style=\"height: 19px; text-align: center; width: 45.5895%;\"><em>Wydzia\u0142 Nauk Przyrodniczych<\/em><\/td>\n<\/tr>\n<tr style=\"height: 18px;\">\n<td style=\"border-bottom: 1px solid #cdcdcd; width: 4.01747%; text-align: center; height: 18px;\">3.<\/td>\n<td style=\"text-align: left; height: 18px; width: 49.5717%;\"><em><strong>dr hab. Renata Dampc Jarosz<\/strong><\/em><\/td>\n<td style=\"text-align: center; width: 45.5895%; height: 18px;\"><em>Wydzia\u0142 Humanistyczny<\/em><\/td>\n<\/tr>\n<tr style=\"height: 18px;\">\n<td style=\"border-bottom: 1px solid #cdcdcd; width: 4.01747%; text-align: center; height: 18px;\">4.<\/td>\n<td style=\"text-align: left; height: 18px; width: 49.5717%;\"><em><strong>dr Monika \u017bak<\/strong><\/em><\/td>\n<td style=\"text-align: center; width: 45.5895%; height: 18px;\"><em>Wydzia\u0142 Nauk Spo\u0142ecznych<\/em><\/td>\n<\/tr>\n<tr style=\"height: 18px;\">\n<td style=\"border-bottom: 1px solid #cdcdcd; width: 4.01747%; text-align: center; height: 18px;\">5.<\/td>\n<td style=\"text-align: left; height: 18px; width: 49.5717%;\"><em><strong>dr Joanna Maszybrocka, prof. U\u015a <\/strong><\/em><\/td>\n<td style=\"text-align: center; width: 45.5895%; height: 18px;\"><em>Wydzia\u0142 Nauk \u015acis\u0142ych i Technicznych<\/em><\/td>\n<\/tr>\n<tr style=\"height: 18px;\">\n<td style=\"border-bottom: 1px solid #cdcdcd; width: 4.01747%; text-align: center; height: 18px;\">6.<\/td>\n<td style=\"text-align: left; height: 18px; width: 49.5717%;\"><em><strong>dr Urszula Torbus<\/strong><\/em><\/td>\n<td style=\"text-align: center; width: 45.5895%; height: 18px;\"><em>Wydzia\u0142 Prawa i Administracji<\/em><\/td>\n<\/tr>\n<tr>\n<td style=\"border-bottom: 1px solid #cdcdcd; width: 4.01747%; text-align: center;\">7.<\/td>\n<td style=\"text-align: left; width: 49.5717%;\"><em><strong>dr Ilona Fajfer-Kruczek<\/strong><\/em><\/td>\n<td style=\"text-align: center; width: 45.5895%;\"><em>Wydzia\u0142 Sztuki i Nauk o Edukacji<\/em><\/td>\n<\/tr>\n<tr>\n<td style=\"border-bottom: 1px solid #cdcdcd; width: 4.01747%; text-align: center;\">8.<\/td>\n<td style=\"text-align: left; width: 49.5717%;\"><em><strong>ks. dr Wojciech Surmiak<\/strong><\/em><\/td>\n<td style=\"text-align: center; width: 45.5895%;\"><em>Wydzia\u0142 Teologiczny<\/em><\/td>\n<\/tr>\n<tr style=\"height: 24px;\">\n<td style=\"height: 20px; width: 4.01747%; text-align: center;\">\u00a09.<\/td>\n<td style=\"height: 20px; width: 49.5717%; text-align: left;\"><em><strong>dr Katarzyna Forst<\/strong><\/em><\/td>\n<td style=\"height: 20px; text-align: center; width: 45.5895%;\"><em>Szko\u0142a Filmowa im. K. Kie\u015blowskiego<\/em><\/td>\n<\/tr>\n<tr style=\"height: 24px;\">\n<td style=\"height: 38px; width: 4.01747%; text-align: center;\">10.<\/td>\n<td style=\"height: 38px; width: 49.5717%; text-align: left;\"><em><strong>dr Micha\u0142 Ciep\u0142y<\/strong><\/em><\/td>\n<td style=\"height: 38px; text-align: center; width: 45.5895%;\"><em>Mi\u0119dzynarodowa \u015arodowiskowa Szko\u0142a Doktorska przy Centrum Studi\u00f3w Polarnych<\/em><\/td>\n<\/tr>\n<tr style=\"height: 24px;\">\n<td style=\"height: 20px; width: 4.01747%; text-align: center;\">11.<\/td>\n<td style=\"height: 20px; width: 49.5717%; text-align: left;\"><em><strong>prof. dr hab. Micha\u0142 Baczy\u0144ski<\/strong><\/em><\/td>\n<td style=\"height: 20px; text-align: center; width: 45.5895%;\"><em>Szko\u0142a Doktorska<\/em><\/td>\n<\/tr>\n<tr>\n<td style=\"width: 4.01747%; text-align: center;\">12.<\/td>\n<td style=\"width: 49.5717%; text-align: left;\"><em><strong>Micha\u0142 Szcz\u0119sny<\/strong><\/em><\/td>\n<td style=\"text-align: center; width: 45.5895%;\"><em>Samorz\u0105d Studencki<\/em><\/td>\n<\/tr>\n<tr>\n<td style=\"width: 4.01747%; text-align: center;\">13.<\/td>\n<td style=\"width: 49.5717%; text-align: left;\"><em><strong>Dominik Ko\u0142odziej<\/strong><\/em><\/td>\n<td style=\"text-align: center; width: 45.5895%;\"><em>Samorz\u0105d Studencki<\/em><\/td>\n<\/tr>\n<tr style=\"height: 24px;\">\n<td style=\"height: 20px; width: 4.01747%; text-align: center; background-color: #c9c5c5;\"><\/td>\n<td style=\"height: 20px; width: 49.5717%; text-align: left; background-color: #c9c5c5;\"><em>osoby z g\u0142osem doradczym :<\/em><\/td>\n<td style=\"height: 20px; width: 45.5895%; background-color: #c9c5c5;\"><\/td>\n<\/tr>\n<tr style=\"height: 24px;\">\n<td style=\"width: 4.01747%; height: 20px; text-align: center;\">14.<\/td>\n<td style=\"width: 49.5717%; height: 20px; text-align: left;\"><em><strong>dr hab. Anna Ka\u0142u\u017ca, prof. U\u015a<\/strong><\/em><\/td>\n<td style=\"text-align: center; width: 45.5895%; height: 20px;\"><em>Wydzia\u0142 Humanistyczny<\/em><\/td>\n<\/tr>\n<tr>\n<td style=\"width: 4.01747%; text-align: center;\">15.<\/td>\n<td style=\"width: 49.5717%; text-align: left;\"><em><strong>dr Katarzyna Sujkowska, prof. U\u015a<\/strong><\/em><\/td>\n<td style=\"text-align: center; width: 45.5895%;\"><em>Kolegium Dydaktyki Og\u00f3lnouniwersyteckiej<\/em><\/td>\n<\/tr>\n<tr style=\"height: 24px;\">\n<td style=\"width: 4.01747%; height: 20px; text-align: center;\">16.<\/td>\n<td style=\"width: 49.5717%; height: 20px; text-align: left;\"><em><strong>dr hab. Edyta Sierka, prof. U\u015a<\/strong><\/em><\/td>\n<td style=\"text-align: center; width: 45.5895%; height: 20px;\"><em>Kolegium ISM<\/em><\/td>\n<\/tr>\n<tr style=\"height: 36px;\">\n<td style=\"width: 4.01747%; text-align: center; height: 36px;\">17.<\/td>\n<td style=\"width: 49.5717%; text-align: left; height: 36px;\"><em><strong>dr Marzena B\u0119dkowska-Ob\u0142\u0105k <\/strong><\/em><\/td>\n<td style=\"text-align: center; width: 45.5895%; height: 36px;\"><em>Pe\u0142nomocniczka Rektora ds. jako\u015bci kszta\u0142cenia i akredytacji<\/em><\/td>\n<\/tr>\n<tr style=\"height: 24px;\">\n<td style=\"width: 4.01747%; height: 36px; text-align: center;\">18.<\/td>\n<td style=\"width: 49.5717%; height: 36px; text-align: left;\"><em><strong>mgr Adam Sucha\u0144ski<\/strong><\/em><\/td>\n<td style=\"text-align: center; width: 45.5895%; height: 36px;\"><em>Centrum Wychowania Fizycznego i Sportu<\/em><\/td>\n<\/tr>\n<tr style=\"height: 24px;\">\n<td style=\"width: 4.01747%; height: 36px; text-align: center;\">19.<\/td>\n<td style=\"width: 49.5717%; height: 36px; text-align: left;\"><em><strong>mgr Agata Adamczyk-Gzara<\/strong><\/em><\/td>\n<td style=\"text-align: center; width: 45.5895%; height: 36px;\"><em>Studium Praktycznej Nauki J\u0119zyk\u00f3w Obcych<\/em><\/td>\n<\/tr>\n<tr style=\"height: 24px;\">\n<td style=\"width: 4.01747%; height: 20px; text-align: center;\">20.<\/td>\n<td style=\"width: 49.5717%; height: 20px; text-align: left;\"><em><strong>mgr Urszula Miemiec<\/strong><\/em><\/td>\n<td style=\"text-align: center; width: 45.5895%; height: 20px;\"><em>Kierownik Dzia\u0142u Kszta\u0142cenia<\/em><\/td>\n<\/tr>\n<tr style=\"height: 24px;\">\n<td style=\"height: 20px; width: 4.01747%; text-align: center;\">21.<\/td>\n<td style=\"height: 20px; width: 49.5717%; text-align: left;\"><em><strong>lic. Gabriela Wilczy\u0144ska<\/strong><\/em><\/td>\n<td style=\"height: 20px; text-align: center; width: 45.5895%;\"><em>Kierownik Centrum Obs\u0142ugi Student\u00f3w<\/em><\/td>\n<\/tr>\n<tr style=\"height: 24px;\">\n<td style=\"height: 20px; width: 4.01747%; text-align: center;\">22.<\/td>\n<td style=\"height: 20px; width: 49.5717%; text-align: left;\"><em><strong>mgr Przemys\u0142aw Grzonka<\/strong><\/em><\/td>\n<td style=\"height: 20px; text-align: center; width: 45.5895%;\"><em>Kierownik Dzia\u0142u Jako\u015bci i Analiz Strategicznych<\/em><\/td>\n<\/tr>\n<tr style=\"height: 24px;\">\n<td style=\"width: 4.01747%; height: 20px; text-align: center;\">23.<\/td>\n<td style=\"width: 49.5717%; height: 20px; text-align: left;\"><em><strong>dr Ma\u0142gorzata Domaga\u0142a<\/strong><\/em><\/td>\n<td style=\"text-align: center; width: 45.5895%; height: 20px;\"><em>ZNP<\/em><\/td>\n<\/tr>\n<tr style=\"height: 24px;\">\n<td style=\"width: 4.01747%; height: 20px; text-align: center;\">24.<\/td>\n<td style=\"width: 49.5717%; height: 20px; text-align: left;\"><em><strong>dr hab. Jolanta Gwio\u017adzik, prof. U\u015a<\/strong><\/em><\/td>\n<td style=\"text-align: center; width: 45.5895%; height: 20px;\"><em>NSZZ Solidarno\u015b\u0107<\/em><\/td>\n<\/tr>\n<tr style=\"height: 24px;\">\n<td style=\"width: 4.01747%; height: 20px; text-align: center;\">25.<\/td>\n<td style=\"width: 49.5717%; height: 20px; text-align: left;\"><em><strong>mgr in\u017c. Julia Zaj\u0105c\u00a0<\/strong><\/em><\/td>\n<td style=\"text-align: center; width: 45.5895%; height: 20px;\"><em>URSD<\/em><\/td>\n<\/tr>\n<tr style=\"height: 36px;\">\n<td style=\"width: 99.1787%; text-align: center; height: 36px;\" colspan=\"3\"><em><strong>W pracach komisji do spraw kszta\u0142cenia i student\u00f3w uczestniczy tak\u017ce<\/strong><\/em><\/p>\n<p><em><strong> dr Katarzyna Trynda, prof U\u015a &#8211; Prorektor ds. kszta\u0142cenia i student\u00f3w<\/strong><\/em><em><br \/>\n<\/em><\/td>\n<\/tr>\n<\/tbody>\n<\/table>\n<p><span style=\"color: #ff0000;\"><b>Materia\u0142y na posiedzenie Komisji ds. kszta\u0142cenia i student\u00f3w<\/b><\/span><\/p>\n<ul>\n<li><a href=\"https:\/\/us.edu.pl\/pracownik\/sprawy-dydaktyczne\/senacka-komisja-ds-ksztalcenia\/senacka-komisja-ds-ksztalcenia-sklad-komisji\/kadencja-2024-2028\/\">Kadencja 2024-2028<\/a><\/li>\n<li><a href=\"https:\/\/us.edu.pl\/pracownik\/sprawy-dydaktyczne\/senacka-komisja-ds-ksztalcenia\/senacka-komisja-ds-ksztalcenia-sklad-komisji\/kadencja-2020-2024\/\">Kadencja 2020-2024<\/a><\/li>\n<\/ul>\n<p>\n<\/div>\r\n                    <\/div>\r\n                <\/div>[\/vc_column][\/vc_row]<\/p>","protected":false},"excerpt":{"rendered":"<p>[vc_row][vc_column][\/vc_column][\/vc_row] [&#8230;]<\/p>\n<p><a class=\"btn btn-secondary understrap-read-more-link\" href=\"https:\/\/us.edu.pl\/pracownik\/sprawy-dydaktyczne\/senacka-komisja-ds-ksztalcenia\/senacka-komisja-ds-ksztalcenia-sklad-komisji\/\">Read More&#8230;<\/a><\/p>\n","protected":false},"author":31,"featured_media":0,"parent":3774,"menu_order":265,"comment_status":"closed","ping_status":"closed","template":"page-templates\/inner-page.php","meta":{"_expiration-date-status":"saved","_expiration-date":0,"_expiration-date-type":"","_expiration-date-categories":[],"_expiration-date-options":[]},"acf":[],"_links":{"self":[{"href":"https:\/\/us.edu.pl\/pracownik\/wp-json\/wp\/v2\/pages\/4804"}],"collection":[{"href":"https:\/\/us.edu.pl\/pracownik\/wp-json\/wp\/v2\/pages"}],"about":[{"href":"https:\/\/us.edu.pl\/pracownik\/wp-json\/wp\/v2\/types\/page"}],"author":[{"embeddable":true,"href":"https:\/\/us.edu.pl\/pracownik\/wp-json\/wp\/v2\/users\/31"}],"replies":[{"embeddable":true,"href":"https:\/\/us.edu.pl\/pracownik\/wp-json\/wp\/v2\/comments?post=4804"}],"version-history":[{"count":11,"href":"https:\/\/us.edu.pl\/pracownik\/wp-json\/wp\/v2\/pages\/4804\/revisions"}],"predecessor-version":[{"id":28171,"href":"https:\/\/us.edu.pl\/pracownik\/wp-json\/wp\/v2\/pages\/4804\/revisions\/28171"}],"up":[{"embeddable":true,"href":"https:\/\/us.edu.pl\/pracownik\/wp-json\/wp\/v2\/pages\/3774"}],"wp:attachment":[{"href":"https:\/\/us.edu.pl\/pracownik\/wp-json\/wp\/v2\/media?parent=4804"}],"curies":[{"name":"wp","href":"https:\/\/api.w.org\/{rel}","templated":true}]}}