{"id":5143,"date":"2020-01-16T10:25:12","date_gmt":"2020-01-16T09:25:12","guid":{"rendered":"https:\/\/us.edu.pl\/pracownik\/?page_id=5143"},"modified":"2024-09-26T10:48:11","modified_gmt":"2024-09-26T08:48:11","slug":"intranet-w-us-wewnetrzna-siec-komunikacji-z-pracownikami","status":"publish","type":"page","link":"https:\/\/us.edu.pl\/pracownik\/intranet-w-us-wewnetrzna-siec-komunikacji-z-pracownikami\/","title":{"rendered":"Intranet w U\u015a &#8211; wewn\u0119trzna sie\u0107 komunikacji z pracownikami"},"content":{"rendered":"<p>[vc_row][vc_column][\/vc_column][\/vc_row][vc_row][vc_column]\r\n                <div class=\"text-modules\">\r\n                    <div class=\"container\">\r\n                        <h3 class=\"page-title text__title\">Intranet w Uniwersytecie \u015al\u0105skim<\/h3>\r\n                        <div class=\"text-modules__content\"><p>Uniwersytet \u015al\u0105ski w Katowicach systematycznie podejmuje dzia\u0142ania w obszarze doskonalenia narz\u0119dzi komunikacji. Wymiernym rezultatem dotychczas zrealizowanych prac jest uruchomienie z ko\u0144cem 2019 roku nowej platformy komunikacji wewn\u0119trznej z pracownikami, tzw. intranetu.<\/p>\n<p>Narz\u0119dzie zosta\u0142o przygotowane z my\u015bl\u0105 o przekazywaniu naj\u015bwie\u017cszych informacji dotycz\u0105cych istotnych spraw pracowniczych, umo\u017cliwieniu sta\u0142ego dost\u0119p do najwa\u017cniejszych komunikat\u00f3w oraz procedur. Intranet jest miejscem, przygotowanym wy\u0142\u0105cznie z my\u015bl\u0105 o pracownikach naszej uczelni, st\u0105d dost\u0119p do tych zasob\u00f3w wymaga zalogowania si\u0119 przy pomocy Centralnego Serwera Uwierzytelnienia (CAS). Poni\u017cej znajduje si\u0119 instrukcja logowania do intranetu.<\/p>\n<p>Zach\u0119camy wszystkich pracownik\u00f3w do podzielenia si\u0119 pomys\u0142ami odno\u015bnie dalszego rozwoju intranetu \u2013 prosimy o przekazywanie wszelkich uwag i pomys\u0142\u00f3w na adres: <a href=\"mailto:dhr@us.edu.pl\">dhr@us.edu.pl<\/a><\/p>\n<p>U\u017cytkownicy korzystaj\u0105cy z intranetu w celu wprowadzania lub edycji tre\u015bci w serwisie, proszeni s\u0105 o wykorzystywanie nast\u0119puj\u0105cego <a href=\"https:\/\/us.edu.pl\/pracownik\/wp-content\/themes\/uniwersytet-slaski\/casAuthor.php?back=https:\/\/us.edu.pl\/pracownik\/\">odno\u015bnika<\/a> w celu zalogowania si\u0119.<\/p>\n<p><span style=\"font-size: 18pt;\"><strong><em><a href=\"https:\/\/us.edu.pl\/pracownik\/wp-content\/uploads\/sites\/2\/new-folder\/logowanie-do-intranetuAB.pdf\" class=\"mtli_attachment mtli_pdf\" data-mtli=\"mtli_filesize549,48kB\" class=\"mtli_attachment mtli_pdf\" data-mtli=\"mtli_filesize549,48kB\">logowanie do intranetu<\/a><\/em><\/strong><\/span><\/p>\n<style type=\"text\/css\">a[data-mtli~=\"mtli_filesize549,48kB\"]:after {content:\" (549,48 kB)\"}<\/style><\/div>\r\n                    <\/div>\r\n                <\/div>[\/vc_column][\/vc_row]<\/p>\n<style type=\"text\/css\">a[data-mtli~=\"mtli_filesize549,48kB\"]:after {content:\" (549,48 kB)\"}<\/style>","protected":false},"excerpt":{"rendered":"<p>[vc_row][vc_column][\/vc_column][\/vc_row][vc_row][vc_column][\/vc_column][\/vc_row] [&#8230;]<\/p>\n<p><a class=\"btn btn-secondary understrap-read-more-link\" href=\"https:\/\/us.edu.pl\/pracownik\/intranet-w-us-wewnetrzna-siec-komunikacji-z-pracownikami\/\">Read More&#8230;<\/a><\/p>\n","protected":false},"author":41,"featured_media":0,"parent":0,"menu_order":263,"comment_status":"closed","ping_status":"closed","template":"page-templates\/inner-page-with-bookmarks.php","meta":{"_expiration-date-status":"","_expiration-date":0,"_expiration-date-type":"","_expiration-date-categories":[],"_expiration-date-options":[]},"acf":[],"_links":{"self":[{"href":"https:\/\/us.edu.pl\/pracownik\/wp-json\/wp\/v2\/pages\/5143"}],"collection":[{"href":"https:\/\/us.edu.pl\/pracownik\/wp-json\/wp\/v2\/pages"}],"about":[{"href":"https:\/\/us.edu.pl\/pracownik\/wp-json\/wp\/v2\/types\/page"}],"author":[{"embeddable":true,"href":"https:\/\/us.edu.pl\/pracownik\/wp-json\/wp\/v2\/users\/41"}],"replies":[{"embeddable":true,"href":"https:\/\/us.edu.pl\/pracownik\/wp-json\/wp\/v2\/comments?post=5143"}],"version-history":[{"count":10,"href":"https:\/\/us.edu.pl\/pracownik\/wp-json\/wp\/v2\/pages\/5143\/revisions"}],"predecessor-version":[{"id":27489,"href":"https:\/\/us.edu.pl\/pracownik\/wp-json\/wp\/v2\/pages\/5143\/revisions\/27489"}],"wp:attachment":[{"href":"https:\/\/us.edu.pl\/pracownik\/wp-json\/wp\/v2\/media?parent=5143"}],"curies":[{"name":"wp","href":"https:\/\/api.w.org\/{rel}","templated":true}]}}