{"id":5200,"date":"2020-01-17T10:58:14","date_gmt":"2020-01-17T09:58:14","guid":{"rendered":"https:\/\/us.edu.pl\/pracownik\/?page_id=5200"},"modified":"2025-12-02T15:58:17","modified_gmt":"2025-12-02T14:58:17","slug":"przyjazdy-z-zagranicy","status":"publish","type":"page","link":"https:\/\/us.edu.pl\/pracownik\/sprawy-miedzynarodowe\/mobilnosc-miedzynarodowa\/przyjazdy-z-zagranicy\/","title":{"rendered":"Przyjazdy z zagranicy"},"content":{"rendered":"<p>[vc_row][vc_column]\r\n                <div class=\"title-with-link color-blue\" style=\"background: \">\r\n                    <div class=\"container\">\r\n                        <div class=\"title-with-link-container links-align-left\">\r\n                            <div class=\"title-with-link__title\"><span>Kontakt na wydzia\u0142ach<\/span><\/div>\r\n                            <a href=\"https:\/\/us.edu.pl\/pracownik\/sprawy-miedzynarodowe\/mobilnosc-miedzynarodowa\/wyjazdy-zagraniczne\/kontakt-na-wydzialach\/\" class=\"title-with-link__link\">Pierwszym kontaktem dla os\u00f3b planuj\u0105cych przyjazd z zagranicy s\u0105 osoby odpowiedzialne za obs\u0142ug\u0119 mobilno\u015bci mi\u0119dzynarodowych na wydzia\u0142ach.<\/a>\r\n                        <\/div>\r\n                    <\/div>\r\n                <\/div>\r\n            \r\n                <div class=\"title-with-link color-blue\" style=\"background: \">\r\n                    <div class=\"container\">\r\n                        <div class=\"title-with-link-container links-align-left\">\r\n                            <div class=\"title-with-link__title\"><span>Aktualno\u015bci<\/span><\/div>\r\n                            <a href=\"https:\/\/us.edu.pl\/pracownik\/sprawy-miedzynarodowe\/mobilnosc-miedzynarodowa\/wyjazdy-zagraniczne\/aktualnosci\/\" class=\"title-with-link__link\">Bie\u017c\u0105ce informacje o realizacji mobilno\u015bci mi\u0119dzynarodowych<\/a>\r\n                        <\/div>\r\n                    <\/div>\r\n                <\/div>\r\n            [\/vc_column][\/vc_row][vc_row disable_element=&#8221;yes&#8221;][vc_column]\r\n            <div class=\"container\">  \r\n                <div class=\"lists-with-links\">\r\n                    <div class=\"section-title\"><\/div>\r\n                   <div class=\"lists-with-links__items lists-3\"><ul class=\"angle-list\"> <div class=\"angle-list__title\">Rodzaje przyjazd\u00f3w i wniosk\u00f3w<\/div><li> <a href=\"https:\/\/us.edu.pl\/pracownik\/sprawy-miedzynarodowe\/mobilnosc-miedzynarodowa\/przyjazdy-z-zagranicy\/przyjecie-goscia-z-zagranicy\/\"> przyj\u0119cie go\u015bcia z zagranicy - GZ <\/a> <\/li><li> <a href=\"https:\/\/us.edu.pl\/pracownik\/sprawy-miedzynarodowe\/mobilnosc-miedzynarodowa\/przyjazdy-z-zagranicy\/przyjecie-osoby-z-zagranicy-z-ktora-zawarto-umowe-cywilnoprawna\/ \"> przyj\u0119cie osoby z zagranicy, z kt\u00f3rym zawarto umow\u0119 cywilnoprawn\u0105 - OZ <\/a> <\/li><li> <a href=\"https:\/\/us.edu.pl\/pracownik\/sprawy-miedzynarodowe\/mobilnosc-miedzynarodowa\/przyjazdy-z-zagranicy\/podstawy-prawne-przyjazdy-z-zagranicy\/\"> podstawy prawne <\/a> <\/li><\/ul><ul class=\"angle-list\"> <div class=\"angle-list__title\">Procedura przyjazd\u00f3w<\/div><li> <a href=\"https:\/\/us.edu.pl\/pracownik\/sprawy-miedzynarodowe\/mobilnosc-miedzynarodowa\/przyjazdy-z-zagranicy\/zasady-ogolne-przyjazdy-z-zagranicy\/\"> zasady og\u00f3lne <\/a> <\/li><li> <a href=\"https:\/\/us.edu.pl\/pracownik\/sprawy-miedzynarodowe\/mobilnosc-miedzynarodowa\/przyjazdy-z-zagranicy\/druki-dokumentow-przyjazdy-z-zagranicy\/\"> druki dokument\u00f3w <\/a> <\/li><\/ul><ul class=\"angle-list\"> <div class=\"angle-list__title\">Podr\u00f3\u017c<\/div><li> <a href=\"https:\/\/us.edu.pl\/pracownik\/sprawy-miedzynarodowe\/mobilnosc-miedzynarodowa\/przyjazdy-z-zagranicy\/samodzielny-zakup-biletow-przyjazdy-z-zagranicy\/\"> samodzielny zakup bilet\u00f3w <\/a> <\/li><li> <a href=\"https:\/\/us.edu.pl\/pracownik\/sprawy-miedzynarodowe\/mobilnosc-miedzynarodowa\/przyjazdy-z-zagranicy\/zakup-biletow-przez-biuro-podrozy-przyjazdy-z-zagranicy\/\"> zakup bilet\u00f3w przez biuro podr\u00f3\u017cy <\/a> <\/li><li> <a href=\"https:\/\/us.edu.pl\/pracownik\/sprawy-miedzynarodowe\/mobilnosc-miedzynarodowa\/przyjazdy-z-zagranicy\/diety-i-kieszonkowe-przyjazdy-z-zagranicy\/\"> diety i kieszonkowe <\/a> <\/li><li> <a href=\"https:\/\/us.edu.pl\/pracownik\/sprawy-miedzynarodowe\/mobilnosc-miedzynarodowa\/przyjazdy-z-zagranicy\/noclegi-przyjazdy-z-zagranicy\/\"> noclegi <\/a> <\/li><li> <a href=\"https:\/\/us.edu.pl\/pracownik\/sprawy-miedzynarodowe\/mobilnosc-miedzynarodowa\/przyjazdy-z-zagranicy\/ubezpieczenie-przyjazdy-z-zagranicy\/\"> ubezpieczenie <\/a> <\/li><li> <a href=\"https:\/\/us.edu.pl\/pracownik\/sprawy-miedzynarodowe\/mobilnosc-miedzynarodowa\/przyjazdy-z-zagranicy\/podroz-samochodem-przyjazdy-z-zagranicy\/\"> podr\u00f3\u017c samochodem <\/a> <\/li><\/ul><\/div>\r\n                <\/div>\r\n            <\/div>[\/vc_column][\/vc_row][vc_row disable_element=&#8221;yes&#8221;][vc_column]\r\n            <div class=\"container\">  \r\n                <div class=\"lists-with-links\">\r\n                    <div class=\"section-title\"><\/div>\r\n                   <div class=\"lists-with-links__items lists-3\"><ul class=\"angle-list\"> <div class=\"angle-list__title\">Rozliczanie przyjazd\u00f3w<\/div><li> <a href=\"https:\/\/us.edu.pl\/pracownik\/sprawy-miedzynarodowe\/mobilnosc-miedzynarodowa\/przyjazdy-z-zagranicy\/rozliczenie-przyjazdu-goscia-z-zagranicy\/\"> go\u015bcia z zagranicy <\/a> <\/li><li> <a href=\"https:\/\/us.edu.pl\/pracownik\/sprawy-miedzynarodowe\/mobilnosc-miedzynarodowa\/przyjazdy-z-zagranicy\/rozliczenie-przyjazdu-osoby-z-zagranicy-z-ktora-zawarto-umowe-cywilnoprawna\/\"> osoby z zagranicy, z kt\u00f3r\u0105 zawarto umow\u0119 cywilnoprawn\u0105 <\/a> <\/li><\/ul><ul class=\"angle-list\"> <div class=\"angle-list__title\">Komunikaty<\/div><li> <a href=\"https:\/\/us.edu.pl\/pracownik\/sprawy-miedzynarodowe\/mobilnosc-miedzynarodowa\/przyjazdy-z-zagranicy\/aktualnosci-przyjazdy-z-zagranicy\/\"> aktualno\u015bci <\/a> <\/li><li> <a href=\"https:\/\/us.edu.pl\/pracownik\/sprawy-miedzynarodowe\/mobilnosc-miedzynarodowa\/przyjazdy-z-zagranicy\/przydatne-linki-przyjazdy-z-zagranicy\/\"> przydatne linki <\/a> <\/li><li> <a href=\"https:\/\/us.edu.pl\/pracownik\/sprawy-miedzynarodowe\/mobilnosc-miedzynarodowa\/przyjazdy-z-zagranicy\/kontakt-na-wydzialach-przyjazdy-z-zagranicy\/\"> kontakt na wydzia\u0142ach <\/a> <\/li><\/ul><ul class=\"angle-list\"> <div class=\"angle-list__title\">Przydatne informacje<\/div><li> <a href=\"https:\/\/us.edu.pl\/pracownik\/sprawy-miedzynarodowe\/mobilnosc-miedzynarodowa\/przyjazdy-z-zagranicy\/faq-przyjazdy-z-zagranicy\/\"> FAQ <\/a> <\/li><li> <a href=\"https:\/\/us.edu.pl\/pracownik\/sprawy-miedzynarodowe\/mobilnosc-miedzynarodowa\/przyjazdy-z-zagranicy\/instrukcje-i-materialy-szkoleniowe-przyjazdy-z-zagranicy\/\"> instrukcje i materia\u0142y szkoleniowe <\/a> <\/li><\/ul><\/div>\r\n                <\/div>\r\n            <\/div>[\/vc_column][\/vc_row]<\/p>","protected":false},"excerpt":{"rendered":"<p>[vc_row][vc_column][\/vc_column][\/vc_row][vc_row disable_element=&#8221;yes&#8221;][vc_column][\/vc_column][\/vc_row][vc_row disable_element=&#8221;yes&#8221;][vc_column][\/vc_column][\/vc_row] [&#8230;]<\/p>\n<p><a class=\"btn btn-secondary understrap-read-more-link\" href=\"https:\/\/us.edu.pl\/pracownik\/sprawy-miedzynarodowe\/mobilnosc-miedzynarodowa\/przyjazdy-z-zagranicy\/\">Read More&#8230;<\/a><\/p>\n","protected":false},"author":41,"featured_media":0,"parent":5217,"menu_order":262,"comment_status":"closed","ping_status":"closed","template":"page-templates\/inner-page-with-bookmarks.php","meta":{"_expiration-date-status":"","_expiration-date":0,"_expiration-date-type":"","_expiration-date-categories":[],"_expiration-date-options":[]},"acf":[],"_links":{"self":[{"href":"https:\/\/us.edu.pl\/pracownik\/wp-json\/wp\/v2\/pages\/5200"}],"collection":[{"href":"https:\/\/us.edu.pl\/pracownik\/wp-json\/wp\/v2\/pages"}],"about":[{"href":"https:\/\/us.edu.pl\/pracownik\/wp-json\/wp\/v2\/types\/page"}],"author":[{"embeddable":true,"href":"https:\/\/us.edu.pl\/pracownik\/wp-json\/wp\/v2\/users\/41"}],"replies":[{"embeddable":true,"href":"https:\/\/us.edu.pl\/pracownik\/wp-json\/wp\/v2\/comments?post=5200"}],"version-history":[{"count":11,"href":"https:\/\/us.edu.pl\/pracownik\/wp-json\/wp\/v2\/pages\/5200\/revisions"}],"predecessor-version":[{"id":41824,"href":"https:\/\/us.edu.pl\/pracownik\/wp-json\/wp\/v2\/pages\/5200\/revisions\/41824"}],"up":[{"embeddable":true,"href":"https:\/\/us.edu.pl\/pracownik\/wp-json\/wp\/v2\/pages\/5217"}],"wp:attachment":[{"href":"https:\/\/us.edu.pl\/pracownik\/wp-json\/wp\/v2\/media?parent=5200"}],"curies":[{"name":"wp","href":"https:\/\/api.w.org\/{rel}","templated":true}]}}