{"id":522,"date":"2019-09-18T15:12:58","date_gmt":"2019-09-18T13:12:58","guid":{"rendered":"http:\/\/php71.nfinity-beta.pl\/us\/pracownik\/?page_id=522"},"modified":"2026-03-18T13:31:24","modified_gmt":"2026-03-18T12:31:24","slug":"sprawy-socjalne","status":"publish","type":"page","link":"https:\/\/us.edu.pl\/pracownik\/sprawy-socjalne\/","title":{"rendered":"Sprawy socjalne"},"content":{"rendered":"<p>[vc_row][vc_column]\r\n                <div class=\"tiles-section\" style=\"background: \">\r\n                    <div class=\"container\">\r\n                        <h3 class=\"page-title\">Sprawy socjalne<\/h3>\r\n                        <div class=\"tiles tiles-4\">\r\n                            <a href=\"\/pracownik\/sprawy-socjalne\/swiadczenia-socjalne\/\" class=\"tile tile_ justify-content-center\" style=\"background-color: #002E5A; font-weight: ; color: #ffffff;  \">\r\n                                \r\n                                   \r\n                               \r\n                                <div class=\"tile__name\">\u015awiadczenia socjalne<\/div>\r\n                            <\/a>\r\n                            <a href=\"https:\/\/us.edu.pl\/pracownik\/sprawy-socjalne\/swiadczenia-socjalne-dla-emerytow-i-rencistow\/\" class=\"tile tile_ justify-content-center\" style=\"background-color: #002E5A; font-weight: ; color: #ffffff;  \">\r\n                                \r\n                                   \r\n                               \r\n                                <div class=\"tile__name\">\u015awiadczenia socjalne dla emeryt\u00f3w i rencist\u00f3w<\/div>\r\n                            <\/a>\r\n                            <a href=\"https:\/\/us.edu.pl\/pracownik\/sprawy-socjalne\/programy-emerytalne-i-ubezpieczenia\/\" class=\"tile tile_ justify-content-center\" style=\"background-color: #002E5A; font-weight: ; color: #ffffff;  \">\r\n                                \r\n                                   \r\n                               \r\n                                <div class=\"tile__name\">Programy emerytalne i ubezpieczenia<\/div>\r\n                            <\/a>\r\n                            <a href=\"\/pracownik\/sprawy-socjalne\/pkzp-kasa-pozyczkowa\/\" class=\"tile tile_ justify-content-center\" style=\"background-color: #002E5A; font-weight: ; color: #ffffff;  \">\r\n                                \r\n                                   \r\n                               \r\n                                <div class=\"tile__name\">KZP \u2013 kasa po\u017cyczkowa<\/div>\r\n                            <\/a>\r\n                            <a href=\"\/pracownik\/sprawy-socjalne\/pokoje-goscinne-i-osrodki\/\" class=\"tile tile_ justify-content-center\" style=\"background-color: #002E5A; font-weight: ; color: #ffffff;  \">\r\n                                \r\n                                   \r\n                               \r\n                                <div class=\"tile__name\">Pokoje go\u015bcinne i o\u015brodki<\/div>\r\n                            <\/a>\r\n                            <a href=\"\/student\/index\/akademiki\/\" class=\"tile tile_ justify-content-center\" style=\"background-color: #002E5A; font-weight: ; color: #ffffff;  \">\r\n                                \r\n                                   \r\n                               \r\n                                <div class=\"tile__name\">Akademiki<\/div>\r\n                            <\/a>\r\n                            <a href=\"\/pracownik\/sprawy-socjalne\/zwiazki-zawodowe\/\" class=\"tile tile_ justify-content-center\" style=\"background-color: #002E5A; font-weight: ; color: #ffffff;  \">\r\n                                \r\n                                   \r\n                               \r\n                                <div class=\"tile__name\">Zwi\u0105zki zawodowe<\/div>\r\n                            <\/a><\/div>\r\n                    <\/div>\r\n                <\/div>[\/vc_column][\/vc_row]<\/p>","protected":false},"excerpt":{"rendered":"<p>[vc_row][vc_column][\/vc_column][\/vc_row] [&#8230;]<\/p>\n<p><a class=\"btn btn-secondary understrap-read-more-link\" href=\"https:\/\/us.edu.pl\/pracownik\/sprawy-socjalne\/\">Read More&#8230;<\/a><\/p>\n","protected":false},"author":1,"featured_media":0,"parent":0,"menu_order":396,"comment_status":"closed","ping_status":"closed","template":"","meta":{"_expiration-date-status":"","_expiration-date":0,"_expiration-date-type":"","_expiration-date-categories":[],"_expiration-date-options":[]},"acf":[],"_links":{"self":[{"href":"https:\/\/us.edu.pl\/pracownik\/wp-json\/wp\/v2\/pages\/522"}],"collection":[{"href":"https:\/\/us.edu.pl\/pracownik\/wp-json\/wp\/v2\/pages"}],"about":[{"href":"https:\/\/us.edu.pl\/pracownik\/wp-json\/wp\/v2\/types\/page"}],"author":[{"embeddable":true,"href":"https:\/\/us.edu.pl\/pracownik\/wp-json\/wp\/v2\/users\/1"}],"replies":[{"embeddable":true,"href":"https:\/\/us.edu.pl\/pracownik\/wp-json\/wp\/v2\/comments?post=522"}],"version-history":[{"count":10,"href":"https:\/\/us.edu.pl\/pracownik\/wp-json\/wp\/v2\/pages\/522\/revisions"}],"predecessor-version":[{"id":26662,"href":"https:\/\/us.edu.pl\/pracownik\/wp-json\/wp\/v2\/pages\/522\/revisions\/26662"}],"wp:attachment":[{"href":"https:\/\/us.edu.pl\/pracownik\/wp-json\/wp\/v2\/media?parent=522"}],"curies":[{"name":"wp","href":"https:\/\/api.w.org\/{rel}","templated":true}]}}