{"id":5607,"date":"2020-01-31T12:10:29","date_gmt":"2020-01-31T11:10:29","guid":{"rendered":"https:\/\/us.edu.pl\/pracownik\/?page_id=5607"},"modified":"2026-01-27T08:07:26","modified_gmt":"2026-01-27T07:07:26","slug":"sekcja-gospodarki-magazynowej","status":"publish","type":"page","link":"https:\/\/us.edu.pl\/pracownik\/procedury-i-obieg-dokumentow\/logistyka\/sekcja-gospodarki-magazynowej\/","title":{"rendered":"Sekcja Gospodarki Magazynowej"},"content":{"rendered":"<p>[vc_row][vc_column][\/vc_column][\/vc_row][vc_row][vc_column]\r\n                <div class=\"text-modules\">\r\n                    <div class=\"container\">\r\n                        <h3 class=\"page-title text__title\">Sekcja Gospodarki Magazynowej<\/h3>\r\n                        <div class=\"text-modules__content\"><\/p>\n<ul>\n<li><a href=\"https:\/\/us.edu.pl\/pracownik\/wp-content\/uploads\/sites\/2\/Editor\/logistyka\/Sekcja-Gospodarki-Magazynowej\/Oswiadczenie-\u2013-druki-scislego-zarachowania.pdf\" class=\"mtli_attachment mtli_pdf\" data-mtli=\"mtli_filesize116,88kB\" class=\"mtli_attachment mtli_pdf\" data-mtli=\"mtli_filesize116,88kB\">O\u015bwiadczenie \u2013 druki \u015bcis\u0142ego zarachowania<\/a><\/li>\n<li><a href=\"https:\/\/us.edu.pl\/pracownik\/wp-content\/uploads\/sites\/2\/Editor\/logistyka\/Sekcja-Gospodarki-Magazynowej\/Wzor-upowaznienia-do-odbioru-legitymacji.doc\" class=\"mtli_attachment mtli_doc\" data-mtli=\"mtli_filesize27,50kB\" class=\"mtli_attachment mtli_doc\" data-mtli=\"mtli_filesize27,50kB\">Wz\u00f3r upowa\u017cnienia do odbioru legitymacji<\/a><\/li>\n<\/ul>\n<p>&nbsp;<\/p>\n<ul>\n<li><strong><a href=\"https:\/\/magazyn.katalog.us.edu.pl\/\">KATALOG\u00a0 MAGAZYNOWY<\/a><\/strong><\/li>\n<\/ul>\n<p>&nbsp;<\/p>\n<p><span style=\"font-size: 12pt;\"><strong>Raporty, instrukcje<\/strong><\/span><\/p>\n<p><a href=\"https:\/\/us.edu.pl\/pracownik\/wp-content\/uploads\/sites\/2\/Editor\/logistyka\/Sekcja-Gospodarki-Magazynowej\/Tworzenie-zapotrzebowania-do-magazynu-ZMM_WNMAG-ZA-ZR-2016.pdf\" class=\"mtli_attachment mtli_pdf\" data-mtli=\"mtli_filesize3,66MB\" class=\"mtli_attachment mtli_pdf\" data-mtli=\"mtli_filesize3,66MB\">Tworzenie zapotrzebowania do magazynu ZMM_WNMAG ZA ZR 2016<\/a><\/p>\n<p><a href=\"https:\/\/us.edu.pl\/pracownik\/wp-content\/uploads\/sites\/2\/Editor\/logistyka\/Sekcja-Gospodarki-Magazynowej\/Tworzenie-zwrotu-do-magazynu-Z_DISZ_MM_RWZWROT-2016.pdf\" class=\"mtli_attachment mtli_pdf\" data-mtli=\"mtli_filesize638,01kB\" class=\"mtli_attachment mtli_pdf\" data-mtli=\"mtli_filesize638,01kB\">Tworzenie zwrotu do magazynu Z_DISZ_MM_RWZWROT 2016<\/a><\/p>\n<p><a href=\"https:\/\/us.edu.pl\/pracownik\/wp-content\/uploads\/sites\/2\/Editor\/logistyka\/Sekcja-Gospodarki-Magazynowej\/Instrukcja-tworzenia-RW-na-druki-\u015bcis\u0142ego-zarachowania.docx\" class=\"mtli_attachment mtli_docx\" data-mtli=\"mtli_filesize418,71kB\" class=\"mtli_attachment mtli_docx\" data-mtli=\"mtli_filesize418,71kB\">Instrukcja tworzenia RW na druki \u015bcis\u0142ego zarachowania<\/a><\/p>\n<p><a href=\"https:\/\/us.edu.pl\/pracownik\/wp-content\/uploads\/sites\/2\/Editor\/logistyka\/Sekcja-Gospodarki-Magazynowej\/Z_DISZ_MM_MATS-\u2013-raport-dost\u0119pnych-materia\u0142\u00f3w-w-magazynach.docx\" class=\"mtli_attachment mtli_docx\" data-mtli=\"mtli_filesize1,05MB\" class=\"mtli_attachment mtli_docx\" data-mtli=\"mtli_filesize1,05MB\">Z_DISZ_MM_MATS \u2013 raport dost\u0119pnych materia\u0142\u00f3w w magazynach<\/a><\/p>\n<p><a href=\"https:\/\/us.edu.pl\/pracownik\/wp-content\/uploads\/sites\/2\/Editor\/logistyka\/Sekcja-Gospodarki-Magazynowej\/Z_DISZ_MM_LIMITS-\u2013-raport-pobranych-z-magazyn\u00f3w.docx\" class=\"mtli_attachment mtli_docx\" data-mtli=\"mtli_filesize1,38MB\" class=\"mtli_attachment mtli_docx\" data-mtli=\"mtli_filesize1,38MB\">Z_DISZ_MM_LIMITS \u2013 raport pobranych z magazyn\u00f3w<\/a><\/p>\n<p><a href=\"https:\/\/us.edu.pl\/pracownik\/wp-content\/uploads\/sites\/2\/Editor\/logistyka\/Sekcja-Gospodarki-Magazynowej\/ME31K-Tworzenie-kontraktu-i-zam\u00f3wienia-do-kontraktu-ilo\u015bciowo-warto\u015bciowego_2021_07_08.docx\" class=\"mtli_attachment mtli_docx\" data-mtli=\"mtli_filesize3,75MB\" class=\"mtli_attachment mtli_docx\" data-mtli=\"mtli_filesize3,75MB\">ME31K- Tworzenie kontraktu i zam\u00f3wienia do kontraktu ilo\u015bciowo warto\u015bciowego_2021_07_08<\/a><\/p>\n<p><a href=\"https:\/\/us.edu.pl\/pracownik\/wp-content\/uploads\/sites\/2\/Editor\/logistyka\/Sekcja-Gospodarki-Magazynowej\/ME31K-Tworzenie-kontraktu-i-zam\u00f3wienia-do-kontraktu-warto\u015bciowego_2021_07_08.docx\" class=\"mtli_attachment mtli_docx\" data-mtli=\"mtli_filesize4,08MB\" class=\"mtli_attachment mtli_docx\" data-mtli=\"mtli_filesize4,08MB\">ME31K- Tworzenie kontraktu i zam\u00f3wienia do kontraktu warto\u015bciowego_2021_07_08<\/a><\/p>\n<p><a href=\"https:\/\/us.edu.pl\/pracownik\/wp-content\/uploads\/sites\/2\/Editor\/logistyka\/Sekcja-Gospodarki-Magazynowej\/Tworzenie-zapotrzebowania-do-magazynu-ZMM_WNMAG-ZD-druki-\u015bcis\u0142ego-zarachowania-1.pdf\" class=\"mtli_attachment mtli_pdf\" data-mtli=\"mtli_filesize925,46kB\" class=\"mtli_attachment mtli_pdf\" data-mtli=\"mtli_filesize925,46kB\">Tworzenie zapotrzebowania do magazynu ZMM_WNMAG ZD (druki \u015bcis\u0142ego zarachowania)<\/a><\/p>\n<p><a href=\"https:\/\/us.edu.pl\/pracownik\/wp-content\/uploads\/sites\/2\/Editor\/logistyka\/Sekcja-Gospodarki-Magazynowej\/MIGO-Likwidacja.docx\" class=\"mtli_attachment mtli_docx\" data-mtli=\"mtli_filesize1,94MB\" class=\"mtli_attachment mtli_docx\" data-mtli=\"mtli_filesize1,94MB\">MIGO- Likwidacja<\/a><\/p>\n<style type=\"text\/css\">a[data-mtli~=\"mtli_filesize116,88kB\"]:after {content:\" (116,88 kB)\"}a[data-mtli~=\"mtli_filesize27,50kB\"]:after {content:\" (27,50 kB)\"}a[data-mtli~=\"mtli_filesize3,66MB\"]:after {content:\" (3,66 MB)\"}a[data-mtli~=\"mtli_filesize638,01kB\"]:after {content:\" (638,01 kB)\"}a[data-mtli~=\"mtli_filesize418,71kB\"]:after {content:\" (418,71 kB)\"}a[data-mtli~=\"mtli_filesize1,05MB\"]:after {content:\" (1,05 MB)\"}a[data-mtli~=\"mtli_filesize1,38MB\"]:after {content:\" (1,38 MB)\"}a[data-mtli~=\"mtli_filesize3,75MB\"]:after {content:\" (3,75 MB)\"}a[data-mtli~=\"mtli_filesize4,08MB\"]:after {content:\" (4,08 MB)\"}a[data-mtli~=\"mtli_filesize925,46kB\"]:after {content:\" (925,46 kB)\"}a[data-mtli~=\"mtli_filesize1,94MB\"]:after {content:\" (1,94 MB)\"}<\/style><\/div>\r\n                    <\/div>\r\n                <\/div>[\/vc_column][\/vc_row]<\/p>\n<style type=\"text\/css\">a[data-mtli~=\"mtli_filesize116,88kB\"]:after {content:\" (116,88 kB)\"}a[data-mtli~=\"mtli_filesize27,50kB\"]:after {content:\" (27,50 kB)\"}a[data-mtli~=\"mtli_filesize3,66MB\"]:after {content:\" (3,66 MB)\"}a[data-mtli~=\"mtli_filesize638,01kB\"]:after {content:\" (638,01 kB)\"}a[data-mtli~=\"mtli_filesize418,71kB\"]:after {content:\" (418,71 kB)\"}a[data-mtli~=\"mtli_filesize1,05MB\"]:after {content:\" (1,05 MB)\"}a[data-mtli~=\"mtli_filesize1,38MB\"]:after {content:\" (1,38 MB)\"}a[data-mtli~=\"mtli_filesize3,75MB\"]:after {content:\" (3,75 MB)\"}a[data-mtli~=\"mtli_filesize4,08MB\"]:after {content:\" (4,08 MB)\"}a[data-mtli~=\"mtli_filesize925,46kB\"]:after {content:\" (925,46 kB)\"}a[data-mtli~=\"mtli_filesize1,94MB\"]:after {content:\" (1,94 MB)\"}<\/style>","protected":false},"excerpt":{"rendered":"<p>[vc_row][vc_column][\/vc_column][\/vc_row][vc_row][vc_column][\/vc_column][\/vc_row] [&#8230;]<\/p>\n<p><a class=\"btn btn-secondary understrap-read-more-link\" href=\"https:\/\/us.edu.pl\/pracownik\/procedury-i-obieg-dokumentow\/logistyka\/sekcja-gospodarki-magazynowej\/\">Read More&#8230;<\/a><\/p>\n","protected":false},"author":91,"featured_media":0,"parent":2168,"menu_order":253,"comment_status":"closed","ping_status":"closed","template":"page-templates\/inner-page-with-bookmarks.php","meta":{"_expiration-date-status":"","_expiration-date":0,"_expiration-date-type":"","_expiration-date-categories":[],"_expiration-date-options":[]},"acf":[],"_links":{"self":[{"href":"https:\/\/us.edu.pl\/pracownik\/wp-json\/wp\/v2\/pages\/5607"}],"collection":[{"href":"https:\/\/us.edu.pl\/pracownik\/wp-json\/wp\/v2\/pages"}],"about":[{"href":"https:\/\/us.edu.pl\/pracownik\/wp-json\/wp\/v2\/types\/page"}],"author":[{"embeddable":true,"href":"https:\/\/us.edu.pl\/pracownik\/wp-json\/wp\/v2\/users\/91"}],"replies":[{"embeddable":true,"href":"https:\/\/us.edu.pl\/pracownik\/wp-json\/wp\/v2\/comments?post=5607"}],"version-history":[{"count":10,"href":"https:\/\/us.edu.pl\/pracownik\/wp-json\/wp\/v2\/pages\/5607\/revisions"}],"predecessor-version":[{"id":42166,"href":"https:\/\/us.edu.pl\/pracownik\/wp-json\/wp\/v2\/pages\/5607\/revisions\/42166"}],"up":[{"embeddable":true,"href":"https:\/\/us.edu.pl\/pracownik\/wp-json\/wp\/v2\/pages\/2168"}],"wp:attachment":[{"href":"https:\/\/us.edu.pl\/pracownik\/wp-json\/wp\/v2\/media?parent=5607"}],"curies":[{"name":"wp","href":"https:\/\/api.w.org\/{rel}","templated":true}]}}