{"id":5629,"date":"2020-01-31T13:06:39","date_gmt":"2020-01-31T12:06:39","guid":{"rendered":"https:\/\/us.edu.pl\/pracownik\/?page_id=5629"},"modified":"2026-02-06T08:32:46","modified_gmt":"2026-02-06T07:32:46","slug":"sekcja-uslug","status":"publish","type":"page","link":"https:\/\/us.edu.pl\/pracownik\/procedury-i-obieg-dokumentow\/logistyka\/sekcja-uslug\/","title":{"rendered":"Sekcja Us\u0142ug"},"content":{"rendered":"<p>[vc_row][vc_column][\/vc_column][\/vc_row][vc_row][vc_column]\r\n                <div class=\"text-modules \">\r\n                    <div class=\"container\">\r\n                         <h3 class=\"subtitle text-modules__subtitle\">Organizacja konferencji<\/h3>\r\n                        <div class=\"row m-0\">\r\n                            <div class=\"text-modules__content\">\r\n                                1.<a href=\"https:\/\/us.edu.pl\/pracownik\/wp-content\/uploads\/sites\/2\/Editor\/logistyka\/Sekcja-Uslug\/Istotne-informacje-dotyczace-uslug-w-ramach-organizacji-konferencji-do-170.000-zl-netto.docx\" class=\"mtli_attachment mtli_docx\" data-mtli=\"mtli_filesize19,63kB\" target=\"_blank\" rel=\"noopener\">Istotne informacje dotycz\u0105ce us\u0142ug w ramach organizacji konferencji do 170.000 z\u0142 netto<\/a>(DOCX, 20 KB)<\/p>\n<ul>\n<li><a href=\"https:\/\/us.edu.pl\/pracownik\/wp-content\/uploads\/sites\/2\/Editor\/logistyka\/Sekcja-Uslug\/Zalacznik-nr-1-1.docx\" class=\"mtli_attachment mtli_docx\" data-mtli=\"mtli_filesize18,91kB\" target=\"_blank\" rel=\"noopener\">za\u0142\u0105cznik nr 1 \u2013 Opis istotnych warunk\u00f3w zam\u00f3wienia (wymagania)<\/a>(DOCX, 19 KB)<\/li>\n<li><a href=\"https:\/\/us.edu.pl\/pracownik\/wp-content\/uploads\/sites\/2\/Editor\/logistyka\/Sekcja-Uslug\/Zalacznik-nr-2-1.doc\" class=\"mtli_attachment mtli_doc\" data-mtli=\"mtli_filesize58,00kB\" target=\"_blank\" rel=\"noopener\">za\u0142\u0105cznik nr 2 \u2013 Formularz wyceny<\/a>(DOC, 58 KB)<\/li>\n<\/ul>\n<div class=\"mt-3\"><\/div>\r\n                            <\/div>\r\n                            \r\n                            \r\n                        <\/div>\r\n                    <\/div>\r\n                <\/div>[\/vc_column][\/vc_row]<\/p>\n<style type=\"text\/css\">a[data-mtli~=\"mtli_filesize19,63kB\"]:after {content:\" (19,63 kB)\"}a[data-mtli~=\"mtli_filesize18,91kB\"]:after {content:\" (18,91 kB)\"}a[data-mtli~=\"mtli_filesize58,00kB\"]:after {content:\" (58,00 kB)\"}<\/style>","protected":false},"excerpt":{"rendered":"<p>[vc_row][vc_column][\/vc_column][\/vc_row][vc_row][vc_column][\/vc_column][\/vc_row] [&#8230;]<\/p>\n<p><a class=\"btn btn-secondary understrap-read-more-link\" href=\"https:\/\/us.edu.pl\/pracownik\/procedury-i-obieg-dokumentow\/logistyka\/sekcja-uslug\/\">Read More&#8230;<\/a><\/p>\n","protected":false},"author":91,"featured_media":0,"parent":2168,"menu_order":252,"comment_status":"closed","ping_status":"closed","template":"page-templates\/inner-page.php","meta":{"_expiration-date-status":"","_expiration-date":0,"_expiration-date-type":"","_expiration-date-categories":[],"_expiration-date-options":[]},"acf":[],"_links":{"self":[{"href":"https:\/\/us.edu.pl\/pracownik\/wp-json\/wp\/v2\/pages\/5629"}],"collection":[{"href":"https:\/\/us.edu.pl\/pracownik\/wp-json\/wp\/v2\/pages"}],"about":[{"href":"https:\/\/us.edu.pl\/pracownik\/wp-json\/wp\/v2\/types\/page"}],"author":[{"embeddable":true,"href":"https:\/\/us.edu.pl\/pracownik\/wp-json\/wp\/v2\/users\/91"}],"replies":[{"embeddable":true,"href":"https:\/\/us.edu.pl\/pracownik\/wp-json\/wp\/v2\/comments?post=5629"}],"version-history":[{"count":11,"href":"https:\/\/us.edu.pl\/pracownik\/wp-json\/wp\/v2\/pages\/5629\/revisions"}],"predecessor-version":[{"id":42245,"href":"https:\/\/us.edu.pl\/pracownik\/wp-json\/wp\/v2\/pages\/5629\/revisions\/42245"}],"up":[{"embeddable":true,"href":"https:\/\/us.edu.pl\/pracownik\/wp-json\/wp\/v2\/pages\/2168"}],"wp:attachment":[{"href":"https:\/\/us.edu.pl\/pracownik\/wp-json\/wp\/v2\/media?parent=5629"}],"curies":[{"name":"wp","href":"https:\/\/api.w.org\/{rel}","templated":true}]}}