{"id":566,"date":"2019-09-19T09:59:00","date_gmt":"2019-09-19T07:59:00","guid":{"rendered":"http:\/\/php71.nfinity-beta.pl\/us\/pracownik\/?page_id=566"},"modified":"2025-07-25T10:51:09","modified_gmt":"2025-07-25T08:51:09","slug":"pracowniczy-program-emerytalny-ppe","status":"publish","type":"page","link":"https:\/\/us.edu.pl\/pracownik\/sprawy-socjalne\/programy-emerytalne-i-ubezpieczenia\/pracowniczy-program-emerytalny-ppe\/","title":{"rendered":"Pracowniczy Program Emerytalny \u2013 PPE"},"content":{"rendered":"<p>[vc_row][vc_column]\r\n                <div class=\"text-modules\">\r\n                    <div class=\"container\">\r\n                        <h3 class=\"page-title text__title\">Pracowniczy Program Emerytalny - PPE<\/h3>\r\n                        <div class=\"text-modules__content\"><p>Pracownicy zatrudnieni na podstawie umowy o prac\u0119, czy te\u017c mianowania, niezale\u017cnie od wymiaru<br \/>\nzatrudnienia, kt\u00f3rzy <strong>nie uko\u0144czyli 70. roku \u017cycia<\/strong> i s\u0105 zatrudnieni w Uniwersytecie \u015al\u0105skim w Katowicach<strong><br \/>\nprzez okres co najmniej 12 miesi\u0119cy<\/strong>, mog\u0105 przyst\u0105pi\u0107 do Pracowniczego Programu Emerytalnego,<br \/>\nco wymaga z\u0142o\u017cenia <strong>deklaracji uczestnictwa<\/strong>.<\/p>\n<p><a href=\"https:\/\/us.edu.pl\/pracownik\/wp-content\/uploads\/sites\/2\/pracownik\/komunikaty-sprawy-kadrowe\/programy-emerytalne\/informacja-aktualizacyjna_PPE_2021_3.pdf\" class=\"mtli_attachment mtli_pdf\" data-mtli=\"mtli_filesize508,62kB\" class=\"mtli_attachment mtli_pdf\" data-mtli=\"mtli_filesize508,62kB\" target=\"_blank\" rel=\"noopener noreferrer\"><strong>Informacja aktualizacyjna dotycz\u0105ca zasad funkcjonowania Pracowniczego Programu Emerytalnego w Uniwersytecie \u015al\u0105skim<\/strong><\/a><\/p>\n<p>&nbsp;<\/p>\n<p><span style=\"font-size: 10pt;\">24 kwietnia 2023 roku fundusze inwestycyjne NN zmieni\u0142y si\u0119 w fundusze inwestycyjne Goldman Sachs.<\/span><\/p>\n<p>&nbsp;<\/p>\n<p><a href=\"https:\/\/us.edu.pl\/pracownik\/wp-content\/uploads\/sites\/2\/Editor\/kadry_DSOS\/PPE_wazne_informacje_czerwiec_2024_PL_EN_dla-Pracownika.pdf\" class=\"mtli_attachment mtli_pdf\" data-mtli=\"mtli_filesize497,50kB\" class=\"mtli_attachment mtli_pdf\" data-mtli=\"mtli_filesize497,50kB\"><strong>INFORMACJA DLA PRACOWNIKA<\/strong><\/a><\/p>\n<style type=\"text\/css\">a[data-mtli~=\"mtli_filesize508,62kB\"]:after {content:\" (508,62 kB)\"}a[data-mtli~=\"mtli_filesize497,50kB\"]:after {content:\" (497,50 kB)\"}<\/style><\/div>\r\n                    <\/div>\r\n                <\/div>[\/vc_column][\/vc_row][vc_row][vc_column][\/vc_column][\/vc_row][vc_row][vc_column]<div class='container'><\/div>[\/vc_column][\/vc_row]<\/p>\n<style type=\"text\/css\">a[data-mtli~=\"mtli_filesize508,62kB\"]:after {content:\" (508,62 kB)\"}a[data-mtli~=\"mtli_filesize497,50kB\"]:after {content:\" (497,50 kB)\"}<\/style>","protected":false},"excerpt":{"rendered":"<p>[vc_row][vc_column][\/vc_column][\/vc_row][vc_row][vc_column][\/vc_column][\/vc_row][vc_row][vc_column][\/vc_column][\/vc_row] [&#8230;]<\/p>\n<p><a class=\"btn btn-secondary understrap-read-more-link\" href=\"https:\/\/us.edu.pl\/pracownik\/sprawy-socjalne\/programy-emerytalne-i-ubezpieczenia\/pracowniczy-program-emerytalny-ppe\/\">Read More&#8230;<\/a><\/p>\n","protected":false},"author":1,"featured_media":0,"parent":6472,"menu_order":393,"comment_status":"closed","ping_status":"closed","template":"page-templates\/inner-page-with-bookmarks.php","meta":{"_expiration-date-status":"","_expiration-date":0,"_expiration-date-type":"","_expiration-date-categories":[],"_expiration-date-options":[]},"acf":[],"_links":{"self":[{"href":"https:\/\/us.edu.pl\/pracownik\/wp-json\/wp\/v2\/pages\/566"}],"collection":[{"href":"https:\/\/us.edu.pl\/pracownik\/wp-json\/wp\/v2\/pages"}],"about":[{"href":"https:\/\/us.edu.pl\/pracownik\/wp-json\/wp\/v2\/types\/page"}],"author":[{"embeddable":true,"href":"https:\/\/us.edu.pl\/pracownik\/wp-json\/wp\/v2\/users\/1"}],"replies":[{"embeddable":true,"href":"https:\/\/us.edu.pl\/pracownik\/wp-json\/wp\/v2\/comments?post=566"}],"version-history":[{"count":11,"href":"https:\/\/us.edu.pl\/pracownik\/wp-json\/wp\/v2\/pages\/566\/revisions"}],"predecessor-version":[{"id":40001,"href":"https:\/\/us.edu.pl\/pracownik\/wp-json\/wp\/v2\/pages\/566\/revisions\/40001"}],"up":[{"embeddable":true,"href":"https:\/\/us.edu.pl\/pracownik\/wp-json\/wp\/v2\/pages\/6472"}],"wp:attachment":[{"href":"https:\/\/us.edu.pl\/pracownik\/wp-json\/wp\/v2\/media?parent=566"}],"curies":[{"name":"wp","href":"https:\/\/api.w.org\/{rel}","templated":true}]}}