{"id":571,"date":"2019-09-19T10:09:31","date_gmt":"2019-09-19T08:09:31","guid":{"rendered":"http:\/\/php71.nfinity-beta.pl\/us\/pracownik\/?page_id=571"},"modified":"2021-03-11T13:05:48","modified_gmt":"2021-03-11T12:05:48","slug":"pracowniczy-program-emerytalny-2012","status":"publish","type":"page","link":"https:\/\/us.edu.pl\/pracownik\/sprawy-socjalne\/programy-emerytalne-i-ubezpieczenia\/pracowniczy-program-emerytalny-ppe\/pracowniczy-program-emerytalny-2012\/","title":{"rendered":"Pracowniczy Program Emerytalny (2012)"},"content":{"rendered":"<p>[vc_row][\/vc_row][vc_column][\/vc_column]\r\n                <div class=\"text-modules\">\r\n                    <div class=\"container\">\r\n                        <h3 class=\"page-title text__title\">Pracowniczy Program Emerytalny (2012)<\/h3>\r\n                        <div class=\"text-modules__content\"><\/p>\n<p class=\"rteright\">Katowice, 3 sierpnia 2012 r.<\/p>\n<p class=\"rteright\"><sub>DOP.065.17.2012<\/sub><\/p>\n<p><b>Szanowni Pa\u0144stwo,<br \/>\nUczestnicy Pracowniczego Programu Emerytalnego w Uniwersytecie \u015al\u0105skim,<\/b><\/p>\n<p>Pragn\u0119 poinformowa\u0107 Uczestnik\u00f3w Pracowniczego Programu Emerytalnego, i\u017c w dniu 16 kwietnia 2012 r. Komisja Nadzoru Finansowego dokona\u0142a wpisu do rejestru pracowniczych program\u00f3w emerytalnych zmian wynikaj\u0105cych z zawartego pomi\u0119dzy Uniwersytetem \u015al\u0105skim w Katowicach a Uczelnian\u0105 Organizacj\u0105 Zwi\u0105zkow\u0105 Zwi\u0105zku Nauczycielstwa Polskiego przy Uniwersytecie \u015al\u0105skim w Katowicach oraz Zak\u0142adow\u0105 Organizacj\u0105 Zwi\u0105zkow\u0105 NSZZ \u201eSolidarno\u015b\u0107\u201d Uniwersytetu \u015al\u0105skiego Aneksu nr 1 do umowy zak\u0142adowej z dnia 25 sierpnia 2004 r. zawartego dnia 12 marca 2012 r.<\/p>\n<p>Szczeg\u00f3\u0142owa informacja dotycz\u0105ca funkcjonowania programu stanowi <a href=\"https:\/\/us.edu.pl\/pracownik\/wp-content\/uploads\/sites\/2\/pliki-dodatkowe\/PPE-za%C5%82.1-zalacznik-do-pisma-w-sprawie-ppe.pdf\" class=\"mtli_attachment mtli_pdf\" class=\"mtli_attachment mtli_pdf\" target=\"_blank\" rel=\"noopener noreferrer\">za\u0142\u0105cznik <\/a>do niniejszego Pisma.<\/p>\n<div>\n<p><b>REKTOR<\/b><br \/>\nProf. zw. dr hab. Wies\u0142aw Bany\u015b<\/p>\n<p><b>Reprezentacja Pracownik\u00f3w<\/b><br \/>\nmgr Ewa \u017burawska, Przewodnicz\u0105ca<br \/>\nZak\u0142adowej Organizacji Zwi\u0105zkowej NSZZ \u201eSolidarno\u015b\u0107\u201d Uniwersytetu \u015al\u0105skiego<\/p>\n<p>mgr Aneta Trojanowska, p.o. Prezesa<br \/>\nUczelnianej Organizacji Zwi\u0105zkowej ZNP przy Uniwersytecie \u015al\u0105skim w Katowicach<\/p>\n<\/div>\n<p>\n<\/div>\r\n                    <\/div>\r\n                <\/div><\/p>","protected":false},"excerpt":{"rendered":"<p>[vc_row][\/vc_row][vc_column][\/vc_column] [&#8230;]<\/p>\n<p><a class=\"btn btn-secondary understrap-read-more-link\" href=\"https:\/\/us.edu.pl\/pracownik\/sprawy-socjalne\/programy-emerytalne-i-ubezpieczenia\/pracowniczy-program-emerytalny-ppe\/pracowniczy-program-emerytalny-2012\/\">Read More&#8230;<\/a><\/p>\n","protected":false},"author":1,"featured_media":0,"parent":566,"menu_order":392,"comment_status":"closed","ping_status":"closed","template":"page-templates\/inner-page.php","meta":{"_expiration-date-status":"saved","_expiration-date":0,"_expiration-date-type":"","_expiration-date-categories":[],"_expiration-date-options":[]},"acf":[],"_links":{"self":[{"href":"https:\/\/us.edu.pl\/pracownik\/wp-json\/wp\/v2\/pages\/571"}],"collection":[{"href":"https:\/\/us.edu.pl\/pracownik\/wp-json\/wp\/v2\/pages"}],"about":[{"href":"https:\/\/us.edu.pl\/pracownik\/wp-json\/wp\/v2\/types\/page"}],"author":[{"embeddable":true,"href":"https:\/\/us.edu.pl\/pracownik\/wp-json\/wp\/v2\/users\/1"}],"replies":[{"embeddable":true,"href":"https:\/\/us.edu.pl\/pracownik\/wp-json\/wp\/v2\/comments?post=571"}],"version-history":[{"count":4,"href":"https:\/\/us.edu.pl\/pracownik\/wp-json\/wp\/v2\/pages\/571\/revisions"}],"predecessor-version":[{"id":13012,"href":"https:\/\/us.edu.pl\/pracownik\/wp-json\/wp\/v2\/pages\/571\/revisions\/13012"}],"up":[{"embeddable":true,"href":"https:\/\/us.edu.pl\/pracownik\/wp-json\/wp\/v2\/pages\/566"}],"wp:attachment":[{"href":"https:\/\/us.edu.pl\/pracownik\/wp-json\/wp\/v2\/media?parent=571"}],"curies":[{"name":"wp","href":"https:\/\/api.w.org\/{rel}","templated":true}]}}