{"id":5722,"date":"2020-02-06T15:27:04","date_gmt":"2020-02-06T14:27:04","guid":{"rendered":"https:\/\/us.edu.pl\/pracownik\/?page_id=5722"},"modified":"2023-01-23T13:58:25","modified_gmt":"2023-01-23T12:58:25","slug":"inwentaryzacja-i-kasacja","status":"publish","type":"page","link":"https:\/\/us.edu.pl\/pracownik\/procedury-i-obieg-dokumentow\/inwentaryzacja-i-kasacja\/","title":{"rendered":"Inwentaryzacja i kasacja"},"content":{"rendered":"<p>[vc_row][vc_column][\/vc_column][\/vc_row][vc_row][vc_column]\r\n                <div class=\"text-modules\">\r\n                    <div class=\"container\">\r\n                        <h3 class=\"page-title text__title\">Inwentaryzacja i kasacja sprz\u0119tu oraz druk\u00f3w \u015bcis\u0142ego zarachowania<\/h3>\r\n                        <div class=\"text-modules__content\"><p>Ewidencja aktyw\u00f3w i pasyw\u00f3w Uczelni prowadzona jest w ksi\u0119gach rachunkowych w formie elektronicznej w systemie informatycznym ERP SAP. Przeprowadzeniem spis\u00f3w inwentaryzacyjnych i kasacyjnych zajmuje si\u0119 Dzia\u0142 Inwentaryzacji.<\/p>\n<p>W ramach przyj\u0119tego w uczelni planu inwentaryzacji Rektor powo\u0142a\u0142 w ramach Dzia\u0142u Inwentaryzacji dwie komisje:<\/p>\n<ul>\n<li><strong>Uczelnian\u0105 Komisj\u0119 Inwentaryzacji<\/strong> (UKI) maj\u0105c\u0105 za zadanie weryfikacj\u0119 przeprowadzonych spis\u00f3w,<\/li>\n<li><strong>Uczelnian\u0105 Komisj\u0119 Kasacyjn\u0105<\/strong> (UKK) maj\u0105c\u0105 na celu przeprowadzanie kasacji zu\u017cytego i zepsutego sprz\u0119tu.<\/li>\n<\/ul>\n<p><a href=\"https:\/\/aktyprawne.us.edu.pl\/423-lista\/d\/4860\/5\/\" target=\"_blank\" rel=\"noopener\">Zarz\u0105dzenie nr 210\/2020 z dnia 19-11-2020 Rektora U\u015a w sprawie kasacji ruchomych sk\u0142adnik\u00f3w maj\u0105tkowych w Uniwersytecie \u015al\u0105skim w Katowicach<\/a><\/p>\n<p>Instrukcja wewn\u0119trzna dotycz\u0105ca kasacji ruchomych sk\u0142adnik\u00f3w maj\u0105tkowych<br \/>\nw Uniwersytecie \u015al\u0105skim w Katowicach:<\/p>\n<ul>\n<li><a href=\"https:\/\/us.edu.pl\/pracownik\/wp-content\/uploads\/sites\/2\/pracownik\/umowyformularzedruki\/za\u0142\u0105cznik-do-zarz\u0105dzenia-nr-210-2020-instrukcja-kasacyjna-DS.docx\" class=\"mtli_attachment mtli_docx\" data-mtli=\"mtli_filesize21,08kB\" class=\"mtli_attachment mtli_docx\" data-mtli=\"mtli_filesize21,08kB\" target=\"_blank\" rel=\"noopener noreferrer\">Za\u0142\u0105cznik do zarz\u0105dzenia nr 210<\/a><\/li>\n<\/ul>\n<p>\n<style type=\"text\/css\">a[data-mtli~=\"mtli_filesize21,08kB\"]:after {content:\" (21,08 kB)\"}<\/style><\/div>\r\n                    <\/div>\r\n                <\/div>[\/vc_column][\/vc_row]<\/p>\n<style type=\"text\/css\">a[data-mtli~=\"mtli_filesize21,08kB\"]:after {content:\" (21,08 kB)\"}<\/style>","protected":false},"excerpt":{"rendered":"<p>[vc_row][vc_column][\/vc_column][\/vc_row][vc_row][vc_column][\/vc_column][\/vc_row] [&#8230;]<\/p>\n<p><a class=\"btn btn-secondary understrap-read-more-link\" href=\"https:\/\/us.edu.pl\/pracownik\/procedury-i-obieg-dokumentow\/inwentaryzacja-i-kasacja\/\">Read More&#8230;<\/a><\/p>\n","protected":false},"author":41,"featured_media":0,"parent":662,"menu_order":251,"comment_status":"closed","ping_status":"closed","template":"page-templates\/inner-page-with-bookmarks.php","meta":{"_expiration-date-status":"","_expiration-date":0,"_expiration-date-type":"","_expiration-date-categories":[],"_expiration-date-options":[]},"acf":[],"_links":{"self":[{"href":"https:\/\/us.edu.pl\/pracownik\/wp-json\/wp\/v2\/pages\/5722"}],"collection":[{"href":"https:\/\/us.edu.pl\/pracownik\/wp-json\/wp\/v2\/pages"}],"about":[{"href":"https:\/\/us.edu.pl\/pracownik\/wp-json\/wp\/v2\/types\/page"}],"author":[{"embeddable":true,"href":"https:\/\/us.edu.pl\/pracownik\/wp-json\/wp\/v2\/users\/41"}],"replies":[{"embeddable":true,"href":"https:\/\/us.edu.pl\/pracownik\/wp-json\/wp\/v2\/comments?post=5722"}],"version-history":[{"count":10,"href":"https:\/\/us.edu.pl\/pracownik\/wp-json\/wp\/v2\/pages\/5722\/revisions"}],"predecessor-version":[{"id":20016,"href":"https:\/\/us.edu.pl\/pracownik\/wp-json\/wp\/v2\/pages\/5722\/revisions\/20016"}],"up":[{"embeddable":true,"href":"https:\/\/us.edu.pl\/pracownik\/wp-json\/wp\/v2\/pages\/662"}],"wp:attachment":[{"href":"https:\/\/us.edu.pl\/pracownik\/wp-json\/wp\/v2\/media?parent=5722"}],"curies":[{"name":"wp","href":"https:\/\/api.w.org\/{rel}","templated":true}]}}