{"id":573,"date":"2019-09-19T10:12:18","date_gmt":"2019-09-19T08:12:18","guid":{"rendered":"http:\/\/php71.nfinity-beta.pl\/us\/pracownik\/?page_id=573"},"modified":"2021-03-11T12:39:32","modified_gmt":"2021-03-11T11:39:32","slug":"pracowniczy-program-emerytalny-2004","status":"publish","type":"page","link":"https:\/\/us.edu.pl\/pracownik\/sprawy-socjalne\/programy-emerytalne-i-ubezpieczenia\/pracowniczy-program-emerytalny-ppe\/pracowniczy-program-emerytalny-2004\/","title":{"rendered":"Pracowniczy Program Emerytalny (2004)"},"content":{"rendered":"<p>[vc_row][vc_column]\r\n                <div class=\"text-modules\">\r\n                    <div class=\"container\">\r\n                        <h3 class=\"page-title text__title\">Pracowniczy Program Emerytalny (2004)<\/h3>\r\n                        <div class=\"text-modules__content\"><p>Katowice, 15 listopada 2004 r.<\/p>\n<p>Szanowni Pa\u0144stwo,<br \/>\nUczestnicy Pracowniczego Programu Emerytalnego w Uniwersytecie \u015al\u0105skim,<\/p>\n<p>Pragn\u0119 poinformowa\u0107 Uczestnik\u00f3w Pracowniczego Programu Emerytalnego DIAMENT, i\u017c w dniu 13 wrze\u015bnia 2004 r. Komisja Nadzoru Ubezpiecze\u0144 i Funduszy Emerytalnych dokona\u0142a wpisu do rejestru pracowniczych program\u00f3w emerytalnych zmiany formy i podmiotu zarz\u0105dzaj\u0105cego \u015brodkami Pracowniczego Programu Emerytalnego w Uniwersytecie \u015al\u0105skim.<\/p>\n<p>Nowym podmiotem zarz\u0105dzaj\u0105cym Programem jest ING Fundusz Inwestycyjny Otwarty Stabilnego Wzrostu Emerytura Plus, zarz\u0105dzany przez ING Towarzystwo Funduszy Inwestycyjnych S.A.<br \/>\nW dniu 20 lipca 2004 r. pomi\u0119dzy ING Funduszem Inwestycyjnym Otwartym Stabilnego Wzrostu Emerytura Plus a Uniwersytetem \u015al\u0105skim zosta\u0142a zawarta Umowa o Wnoszenie Sk\u0142adek Pracownik\u00f3w do Funduszu Inwestycyjnego w ramach Pracowniczego Programu Emerytalnego. Skr\u00f3t prospektu informacyjnego i prospekt informacyjny Funduszu dost\u0119pne s\u0105 na stronie internetowej: <a href=\"http:\/\/www.us.edu.pl\/uniwersytet\/prawo\/emerytura\/\">http:\/\/www.us.edu.pl\/uniwersytet\/prawo\/emerytura\/<\/a>.<\/p>\n<p>W zwi\u0105zku ze zmian\u0105 formy i podmiotu zarz\u0105dzaj\u0105cego \u015brodkami pracowniczego programu emerytalnego oraz ze wzgl\u0119du na ustawowy obowi\u0105zek dostosowania tego Programu do przepis\u00f3w ustawy z dnia 20 kwietnia 2004 r. o pracowniczych programach emerytalnych (Dz. U. nr 116, poz. 1207), Zak\u0142adowa Umowa Emerytalna z dnia 19 pa\u017adziernika 2000 r. oraz wszelkie aneksy do niej zosta\u0142a zast\u0105piona Umow\u0105 Zak\u0142adow\u0105 z dnia 25 sierpnia 2004 r. zawart\u0105 pomi\u0119dzy Uniwersytetem \u015al\u0105skim oraz zwi\u0105zkami zawodowymi dzia\u0142aj\u0105cymi w Uczelni, b\u0119d\u0105ca podstaw\u0105 funkcjonowania Programu i okre\u015blaj\u0105ca jego warunki.<\/p>\n<p>Po zaewidencjonowaniu \u015brodk\u00f3w Uczestnik\u00f3w programu przej\u0119tych z Polskiego Pracowniczego Funduszu Emerytalnego DIAMENT, nowy Fundusz dor\u0119czy ka\u017cdemu dotychczasowemu Uczestnikowi do 30 listopada 2004 r. potwierdzenie dokonania transakcji przelewu \u015brodk\u00f3w wraz z informacj\u0105 o stanie rachunku podstawowego i dodatkowego. Rozbie\u017cno\u015bci dotycz\u0105ce danych osobowych oraz wysoko\u015bci zgromadzonych \u015brodk\u00f3w Uczestnik programu mo\u017ce wyja\u015bni\u0107 i zweryfikowa\u0107 za po\u015brednictwem Uniwersytetu.<\/p>\n<p>Dotychczasowi Uczestnicy PPE DIAMENT zobowi\u0105zani s\u0105 osobi\u015bcie do z\u0142o\u017cenia w terminie do 31 grudnia 2004 r. w Dziale Spraw Osobowych wype\u0142nionego formularza O\u015bwiadczenia o akceptacji warunk\u00f3w Umowy Zak\u0142adowej.<br \/>\nUczestnik mo\u017ce r\u00f3wnie\u017c z\u0142o\u017cy\u0107 formularz Zg\u0142oszenia o korzystanie z telefonicznego sprawdzania stanu rejestru.<\/p>\n<p>Przyj\u0119cie nowego Uczestnika do Programu mo\u017ce nast\u0105pi\u0107 pod warunkiem, \u017ce jest on zatrudniony w Uniwersytecie przez nieprzerwany okres 24 miesi\u0119cy oraz z\u0142o\u017cy Deklaracj\u0119 Uczestnictwa w Programie. Formularz Deklaracji jest za\u0142\u0105czony do niniejszego pisma.<\/p>\n<p>Szczeg\u00f3\u0142ow\u0105 informacj\u0119 dotycz\u0105c\u0105 warunk\u00f3w funkcjonowania Programu zawiera za\u0142\u0105cznik nr 1 do niniejszego Pisma.<\/p>\n<p>Informacji dodatkowo udzielaj\u0105:<\/p>\n<p>W sprawach dotycz\u0105cych przyst\u0105pie\u0144 do PPE, zmiany danych zawartych w Deklaracji Uczestnictwa, wypowiedzenia Umowy Zak\u0142adowej, wyp\u0142aty \u015brodk\u00f3w prosz\u0119 kontaktowa\u0107 si\u0119 z Dzia\u0142em Spraw Osobowych, p. nr 5, tel. 2598-153 lub 359-1337. R\u00f3wnocze\u015bnie informujemy, i\u017c osobami upowa\u017cnionymi przez Pracodawc\u0119 do przyjmowania o\u015bwiadcze\u0144 woli Uczestnik\u00f3w PPE s\u0105:<br \/>\np. mgr Teresa Pawlicka &#8211; Kierownik Dzia\u0142u Spraw Osobowych ,<br \/>\np. Danuta Bobek &#8211; dla pracownik\u00f3w Filii w Cieszynie &#8211; tel. 8546142.<br \/>\nDzia\u0142 Zatrudnienia i P\u0142ac &#8211; mgr Jolanta Rutkowska-K\u0142osek &#8211; Kierownik, tel. 358 1826.<\/p>\n<p><strong>Zwi\u0105zki Zawodowe:<\/strong><br \/>\nPrezes doc.dr Remigiusz Wi\u0119ckowski<br \/>\nWiceprzewodnicz\u0105ca<br \/>\nNSZZ Solidarno\u015b\u0107 U\u015a<br \/>\ndr Gra\u017cyna Pasterna<br \/>\nZwi\u0105zek Nauczycielstwa Polskiego<br \/>\nUniwersytetu \u015al\u0105skiego Filii w Cieszynie<br \/>\nPrzewodnicz\u0105cy Jan Czy\u017c<\/p>\n<p><strong>Rektor:<\/strong><br \/>\nProf. dr hab. Janusz Janeczek<\/p>\n<\/div>\r\n                    <\/div>\r\n                <\/div>[\/vc_column][\/vc_row]<\/p>","protected":false},"excerpt":{"rendered":"<p>[vc_row][vc_column][\/vc_column][\/vc_row] [&#8230;]<\/p>\n<p><a class=\"btn btn-secondary understrap-read-more-link\" href=\"https:\/\/us.edu.pl\/pracownik\/sprawy-socjalne\/programy-emerytalne-i-ubezpieczenia\/pracowniczy-program-emerytalny-ppe\/pracowniczy-program-emerytalny-2004\/\">Read More&#8230;<\/a><\/p>\n","protected":false},"author":1,"featured_media":0,"parent":566,"menu_order":391,"comment_status":"closed","ping_status":"closed","template":"page-templates\/inner-page.php","meta":{"_expiration-date-status":"saved","_expiration-date":0,"_expiration-date-type":"","_expiration-date-categories":[],"_expiration-date-options":[]},"acf":[],"_links":{"self":[{"href":"https:\/\/us.edu.pl\/pracownik\/wp-json\/wp\/v2\/pages\/573"}],"collection":[{"href":"https:\/\/us.edu.pl\/pracownik\/wp-json\/wp\/v2\/pages"}],"about":[{"href":"https:\/\/us.edu.pl\/pracownik\/wp-json\/wp\/v2\/types\/page"}],"author":[{"embeddable":true,"href":"https:\/\/us.edu.pl\/pracownik\/wp-json\/wp\/v2\/users\/1"}],"replies":[{"embeddable":true,"href":"https:\/\/us.edu.pl\/pracownik\/wp-json\/wp\/v2\/comments?post=573"}],"version-history":[{"count":2,"href":"https:\/\/us.edu.pl\/pracownik\/wp-json\/wp\/v2\/pages\/573\/revisions"}],"predecessor-version":[{"id":13008,"href":"https:\/\/us.edu.pl\/pracownik\/wp-json\/wp\/v2\/pages\/573\/revisions\/13008"}],"up":[{"embeddable":true,"href":"https:\/\/us.edu.pl\/pracownik\/wp-json\/wp\/v2\/pages\/566"}],"wp:attachment":[{"href":"https:\/\/us.edu.pl\/pracownik\/wp-json\/wp\/v2\/media?parent=573"}],"curies":[{"name":"wp","href":"https:\/\/api.w.org\/{rel}","templated":true}]}}