{"id":5802,"date":"2020-02-11T16:39:25","date_gmt":"2020-02-11T15:39:25","guid":{"rendered":"https:\/\/us.edu.pl\/pracownik\/?page_id=5802"},"modified":"2026-01-19T13:55:36","modified_gmt":"2026-01-19T12:55:36","slug":"infrastruktura-badawcza","status":"publish","type":"page","link":"https:\/\/us.edu.pl\/pracownik\/sprawy-naukowe\/infrastruktura-badawcza\/","title":{"rendered":"Infrastruktura badawczo-dydaktyczno-artystyczna (IBDA)"},"content":{"rendered":"<p>[vc_row][vc_column][\/vc_column][\/vc_row][vc_row][vc_column]\r\n                <div class=\"text-modules\">\r\n                    <div class=\"container\">\r\n                        <h3 class=\"page-title text__title\">Infrastruktura badawczo-dydaktyczno-artystyczna<\/h3>\r\n                        <div class=\"text-modules__content\"><p><strong>Infrastruktura badawczo-dydaktyczno-artystyczna<\/strong> (<strong>infrastruktura BDA<\/strong> lub <strong>IBDA<\/strong>) to wszystkie elementy techniczne, w tym rzeczy ruchome i nieruchome, przeznaczone do prowadzenia bada\u0144 naukowych lub prac rozwojowych oraz prowadzenia procesu artystycznego, kt\u00f3re mog\u0105 zosta\u0107 r\u00f3wnie\u017c wykorzystane do prowadzenia dydaktyki, zakwalifikowane, jako \u015brodki trwa\u0142e i uj\u0119te w odpowiedniej ewidencji \u015brodk\u00f3w trwa\u0142ych.<\/p>\n<p>W ramach Uniwersytetu powo\u0142ano struktury organizacyjne dedykowane do koordynowania spraw w zakresie utrzymania i rozwoju IBDA:<\/p>\n<ul>\n<li>Biuro Infrastruktury Badawczo-Dydaktyczno-Artystycznej (<strong>BIBDA<\/strong>) w administracji centralnej<\/li>\n<li>Biura ds. Infrastruktury Badawczo-Dydaktyczno-Artystycznej (<strong>Biura IBDA<\/strong>) na wydzia\u0142ach<\/li>\n<\/ul>\n<p>wspierane przez Rad\u0119 Infrastruktury Badawczo-Dydaktyczno-Artystycznej (<strong>RIBDA<\/strong>)<\/p>\n<p><a href=\"https:\/\/us.edu.pl\/pracownik\/wp-content\/uploads\/sites\/2\/Editor\/sprawy-naukowe\/infrastruktura-BDA\/schemat-organizacyjny-IBDA-2025.pdf\" class=\"mtli_attachment mtli_pdf\" data-mtli=\"mtli_filesize196,54kB\" class=\"mtli_attachment mtli_pdf\" data-mtli=\"mtli_filesize196,54kB\">Schemat organizacyjny struktur zwi\u0105zanych z IBDA<\/a> (wersja graficzna)<\/p>\n<style type=\"text\/css\">a[data-mtli~=\"mtli_filesize196,54kB\"]:after {content:\" (196,54 kB)\"}<\/style><\/div>\r\n                    <\/div>\r\n                <\/div>[\/vc_column][\/vc_row][vc_row][vc_column]\r\n                <div class=\"tiles-section\" style=\"background: \">\r\n                    <div class=\"container\">\r\n                        <h3 class=\"page-title\"><\/h3>\r\n                        <div class=\"tiles tiles-3\">\r\n                            <a href=\"https:\/\/us.edu.pl\/pracownik\/sprawy-naukowe\/infrastruktura-badawcza\/kalendarium-wydarzen\/\" class=\"tile tile_ justify-content-center\" style=\"background-color: #002E5A; font-weight: ; color: #ffffff;  \">\r\n                                \r\n                                   \r\n                               \r\n                                <div class=\"tile__name\">Sprawy aktualne<\/div>\r\n                            <\/a>\r\n                            <a href=\"https:\/\/us.edu.pl\/pracownik\/sprawy-naukowe\/infrastruktura-badawcza\/system-ibda\/\" class=\"tile tile_ justify-content-center\" style=\"background-color: #002E5A; font-weight: ; color: #ffffff;  \">\r\n                                \r\n                                   \r\n                               \r\n                                <div class=\"tile__name\">System IBDA<\/div>\r\n                            <\/a>\r\n                            <a href=\"https:\/\/aparatura.us.edu.pl\/\" class=\"tile tile_ justify-content-center\" style=\"background-color: #002E5A; font-weight: ; color: #ffffff;  \">\r\n                                \r\n                                   \r\n                               \r\n                                <div class=\"tile__name\">Nasza aparatura i laboratoria<\/div>\r\n                            <\/a>\r\n                            <a href=\"https:\/\/us.edu.pl\/pracownik\/sprawy-naukowe\/infrastruktura-badawcza\/projekty-dotyczace-infrastruktury-bda\/\" class=\"tile tile_ justify-content-center\" style=\"background-color: #002E5A; font-weight: ; color: #ffffff;  \">\r\n                                \r\n                                   \r\n                               \r\n                                <div class=\"tile__name\">Projekty dotycz\u0105ce infrastruktury BDA<\/div>\r\n                            <\/a>\r\n                            <a href=\"https:\/\/us.edu.pl\/pracownik\/sprawy-naukowe\/infrastruktura-badawcza\/szkolenia-z-wykorzystaniem-infrastruktury-badawczej\/\" class=\"tile tile_ justify-content-center\" style=\"background-color: #002E5A; font-weight: ; color: #ffffff;  \">\r\n                                \r\n                                   \r\n                               \r\n                                <div class=\"tile__name\">Szkolenia z wykorzystaniem infrastruktury BDA<\/div>\r\n                            <\/a>\r\n                            <a href=\"https:\/\/us.edu.pl\/pracownik\/sprawy-naukowe\/infrastruktura-badawcza\/zapotrzebowanie-na-infrastrukture-badawcza\/\" class=\"tile tile_ justify-content-center\" style=\"background-color: #002E5A; font-weight: ; color: #ffffff;  \">\r\n                                \r\n                                   \r\n                               \r\n                                <div class=\"tile__name\">Zapotrzebowanie na infrastruktur\u0119 BDA (dokumenty do pobrania)<\/div>\r\n                            <\/a><\/div>\r\n                    <\/div>\r\n                <\/div>[\/vc_column][\/vc_row]<\/p>\n<style type=\"text\/css\">a[data-mtli~=\"mtli_filesize196,54kB\"]:after {content:\" (196,54 kB)\"}<\/style>","protected":false},"excerpt":{"rendered":"<p>[vc_row][vc_column][\/vc_column][\/vc_row][vc_row][vc_column][\/vc_column][\/vc_row][vc_row][vc_column][\/vc_column][\/vc_row] [&#8230;]<\/p>\n<p><a class=\"btn btn-secondary understrap-read-more-link\" href=\"https:\/\/us.edu.pl\/pracownik\/sprawy-naukowe\/infrastruktura-badawcza\/\">Read More&#8230;<\/a><\/p>\n","protected":false},"author":41,"featured_media":0,"parent":692,"menu_order":250,"comment_status":"closed","ping_status":"closed","template":"page-templates\/inner-page-with-bookmarks.php","meta":{"_expiration-date-status":"","_expiration-date":0,"_expiration-date-type":"","_expiration-date-categories":[],"_expiration-date-options":[]},"acf":[],"_links":{"self":[{"href":"https:\/\/us.edu.pl\/pracownik\/wp-json\/wp\/v2\/pages\/5802"}],"collection":[{"href":"https:\/\/us.edu.pl\/pracownik\/wp-json\/wp\/v2\/pages"}],"about":[{"href":"https:\/\/us.edu.pl\/pracownik\/wp-json\/wp\/v2\/types\/page"}],"author":[{"embeddable":true,"href":"https:\/\/us.edu.pl\/pracownik\/wp-json\/wp\/v2\/users\/41"}],"replies":[{"embeddable":true,"href":"https:\/\/us.edu.pl\/pracownik\/wp-json\/wp\/v2\/comments?post=5802"}],"version-history":[{"count":11,"href":"https:\/\/us.edu.pl\/pracownik\/wp-json\/wp\/v2\/pages\/5802\/revisions"}],"predecessor-version":[{"id":42138,"href":"https:\/\/us.edu.pl\/pracownik\/wp-json\/wp\/v2\/pages\/5802\/revisions\/42138"}],"up":[{"embeddable":true,"href":"https:\/\/us.edu.pl\/pracownik\/wp-json\/wp\/v2\/pages\/692"}],"wp:attachment":[{"href":"https:\/\/us.edu.pl\/pracownik\/wp-json\/wp\/v2\/media?parent=5802"}],"curies":[{"name":"wp","href":"https:\/\/api.w.org\/{rel}","templated":true}]}}