{"id":5823,"date":"2020-02-11T17:09:14","date_gmt":"2020-02-11T16:09:14","guid":{"rendered":"https:\/\/us.edu.pl\/pracownik\/?page_id=5823"},"modified":"2021-08-17T13:40:11","modified_gmt":"2021-08-17T11:40:11","slug":"szkolenia-z-wykorzystaniem-infrastruktury-badawczej","status":"publish","type":"page","link":"https:\/\/us.edu.pl\/pracownik\/sprawy-naukowe\/infrastruktura-badawcza\/szkolenia-z-wykorzystaniem-infrastruktury-badawczej\/","title":{"rendered":"Szkolenia z wykorzystaniem infrastruktury BDA"},"content":{"rendered":"<p>[vc_row][vc_column][\/vc_column][\/vc_row][vc_row][vc_column]\r\n                <div class=\"text-modules\">\r\n                    <div class=\"container\">\r\n                        <h3 class=\"page-title text__title\">Szkolenia z wykorzystaniem infrastruktury badawczej<\/h3>\r\n                        <div class=\"text-modules__content\"><p>Infrastruktura BDA b\u0119d\u0105ca w\u0142asno\u015bci\u0105 U\u015a mo\u017ce zosta\u0107 wykorzystana do przeprowadzania szkole\u0144 i warsztat\u00f3w w celu zaprezentowania mo\u017cliwo\u015bci urz\u0105dze\u0144 i zwi\u0119kszenia kompetencji kadry. Wydarzenia te mog\u0105 przybiera\u0107 form\u0119 szkole\u0144 wewn\u0119trznych lub otwartych dla os\u00f3b z zewn\u0105trz. Istnieje mo\u017cliwo\u015b\u0107 organizacji szkole\u0144 przez pracownik\u00f3w U\u015a jak i przez podmioty zewn\u0119trzne na rzecz U\u015a na zasadach okre\u015blonych w regulaminie udost\u0119pniania.<\/p>\n<p>Tutaj znajd\u0105 si\u0119 opisy procedur dotycz\u0105cych:<\/p>\n<ul>\n<li>zg\u0142aszania przez pracownik\u00f3w U\u015a zapotrzebowania na szkolenie zwi\u0105zane z infrastruktur\u0105<\/li>\n<li>organizacji szkole\u0144\/warsztat\u00f3w wewn\u0119trznych<\/li>\n<li>organizacji przez pracownik\u00f3w U\u015a szkole\u0144\/warsztat\u00f3w otwartych dla os\u00f3b z zewn\u0105trz<\/li>\n<li>organizacji szkole\u0144\/warsztat\u00f3w przez podmioty zewn\u0119trzne na rzecz U\u015a.<\/li>\n<\/ul>\n<p>Udost\u0119pnione zostan\u0105:<\/p>\n<ul>\n<li>formularz zg\u0142oszeniowy na zaplanowane szkolenia, warsztaty, etc.<\/li>\n<li>formularz zg\u0142aszania ch\u0119ci odbycia szkolenia zwi\u0105zanego z infrastruktur\u0105 BDA dost\u0119pn\u0105 w U\u015a.<\/li>\n<\/ul>\n<p>Do czasu udost\u0119pnienia formularzy informacje i pytania prosimy przesy\u0142a\u0107 mailowo na adres: bibda@us.edu.pl<\/p>\n<\/div>\r\n                    <\/div>\r\n                <\/div>[\/vc_column][\/vc_row]<\/p>","protected":false},"excerpt":{"rendered":"<p>[vc_row][vc_column][\/vc_column][\/vc_row][vc_row][vc_column][\/vc_column][\/vc_row] [&#8230;]<\/p>\n<p><a class=\"btn btn-secondary understrap-read-more-link\" href=\"https:\/\/us.edu.pl\/pracownik\/sprawy-naukowe\/infrastruktura-badawcza\/szkolenia-z-wykorzystaniem-infrastruktury-badawczej\/\">Read More&#8230;<\/a><\/p>\n","protected":false},"author":41,"featured_media":0,"parent":5802,"menu_order":245,"comment_status":"closed","ping_status":"closed","template":"page-templates\/inner-page.php","meta":{"_expiration-date-status":"saved","_expiration-date":0,"_expiration-date-type":"","_expiration-date-categories":[],"_expiration-date-options":[]},"acf":[],"_links":{"self":[{"href":"https:\/\/us.edu.pl\/pracownik\/wp-json\/wp\/v2\/pages\/5823"}],"collection":[{"href":"https:\/\/us.edu.pl\/pracownik\/wp-json\/wp\/v2\/pages"}],"about":[{"href":"https:\/\/us.edu.pl\/pracownik\/wp-json\/wp\/v2\/types\/page"}],"author":[{"embeddable":true,"href":"https:\/\/us.edu.pl\/pracownik\/wp-json\/wp\/v2\/users\/41"}],"replies":[{"embeddable":true,"href":"https:\/\/us.edu.pl\/pracownik\/wp-json\/wp\/v2\/comments?post=5823"}],"version-history":[{"count":12,"href":"https:\/\/us.edu.pl\/pracownik\/wp-json\/wp\/v2\/pages\/5823\/revisions"}],"predecessor-version":[{"id":15025,"href":"https:\/\/us.edu.pl\/pracownik\/wp-json\/wp\/v2\/pages\/5823\/revisions\/15025"}],"up":[{"embeddable":true,"href":"https:\/\/us.edu.pl\/pracownik\/wp-json\/wp\/v2\/pages\/5802"}],"wp:attachment":[{"href":"https:\/\/us.edu.pl\/pracownik\/wp-json\/wp\/v2\/media?parent=5823"}],"curies":[{"name":"wp","href":"https:\/\/api.w.org\/{rel}","templated":true}]}}