{"id":5827,"date":"2020-02-11T17:11:06","date_gmt":"2020-02-11T16:11:06","guid":{"rendered":"https:\/\/us.edu.pl\/pracownik\/?page_id=5827"},"modified":"2026-03-31T15:21:51","modified_gmt":"2026-03-31T13:21:51","slug":"kalendarium-wydarzen","status":"publish","type":"page","link":"https:\/\/us.edu.pl\/pracownik\/sprawy-naukowe\/infrastruktura-badawcza\/kalendarium-wydarzen\/","title":{"rendered":"Sprawy aktualne"},"content":{"rendered":"<p>[vc_row][vc_column][vc_row_inner][vc_column_inner]\r\n                <div class=\"text-modules\">\r\n                    <div class=\"container\">\r\n                        <h3 class=\"page-title text__title\">Sprawy aktualne<\/h3>\r\n                        <div class=\"text-modules__content\"><p>W tym miejscu znajd\u0105 si\u0119 aktualne sprawy zwi\u0105zane z infrastruktur\u0105 badawcz\u0105 i artystyczn\u0105 znajduj\u0105c\u0105 si\u0119 w naszych laboratoriach i pracowniach.<\/p>\n<p>Ponadto znajd\u0105 si\u0119 tutaj informacje o terminach otwar\u0107 i zamkni\u0119\u0107 naboru wniosk\u00f3w do projekt\u00f3w zwi\u0105zanych z infrastruktur\u0105 BDA.<\/p>\n<p>Mo\u017cna b\u0119dzie tutaj znale\u017a\u0107 r\u00f3wnie\u017c informacje dotycz\u0105ce nadchodz\u0105cych szkole\u0144, warsztat\u00f3w i konferencji po\u015bwi\u0119conych infrastrukturze BDA, a tak\u017ce relacje z tych wydarze\u0144, kt\u00f3re ju\u017c si\u0119 odby\u0142y.<\/p>\n<\/div>\r\n                    <\/div>\r\n                <\/div>[\/vc_column_inner][\/vc_row_inner][\/vc_column][\/vc_row][vc_row][vc_column][\/vc_column][\/vc_row]<\/p>","protected":false},"excerpt":{"rendered":"<p>[vc_row][vc_column][vc_row_inner][vc_column_inner][\/vc_column_inner][\/vc_row_inner][\/vc_column][\/vc_row][vc_row][vc_column][\/vc_column][\/vc_row] [&#8230;]<\/p>\n<p><a class=\"btn btn-secondary understrap-read-more-link\" href=\"https:\/\/us.edu.pl\/pracownik\/sprawy-naukowe\/infrastruktura-badawcza\/kalendarium-wydarzen\/\">Read More&#8230;<\/a><\/p>\n","protected":false},"author":41,"featured_media":0,"parent":5802,"menu_order":244,"comment_status":"closed","ping_status":"closed","template":"page-templates\/inner-page-with-bookmarks.php","meta":{"_expiration-date-status":"saved","_expiration-date":0,"_expiration-date-type":"","_expiration-date-categories":[],"_expiration-date-options":[]},"acf":[],"_links":{"self":[{"href":"https:\/\/us.edu.pl\/pracownik\/wp-json\/wp\/v2\/pages\/5827"}],"collection":[{"href":"https:\/\/us.edu.pl\/pracownik\/wp-json\/wp\/v2\/pages"}],"about":[{"href":"https:\/\/us.edu.pl\/pracownik\/wp-json\/wp\/v2\/types\/page"}],"author":[{"embeddable":true,"href":"https:\/\/us.edu.pl\/pracownik\/wp-json\/wp\/v2\/users\/41"}],"replies":[{"embeddable":true,"href":"https:\/\/us.edu.pl\/pracownik\/wp-json\/wp\/v2\/comments?post=5827"}],"version-history":[{"count":12,"href":"https:\/\/us.edu.pl\/pracownik\/wp-json\/wp\/v2\/pages\/5827\/revisions"}],"predecessor-version":[{"id":42881,"href":"https:\/\/us.edu.pl\/pracownik\/wp-json\/wp\/v2\/pages\/5827\/revisions\/42881"}],"up":[{"embeddable":true,"href":"https:\/\/us.edu.pl\/pracownik\/wp-json\/wp\/v2\/pages\/5802"}],"wp:attachment":[{"href":"https:\/\/us.edu.pl\/pracownik\/wp-json\/wp\/v2\/media?parent=5827"}],"curies":[{"name":"wp","href":"https:\/\/api.w.org\/{rel}","templated":true}]}}