{"id":589,"date":"2019-09-19T10:29:58","date_gmt":"2019-09-19T08:29:58","guid":{"rendered":"http:\/\/php71.nfinity-beta.pl\/us\/pracownik\/?page_id=589"},"modified":"2019-09-19T10:34:46","modified_gmt":"2019-09-19T08:34:46","slug":"pismo-rektora-z-dnia-23-wrzesnia-2013-r","status":"publish","type":"page","link":"https:\/\/us.edu.pl\/pracownik\/sprawy-socjalne\/programy-emerytalne-i-ubezpieczenia\/pracowniczy-program-emerytalny-ppe\/pismo-rektora-z-dnia-23-wrzesnia-2013-r\/","title":{"rendered":"Pismo Rektora z dnia 23 wrze\u015bnia 2013 r."},"content":{"rendered":"<p>[vc_row][vc_column]\r\n                <div class=\"text-modules\">\r\n                    <div class=\"container\">\r\n                        <h3 class=\"page-title text__title\">Pismo Rektora z dnia 23 wrze\u015bnia 2013 r.<\/h3>\r\n                        <div class=\"text-modules__content\"><\/p>\n<p class=\"rteright\">Katowice,\u00a0 23 wrze\u015bnia 2013 r.<\/p>\n<p>DOP.065.14.2013<br \/>\n<em>Szanowni Pa\u0144stwo,<br \/>\nUczestnicy Pracowniczego Programu Emerytalnego w Uniwersytecie \u015al\u0105skim,<\/em><\/p>\n<p>Pragn\u0119 poinformowa\u0107 Uczestnik\u00f3w Pracowniczego Programu Emerytalnego, i\u017c w dniu 3 lipca 2013 r. Komisja Nadzoru Finansowego dokona\u0142a wpisu do rejestru pracowniczych program\u00f3w emerytalnych zmian wynikaj\u0105cych z zawartego pomi\u0119dzy Uniwersytetem \u015al\u0105skim w Katowicach a Uczelnian\u0105 Organizacj\u0105 Zwi\u0105zkow\u0105 Zwi\u0105zku Nauczycielstwa Polskiego przy Uniwersytecie \u015al\u0105skim w Katowicach oraz Zak\u0142adow\u0105 Organizacj\u0105 Zwi\u0105zkow\u0105 NSZZ \u201eSolidarno\u015b\u0107\u201d Uniwersytetu \u015al\u0105skiego Aneksu nr 2 do umowy zak\u0142adowej z dnia 25 sierpnia 2004 r. zawartego dnia 20 maja 2013 r.<\/p>\n<p>Aneks wprowadza zmian\u0119 za\u0142\u0105cznika nr 1 b\u0119d\u0105cego Deklaracj\u0105 Uczestnictwa w Pracowniczym Programie Emerytalnym Uniwersytetu \u015al\u0105skiego w Katowicach w zakresie wyra\u017cenia zgody na dostarczanie potwierdze\u0144 transakcji na adres korespondencyjny uczestnika.<\/p>\n<p>&nbsp;<\/p>\n<p><strong>Reprezentacja Pracownik\u00f3w\u00a0\u00a0\u00a0\u00a0\u00a0\u00a0\u00a0<\/strong><\/p>\n<p>mgr Ewa \u017burawska<br \/>\nPrzewodnicz\u0105ca<br \/>\nZak\u0142adowej\u00a0 Organizacji Zwi\u0105zkowej<br \/>\nNSZZ \u201eSolidarno\u015b\u0107\u201d Uniwersytetu \u015al\u0105skiego<\/p>\n<p><strong>REKTOR<\/strong><\/p>\n<p>Prof. zw. dr hab. Wies\u0142aw Bany\u015b<\/p>\n<p>mgr Aneta Trojanowska<br \/>\nPrezes<br \/>\nUczelnianej Organizacji Zwi\u0105zkowej<br \/>\nZNP przy Uniwersytecie \u015al\u0105skim w Katowicach<\/p>\n<p><a href=\"http:\/\/php71.nfinity-beta.pl\/us\/pracownik\/wp-content\/uploads\/sites\/2\/2019\/09\/PPE-2013.pdf\" class=\"mtli_attachment mtli_pdf\" class=\"mtli_attachment mtli_pdf\"><span style=\"color: #002e5a;\"><strong>Dokument<\/strong><\/span><\/a><\/p>\n<\/div>\r\n                    <\/div>\r\n                <\/div>[myprefix_functional_icons print_icon=&#8221;yes&#8221;][\/vc_column][\/vc_row]<\/p>","protected":false},"excerpt":{"rendered":"<p>[vc_row][vc_column][myprefix_functional_icons print_icon=&#8221;yes&#8221;][\/vc_column][\/vc_row] [&#8230;]<\/p>\n<p><a class=\"btn btn-secondary understrap-read-more-link\" href=\"https:\/\/us.edu.pl\/pracownik\/sprawy-socjalne\/programy-emerytalne-i-ubezpieczenia\/pracowniczy-program-emerytalny-ppe\/pismo-rektora-z-dnia-23-wrzesnia-2013-r\/\">Read More&#8230;<\/a><\/p>\n","protected":false},"author":1,"featured_media":0,"parent":566,"menu_order":390,"comment_status":"closed","ping_status":"closed","template":"","meta":{"_expiration-date-status":"","_expiration-date":0,"_expiration-date-type":"","_expiration-date-categories":[],"_expiration-date-options":[]},"acf":[],"_links":{"self":[{"href":"https:\/\/us.edu.pl\/pracownik\/wp-json\/wp\/v2\/pages\/589"}],"collection":[{"href":"https:\/\/us.edu.pl\/pracownik\/wp-json\/wp\/v2\/pages"}],"about":[{"href":"https:\/\/us.edu.pl\/pracownik\/wp-json\/wp\/v2\/types\/page"}],"author":[{"embeddable":true,"href":"https:\/\/us.edu.pl\/pracownik\/wp-json\/wp\/v2\/users\/1"}],"replies":[{"embeddable":true,"href":"https:\/\/us.edu.pl\/pracownik\/wp-json\/wp\/v2\/comments?post=589"}],"version-history":[{"count":2,"href":"https:\/\/us.edu.pl\/pracownik\/wp-json\/wp\/v2\/pages\/589\/revisions"}],"predecessor-version":[{"id":598,"href":"https:\/\/us.edu.pl\/pracownik\/wp-json\/wp\/v2\/pages\/589\/revisions\/598"}],"up":[{"embeddable":true,"href":"https:\/\/us.edu.pl\/pracownik\/wp-json\/wp\/v2\/pages\/566"}],"wp:attachment":[{"href":"https:\/\/us.edu.pl\/pracownik\/wp-json\/wp\/v2\/media?parent=589"}],"curies":[{"name":"wp","href":"https:\/\/api.w.org\/{rel}","templated":true}]}}