{"id":600,"date":"2019-09-19T11:08:47","date_gmt":"2019-09-19T09:08:47","guid":{"rendered":"http:\/\/php71.nfinity-beta.pl\/us\/pracownik\/?page_id=600"},"modified":"2025-11-03T08:52:55","modified_gmt":"2025-11-03T07:52:55","slug":"pkzp-kasa-pozyczkowa","status":"publish","type":"page","link":"https:\/\/us.edu.pl\/pracownik\/sprawy-socjalne\/pkzp-kasa-pozyczkowa\/","title":{"rendered":"KZP \u2013 kasa po\u017cyczkowa"},"content":{"rendered":"<p>[vc_row][vc_column]\r\n                <div class=\"text-modules\">\r\n                    <div class=\"container\">\r\n                        <h3 class=\"page-title text__title\">KZP \u2013 kasa po\u017cyczkowa<\/h3>\r\n                        <div class=\"text-modules__content\"><\/p>\n<h3><span style=\"color: #002e5a;\"><b>Kasa Zapomogowo-Po\u017cyczkowa<br \/>\n<\/b><\/span><\/h3>\n<p>Kontakt: e-mail: <u><a href=\"mailto:PKZP@us.edu.pl\">pkzp@us.edu.pl<\/a>, <\/u>tel. 32\u00a0359 21 86<\/p>\n<p>ul. Bankowa 12 \u2013 pok. 0.17 (parter, rektorat), p. Alicja Czop<\/p>\n<p>&#8230;&#8230;&#8230;&#8230;&#8230;&#8230;&#8230;&#8230;&#8230;&#8230;&#8230;&#8230;&#8230;&#8230;&#8230;&#8230;&#8230;&#8230;&#8230;&#8230;&#8230;&#8230;&#8230;&#8230;&#8230;&#8230;&#8230;&#8230;&#8230;&#8230;&#8230;&#8230;&#8230;&#8230;&#8230;&#8230;<strong><span style=\"color: #ff0000;\">.<\/span><\/strong><\/p>\n<p>&#8230;&#8230;&#8230;&#8230;&#8230;&#8230;&#8230;&#8230;&#8230;&#8230;&#8230;&#8230;&#8230;&#8230;&#8230;&#8230;&#8230;&#8230;&#8230;&#8230;&#8230;&#8230;&#8230;&#8230;&#8230;&#8230;&#8230;&#8230;&#8230;&#8230;&#8230;&#8230;&#8230;&#8230;&#8230;&#8230;<\/p>\n<p><strong>UWAGA!<\/strong><\/p>\n<p style=\"font-weight: 400;\"><strong>Kontakt osobisty w KZP wy\u0142\u0105cznie po wcze\u015bniejszym kontakcie telefonicznym: <\/strong><strong>(32) 359-21-86.<\/strong><\/p>\n<p>&nbsp;<\/p>\n<p style=\"font-weight: 400;\"><span style=\"color: #ff0000;\">Zgodnie z uchwa\u0142\u0105 nr 2\/2024 KZP przy Uniwersytecie \u015al\u0105skim <\/span><span style=\"color: #ff0000;\">z dniem 01.03.2024 podwy\u017csza si\u0119 max kwot\u0119 po\u017cyczki do 30.000,- <\/span><span style=\"color: #ff0000;\">kt\u00f3r\u0105 mo\u017cna roz\u0142o\u017cy\u0107 na max. 36 miesi\u0119cy. <\/span><\/p>\n<h3><span style=\"color: #002e5a;\"><b>Konto bankowe KZP<\/b><\/span><\/h3>\n<p>ING Bank \u015al\u0105ski o\/Katowic <b>02 1050 1214 1000 0007 0000 7750<\/b>.<\/p>\n<\/div>\r\n                    <\/div>\r\n                <\/div><div class=\"container\"><div class=\"separator\" style=\"background-color: #EBEBEB\"><\/div><\/div>\r\n                <div class=\"text-modules\">\r\n                    <div class=\"container\">\r\n                        \r\n                        <div class=\"text-modules__content\"><\/p>\n<ul>\n<li><b>STATUT KZP <\/b>\n<ul>\n<li><a href=\"https:\/\/us.edu.pl\/pracownik\/wp-content\/uploads\/sites\/2\/pracownik\/pracownicza-kasa\/2STATUT-2023-KZP.pdf\" class=\"mtli_attachment mtli_pdf\" data-mtli=\"mtli_filesize249,54kB\" class=\"mtli_attachment mtli_pdf\" data-mtli=\"mtli_filesize249,54kB\" target=\"_blank\" rel=\"noopener\"><strong>statut \u2013 tekst jednolity<\/strong><\/a><\/li>\n<\/ul>\n<\/li>\n<\/ul>\n<ul>\n<li><b>REGULAMIN UDZIELANIA \u015aWIADCZE\u0143 KZP<\/b>\n<ul>\n<li><a href=\"https:\/\/us.edu.pl\/pracownik\/wp-content\/uploads\/sites\/2\/pracownik\/pracownicza-kasa\/3REGULAMIN-UDZIELANIA-SWIADCZEN-20231.pdf\" class=\"mtli_attachment mtli_pdf\" data-mtli=\"mtli_filesize222,60kB\" class=\"mtli_attachment mtli_pdf\" data-mtli=\"mtli_filesize222,60kB\" target=\"_blank\" rel=\"noopener\"><strong>regulamin<\/strong><\/a><\/li>\n<\/ul>\n<\/li>\n<\/ul>\n<ul>\n<li><b>ORGANY KZP<\/b>\n<ul>\n<li>walne zebranie cz\u0142onk\u00f3w (delegat\u00f3w)<\/li>\n<\/ul>\n<\/li>\n<\/ul>\n<p>\n<style type=\"text\/css\">a[data-mtli~=\"mtli_filesize249,54kB\"]:after {content:\" (249,54 kB)\"}a[data-mtli~=\"mtli_filesize222,60kB\"]:after {content:\" (222,60 kB)\"}<\/style><\/div>\r\n                    <\/div>\r\n                <\/div>[\/vc_column][\/vc_row]<\/p>\n<style type=\"text\/css\">a[data-mtli~=\"mtli_filesize249,54kB\"]:after {content:\" (249,54 kB)\"}a[data-mtli~=\"mtli_filesize222,60kB\"]:after {content:\" (222,60 kB)\"}<\/style>","protected":false},"excerpt":{"rendered":"<p>[vc_row][vc_column][\/vc_column][\/vc_row] [&#8230;]<\/p>\n<p><a class=\"btn btn-secondary understrap-read-more-link\" href=\"https:\/\/us.edu.pl\/pracownik\/sprawy-socjalne\/pkzp-kasa-pozyczkowa\/\">Read More&#8230;<\/a><\/p>\n","protected":false},"author":1,"featured_media":0,"parent":522,"menu_order":389,"comment_status":"closed","ping_status":"closed","template":"page-templates\/inner-page-with-bookmarks.php","meta":{"_expiration-date-status":"","_expiration-date":0,"_expiration-date-type":"","_expiration-date-categories":[],"_expiration-date-options":[]},"acf":[],"_links":{"self":[{"href":"https:\/\/us.edu.pl\/pracownik\/wp-json\/wp\/v2\/pages\/600"}],"collection":[{"href":"https:\/\/us.edu.pl\/pracownik\/wp-json\/wp\/v2\/pages"}],"about":[{"href":"https:\/\/us.edu.pl\/pracownik\/wp-json\/wp\/v2\/types\/page"}],"author":[{"embeddable":true,"href":"https:\/\/us.edu.pl\/pracownik\/wp-json\/wp\/v2\/users\/1"}],"replies":[{"embeddable":true,"href":"https:\/\/us.edu.pl\/pracownik\/wp-json\/wp\/v2\/comments?post=600"}],"version-history":[{"count":12,"href":"https:\/\/us.edu.pl\/pracownik\/wp-json\/wp\/v2\/pages\/600\/revisions"}],"predecessor-version":[{"id":41321,"href":"https:\/\/us.edu.pl\/pracownik\/wp-json\/wp\/v2\/pages\/600\/revisions\/41321"}],"up":[{"embeddable":true,"href":"https:\/\/us.edu.pl\/pracownik\/wp-json\/wp\/v2\/pages\/522"}],"wp:attachment":[{"href":"https:\/\/us.edu.pl\/pracownik\/wp-json\/wp\/v2\/media?parent=600"}],"curies":[{"name":"wp","href":"https:\/\/api.w.org\/{rel}","templated":true}]}}